{"id":717,"date":"2025-06-17T07:50:32","date_gmt":"2025-06-17T07:50:32","guid":{"rendered":"https:\/\/dura-alloy.com\/?post_type=product&#038;p=717"},"modified":"2025-06-17T07:51:00","modified_gmt":"2025-06-17T07:51:00","slug":"gh3044","status":"publish","type":"product","link":"https:\/\/www.dura-alloy.com\/pt\/produto\/gh3044\/","title":{"rendered":"GH3044"},"content":{"rendered":"<p style=\"text-align: center;\"><strong>\u00c2mbito de fornecimento para o Aviation Group<\/strong><\/p>\n<p style=\"text-align: center;\"><strong>Forjados, var\u00f5es redondos, chapas de a\u00e7o, an\u00e9is, tubos sem costura, chapas de a\u00e7o\/cintas de a\u00e7o, materiais de soldadura de arame, bem-vindo ao inqu\u00e9rito!<\/strong><\/p>\n<p><strong>1.\u00a0<\/strong><strong>Introdu\u00e7\u00e3o aos materiais GH3044<\/strong><strong>\u00a0<\/strong><\/p>\n<p>A liga de alta temperatura GH3044 \u00e9 uma liga de alta temperatura de deforma\u00e7\u00e3o refor\u00e7ada com solu\u00e7\u00e3o s\u00f3lida \u00e0 base de Ni-Cr com uma temperatura de servi\u00e7o abaixo de 900 \u2103. A liga cont\u00e9m uma grande quantidade de tungst\u00e9nio e uma pequena quantidade de alum\u00ednio e tit\u00e2nio. A liga tem alta plasticidade e resist\u00eancia t\u00e9rmica m\u00e9dia, e tem excelente resist\u00eancia \u00e0 oxida\u00e7\u00e3o e bom desempenho do processo de estampagem e soldagem. Adequada para o fabrico de pe\u00e7as da c\u00e2mara de combust\u00e3o principal e da c\u00e2mara de combust\u00e3o do p\u00f3s-combustor de um motor aeron\u00e1utico que trabalhe a menos de 900\u00b0C durante muito tempo, bem como ecr\u00e3s de isolamento t\u00e9rmico, l\u00e2minas de guia, etc. Os principais produtos fornecidos s\u00e3o placas, tiras, sedas e an\u00e9is.<\/p>\n<p><strong>2. Composi\u00e7\u00e3o qu\u00edmica do GH3044<\/strong><strong>\u00a0<\/strong><\/p>\n<table border=\"-\" width=\"1100\">\n<tbody>\n<tr>\n<td width=\"53\">liga<\/td>\n<td width=\"60\">%<\/td>\n<td width=\"41\">C<\/td>\n<td width=\"41\">Cr<\/td>\n<td width=\"41\">Em<\/td>\n<td width=\"41\">Mo<\/td>\n<td width=\"41\">Al<\/td>\n<td width=\"41\">De<\/td>\n<td width=\"41\">Fe<\/td>\n<td width=\"41\">W<\/td>\n<td width=\"47\">S<\/td>\n<td width=\"47\">P<\/td>\n<td width=\"41\">E<\/td>\n<td width=\"41\">Mn<\/td>\n<td width=\"41\">Cu<\/td>\n<\/tr>\n<tr>\n<td rowspan=\"2\" width=\"53\">Ghhu44<\/td>\n<td width=\"60\">Valor m\u00ednimo<\/td>\n<td width=\"41\">&#8211;<\/td>\n<td width=\"41\">23.5<\/td>\n<td rowspan=\"2\" width=\"41\">margem<\/td>\n<td width=\"41\">&#8211;<\/td>\n<td width=\"41\">&#8211;<\/td>\n<td width=\"41\">0.30<\/td>\n<td width=\"41\">&#8211;<\/td>\n<td width=\"41\">13.0<\/td>\n<td width=\"47\">&#8211;<\/td>\n<td width=\"47\">&#8211;<\/td>\n<td width=\"41\">&#8211;<\/td>\n<td width=\"41\">&#8211;<\/td>\n<td width=\"41\">&#8211;<\/td>\n<\/tr>\n<tr>\n<td width=\"60\">Valor m\u00e1ximo<\/td>\n<td width=\"41\">0.10<\/td>\n<td width=\"41\">26.5<\/td>\n<td width=\"41\">1.50<\/td>\n<td width=\"41\">0.50<\/td>\n<td width=\"41\">0.70<\/td>\n<td width=\"41\">4.0<\/td>\n<td width=\"41\">16.0<\/td>\n<td width=\"47\">0.013<\/td>\n<td width=\"47\">0.013<\/td>\n<td width=\"41\">0.80<\/td>\n<td width=\"41\">0.50<\/td>\n<td width=\"41\">0.07<\/td>\n<\/tr>\n<\/tbody>\n<\/table>\n<p><strong>3. GH3044 propriedades f\u00edsicas<\/strong><strong>\u00a0<\/strong><\/p>\n<table border=\"-\" width=\"350\">\n<tbody>\n<tr>\n<td width=\"73\">densidade<\/td>\n<td width=\"87\">Ponto de fus\u00e3o<\/td>\n<\/tr>\n<tr>\n<td width=\"73\">g \/ cm3<\/td>\n<td width=\"87\">\u2103<\/td>\n<\/tr>\n<tr>\n<td width=\"73\">8389<\/td>\n<td width=\"87\">1352-1375<\/td>\n<\/tr>\n<\/tbody>\n<\/table>\n<p>Magnetismo da liga: n\u00e3o magn\u00e9tico<\/p>\n<p><strong>4. Desempenho do processo GH3044<\/strong><strong>\u00a0<\/strong><\/p>\n<p>GH3044 Desempenho de conforma\u00e7\u00e3o<\/p>\n<p>A temperatura de aquecimento do forjamento do lingote de a\u00e7o GH3044 \u00e9 de 1170 \u2103 \u00b1 10 \u2103 e a temperatura terminal n\u00e3o \u00e9 inferior a 900 \u2103. A temperatura de aquecimento da lamina\u00e7\u00e3o da placa \u00e9 1190 \u00b1 10 \u2103, a temperatura de aquecimento da lamina\u00e7\u00e3o a quente da placa fina \u00e9 1130 \u2103 \u00b1 10 \u2103 e a temperatura final de lamina\u00e7\u00e3o n\u00e3o \u00e9 inferior a 800 \u2103; a taxa de redu\u00e7\u00e3o de press\u00e3o total da placa fina de lamina\u00e7\u00e3o a frio \u00e9 de cerca de 30%.<\/p>\n<p>As chapas GH3044 t\u00eam um bom desempenho no processo de estampagem. O coeficiente de imers\u00e3o em profundidade limite do estado de fornecimento das chapas finas laminadas a frio \u00e9 K limit = 2,06.<\/p>\n<p>Processo de tratamento t\u00e9rmico das pe\u00e7as GH3044<\/p>\n<p>A temperatura intermedi\u00e1ria do tratamento t\u00e9rmico \u00e9 de 1140 \u2103 \u00b1 10 \u2103, isolamento por 3 ~ 5 minutos, resfriado a ar. A temperatura final do tratamento t\u00e9rmico \u00e9 determinada de acordo com as condi\u00e7\u00f5es de trabalho das pe\u00e7as. Pe\u00e7as com bom desempenho de fadiga t\u00e9rmica s\u00e3o solu\u00e7\u00e3o s\u00f3lida com 1150 \u2103, e o isolamento \u00e9 de 3 a 5 minutos, e o isolamento \u00e9 resfriado a ar; pe\u00e7as com alta for\u00e7a de calor s\u00e3o solu\u00e7\u00e3o s\u00f3lida a 1200 \u2103, e o isolamento \u00e9 de 3 a 5 minutos, e o isolamento \u00e9 resfriado a ar.<\/p>\n<p><strong>V. Campos de aplica\u00e7\u00e3o do GH3044<\/strong><strong>\u00a0<\/strong><\/p>\n<p>Adequado para o fabrico de pe\u00e7as que t\u00eam de suportar temperaturas elevadas, bem como ecr\u00e3s de isolamento t\u00e9rmico, l\u00e2minas de guia e outras pe\u00e7as que funcionam durante muito tempo abaixo dos 900\u00b0C.<\/p>","protected":false},"excerpt":{"rendered":"<p>Scope of supply for Aviation Group Forgings, round rods, steel plates, rings, seamless pipes, steel plates\/steel belts, wire welding materials, [&hellip;]<\/p>","protected":false},"featured_media":718,"template":"","meta":{"site-sidebar-layout":"default","site-content-layout":"","ast-site-content-layout":"default","site-content-style":"default","site-sidebar-style":"default","ast-global-header-display":"","ast-banner-title-visibility":"","ast-main-header-display":"","ast-hfb-above-header-display":"","ast-hfb-below-header-display":"","ast-hfb-mobile-header-display":"","site-post-title":"","ast-breadcrumbs-content":"","ast-featured-img":"","footer-sml-layout":"","theme-transparent-header-meta":"default","adv-header-id-meta":"","stick-header-meta":"","header-above-stick-meta":"","header-main-stick-meta":"","header-below-stick-meta":"","astra-migrate-meta-layouts":"set","ast-page-background-enabled":"default","ast-page-background-meta":{"desktop":{"background-color":"var(--ast-global-color-5)","background-image":"","background-repeat":"repeat","background-position":"center center","background-size":"auto","background-attachment":"scroll","background-type":"","background-media":"","overlay-type":"","overlay-color":"","overlay-opacity":"","overlay-gradient":""},"tablet":{"background-color":"","background-image":"","background-repeat":"repeat","background-position":"center center","background-size":"auto","background-attachment":"scroll","background-type":"","background-media":"","overlay-type":"","overlay-color":"","overlay-opacity":"","overlay-gradient":""},"mobile":{"background-color":"","background-image":"","background-repeat":"repeat","background-position":"center center","background-size":"auto","background-attachment":"scroll","background-type":"","background-media":"","overlay-type":"","overlay-color":"","overlay-opacity":"","overlay-gradient":""}},"ast-content-background-meta":{"desktop":{"background-color":"var(--ast-global-color-4)","background-image":"","background-repeat":"repeat","background-position":"center center","background-size":"auto","background-attachment":"scroll","background-type":"","background-media":"","overlay-type":"","overlay-color":"","overlay-opacity":"","overlay-gradient":""},"tablet":{"background-color":"var(--ast-global-color-4)","background-image":"","background-repeat":"repeat","background-position":"center center","background-size":"auto","background-attachment":"scroll","background-type":"","background-media":"","overlay-type":"","overlay-color":"","overlay-opacity":"","overlay-gradient":""},"mobile":{"background-color":"var(--ast-global-color-4)","background-image":"","background-repeat":"repeat","background-position":"center center","background-size":"auto","background-attachment":"scroll","background-type":"","background-media":"","overlay-type":"","overlay-color":"","overlay-opacity":"","overlay-gradient":""}}},"product_brand":[],"product_cat":[16],"product_tag":[],"class_list":{"0":"post-717","1":"product","2":"type-product","3":"status-publish","4":"has-post-thumbnail","6":"product_cat-high-temperature-alloy","7":"desktop-align-left","8":"tablet-align-left","9":"mobile-align-left","11":"first","12":"instock","13":"shipping-taxable","14":"product-type-simple"},"_links":{"self":[{"href":"https:\/\/www.dura-alloy.com\/pt\/wp-json\/wp\/v2\/product\/717","targetHints":{"allow":["GET"]}}],"collection":[{"href":"https:\/\/www.dura-alloy.com\/pt\/wp-json\/wp\/v2\/product"}],"about":[{"href":"https:\/\/www.dura-alloy.com\/pt\/wp-json\/wp\/v2\/types\/product"}],"version-history":[{"count":0,"href":"https:\/\/www.dura-alloy.com\/pt\/wp-json\/wp\/v2\/product\/717\/revisions"}],"wp:featuredmedia":[{"embeddable":true,"href":"https:\/\/www.dura-alloy.com\/pt\/wp-json\/wp\/v2\/media\/718"}],"wp:attachment":[{"href":"https:\/\/www.dura-alloy.com\/pt\/wp-json\/wp\/v2\/media?parent=717"}],"wp:term":[{"taxonomy":"product_brand","embeddable":true,"href":"https:\/\/www.dura-alloy.com\/pt\/wp-json\/wp\/v2\/product_brand?post=717"},{"taxonomy":"product_cat","embeddable":true,"href":"https:\/\/www.dura-alloy.com\/pt\/wp-json\/wp\/v2\/product_cat?post=717"},{"taxonomy":"product_tag","embeddable":true,"href":"https:\/\/www.dura-alloy.com\/pt\/wp-json\/wp\/v2\/product_tag?post=717"}],"curies":[{"name":"wp","href":"https:\/\/api.w.org\/{rel}","templated":true}]}}