{"id":715,"date":"2025-06-17T07:44:13","date_gmt":"2025-06-17T07:44:13","guid":{"rendered":"https:\/\/dura-alloy.com\/?post_type=product&#038;p=715"},"modified":"2025-06-17T07:44:13","modified_gmt":"2025-06-17T07:44:13","slug":"gh901","status":"publish","type":"product","link":"https:\/\/www.dura-alloy.com\/pt\/produto\/gh901\/","title":{"rendered":"GH901"},"content":{"rendered":"<p style=\"text-align: center;\"><strong><span>\u00c2mbito de fornecimento para o Aviation Group<\/span><\/strong><\/p>\n<p style=\"text-align: center;\"><strong><span>Forjados, var\u00f5es redondos, chapas de a\u00e7o, an\u00e9is, tubos sem costura, chapas de a\u00e7o\/cintas de a\u00e7o, materiais de soldadura de arame, bem-vindo ao inqu\u00e9rito!<\/span><\/strong><\/p>\n<p><strong><span>1. Introdu\u00e7\u00e3o ao\u00a0<\/span><\/strong><strong><span>GH901\u00a0<\/span><\/strong><strong><span>Materiais<\/span><\/strong><\/p>\n<p><span>\u00a0 \u00a0 \u00a0 \u00a0GH901 is an austenitic aging hardening alloy based on Fe-43Ni-12Cr, adding titanium, aluminum and equal reinforcement elements, and contains trace amounts of boron and lower carbon. It is diffusely strengthened by the metastable \u03b3&#8221;[Ni3(Ti, Al)] phase, and trace amounts of aluminum can inhibit the conversion of \u03b3&#8221; to \u03b7-Ni3Ti phase. The alloy has high yield strength and long-lasting strength below 650\u2103, good oxidation resistance below 760\u2103, and stable tissues for long-term use. This alloy is a relatively mature alloy developed in the early stage and is widely used to manufacture rotating disc parts (turbine discs, compressor discs, shaft journals, etc.), static structural parts, turbine outer rings and fasteners of aviation and ground gas turbine engines working below 650\u00b0C.<\/span><\/p>\n<p><strong><span>2.\u00a0<\/span><\/strong><span><strong>Composi\u00e7\u00e3o qu\u00edmica de\u00a0<\/strong><\/span><strong><span>GH901<\/span><\/strong><\/p>\n<table border=\"-\">\n<tbody>\n<tr>\n<td width=\"50\"><span>liga<\/span><\/td>\n<td width=\"33\">%<\/td>\n<td width=\"39\"><span>Ni<\/span><\/td>\n<td width=\"39\"><span>Cr\u00f3mio Cr<\/span><\/td>\n<td width=\"27\"><span>Iron Fe<\/span><\/td>\n<td width=\"39\"><span>Carbono C<\/span><\/td>\n<td width=\"39\"><span>Mangan\u00eas Mn<\/span><\/td>\n<td width=\"39\"><span>Sil\u00edcio Si<\/span><\/td>\n<td width=\"33\"><span>Pedra Mo<\/span><\/td>\n<td width=\"39\"><span>alum\u00ednio<\/span><\/p>\n<p>Al<\/td>\n<td width=\"33\"><span>tit\u00e2nio<\/span><\/p>\n<p><span>De<\/span><\/td>\n<td width=\"45\"><span>bismuth<\/span><\/p>\n<p>Bi<\/td>\n<td width=\"45\"><span>f\u00f3sforo<\/span><\/p>\n<p>P<\/td>\n<td width=\"39\"><span>cobre<\/span><\/p>\n<p>Cu<\/td>\n<td width=\"45\"><span>lead<\/span><\/p>\n<p>Pb<\/td>\n<td width=\"39\"><span>boro<\/span><\/p>\n<p>B<\/td>\n<td width=\"45\"><span>enxofre<\/span><\/p>\n<p>S<\/td>\n<\/tr>\n<tr>\n<td rowspan=\"2\">GH901<\/td>\n<td width=\"33\"><span>Valor m\u00ednimo<\/span><\/td>\n<td width=\"39\">40.0<\/td>\n<td width=\"39\">11.0<\/td>\n<td width=\"27\"><span>margem<\/span><\/td>\n<td width=\"39\">0.02<\/td>\n<td width=\"39\">&#8211;<\/td>\n<td width=\"39\"><span>&#8211;<\/span><\/td>\n<td width=\"33\">5.0<\/td>\n<td width=\"39\"><span>&#8211;<\/span><\/td>\n<td width=\"33\">2.8<\/td>\n<td width=\"45\"><span>&#8211;<\/span><\/td>\n<td width=\"45\"><span>&#8211;<\/span><\/td>\n<td width=\"39\"><span>&#8211;<\/span><\/td>\n<td width=\"45\"><span>&#8211;<\/span><\/td>\n<td width=\"39\">0.01<\/td>\n<td width=\"45\"><span>&#8211;<\/span><\/td>\n<\/tr>\n<tr>\n<td width=\"33\"><span>Valor m\u00e1ximo<\/span><\/td>\n<td width=\"39\">45.0<\/td>\n<td width=\"39\">14.0<\/td>\n<td width=\"27\"><span>margem<\/span><\/td>\n<td width=\"39\">0.06<\/td>\n<td width=\"39\">0.50<\/td>\n<td width=\"39\">0.40<\/td>\n<td width=\"33\">6.5<\/td>\n<td width=\"39\">0.30<\/td>\n<td width=\"33\">3.1<\/td>\n<td width=\"45\">0.001<\/td>\n<td width=\"45\">0.020<\/td>\n<td width=\"39\">0.20<\/td>\n<td width=\"45\"><span>0.001<\/span><\/td>\n<td width=\"39\"><span>0.02<\/span><\/td>\n<td width=\"45\">0.008<\/td>\n<\/tr>\n<\/tbody>\n<\/table>\n<p><strong><span>III.\u00a0<\/span><\/strong><strong><span>GH901\u00a0<\/span><\/strong><strong><span>reference standard<\/span><\/strong><\/p>\n<p><span>\u00a0 \u00a0 \u00a0 WS9-7029 blank-1996 &#8220;GH901 alloy shaft rod material&#8221;<\/span><\/p>\n<p><span>\u00a0 \u00a0 \u00a0 WS9-7029 disc blank-1996 &#8220;GH901 alloy rotating parts cake blank&#8221;<\/span><\/p>\n<p><span>\u00a0 \u00a0 \u00a0 WS9-7029 Forgings-1996 &#8220;GH901 Alloy Disk, Shaft Forgings&#8221;<\/span><\/p>\n<p><span>\u00a0 \u00a0 \u00a0 WS9-7031-1996 &#8220;GH901 Alloy Hot Rolled and Forged Rods&#8221;<\/span><\/p>\n<p><span>\u00a0 \u00a0 \u00a0 WS9-7031 ring blank-1996 &#8220;GH901 alloy rolling ring ring for all parts&#8221;<\/span><\/p>\n<p><span>\u00a0 \u00a0 \u00a0 WS9-7031 ring parts-1996 &#8220;GH901 alloy rolled ring parts&#8221;<\/span><\/p>\n<p><span>\u00a0 \u00a0 \u00a0 WS9-7031-1996 &#8220;GH901 Alloy Flash Welded Ring Profile&#8221;<\/span><\/p>\n<p><strong><span>IV.\u00a0<\/span><\/strong><strong><span>GH901\u00a0<\/span><\/strong><strong><span>propriedades f\u00edsicas<\/span><\/strong><\/p>\n<table border=\"1\">\n<tbody>\n<tr>\n<td width=\"85\"><span>densidade<\/span><\/td>\n<td width=\"134\"><span>8.21 G \/ cm3<\/span><\/td>\n<\/tr>\n<tr>\n<td width=\"85\"><span>Ponto de fus\u00e3o<\/span><\/td>\n<td width=\"134\">1360 \u2103<\/td>\n<\/tr>\n<\/tbody>\n<\/table>\n<p><strong><span>GH901\u00a0<\/span><\/strong><strong><span>Thermal Conductivity<\/span><\/strong><\/p>\n<table border=\"1\">\n<tbody>\n<tr>\n<td width=\"126\"><span>I\/\u2103<\/span><\/td>\n<td width=\"54\">100<\/td>\n<td width=\"48\">200<\/td>\n<td width=\"48\">300<\/td>\n<td width=\"48\">400<\/td>\n<td width=\"48\">500<\/td>\n<td width=\"48\">600<\/td>\n<td width=\"48\">700<\/td>\n<td width=\"48\">800<\/td>\n<td width=\"48\">900<\/td>\n<td width=\"51\">1000<\/td>\n<\/tr>\n<tr>\n<td width=\"126\">\u03bb\/\uff08W\/\uff08m\u00b7C\uff09\uff09<\/td>\n<td width=\"54\">12.0<\/td>\n<td width=\"48\">13.5<\/td>\n<td width=\"48\">15.1<\/td>\n<td width=\"48\">16.7<\/td>\n<td width=\"48\">18.2<\/td>\n<td width=\"48\">19.8<\/td>\n<td width=\"48\">21.2<\/td>\n<td width=\"48\">22.8<\/td>\n<td width=\"48\">24.3<\/td>\n<td width=\"51\">25.1<\/td>\n<\/tr>\n<\/tbody>\n<\/table>\n<p><strong><span>GH901\u00a0<\/span><\/strong><strong><span>linear expansion coefficient<\/span><\/strong><\/p>\n<table border=\"1\">\n<tbody>\n<tr>\n<td><span>I\/\u2103<\/span><\/td>\n<td>20\uff5e100<\/td>\n<td>20\uff5e200<\/td>\n<td>20\uff5e300<\/td>\n<td>20\uff5e400<\/td>\n<td>20\uff5e500<\/td>\n<td>20\uff5e600<\/td>\n<td>20\uff5e700<\/td>\n<td>20\uff5e800<\/td>\n<td>20\uff5e900<\/td>\n<\/tr>\n<tr>\n<td><span>A\/10-6C-1<\/span><\/td>\n<td><span>13.5<\/span><\/td>\n<td><span>14.0<\/span><\/td>\n<td>14.4<\/td>\n<td>14.9<\/td>\n<td><span>15.1<\/span><\/td>\n<td>15.2<\/td>\n<td>15.5<\/td>\n<td>16.0<\/td>\n<td>16.5<\/td>\n<\/tr>\n<\/tbody>\n<\/table>\n<p><strong><span>GH901\u00a0<\/span><\/strong><strong><span>thermal diffusion rate<\/span><\/strong><\/p>\n<table border=\"1\">\n<tbody>\n<tr>\n<td width=\"160\"><span>I\/\u2103<\/span><\/td>\n<td>20<\/td>\n<td><span>100<\/span><\/td>\n<td>150<\/td>\n<td>250<\/td>\n<td>350<\/td>\n<td>450<\/td>\n<td>550<\/td>\n<td>650<\/td>\n<td>950<\/td>\n<\/tr>\n<tr>\n<td width=\"160\">Q\/\uff0810-6m2\/S\uff09\uff09<\/td>\n<td>2.66<\/td>\n<td>2.93<\/td>\n<td>3.00<\/td>\n<td>3.18<\/td>\n<td>3.47<\/td>\n<td>3.73<\/td>\n<td>3.78<\/td>\n<td>4.02<\/td>\n<td>4.11<\/td>\n<\/tr>\n<\/tbody>\n<\/table>\n<p><strong><span>5. Material characteristics<\/span><\/strong><\/p>\n<p><strong><span>GH901\u00a0<\/span><\/strong><strong><span>heat treatment method<\/span><\/strong><\/p>\n<p><span>\u00a0 \u00a0 \u00a01090\u2103\u00b110\u2103, 2~3h, water-cooled or oil-cooled +775\u2103\u00b15\u2103, 4h, air-cooled +700~720\u2103, 24h, air-cooled.<\/span><\/p>\n<p><strong><span>GH901\u00a0<\/span><\/strong><strong><span>product status<\/span><\/strong><\/p>\n<p><span>\u00a0 \u00a0 \u00a0Various disk-shaped forgings, rolled rings, bars and other forgings. The state can be heat treated or not.<\/span><\/p>\n<p><strong><span>GH901\u00a0<\/span><\/strong><strong><span>smelting and casting process<\/span><\/strong><\/p>\n<p><span>\u00a0 \u00a0 \u00a0The alloy is produced using a dual process of vacuum induction plus vacuum arc remelting, and the vacuum induction plus electroslag remelting process can also be used.<\/span><\/p>\n<p><strong><span>VI.\u00a0<\/span><\/strong><strong><span>GH901\u00a0<\/span><\/strong><strong><span>application profile and special requirements<\/span><\/strong><\/p>\n<p><span>\u00a0 \u00a0 \u00a0This alloy is widely used in foreign countries for rotating parts and fasteners working below 650\u00b0C on aircraft engines and ground gas turbines, and has a long service life. It has also been used in aircraft engines in China and is a mature alloy that has been tested for use.<\/span><\/p>","protected":false},"excerpt":{"rendered":"<p>Scope of supply for Aviation Group Forgings, round rods, steel plates, rings, seamless pipes, steel plates\/steel belts, wire welding materials, [&hellip;]<\/p>","protected":false},"featured_media":716,"template":"","meta":{"site-sidebar-layout":"default","site-content-layout":"","ast-site-content-layout":"default","site-content-style":"default","site-sidebar-style":"default","ast-global-header-display":"","ast-banner-title-visibility":"","ast-main-header-display":"","ast-hfb-above-header-display":"","ast-hfb-below-header-display":"","ast-hfb-mobile-header-display":"","site-post-title":"","ast-breadcrumbs-content":"","ast-featured-img":"","footer-sml-layout":"","theme-transparent-header-meta":"default","adv-header-id-meta":"","stick-header-meta":"","header-above-stick-meta":"","header-main-stick-meta":"","header-below-stick-meta":"","astra-migrate-meta-layouts":"set","ast-page-background-enabled":"default","ast-page-background-meta":{"desktop":{"background-color":"var(--ast-global-color-5)","background-image":"","background-repeat":"repeat","background-position":"center center","background-size":"auto","background-attachment":"scroll","background-type":"","background-media":"","overlay-type":"","overlay-color":"","overlay-opacity":"","overlay-gradient":""},"tablet":{"background-color":"","background-image":"","background-repeat":"repeat","background-position":"center center","background-size":"auto","background-attachment":"scroll","background-type":"","background-media":"","overlay-type":"","overlay-color":"","overlay-opacity":"","overlay-gradient":""},"mobile":{"background-color":"","background-image":"","background-repeat":"repeat","background-position":"center center","background-size":"auto","background-attachment":"scroll","background-type":"","background-media":"","overlay-type":"","overlay-color":"","overlay-opacity":"","overlay-gradient":""}},"ast-content-background-meta":{"desktop":{"background-color":"var(--ast-global-color-4)","background-image":"","background-repeat":"repeat","background-position":"center center","background-size":"auto","background-attachment":"scroll","background-type":"","background-media":"","overlay-type":"","overlay-color":"","overlay-opacity":"","overlay-gradient":""},"tablet":{"background-color":"var(--ast-global-color-4)","background-image":"","background-repeat":"repeat","background-position":"center center","background-size":"auto","background-attachment":"scroll","background-type":"","background-media":"","overlay-type":"","overlay-color":"","overlay-opacity":"","overlay-gradient":""},"mobile":{"background-color":"var(--ast-global-color-4)","background-image":"","background-repeat":"repeat","background-position":"center center","background-size":"auto","background-attachment":"scroll","background-type":"","background-media":"","overlay-type":"","overlay-color":"","overlay-opacity":"","overlay-gradient":""}}},"product_brand":[],"product_cat":[16],"product_tag":[],"class_list":{"0":"post-715","1":"product","2":"type-product","3":"status-publish","4":"has-post-thumbnail","6":"product_cat-high-temperature-alloy","7":"desktop-align-left","8":"tablet-align-left","9":"mobile-align-left","11":"first","12":"instock","13":"shipping-taxable","14":"product-type-simple"},"_links":{"self":[{"href":"https:\/\/www.dura-alloy.com\/pt\/wp-json\/wp\/v2\/product\/715","targetHints":{"allow":["GET"]}}],"collection":[{"href":"https:\/\/www.dura-alloy.com\/pt\/wp-json\/wp\/v2\/product"}],"about":[{"href":"https:\/\/www.dura-alloy.com\/pt\/wp-json\/wp\/v2\/types\/product"}],"version-history":[{"count":0,"href":"https:\/\/www.dura-alloy.com\/pt\/wp-json\/wp\/v2\/product\/715\/revisions"}],"wp:featuredmedia":[{"embeddable":true,"href":"https:\/\/www.dura-alloy.com\/pt\/wp-json\/wp\/v2\/media\/716"}],"wp:attachment":[{"href":"https:\/\/www.dura-alloy.com\/pt\/wp-json\/wp\/v2\/media?parent=715"}],"wp:term":[{"taxonomy":"product_brand","embeddable":true,"href":"https:\/\/www.dura-alloy.com\/pt\/wp-json\/wp\/v2\/product_brand?post=715"},{"taxonomy":"product_cat","embeddable":true,"href":"https:\/\/www.dura-alloy.com\/pt\/wp-json\/wp\/v2\/product_cat?post=715"},{"taxonomy":"product_tag","embeddable":true,"href":"https:\/\/www.dura-alloy.com\/pt\/wp-json\/wp\/v2\/product_tag?post=715"}],"curies":[{"name":"wp","href":"https:\/\/api.w.org\/{rel}","templated":true}]}}