{"id":706,"date":"2025-06-17T07:30:39","date_gmt":"2025-06-17T07:30:39","guid":{"rendered":"https:\/\/dura-alloy.com\/?post_type=product&#038;p=706"},"modified":"2025-06-17T07:30:39","modified_gmt":"2025-06-17T07:30:39","slug":"gh625-gh3625","status":"publish","type":"product","link":"https:\/\/www.dura-alloy.com\/pt\/produto\/gh625-gh3625\/","title":{"rendered":"GH625\/GH3625"},"content":{"rendered":"<p style=\"text-align: center;\"><strong><span>\u00c2mbito de fornecimento para o Aviation Group<\/span><\/strong><\/p>\n<p style=\"text-align: center;\"><strong><span>Forjados, var\u00f5es redondos, chapas de a\u00e7o, an\u00e9is, tubos sem costura, chapas de a\u00e7o\/cintas de a\u00e7o, materiais de soldadura de arame, bem-vindo ao inqu\u00e9rito!<\/span><\/strong><\/p>\n<p><strong><span>1. Introduction to GH625\/GH3625 materials<\/span><\/strong><\/p>\n<p><span>\u00a0 \u00a0 \u00a0 GH3625 (GH625) alloy is a solid solution-strengthening nickel-based deformation high-temperature alloy with molybdenum niobium as the main reinforcement element. It has excellent corrosion resistance and oxidation resistance. It has good tensile and fatigue properties from low temperature to 980 degrees Celsius, and is resistant to stress corrosion under salt spray atmosphere.<\/span><\/p>\n<h3><span>Normas de aplica\u00e7\u00e3o<\/span><\/h3>\n<p><span>\u00a0 \u00a0 \u00a0 GJB 1953-1994 \"Especifica\u00e7\u00f5es sobre var\u00f5es laminados a quente de ligas de alta temperatura para pe\u00e7as rotativas de motores aeron\u00e1uticos\"<\/span><\/p>\n<p><span>\u00a0 \u00a0 \u00a0 GJB 2611-1996 \"Especifica\u00e7\u00f5es para hastes de tra\u00e7\u00e3o a frio para ligas de alta temperatura para a avia\u00e7\u00e3o\"<\/span><\/p>\n<p><span>\u00a0 \u00a0 \u00a0 GJB 2612-1996 \"Especifica\u00e7\u00f5es para estiramento a frio de ligas de alta temperatura para soldadura\"<\/span><\/p>\n<p><span>\u00a0 \u00a0 \u00a0 GJB 3020-1997 \"Especifica\u00e7\u00f5es para an\u00e9is de liga de alta temperatura para a avia\u00e7\u00e3o\"<\/span><\/p>\n<p><span>\u00a0 \u00a0 \u00a0 GJB 3165-1998 \"Especifica\u00e7\u00f5es sobre var\u00f5es laminados a quente e forjados para pe\u00e7as de carga para a avia\u00e7\u00e3o\"<\/span><\/p>\n<p><span>\u00a0 \u00a0 \u00a0 GJB 3782-1999 \"Especifica\u00e7\u00f5es para var\u00f5es de liga de alta temperatura para a avia\u00e7\u00e3o\"<\/span><\/p>\n<p><span>\u00a0 \u00a0 \u00a0 HB 5198-1982 \"Varetas deformadas de ligas de alta temperatura para l\u00e2minas de avia\u00e7\u00e3o\"<\/span><\/p>\n<p><strong><span>2. Componentes qu\u00edmicos<\/span><\/strong><\/p>\n<table border=\"1\">\n<tbody>\n<tr>\n<td width=\"49\"><span>Medalha de liga met\u00e1lica<\/span><\/td>\n<td width=\"55\">%<\/td>\n<td width=\"38\">C<\/td>\n<td width=\"40\">Cr<\/td>\n<td width=\"33\">Co<\/td>\n<td width=\"28\"><span>Em<\/span><\/td>\n<td width=\"38\">Mo<\/td>\n<td width=\"38\">Nb<\/td>\n<td width=\"38\">Fe<\/td>\n<td width=\"37\">Al<\/td>\n<td width=\"42\"><span>De<\/span><\/td>\n<td width=\"43\"><span>E<\/span><\/td>\n<td width=\"35\">Mn<\/td>\n<td width=\"45\">S<\/td>\n<td width=\"44\">P<\/td>\n<td width=\"39\">Cu<\/td>\n<\/tr>\n<tr>\n<td rowspan=\"2\"><span>Gh625\/<\/span><\/p>\n<p><span>Gh3625<\/span><\/td>\n<td><span>Valor m\u00ednimo<\/span><\/td>\n<td width=\"38\">&#8211;<\/td>\n<td width=\"40\">20.0<\/td>\n<td width=\"33\"><span>&#8211;<\/span><\/td>\n<td rowspan=\"2\"><span>Permanecer<\/span><\/p>\n<p><span>quantidade<\/span><\/td>\n<td width=\"38\">8.0<\/td>\n<td width=\"38\">3.15<\/td>\n<td width=\"38\"><span>&#8211;<\/span><\/td>\n<td width=\"37\"><span>&#8211;<\/span><\/td>\n<td width=\"42\"><span>&#8211;<\/span><\/td>\n<td width=\"43\"><span>&#8211;<\/span><\/td>\n<td width=\"35\"><span>&#8211;<\/span><\/td>\n<td width=\"45\"><span>&#8211;<\/span><\/td>\n<td width=\"44\"><span>&#8211;<\/span><\/td>\n<td width=\"39\"><span>&#8211;<\/span><\/td>\n<\/tr>\n<tr>\n<td><span>Valor m\u00e1ximo<\/span><\/td>\n<td width=\"38\">0.10<\/td>\n<td width=\"40\">23.0<\/td>\n<td width=\"33\">1.0<\/td>\n<td width=\"38\">10.0<\/td>\n<td width=\"38\">4.15<\/td>\n<td width=\"38\">5.0<\/td>\n<td width=\"37\">0.4<\/td>\n<td width=\"42\"><span>0.4<\/span><\/td>\n<td width=\"43\">0.5<\/td>\n<td width=\"35\"><span>0.5<\/span><\/td>\n<td width=\"45\">0.015<\/td>\n<td width=\"44\"><span>0.015<\/span><\/td>\n<td width=\"39\">0.07<\/td>\n<\/tr>\n<\/tbody>\n<\/table>\n<p><strong><span>3. Propriedades f\u00edsicas<\/span><\/strong><\/p>\n<table border=\"1\">\n<tbody>\n<tr>\n<td width=\"67\"><span>densidade<\/span><\/p>\n<p><span>g \/ cm3<\/span><\/td>\n<td width=\"63\"><span>Ponto de fus\u00e3o<\/span><\/p>\n<p>\u2103<\/td>\n<td width=\"100\"><span>Condutividade t\u00e9rmica<\/span><\/p>\n<p>\u03bb\/(W\/m\u00b7\u2103)<\/td>\n<td width=\"75\"><span>Capacidade t\u00e9rmica espec\u00edfica<\/span><\/p>\n<p>J\/kg\u00b7\u2103<\/td>\n<td width=\"85\"><span>M\u00f3dulo de elasticidade<\/span><\/p>\n<p>GPa<\/td>\n<td width=\"86\"><span>M\u00f3dulo de cisalhamento<\/span><\/p>\n<p><span>GPa<\/span><\/td>\n<td width=\"72\"><span>Resistividade<\/span><\/p>\n<p>\u03bc\u03a9\u00b7m<\/td>\n<td width=\"72\"><span>Poisson&#8217;s<\/span><\/td>\n<td width=\"109\"><span>Coeficiente de expans\u00e3o linear<\/span><\/p>\n<p>a\/10-6\u2103-1<\/td>\n<\/tr>\n<tr>\n<td width=\"67\">8.44<\/td>\n<td width=\"63\">1290<\/p>\n<p>1350<\/td>\n<td width=\"100\">12.1(100\u2103)<\/td>\n<td width=\"75\">430<\/td>\n<td width=\"85\">205<\/td>\n<td width=\"86\">79<\/td>\n<td width=\"72\">1.28<\/td>\n<td width=\"72\">0.308<\/td>\n<td width=\"109\">12.3(20~100\u2103)<\/td>\n<\/tr>\n<\/tbody>\n<\/table>\n<p><strong><span>4. Propriedades mec\u00e2nicas<\/span><\/strong><\/p>\n<p><span>\u00a0 \u00a0 \u00a0 (Minimum value of mechanical properties detected at 20\u00b0C\u00a0<\/span><sup><span>\u00a0[1]<\/span><\/sup><span>\u00a0\u00a0\u00a0)<\/span><\/p>\n<table border=\"1\">\n<tbody>\n<tr>\n<td width=\"81\"><span>Heat treatment method<\/span><\/td>\n<td width=\"90\"><span>resist\u00eancia \u00e0 tra\u00e7\u00e3o<\/span><\/p>\n<p>\u03c3b\/MPa<\/td>\n<td width=\"98\"><span>Rendimento do rendimento<\/span><\/p>\n<p>\u03c3p0.2\/MPa<\/td>\n<td width=\"98\"><span>Alongamento<\/span><\/p>\n<p><span>S5 \/%<\/span><\/td>\n<td width=\"101\"><span>Dureza Brinell<\/span><\/p>\n<p>HBS<\/td>\n<\/tr>\n<tr>\n<td width=\"81\"><span>Tratamento de solu\u00e7\u00f5es s\u00f3lidas<\/span><\/td>\n<td width=\"90\">830<\/td>\n<td width=\"98\">410<\/td>\n<td width=\"98\">30<\/td>\n<td width=\"101\">\u2264290<\/td>\n<\/tr>\n<\/tbody>\n<\/table>\n<p><strong><span>V. Alloy characteristics<\/span><\/strong><span>\u00a0:<\/span><\/p>\n<p><span>\u00a0 \u00a0 \u00a0 It has excellent corrosion resistance to various corrosive media in the oxidation and reduction environments<\/span><\/p>\n<p><span>\u00a0 \u00a0 \u00a0 Excellent resistance to pit and crevice corrosion and does not cause stress corrosion cracking due to chloride<\/span><\/p>\n<p><span>\u00a0 \u00a0 \u00a0 Excellent resistance to inorganic acid corrosion, such as nitric acid, phosphoric acid, sulfuric acid, hydrochloric acid, and mixed acid of sulfuric acid and hydrochloric acid, etc.<\/span><\/p>\n<p><span>\u00a0 \u00a0 \u00a0 Excellent resistance to corrosion of various inorganic acid mixed solutions<\/span><\/p>\n<p><span>\u00a0 \u00a0 \u00a0 When the temperature reaches 40\u2103, it can show good corrosion resistance in hydrochloric acid solutions of various concentrations.<\/span><\/p>\n<p><span>\u00a0 \u00a0 \u00a0 Good processability and welding properties, no cracking sensitivity after welding<\/span><\/p>\n<p><span>\u00a0 \u00a0 \u00a0 Manufacturing certification for pressure vessels with wall temperatures between -196 and 450\u00b0C<\/span><\/p>\n<p><strong><span>6. Application areas<\/span><\/strong><\/p>\n<p><span>\u00a0 \u00a0 \u00a0 Components of organic chemical process processes containing chlorides, especially in the use of acid chloride catalysts<\/span><\/p>\n<p><span>\u00a0 \u00a0 \u00a0 Cookers and bleaching tanks for the pulp and paper industry<\/span><\/p>\n<p><span>\u00a0 \u00a0 \u00a0 Absorption towers, reheaters, flue gas inlet baffles, fans (wet), stirrers, deflectors and flue ducts in flue gas desulfurization system<\/span><\/p>\n<p><span>\u00a0 \u00a0 \u00a0 Equipment and components for the manufacture of acid gas environments<\/span><\/p>\n<p><span>\u00a0 \u00a0 \u00a0 Reaction of acetic acid and acetic anhydride<\/span><\/p>","protected":false},"excerpt":{"rendered":"<p>Scope of supply for Aviation Group Forgings, round rods, steel plates, rings, seamless pipes, steel plates\/steel belts, wire welding materials, [&hellip;]<\/p>","protected":false},"featured_media":707,"template":"","meta":{"site-sidebar-layout":"default","site-content-layout":"","ast-site-content-layout":"default","site-content-style":"default","site-sidebar-style":"default","ast-global-header-display":"","ast-banner-title-visibility":"","ast-main-header-display":"","ast-hfb-above-header-display":"","ast-hfb-below-header-display":"","ast-hfb-mobile-header-display":"","site-post-title":"","ast-breadcrumbs-content":"","ast-featured-img":"","footer-sml-layout":"","theme-transparent-header-meta":"default","adv-header-id-meta":"","stick-header-meta":"","header-above-stick-meta":"","header-main-stick-meta":"","header-below-stick-meta":"","astra-migrate-meta-layouts":"set","ast-page-background-enabled":"default","ast-page-background-meta":{"desktop":{"background-color":"var(--ast-global-color-5)","background-image":"","background-repeat":"repeat","background-position":"center center","background-size":"auto","background-attachment":"scroll","background-type":"","background-media":"","overlay-type":"","overlay-color":"","overlay-opacity":"","overlay-gradient":""},"tablet":{"background-color":"","background-image":"","background-repeat":"repeat","background-position":"center center","background-size":"auto","background-attachment":"scroll","background-type":"","background-media":"","overlay-type":"","overlay-color":"","overlay-opacity":"","overlay-gradient":""},"mobile":{"background-color":"","background-image":"","background-repeat":"repeat","background-position":"center center","background-size":"auto","background-attachment":"scroll","background-type":"","background-media":"","overlay-type":"","overlay-color":"","overlay-opacity":"","overlay-gradient":""}},"ast-content-background-meta":{"desktop":{"background-color":"var(--ast-global-color-4)","background-image":"","background-repeat":"repeat","background-position":"center center","background-size":"auto","background-attachment":"scroll","background-type":"","background-media":"","overlay-type":"","overlay-color":"","overlay-opacity":"","overlay-gradient":""},"tablet":{"background-color":"var(--ast-global-color-4)","background-image":"","background-repeat":"repeat","background-position":"center center","background-size":"auto","background-attachment":"scroll","background-type":"","background-media":"","overlay-type":"","overlay-color":"","overlay-opacity":"","overlay-gradient":""},"mobile":{"background-color":"var(--ast-global-color-4)","background-image":"","background-repeat":"repeat","background-position":"center center","background-size":"auto","background-attachment":"scroll","background-type":"","background-media":"","overlay-type":"","overlay-color":"","overlay-opacity":"","overlay-gradient":""}}},"product_brand":[],"product_cat":[16],"product_tag":[],"class_list":{"0":"post-706","1":"product","2":"type-product","3":"status-publish","4":"has-post-thumbnail","6":"product_cat-high-temperature-alloy","7":"desktop-align-left","8":"tablet-align-left","9":"mobile-align-left","11":"first","12":"instock","13":"shipping-taxable","14":"product-type-simple"},"_links":{"self":[{"href":"https:\/\/www.dura-alloy.com\/pt\/wp-json\/wp\/v2\/product\/706","targetHints":{"allow":["GET"]}}],"collection":[{"href":"https:\/\/www.dura-alloy.com\/pt\/wp-json\/wp\/v2\/product"}],"about":[{"href":"https:\/\/www.dura-alloy.com\/pt\/wp-json\/wp\/v2\/types\/product"}],"version-history":[{"count":0,"href":"https:\/\/www.dura-alloy.com\/pt\/wp-json\/wp\/v2\/product\/706\/revisions"}],"wp:featuredmedia":[{"embeddable":true,"href":"https:\/\/www.dura-alloy.com\/pt\/wp-json\/wp\/v2\/media\/707"}],"wp:attachment":[{"href":"https:\/\/www.dura-alloy.com\/pt\/wp-json\/wp\/v2\/media?parent=706"}],"wp:term":[{"taxonomy":"product_brand","embeddable":true,"href":"https:\/\/www.dura-alloy.com\/pt\/wp-json\/wp\/v2\/product_brand?post=706"},{"taxonomy":"product_cat","embeddable":true,"href":"https:\/\/www.dura-alloy.com\/pt\/wp-json\/wp\/v2\/product_cat?post=706"},{"taxonomy":"product_tag","embeddable":true,"href":"https:\/\/www.dura-alloy.com\/pt\/wp-json\/wp\/v2\/product_tag?post=706"}],"curies":[{"name":"wp","href":"https:\/\/api.w.org\/{rel}","templated":true}]}}