{"id":687,"date":"2025-06-17T06:51:51","date_gmt":"2025-06-17T06:51:51","guid":{"rendered":"https:\/\/dura-alloy.com\/?post_type=product&#038;p=687"},"modified":"2025-06-17T06:51:51","modified_gmt":"2025-06-17T06:51:51","slug":"hastelloy-c-276","status":"publish","type":"product","link":"https:\/\/www.dura-alloy.com\/pt\/produto\/hastelloy-c-276\/","title":{"rendered":"Hastelloy C-276"},"content":{"rendered":"<p><strong><span>1. Introdu\u00e7\u00e3o aos materiais Hastelloy C276<\/span><\/strong><br \/>\n<span>A liga Hastelloy C-276 \u00e9 considerada uma liga universal resistente \u00e0 corros\u00e3o com um teor extremamente baixo de carbono sil\u00edcio. \u00c9 principalmente resistente ao cloro h\u00famido, v\u00e1rios cloretos oxidativos, solu\u00e7\u00f5es de sal de cloreto, \u00e1cido sulf\u00farico e sais oxidativos, e tem boa resist\u00eancia \u00e0 corros\u00e3o em \u00e1cido clor\u00eddrico a baixa e m\u00e9dia temperatura. Por conseguinte, nos \u00faltimos 30 anos, tem sido amplamente utilizado em ambientes corrosivos dif\u00edceis, como a ind\u00fastria qu\u00edmica, a ind\u00fastria petroqu\u00edmica, a dessulfura\u00e7\u00e3o de gases de combust\u00e3o, a produ\u00e7\u00e3o de pasta e papel e a prote\u00e7\u00e3o ambiental, etc.<\/span><\/p>\n<p><strong><span>2. Composi\u00e7\u00e3o qu\u00edmica do Hastelloy C276<\/span><\/strong><\/p>\n<table class=\"table table-bordered\">\n<tbody>\n<tr>\n<td><span>liga<\/span><\/td>\n<td><span>%<\/span><\/td>\n<td><span>Em<\/span><\/td>\n<td><span>Cr<\/span><\/td>\n<td><span>Fe<\/span><\/td>\n<td><span>Mo<\/span><\/td>\n<td><span>W<\/span><\/td>\n<td><span>Co<\/span><\/td>\n<td><span>C<\/span><\/td>\n<td><span>Mn<\/span><\/td>\n<td><span>E<\/span><\/td>\n<td><span>S<\/span><\/td>\n<td><span>P<\/span><\/td>\n<td><span>V<\/span><\/td>\n<\/tr>\n<tr>\n<td rowspan=\"2\" width=\"68\"><span>Hastelloy C-276<\/span><\/td>\n<td><span>M\u00ednimo<\/span><\/td>\n<td rowspan=\"2\" width=\"44\"><span>margem<\/span><\/td>\n<td><span>14.5<\/span><\/td>\n<td><span>4<\/span><\/td>\n<td><span>15<\/span><\/td>\n<td><span>3<\/span><\/td>\n<td><span>&#8211;<\/span><\/td>\n<td><span>&#8211;<\/span><\/td>\n<td><span>&#8211;<\/span><\/td>\n<td><span>&#8211;<\/span><\/td>\n<td><span>&#8211;<\/span><\/td>\n<td><span>&#8211;<\/span><\/td>\n<td><span>0.1<\/span><\/td>\n<\/tr>\n<tr>\n<td><span>m\u00e1ximo<\/span><\/td>\n<td><span>16.5<\/span><\/td>\n<td><span>7<\/span><\/td>\n<td><span>17<\/span><\/td>\n<td><span>4.5<\/span><\/td>\n<td><span>2.5<\/span><\/td>\n<td><span>0.01<\/span><\/td>\n<td><span>1<\/span><\/td>\n<td><span>0.08<\/span><\/td>\n<td><span>0.001<\/span><\/td>\n<td><span>0.015<\/span><\/td>\n<td><span>0.3<\/span><\/td>\n<\/tr>\n<\/tbody>\n<\/table>\n<p><strong><span>3. Propriedades f\u00edsicas do Hastelloy C276<\/span><\/strong><\/p>\n<table class=\"table table-bordered\">\n<tbody>\n<tr>\n<td><span>densidade<\/span><\/td>\n<td><span>Ponto de fus\u00e3o<\/span><\/td>\n<td><span>Condutividade t\u00e9rmica<\/span><\/td>\n<td><span>Capacidade t\u00e9rmica espec\u00edfica<\/span><\/td>\n<td><span>M\u00f3dulo de elasticidade<\/span><\/td>\n<td><span>M\u00f3dulo de cisalhamento<\/span><\/td>\n<td><span>Resistividade<\/span><\/td>\n<td><span>Coeficiente de expans\u00e3o linear<\/span><\/td>\n<\/tr>\n<tr>\n<td><span>g \/ cm3<\/span><\/td>\n<td><span>\u2103<\/span><\/td>\n<td><span>L\/(W\/M - \u2103)<\/span><\/td>\n<td><span>J\/kg-\u2103<\/span><\/td>\n<td><span>GPa<\/span><\/td>\n<td><span>GPa<\/span><\/td>\n<td><span>\u03bc\u03a9-m<\/span><\/td>\n<td><span>a\/10-6\u2103-1<\/span><\/td>\n<\/tr>\n<tr>\n<td><span>8.9<\/span><\/td>\n<td><span>1325-1370<\/span><\/td>\n<td><span>10.2(100\u2103)<\/span><\/td>\n<td><span>407<\/span><\/td>\n<td><span>208<\/span><\/td>\n<td><span>79<\/span><\/td>\n<td><span>1.25<\/span><\/td>\n<td><span>11.7(20~100\u2103)<\/span><\/td>\n<\/tr>\n<\/tbody>\n<\/table>\n<p><span>Valor m\u00ednimo das propriedades mec\u00e2nicas das ligas \u00e0 temperatura ambiente:<\/span><\/p>\n<table class=\"table table-bordered\">\n<tbody>\n<tr>\n<td rowspan=\"2\" width=\"109\"><span>Estado da liga<\/span><\/td>\n<td><span>resist\u00eancia \u00e0 tra\u00e7\u00e3o<\/span><\/td>\n<td rowspan=\"2\" width=\"109\"><span>Resist\u00eancia ao escoamento<\/span><br \/>\n<span>RP0,2 N\/mm<\/span><\/td>\n<td><span>Alongamento<\/span><\/td>\n<td><span>Dureza Brinell<\/span><\/td>\n<\/tr>\n<tr>\n<td><span>Rm N\/mm<\/span><\/td>\n<td><span>A5 %<\/span><\/td>\n<td><span>HB<\/span><\/td>\n<\/tr>\n<tr>\n<td><span>Estado de fus\u00e3o s\u00f3lido<\/span><\/td>\n<td><span>730<\/span><\/td>\n<td><span>363<\/span><\/td>\n<td><span>30<\/span><\/td>\n<td><span>\u2264100<\/span><\/td>\n<\/tr>\n<\/tbody>\n<\/table>\n<p><strong><span>4. Carater\u00edsticas do material Hastelloy C276<\/span><\/strong><\/p>\n<p><span>No estado de oxida\u00e7\u00e3o e redu\u00e7\u00e3o, tem uma excelente resist\u00eancia \u00e0 corros\u00e3o na maioria dos meios corrosivos.<\/span><\/p>\n<p><span>Excelente resist\u00eancia \u00e0 fissura\u00e7\u00e3o por picadas, fendas e corros\u00e3o sob tens\u00e3o.<\/span><\/p>\n<p><span>A estrutura metalogr\u00e1fica da HastelloyC-276: C276 \u00e9 uma estrutura de treli\u00e7a c\u00fabica de face centrada.<\/span><\/p>\n<p><strong><span>5. Resist\u00eancia \u00e0 corros\u00e3o em HastelloyC-276<\/span><\/strong><br \/>\n<span>A liga C276 \u00e9 adequada para v\u00e1rias ind\u00fastrias de processos qu\u00edmicos que cont\u00eam meios de oxida\u00e7\u00e3o e redu\u00e7\u00e3o. O teor mais elevado de molibd\u00e9nio e cr\u00f3mio torna a liga resistente \u00e0 corros\u00e3o de i\u00f5es cloreto, e o elemento tungst\u00e9nio melhora ainda mais a sua resist\u00eancia \u00e0 corros\u00e3o. O C276 \u00e9 um dos \u00fanicos materiais que pode resistir \u00e0 corros\u00e3o de solu\u00e7\u00f5es h\u00famidas de cloro, hipoclorito e di\u00f3xido de cloro. A liga tem uma resist\u00eancia \u00e0 corros\u00e3o significativa a concentra\u00e7\u00f5es elevadas de solu\u00e7\u00f5es de sais clorados (como o cloreto de ferro e o cloreto de cobre).<\/span><\/p>\n<p><strong><span>6. Campo de aplica\u00e7\u00e3o do Hastelloy C276<\/span><\/strong><\/p>\n<ul>\n<li><span>Ind\u00fastrias da pasta e do papel, como o branqueamento e os contentores de branqueamento<\/span><\/li>\n<li><span>Depurador, reaquecedor, ventilador de vapor h\u00famido, etc. no sistema FGD<\/span><\/li>\n<li><span>Equipamento e componentes para funcionamento em ambiente de g\u00e1s \u00e1cido<\/span><\/li>\n<li><span>Reactores de \u00e1cido ac\u00e9tico e produtos \u00e1cidos<\/span><\/li>\n<li><span>Condensador de \u00e1cido sulf\u00farico<\/span><\/li>\n<li><span>Isocianato de metileno difenilo (MDI)<\/span><\/li>\n<li><span>Produ\u00e7\u00e3o e transforma\u00e7\u00e3o de \u00e1cido fosf\u00f3rico impuro<\/span><\/li>\n<\/ul>","protected":false},"excerpt":{"rendered":"<p>1. Introduction to Hastelloy C276 Materials Hastelloy C-276 alloy is considered to be a universal corrosion-resistant alloy with extremely low [&hellip;]<\/p>","protected":false},"featured_media":688,"template":"","meta":{"site-sidebar-layout":"default","site-content-layout":"","ast-site-content-layout":"default","site-content-style":"default","site-sidebar-style":"default","ast-global-header-display":"","ast-banner-title-visibility":"","ast-main-header-display":"","ast-hfb-above-header-display":"","ast-hfb-below-header-display":"","ast-hfb-mobile-header-display":"","site-post-title":"","ast-breadcrumbs-content":"","ast-featured-img":"","footer-sml-layout":"","theme-transparent-header-meta":"default","adv-header-id-meta":"","stick-header-meta":"","header-above-stick-meta":"","header-main-stick-meta":"","header-below-stick-meta":"","astra-migrate-meta-layouts":"set","ast-page-background-enabled":"default","ast-page-background-meta":{"desktop":{"background-color":"var(--ast-global-color-5)","background-image":"","background-repeat":"repeat","background-position":"center center","background-size":"auto","background-attachment":"scroll","background-type":"","background-media":"","overlay-type":"","overlay-color":"","overlay-opacity":"","overlay-gradient":""},"tablet":{"background-color":"","background-image":"","background-repeat":"repeat","background-position":"center center","background-size":"auto","background-attachment":"scroll","background-type":"","background-media":"","overlay-type":"","overlay-color":"","overlay-opacity":"","overlay-gradient":""},"mobile":{"background-color":"","background-image":"","background-repeat":"repeat","background-position":"center center","background-size":"auto","background-attachment":"scroll","background-type":"","background-media":"","overlay-type":"","overlay-color":"","overlay-opacity":"","overlay-gradient":""}},"ast-content-background-meta":{"desktop":{"background-color":"var(--ast-global-color-4)","background-image":"","background-repeat":"repeat","background-position":"center center","background-size":"auto","background-attachment":"scroll","background-type":"","background-media":"","overlay-type":"","overlay-color":"","overlay-opacity":"","overlay-gradient":""},"tablet":{"background-color":"var(--ast-global-color-4)","background-image":"","background-repeat":"repeat","background-position":"center center","background-size":"auto","background-attachment":"scroll","background-type":"","background-media":"","overlay-type":"","overlay-color":"","overlay-opacity":"","overlay-gradient":""},"mobile":{"background-color":"var(--ast-global-color-4)","background-image":"","background-repeat":"repeat","background-position":"center center","background-size":"auto","background-attachment":"scroll","background-type":"","background-media":"","overlay-type":"","overlay-color":"","overlay-opacity":"","overlay-gradient":""}}},"product_brand":[],"product_cat":[28],"product_tag":[],"class_list":{"0":"post-687","1":"product","2":"type-product","3":"status-publish","4":"has-post-thumbnail","6":"product_cat-hastelloy-alloy","7":"desktop-align-left","8":"tablet-align-left","9":"mobile-align-left","11":"first","12":"instock","13":"shipping-taxable","14":"product-type-simple"},"_links":{"self":[{"href":"https:\/\/www.dura-alloy.com\/pt\/wp-json\/wp\/v2\/product\/687","targetHints":{"allow":["GET"]}}],"collection":[{"href":"https:\/\/www.dura-alloy.com\/pt\/wp-json\/wp\/v2\/product"}],"about":[{"href":"https:\/\/www.dura-alloy.com\/pt\/wp-json\/wp\/v2\/types\/product"}],"version-history":[{"count":0,"href":"https:\/\/www.dura-alloy.com\/pt\/wp-json\/wp\/v2\/product\/687\/revisions"}],"wp:featuredmedia":[{"embeddable":true,"href":"https:\/\/www.dura-alloy.com\/pt\/wp-json\/wp\/v2\/media\/688"}],"wp:attachment":[{"href":"https:\/\/www.dura-alloy.com\/pt\/wp-json\/wp\/v2\/media?parent=687"}],"wp:term":[{"taxonomy":"product_brand","embeddable":true,"href":"https:\/\/www.dura-alloy.com\/pt\/wp-json\/wp\/v2\/product_brand?post=687"},{"taxonomy":"product_cat","embeddable":true,"href":"https:\/\/www.dura-alloy.com\/pt\/wp-json\/wp\/v2\/product_cat?post=687"},{"taxonomy":"product_tag","embeddable":true,"href":"https:\/\/www.dura-alloy.com\/pt\/wp-json\/wp\/v2\/product_tag?post=687"}],"curies":[{"name":"wp","href":"https:\/\/api.w.org\/{rel}","templated":true}]}}