{"id":669,"date":"2025-06-17T05:17:42","date_gmt":"2025-06-17T05:17:42","guid":{"rendered":"https:\/\/dura-alloy.com\/?post_type=product&#038;p=669"},"modified":"2025-06-17T05:17:43","modified_gmt":"2025-06-17T05:17:43","slug":"gr9","status":"publish","type":"product","link":"https:\/\/www.dura-alloy.com\/pt\/produto\/gr9\/","title":{"rendered":"Gr9"},"content":{"rendered":"<p style=\"text-align: center;\"><strong><span>\u00c2mbito de fornecimento para o Aviation Group<\/span><\/strong><\/p>\n<p style=\"text-align: center;\"><strong><span>Forjados, var\u00f5es redondos, chapas de a\u00e7o, an\u00e9is, tubos sem costura, chapas de a\u00e7o\/cintas de a\u00e7o, capilares, materiais de soldadura de arame, bem-vindo ao inqu\u00e9rito!<\/span><\/strong><\/p>\n<p><span>Titanium forgings. Custom<\/span><br \/>\n<span>titanium rods according to the drawings. \u03a6(8-400) \u00d7L\u22645000mm (rolled rods, forged rods)<\/span><br \/>\n<span>titanium plate\/belt (0.3-60.0) \u00d7 (400-1000) \u00d7 (1000-3500) mm (cold rolled plate, hot rolled plate)<\/span><br \/>\n<span>titanium tube \u03a6(3-210) \u00d7 (0.2-10.0) \u00d7L (rolled pipes, extruded pipes)<\/span><br \/>\n<span>titanium ring Outer diameter \u03c6(100-1200) \u00d7 inner diameter \u03a6(100-1000) \u00d7 height (20-800) mm<\/span><br \/>\n<span>titanium round cake \u03a6(150-1200) \u00d7 (20-800) mm<\/span><br \/>\n<span>titanium wire \u03a6(0.1-7.0) \u00d7L<\/span><\/p>\n<p><strong><span>1.\u00a0<\/span><\/strong><strong><span>Introduction to Gr9 materials<\/span><\/strong><\/p>\n<p><span>\u00a0 \u00a0 \u00a0 \u00a0Gr9 titanium alloy is a low alloying near-alpha titanium alloy. It has a nominal component of Ti-3Al-2.5V. It is developed as a cold-processable pipe application. It has good cold forming and welding properties. It has room temperature strength of 20% to 50% higher than that of industrial pure titanium and has good corrosion resistance in many media.\u00a0<\/span><strong><span>Gr9<\/span><\/strong><span>\u00a0welding and cold forming properties are better than TC4 alloys.<\/span><\/p>\n<p><span>\u00a0 \u00a0 \u00a0 \u00a0Gr9 titanium alloy seamless pipe is suitable for aircraft and engine hydraulic and fuel pipeline systems, and has been used in various military and civilian aircraft and aerospace applications. Therefore, TA18 titanium alloy has become the most suitable material for making high-pressure lightweight conduits on aircraft with its excellent comprehensive performance, and has become the most suitable material for making high-pressure lightweight conduits on aircraft.<\/span><\/p>\n<p><strong><span>2.\u00a0<\/span><\/strong><strong><span>Technical standards of Gr9 materials<\/span><\/strong><\/p>\n<p><span>GB\/T3620.1-2016 Titanium and Titanium Alloy Grades and Chemical Compositions<\/span><\/p>\n<p><span>GB\/T 3621-2007 ASTM\/B265 Titanium and Titanium Alloy Sheet<\/span><\/p>\n<p><span>GB\/T2965 -2007 ASTM\/B348 Titanium and Titanium Alloy Rod Material<\/span><\/p>\n<p><span>GB\/T 3624-2010 ASTM337 Titanium and Titanium Alloy Seamless Tube<\/span><\/p>\n<p><span>GB\/T16598-2013 Titanium and titanium alloy tubes for ASTM381 heat exchanger and condenser<\/span><\/p>\n<p><span>GB\/T13810-1997 Titanium and titanium alloy processing materials for AMST\/F136 surgical implants<\/span><\/p>\n<p><span>GB\/T3623-2007 AMST\/B863 titanium and titanium alloy wire<\/span><\/p>\n<p><span>AMST\/B265 ASTM\/B265 Titanium and Titanium Alloy Band\u00b7Foil<\/span><\/p>\n<p><strong><span>III.\u00a0<\/span><\/strong><strong><span>Chemical composition of Gr9<\/span><\/strong><\/p>\n<table border=\"-\" width=\"1120\">\n<tbody>\n<tr>\n<td rowspan=\"2\" width=\"78\"><span>N\u00famero da marca<\/span><\/td>\n<td colspan=\"2\" width=\"117\">&nbsp;<\/td>\n<td colspan=\"10\" width=\"441\"><span>Chemical composition (weight percentage)<\/span><\/td>\n<\/tr>\n<tr>\n<td colspan=\"2\" width=\"117\">&nbsp;<\/td>\n<td colspan=\"10\" width=\"441\">Chemicai composition(WT%)<\/td>\n<\/tr>\n<tr>\n<td rowspan=\"3\" width=\"78\">Gr9<\/td>\n<td rowspan=\"2\" width=\"78\"><span>Ingredientes qu\u00edmicos<\/span><\/td>\n<td colspan=\"2\" width=\"48\"><span>tit\u00e2nio<\/span><\/td>\n<td width=\"49\"><span>ferro<\/span><\/td>\n<td width=\"49\"><span>carbono<\/span><\/td>\n<td width=\"49\"><span>azoto<\/span><\/td>\n<td width=\"49\"><span>hydrogen<\/span><\/td>\n<td width=\"49\"><span>oxygen<\/span><\/td>\n<td width=\"49\"><span>alum\u00ednio<\/span><\/td>\n<td width=\"49\"><span>van\u00e1dio<\/span><\/td>\n<td colspan=\"2\" width=\"89\"><span>Other impurities<\/span><\/td>\n<\/tr>\n<tr>\n<td colspan=\"2\" width=\"48\"><span>(Of)<\/span><\/td>\n<td width=\"49\">(Fe)<\/td>\n<td width=\"49\">(C)<\/td>\n<td width=\"49\">(N)<\/td>\n<td width=\"49\">(H)<\/td>\n<td width=\"49\">(O)<\/td>\n<td width=\"49\">(Al)<\/td>\n<td width=\"49\">(V)<\/td>\n<td width=\"45\"><span>single<\/span><\/td>\n<td width=\"45\"><span>sum<\/span><\/td>\n<\/tr>\n<tr>\n<td width=\"78\"><span>Industrial pure titanium<\/span><\/td>\n<td colspan=\"2\" width=\"48\"><span>margem<\/span><\/td>\n<td width=\"49\">\u22640.25<\/td>\n<td width=\"49\">\u22640.08<\/td>\n<td width=\"49\">\u22640.05<\/td>\n<td width=\"49\">\u22640.015<\/td>\n<td width=\"49\">\u22640.12<\/td>\n<td width=\"49\">2.0\uff5e3.5<\/td>\n<td width=\"49\">1.5\uff5e3.0<\/td>\n<td width=\"45\">\u22640.1<\/td>\n<td width=\"45\">\u22640.4<\/td>\n<\/tr>\n<\/tbody>\n<\/table>\n<p><strong><span>IV. Gr9\u00a0<\/span><\/strong><strong><span>propriedades f\u00edsicas<\/span><\/strong><\/p>\n<p><span>Density: 4.47g\/cm\u00b3<\/span><\/p>\n<p><span>Room temperature elastic modulus 118~123GPa,<\/span><\/p>\n<p><span>Phase change point: 925\u2103,<\/span><\/p>\n<p><span>Hardness 15~17HRC.<\/span><\/p>\n<p><span>Gr9 titanium alloy performance specified in technical standards<\/span><\/p>\n<table border=\"-\" width=\"1120\">\n<tbody>\n<tr>\n<td rowspan=\"4\" scope=\"row\"><span>Technical standards<\/span><\/td>\n<td rowspan=\"4\" scope=\"row\"><span>variedade<\/span><\/td>\n<td rowspan=\"4\" scope=\"row\"><span>Estado<\/span><\/td>\n<td rowspan=\"4\" scope=\"row\"><span>Specifications\/mm<\/span><\/td>\n<td rowspan=\"4\" scope=\"row\"><span>Sampling direction<\/span><\/td>\n<td colspan=\"7\" scope=\"row\"><span>Room temperature performance<\/span><\/td>\n<td colspan=\"4\" scope=\"row\"><span>High temperature performance<\/span><\/td>\n<\/tr>\n<tr>\n<td rowspan=\"2\" scope=\"row\">Rm\/<\/p>\n<p>MPa<\/td>\n<td colspan=\"2\" rowspan=\"2\" scope=\"row\">Rp0.2\/<\/p>\n<p><span>MPa<\/span><\/td>\n<td colspan=\"2\" rowspan=\"2\" scope=\"row\">A\/%<\/td>\n<td colspan=\"2\" rowspan=\"2\" scope=\"row\"><span>\u03b1 \/ (\u00ba)<\/span><\/td>\n<td colspan=\"2\" scope=\"row\">350\u2103<\/td>\n<td colspan=\"2\" scope=\"row\">400\u2103<\/td>\n<\/tr>\n<tr>\n<td scope=\"row\"><span>Rm\/<\/span><\/p>\n<p><span>MPa<\/span><\/td>\n<td scope=\"row\"><span>S100h\/<\/span><\/p>\n<p><span>MPa<\/span><\/td>\n<td scope=\"row\"><span>Rm\/<\/span><\/p>\n<p><span>MPa<\/span><\/td>\n<td scope=\"row\"><span>S100h\/<\/span><\/p>\n<p><span>MPa<\/span><\/td>\n<\/tr>\n<tr>\n<td colspan=\"11\" scope=\"row\"><span>N\u00e3o inferior a<\/span><\/td>\n<\/tr>\n<tr>\n<td scope=\"row\">GB\/T3621-2007<\/td>\n<td scope=\"row\"><span>Prato<\/span><\/td>\n<td scope=\"row\">M<\/td>\n<td scope=\"row\">0.5~1.0<\/p>\n<p>\uff1e1.0~2.0<\/p>\n<p>\uff1e2.0~4.0<\/p>\n<p>\uff1e4.0~5.0<\/p>\n<p>\uff1e5.0~10.0<\/td>\n<td scope=\"row\">LT<\/td>\n<td scope=\"row\">590~735<\/td>\n<td scope=\"row\">&#8211;<\/td>\n<td colspan=\"2\" scope=\"row\">25<\/p>\n<p><span>25<\/span><\/p>\n<p>20<\/p>\n<p>15<\/p>\n<p><span>15<\/span><\/td>\n<td colspan=\"2\" scope=\"row\">100<\/p>\n<p>70<\/p>\n<p>60<\/p>\n<p><span>60<\/span><\/td>\n<td colspan=\"2\" scope=\"row\">340<\/td>\n<td scope=\"row\">320<\/td>\n<td scope=\"row\">310<\/td>\n<td scope=\"row\">280<\/td>\n<\/tr>\n<tr>\n<td scope=\"row\"><span>GJB 3423a-2008<\/span><\/td>\n<td scope=\"row\"><span>Pipe<\/span><\/td>\n<td scope=\"row\"><span>M<\/span><\/td>\n<td scope=\"row\"><span>Outer diameter: &gt;8~52<\/span><\/td>\n<td scope=\"row\"><span>LT<\/span><\/td>\n<td scope=\"row\">620<\/td>\n<td scope=\"row\">515<\/td>\n<td colspan=\"2\" scope=\"row\"><span>15<\/span><\/td>\n<td colspan=\"2\" scope=\"row\"><span>&#8211;<\/span><\/td>\n<td colspan=\"2\" scope=\"row\"><span>&#8211;<\/span><\/td>\n<td scope=\"row\"><span>&#8211;<\/span><\/td>\n<td scope=\"row\"><span>&#8211;<\/span><\/td>\n<td scope=\"row\"><span>&#8211;<\/span><\/td>\n<\/tr>\n<tr>\n<td scope=\"row\">GB\/T26058-2010<\/td>\n<td scope=\"row\"><span>Pipe<\/span><\/td>\n<td scope=\"row\">R<\/td>\n<td scope=\"row\">25~210<\/td>\n<td scope=\"row\"><span>LT<\/span><\/td>\n<td scope=\"row\"><span>Actual test<\/span><\/td>\n<td scope=\"row\"><span>Actual test<\/span><\/td>\n<td colspan=\"2\" scope=\"row\"><span>Actual test<\/span><\/td>\n<td colspan=\"2\" scope=\"row\"><span>&#8211;<\/span><\/td>\n<td colspan=\"2\" scope=\"row\"><span>&#8211;<\/span><\/td>\n<td scope=\"row\"><span>&#8211;<\/span><\/td>\n<td scope=\"row\"><span>&#8211;<\/span><\/td>\n<td scope=\"row\"><span>&#8211;<\/span><\/td>\n<\/tr>\n<\/tbody>\n<\/table>\n<p><strong>\u00a0<\/strong><strong><span>V. Gr9\u00a0<\/span><\/strong><strong><span>campos de aplica\u00e7\u00e3o<\/span><\/strong><\/p>\n<ol>\n<li><span>Gr9 titanium alloy seamless pipe is suitable for aircraft and engine hydraulic and fuel pipeline systems, and has been used in various military and civilian aircraft and aerospace applications.<\/span><\/li>\n<li><span>Gr9 titanium alloy has become the ideal material for making high-pressure lightweight conduits on aircraft with its excellent comprehensive performance. Become the ideal material for making high-pressure lightweight conduits on aircraft.<\/span><\/li>\n<\/ol>","protected":false},"excerpt":{"rendered":"<p>Scope of supply for Aviation Group Forgings, round rods, steel plates, rings, seamless pipes, steel plates\/steel belts, capillaries, wire welding [&hellip;]<\/p>","protected":false},"featured_media":670,"template":"","meta":{"site-sidebar-layout":"default","site-content-layout":"","ast-site-content-layout":"default","site-content-style":"default","site-sidebar-style":"default","ast-global-header-display":"","ast-banner-title-visibility":"","ast-main-header-display":"","ast-hfb-above-header-display":"","ast-hfb-below-header-display":"","ast-hfb-mobile-header-display":"","site-post-title":"","ast-breadcrumbs-content":"","ast-featured-img":"","footer-sml-layout":"","theme-transparent-header-meta":"default","adv-header-id-meta":"","stick-header-meta":"","header-above-stick-meta":"","header-main-stick-meta":"","header-below-stick-meta":"","astra-migrate-meta-layouts":"set","ast-page-background-enabled":"default","ast-page-background-meta":{"desktop":{"background-color":"var(--ast-global-color-5)","background-image":"","background-repeat":"repeat","background-position":"center center","background-size":"auto","background-attachment":"scroll","background-type":"","background-media":"","overlay-type":"","overlay-color":"","overlay-opacity":"","overlay-gradient":""},"tablet":{"background-color":"","background-image":"","background-repeat":"repeat","background-position":"center center","background-size":"auto","background-attachment":"scroll","background-type":"","background-media":"","overlay-type":"","overlay-color":"","overlay-opacity":"","overlay-gradient":""},"mobile":{"background-color":"","background-image":"","background-repeat":"repeat","background-position":"center center","background-size":"auto","background-attachment":"scroll","background-type":"","background-media":"","overlay-type":"","overlay-color":"","overlay-opacity":"","overlay-gradient":""}},"ast-content-background-meta":{"desktop":{"background-color":"var(--ast-global-color-4)","background-image":"","background-repeat":"repeat","background-position":"center center","background-size":"auto","background-attachment":"scroll","background-type":"","background-media":"","overlay-type":"","overlay-color":"","overlay-opacity":"","overlay-gradient":""},"tablet":{"background-color":"var(--ast-global-color-4)","background-image":"","background-repeat":"repeat","background-position":"center center","background-size":"auto","background-attachment":"scroll","background-type":"","background-media":"","overlay-type":"","overlay-color":"","overlay-opacity":"","overlay-gradient":""},"mobile":{"background-color":"var(--ast-global-color-4)","background-image":"","background-repeat":"repeat","background-position":"center center","background-size":"auto","background-attachment":"scroll","background-type":"","background-media":"","overlay-type":"","overlay-color":"","overlay-opacity":"","overlay-gradient":""}}},"product_brand":[],"product_cat":[36],"product_tag":[],"class_list":{"0":"post-669","1":"product","2":"type-product","3":"status-publish","4":"has-post-thumbnail","6":"product_cat-titanium-alloy","7":"desktop-align-left","8":"tablet-align-left","9":"mobile-align-left","11":"first","12":"instock","13":"shipping-taxable","14":"product-type-simple"},"_links":{"self":[{"href":"https:\/\/www.dura-alloy.com\/pt\/wp-json\/wp\/v2\/product\/669","targetHints":{"allow":["GET"]}}],"collection":[{"href":"https:\/\/www.dura-alloy.com\/pt\/wp-json\/wp\/v2\/product"}],"about":[{"href":"https:\/\/www.dura-alloy.com\/pt\/wp-json\/wp\/v2\/types\/product"}],"version-history":[{"count":0,"href":"https:\/\/www.dura-alloy.com\/pt\/wp-json\/wp\/v2\/product\/669\/revisions"}],"wp:featuredmedia":[{"embeddable":true,"href":"https:\/\/www.dura-alloy.com\/pt\/wp-json\/wp\/v2\/media\/670"}],"wp:attachment":[{"href":"https:\/\/www.dura-alloy.com\/pt\/wp-json\/wp\/v2\/media?parent=669"}],"wp:term":[{"taxonomy":"product_brand","embeddable":true,"href":"https:\/\/www.dura-alloy.com\/pt\/wp-json\/wp\/v2\/product_brand?post=669"},{"taxonomy":"product_cat","embeddable":true,"href":"https:\/\/www.dura-alloy.com\/pt\/wp-json\/wp\/v2\/product_cat?post=669"},{"taxonomy":"product_tag","embeddable":true,"href":"https:\/\/www.dura-alloy.com\/pt\/wp-json\/wp\/v2\/product_tag?post=669"}],"curies":[{"name":"wp","href":"https:\/\/api.w.org\/{rel}","templated":true}]}}