{"id":652,"date":"2025-06-17T04:48:57","date_gmt":"2025-06-17T04:48:57","guid":{"rendered":"https:\/\/dura-alloy.com\/?post_type=product&#038;p=652"},"modified":"2025-06-17T04:48:57","modified_gmt":"2025-06-17T04:48:57","slug":"inconel718","status":"publish","type":"product","link":"https:\/\/www.dura-alloy.com\/pt\/produto\/inconel718\/","title":{"rendered":"Inconel718"},"content":{"rendered":"<p style=\"text-align: center;\"><strong><span>\u00c2mbito de fornecimento para o Aviation Group<\/span><\/strong><\/p>\n<p style=\"text-align: center;\"><strong><span>Forjados, var\u00f5es redondos, chapas de a\u00e7o, an\u00e9is, tubos sem costura, chapas de a\u00e7o\/cintas de a\u00e7o, capilares, materiais de soldadura de arame, bem-vindo ao inqu\u00e9rito!<\/span><\/strong><\/p>\n<p><strong><span>1. Introdu\u00e7\u00e3o do material Inconel718<\/span><\/strong><\/p>\n<p><span>\u00a0 \u00a0 \u00a0 A liga Inconel718 \u00e9 uma liga de n\u00edquel-ferrocromo endurecida por precipita\u00e7\u00e3o que cont\u00e9m ni\u00f3bio e molibd\u00e9nio. Tem uma elevada resist\u00eancia, boa tenacidade e resist\u00eancia \u00e0 corros\u00e3o a baixas temperaturas inferiores a 650\u00b0C. O estado pode ser um tratamento de solu\u00e7\u00e3o s\u00f3lida ou um estado endurecido por precipita\u00e7\u00e3o.<\/span><\/p>\n<p><strong><span>2. Composi\u00e7\u00e3o qu\u00edmica do Inconel718<\/span><\/strong><\/p>\n<table border=\"-\" width=\"1120\">\n<tbody>\n<tr>\n<td width=\"73\"><span>liga<\/span><\/td>\n<td width=\"44\">%<\/td>\n<td width=\"39\"><span>Em<\/span><\/td>\n<td width=\"38\">Cr<\/td>\n<td width=\"39\">Fe<\/td>\n<td width=\"41\">C<\/td>\n<td width=\"41\">Mn<\/td>\n<td width=\"41\"><span>E<\/span><\/td>\n<td width=\"41\">Mo<\/td>\n<td width=\"41\">Cu<\/td>\n<td width=\"41\">Co<\/td>\n<td width=\"41\">Al<\/td>\n<td width=\"41\"><span>De<\/span><\/td>\n<td width=\"41\">Nb<\/td>\n<td width=\"48\">B<\/td>\n<td width=\"41\">P<\/td>\n<td width=\"41\">S<\/td>\n<\/tr>\n<tr>\n<td rowspan=\"2\" width=\"73\"><span>Inconel718<\/span><\/td>\n<td width=\"44\"><span>Valor m\u00ednimo<\/span><\/td>\n<td width=\"39\">50<\/td>\n<td width=\"38\">17<\/td>\n<td rowspan=\"2\" width=\"39\"><span>margem<\/span><\/td>\n<td width=\"41\">&#8211;<\/td>\n<td width=\"41\"><span>&#8211;<\/span><\/td>\n<td width=\"41\"><span>&#8211;<\/span><\/td>\n<td width=\"41\">2.8<\/td>\n<td width=\"41\"><span>&#8211;<\/span><\/td>\n<td width=\"41\"><span>&#8211;<\/span><\/td>\n<td width=\"41\">0.2<\/td>\n<td width=\"41\">0.65<\/td>\n<td width=\"41\">4.75<\/td>\n<td width=\"48\"><span>&#8211;<\/span><\/td>\n<td width=\"41\"><span>&#8211;<\/span><\/td>\n<td width=\"41\"><span>&#8211;<\/span><\/td>\n<\/tr>\n<tr>\n<td width=\"44\"><span>Valor m\u00e1ximo<\/span><\/td>\n<td width=\"39\">55<\/td>\n<td width=\"38\">21<\/td>\n<td width=\"41\">0.08<\/td>\n<td width=\"41\">0.35<\/td>\n<td width=\"41\"><span>0.35<\/span><\/td>\n<td width=\"41\">3.3<\/td>\n<td width=\"41\">0.3<\/td>\n<td width=\"41\">1.0<\/td>\n<td width=\"41\">0.8<\/td>\n<td width=\"41\">1.15<\/td>\n<td width=\"41\">5.50<\/td>\n<td width=\"48\">0.006<\/td>\n<td width=\"41\">0.010<\/td>\n<td width=\"41\"><span>0.010<\/span><\/td>\n<\/tr>\n<\/tbody>\n<\/table>\n<p><strong><span>3. Propriedades f\u00edsicas do Inconel718<\/span><\/strong><\/p>\n<table border=\"-\">\n<tbody>\n<tr>\n<td width=\"94\"><span>densidade<\/span><\/td>\n<td width=\"114\"><span>8,24 G \/ CM3<\/span><\/td>\n<td colspan=\"3\" width=\"344\">&nbsp;<\/td>\n<\/tr>\n<tr>\n<td width=\"94\"><span>Ponto de fus\u00e3o<\/span><\/td>\n<td width=\"114\">1260-1320 \u2103<\/td>\n<td colspan=\"3\" width=\"344\">&nbsp;<\/td>\n<\/tr>\n<tr>\n<td width=\"94\"><span>Estado da liga<\/span><\/td>\n<td width=\"114\"><span>resist\u00eancia \u00e0 tra\u00e7\u00e3o<\/span><\/p>\n<p>Rm N\/mm\u00b2<\/td>\n<td width=\"113\"><span>Rendimento do rendimento<\/span><\/p>\n<p>Rp0,2 N\/mm\u00b2<\/td>\n<td width=\"87\"><span>Alongamento<\/span><\/p>\n<p><span>A5 %<\/span><\/td>\n<td width=\"144\"><span>Dureza Brinell<\/span><\/p>\n<p>HB<\/td>\n<\/tr>\n<tr>\n<td width=\"94\"><span>Tratamento de solu\u00e7\u00f5es s\u00f3lidas<\/span><\/td>\n<td width=\"114\">965<\/td>\n<td width=\"113\">550<\/td>\n<td width=\"87\">30<\/td>\n<td width=\"144\">\u2264363<\/td>\n<\/tr>\n<\/tbody>\n<\/table>\n<p><strong><span>IV. Carater\u00edsticas do material Inconel718<\/span><\/strong><\/p>\n<ul>\n<li><span>Facilmente process\u00e1vel<\/span><\/li>\n<li><span>Possui elevada resist\u00eancia \u00e0 tra\u00e7\u00e3o, resist\u00eancia \u00e0 fadiga, resist\u00eancia \u00e0 flu\u00eancia e resist\u00eancia \u00e0 fratura a 700\u00b0C<\/span><\/li>\n<li><span>Elevada resist\u00eancia \u00e0 oxida\u00e7\u00e3o a 1000\u00b0C<\/span><\/li>\n<li><span>Propriedades qu\u00edmicas est\u00e1veis a baixas temperaturas<\/span><\/li>\n<li><span>Bom desempenho de soldadura<\/span><\/li>\n<\/ul>\n<p><strong><span>5. Estrutura metalogr\u00e1fica do Inconel718<\/span><\/strong><\/p>\n<p><span>A liga GH4169 tem uma estrutura de austenite, e a fase \u03b3 gerada ap\u00f3s a precipita\u00e7\u00e3o e o endurecimento confere-lhe excelentes propriedades mec\u00e2nicas. A fase \u03b4 gerada no limite do gr\u00e3o durante o tratamento t\u00e9rmico confere-lhe a melhor plasticidade.<\/span><\/p>\n<p><strong><span>6. Resist\u00eancia \u00e0 corros\u00e3o do Inconel718<\/span><\/strong><\/p>\n<p><span>A liga Inconel718 tem uma excelente resist\u00eancia \u00e0 fissura\u00e7\u00e3o por corros\u00e3o sob tens\u00e3o e \u00e0 corros\u00e3o por picadas, independentemente do ambiente de alta ou baixa temperatura. A liga Inconel718 tem uma excelente resist\u00eancia \u00e0 oxida\u00e7\u00e3o a altas temperaturas<\/span><\/p>\n<p><strong><span>7. Dom\u00ednios de aplica\u00e7\u00e3o<\/span><\/strong><\/p>\n<p><span>Devido \u00e0 sua resist\u00eancia a altas temperaturas, excelente resist\u00eancia \u00e0 corros\u00e3o e f\u00e1cil processamento a 700\u00b0C, pode ser amplamente utilizado em v\u00e1rias ocasi\u00f5es de elevada procura.<\/span><\/p>\n<ul>\n<li><span>Turbina a vapor<\/span><\/li>\n<li><span>Foguet\u00e3o de combust\u00edvel l\u00edquido<\/span><\/li>\n<li><span>Engenharia de baixa temperatura<\/span><\/li>\n<li><span>Ambiente \u00e1cido<\/span><\/li>\n<li><span>Engenharia nuclear<\/span><\/li>\n<\/ul>","protected":false},"excerpt":{"rendered":"<p>Scope of supply for Aviation Group Forgings, round rods, steel plates, rings, seamless pipes, steel plates\/steel belts, capillaries, wire welding [&hellip;]<\/p>","protected":false},"featured_media":653,"template":"","meta":{"site-sidebar-layout":"default","site-content-layout":"","ast-site-content-layout":"default","site-content-style":"default","site-sidebar-style":"default","ast-global-header-display":"","ast-banner-title-visibility":"","ast-main-header-display":"","ast-hfb-above-header-display":"","ast-hfb-below-header-display":"","ast-hfb-mobile-header-display":"","site-post-title":"","ast-breadcrumbs-content":"","ast-featured-img":"","footer-sml-layout":"","theme-transparent-header-meta":"default","adv-header-id-meta":"","stick-header-meta":"","header-above-stick-meta":"","header-main-stick-meta":"","header-below-stick-meta":"","astra-migrate-meta-layouts":"set","ast-page-background-enabled":"default","ast-page-background-meta":{"desktop":{"background-color":"var(--ast-global-color-5)","background-image":"","background-repeat":"repeat","background-position":"center center","background-size":"auto","background-attachment":"scroll","background-type":"","background-media":"","overlay-type":"","overlay-color":"","overlay-opacity":"","overlay-gradient":""},"tablet":{"background-color":"","background-image":"","background-repeat":"repeat","background-position":"center center","background-size":"auto","background-attachment":"scroll","background-type":"","background-media":"","overlay-type":"","overlay-color":"","overlay-opacity":"","overlay-gradient":""},"mobile":{"background-color":"","background-image":"","background-repeat":"repeat","background-position":"center center","background-size":"auto","background-attachment":"scroll","background-type":"","background-media":"","overlay-type":"","overlay-color":"","overlay-opacity":"","overlay-gradient":""}},"ast-content-background-meta":{"desktop":{"background-color":"var(--ast-global-color-4)","background-image":"","background-repeat":"repeat","background-position":"center center","background-size":"auto","background-attachment":"scroll","background-type":"","background-media":"","overlay-type":"","overlay-color":"","overlay-opacity":"","overlay-gradient":""},"tablet":{"background-color":"var(--ast-global-color-4)","background-image":"","background-repeat":"repeat","background-position":"center center","background-size":"auto","background-attachment":"scroll","background-type":"","background-media":"","overlay-type":"","overlay-color":"","overlay-opacity":"","overlay-gradient":""},"mobile":{"background-color":"var(--ast-global-color-4)","background-image":"","background-repeat":"repeat","background-position":"center center","background-size":"auto","background-attachment":"scroll","background-type":"","background-media":"","overlay-type":"","overlay-color":"","overlay-opacity":"","overlay-gradient":""}}},"product_brand":[],"product_cat":[35],"product_tag":[],"class_list":{"0":"post-652","1":"product","2":"type-product","3":"status-publish","4":"has-post-thumbnail","6":"product_cat-waspaloy","7":"desktop-align-left","8":"tablet-align-left","9":"mobile-align-left","11":"first","12":"instock","13":"shipping-taxable","14":"product-type-simple"},"_links":{"self":[{"href":"https:\/\/www.dura-alloy.com\/pt\/wp-json\/wp\/v2\/product\/652","targetHints":{"allow":["GET"]}}],"collection":[{"href":"https:\/\/www.dura-alloy.com\/pt\/wp-json\/wp\/v2\/product"}],"about":[{"href":"https:\/\/www.dura-alloy.com\/pt\/wp-json\/wp\/v2\/types\/product"}],"version-history":[{"count":0,"href":"https:\/\/www.dura-alloy.com\/pt\/wp-json\/wp\/v2\/product\/652\/revisions"}],"wp:featuredmedia":[{"embeddable":true,"href":"https:\/\/www.dura-alloy.com\/pt\/wp-json\/wp\/v2\/media\/653"}],"wp:attachment":[{"href":"https:\/\/www.dura-alloy.com\/pt\/wp-json\/wp\/v2\/media?parent=652"}],"wp:term":[{"taxonomy":"product_brand","embeddable":true,"href":"https:\/\/www.dura-alloy.com\/pt\/wp-json\/wp\/v2\/product_brand?post=652"},{"taxonomy":"product_cat","embeddable":true,"href":"https:\/\/www.dura-alloy.com\/pt\/wp-json\/wp\/v2\/product_cat?post=652"},{"taxonomy":"product_tag","embeddable":true,"href":"https:\/\/www.dura-alloy.com\/pt\/wp-json\/wp\/v2\/product_tag?post=652"}],"curies":[{"name":"wp","href":"https:\/\/api.w.org\/{rel}","templated":true}]}}