{"id":644,"date":"2025-06-17T04:39:20","date_gmt":"2025-06-17T04:39:20","guid":{"rendered":"https:\/\/dura-alloy.com\/?post_type=product&#038;p=644"},"modified":"2025-06-17T04:39:20","modified_gmt":"2025-06-17T04:39:20","slug":"inconel-x-750","status":"publish","type":"product","link":"https:\/\/www.dura-alloy.com\/pt\/produto\/inconel-x-750\/","title":{"rendered":"Inconel X-750"},"content":{"rendered":"<p style=\"text-align: center;\"><strong><span>\u00c2mbito de fornecimento para o Aviation Group<\/span><\/strong><\/p>\n<p style=\"text-align: center;\"><strong><span>Forjados, var\u00f5es redondos, chapas de a\u00e7o, an\u00e9is, tubos sem costura, chapas de a\u00e7o\/cintas de a\u00e7o, capilares, materiais de soldadura de arame, bem-vindo ao inqu\u00e9rito!<\/span><\/strong><\/p>\n<p>&nbsp;<\/p>\n<p><strong><span>1. Introdu\u00e7\u00e3o aos materiais Inconel X-750<\/span><\/strong><\/p>\n<p><span>\u00a0 \u00a0 \u00a0 A liga Inconel X-750 \u00e9 principalmente uma liga de alta temperatura \u00e0 base de n\u00edquel com refor\u00e7o de envelhecimento da fase \u03b3\"[Ni3(Al, Ti, Nb)]. Tem boa resist\u00eancia \u00e0 corros\u00e3o e resist\u00eancia \u00e0 oxida\u00e7\u00e3o abaixo de 980\u00b0C, alta resist\u00eancia abaixo de 800\u00b0C, boa resist\u00eancia ao relaxamento abaixo de 540\u00b0C, e boas propriedades de conforma\u00e7\u00e3o e soldadura. Esta liga \u00e9 principalmente utilizada para fabricar molas planas e molas helicoidais que trabalham abaixo de 800\u00b0C e requerem alta resist\u00eancia. Tamb\u00e9m pode ser utilizada no fabrico de pe\u00e7as como as l\u00e2minas de turbinas. Os produtos dispon\u00edveis s\u00e3o chapas, tiras, barras, pe\u00e7as forjadas, an\u00e9is, fios e tubos.<\/span><\/p>\n<p><strong><span>2. Composi\u00e7\u00e3o qu\u00edmica do Inconel X-750<\/span><\/strong><\/p>\n<table border=\"-\">\n<tbody>\n<tr>\n<td width=\"54\"><span>liga<\/span><\/td>\n<td width=\"50\">%<\/td>\n<td width=\"42\">C<\/td>\n<td width=\"50\">Cr<\/td>\n<td width=\"50\"><span>Ni+quilo<\/span><\/td>\n<td width=\"41\">Al<\/td>\n<td width=\"41\"><span>De<\/span><\/td>\n<td width=\"41\">Fe<\/td>\n<td width=\"47\">Nb+Ta<\/td>\n<td width=\"34\">Cu<\/td>\n<td width=\"33\">Co<\/td>\n<td width=\"41\">Mn<\/td>\n<td width=\"34\"><span>E<\/span><\/td>\n<td width=\"40\">S<\/td>\n<td width=\"46\">P<\/td>\n<\/tr>\n<tr>\n<td rowspan=\"2\" width=\"54\"><span>Inconel X-750<\/span><\/td>\n<td width=\"50\"><span>Valor m\u00ednimo<\/span><\/td>\n<td width=\"42\">&#8211;<\/td>\n<td width=\"50\">14.0<\/td>\n<td width=\"50\">70.0<\/td>\n<td width=\"41\">0.4<\/td>\n<td width=\"41\">2.25<\/td>\n<td width=\"41\">5.0<\/td>\n<td width=\"47\">0.7<\/td>\n<td width=\"34\">&#8211;<\/td>\n<td width=\"33\"><span>&#8211;<\/span><\/td>\n<td width=\"41\"><span>&#8211;<\/span><\/td>\n<td width=\"34\"><span>&#8211;<\/span><\/td>\n<td width=\"40\"><span>&#8211;<\/span><\/td>\n<td width=\"46\"><span>&#8211;<\/span><\/td>\n<\/tr>\n<tr>\n<td width=\"50\"><span>Valor m\u00e1ximo<\/span><\/td>\n<td width=\"42\">0.08<\/td>\n<td width=\"50\">17.0<\/td>\n<td width=\"50\"><span>margem<\/span><\/td>\n<td width=\"41\">1.0<\/td>\n<td width=\"41\">2.75<\/td>\n<td width=\"41\">9.0<\/td>\n<td width=\"47\">1.2<\/td>\n<td width=\"34\">0.5<\/td>\n<td width=\"33\">1.0<\/td>\n<td width=\"41\"><span>1.0<\/span><\/td>\n<td width=\"34\">0.50<\/td>\n<td width=\"40\">0.010<\/td>\n<td width=\"46\">0.015<\/td>\n<\/tr>\n<\/tbody>\n<\/table>\n<p><span>Nota: Mn e Si na tabela s\u00e3o os conte\u00fados de barras, forjados, an\u00e9is e fios, e as folhas, tiras e tubos s\u00e3o: Mn\u22640.35%, Si\u22640.35%.<\/span><\/p>\n<p><strong><span>3. Desempenho f\u00edsico do Inconel X-750<\/span><\/strong><\/p>\n<table border=\"-\">\n<tbody>\n<tr>\n<td width=\"94\"><span>densidade<\/span><\/td>\n<td width=\"114\"><span>8,28 G \/ cm3<\/span><\/td>\n<td colspan=\"3\" width=\"344\">&nbsp;<\/td>\n<\/tr>\n<tr>\n<td width=\"94\"><span>Ponto de fus\u00e3o<\/span><\/td>\n<td width=\"114\">1393-1427 \u2103<\/td>\n<td colspan=\"3\" width=\"344\">&nbsp;<\/td>\n<\/tr>\n<tr>\n<td width=\"94\"><span>Estado da liga<\/span><\/td>\n<td width=\"114\"><span>resist\u00eancia \u00e0 tra\u00e7\u00e3o<\/span><\/p>\n<p>Rm N\/mm\u00b2<\/td>\n<td width=\"113\"><span>Rendimento do rendimento<\/span><\/p>\n<p>Rp0,2 N\/mm\u00b2<\/td>\n<td width=\"87\"><span>Alongamento<\/span><\/p>\n<p><span>A5 %<\/span><\/td>\n<td width=\"144\"><span>Dureza Brinell<\/span><\/p>\n<p>HB<\/td>\n<\/tr>\n<tr>\n<td width=\"94\"><span>Tratamento de solu\u00e7\u00f5es s\u00f3lidas<\/span><\/td>\n<td width=\"114\">1267<\/td>\n<td width=\"113\">868<\/td>\n<td width=\"87\">25<\/td>\n<td width=\"144\">\u2264400<\/td>\n<\/tr>\n<\/tbody>\n<\/table>\n<p><strong><span>4. Carater\u00edsticas do material Inconel X-750<\/span><\/strong><\/p>\n<p><span>\u00a0 \u00a0 \u00a0 Inconelx-750 tem boa resist\u00eancia \u00e0 corros\u00e3o e resist\u00eancia \u00e0 oxida\u00e7\u00e3o abaixo de 980 \u2103, alta resist\u00eancia abaixo de 800 \u2103, boa resist\u00eancia ao relaxamento abaixo de 540 \u2103 e boas propriedades de forma\u00e7\u00e3o e soldagem e excelentes propriedades mec\u00e2nicas em ambientes de baixa temperatura.<\/span><\/p>\n<p><strong><span>5. Campos de aplica\u00e7\u00e3o do Inconel X-750<\/span><\/strong><\/p>\n<p><span>\u00a0 \u00a0 \u00a0Esta liga tem boa resist\u00eancia \u00e0 corros\u00e3o e resist\u00eancia \u00e0 fratura por flu\u00eancia em ambientes de alta temperatura. Shanghai Aoming Industrial Co., Ltd. tem boas propriedades mec\u00e2nicas e \u00e9 amplamente utilizado. Tem for\u00e7a suficiente e resist\u00eancia \u00e0 corros\u00e3o abaixo de 980 \u2103.<\/span><\/p>\n<ul>\n<li><span>Fabrico de molas e parafusos que funcionam a altas temperaturas; l\u00e2minas de rotor, impulsores e outras pe\u00e7as estruturais em turbinas de g\u00e1s;<\/span><\/li>\n<li><span>C\u00e2mara de impulso num motor de foguet\u00e3o;<\/span><\/li>\n<li><span>dispositivo de invers\u00e3o do impulso na aeronave;<\/span><\/li>\n<li><span>Grande recipiente de alta press\u00e3o;<\/span><\/li>\n<li><span>Placa el\u00e1stica de veda\u00e7\u00e3o do g\u00e1s, placa el\u00e1stica de veda\u00e7\u00e3o da matriz, l\u00e2mina de aquecimento el\u00e9trico mec\u00e2nico de borracha.<\/span><\/li>\n<\/ul>","protected":false},"excerpt":{"rendered":"<p>Scope of supply for Aviation Group Forgings, round rods, steel plates, rings, seamless pipes, steel plates\/steel belts, capillaries, wire welding [&hellip;]<\/p>","protected":false},"featured_media":645,"template":"","meta":{"site-sidebar-layout":"default","site-content-layout":"","ast-site-content-layout":"default","site-content-style":"default","site-sidebar-style":"default","ast-global-header-display":"","ast-banner-title-visibility":"","ast-main-header-display":"","ast-hfb-above-header-display":"","ast-hfb-below-header-display":"","ast-hfb-mobile-header-display":"","site-post-title":"","ast-breadcrumbs-content":"","ast-featured-img":"","footer-sml-layout":"","theme-transparent-header-meta":"default","adv-header-id-meta":"","stick-header-meta":"","header-above-stick-meta":"","header-main-stick-meta":"","header-below-stick-meta":"","astra-migrate-meta-layouts":"set","ast-page-background-enabled":"default","ast-page-background-meta":{"desktop":{"background-color":"var(--ast-global-color-5)","background-image":"","background-repeat":"repeat","background-position":"center center","background-size":"auto","background-attachment":"scroll","background-type":"","background-media":"","overlay-type":"","overlay-color":"","overlay-opacity":"","overlay-gradient":""},"tablet":{"background-color":"","background-image":"","background-repeat":"repeat","background-position":"center center","background-size":"auto","background-attachment":"scroll","background-type":"","background-media":"","overlay-type":"","overlay-color":"","overlay-opacity":"","overlay-gradient":""},"mobile":{"background-color":"","background-image":"","background-repeat":"repeat","background-position":"center center","background-size":"auto","background-attachment":"scroll","background-type":"","background-media":"","overlay-type":"","overlay-color":"","overlay-opacity":"","overlay-gradient":""}},"ast-content-background-meta":{"desktop":{"background-color":"var(--ast-global-color-4)","background-image":"","background-repeat":"repeat","background-position":"center center","background-size":"auto","background-attachment":"scroll","background-type":"","background-media":"","overlay-type":"","overlay-color":"","overlay-opacity":"","overlay-gradient":""},"tablet":{"background-color":"var(--ast-global-color-4)","background-image":"","background-repeat":"repeat","background-position":"center center","background-size":"auto","background-attachment":"scroll","background-type":"","background-media":"","overlay-type":"","overlay-color":"","overlay-opacity":"","overlay-gradient":""},"mobile":{"background-color":"var(--ast-global-color-4)","background-image":"","background-repeat":"repeat","background-position":"center center","background-size":"auto","background-attachment":"scroll","background-type":"","background-media":"","overlay-type":"","overlay-color":"","overlay-opacity":"","overlay-gradient":""}}},"product_brand":[],"product_cat":[35],"product_tag":[],"class_list":{"0":"post-644","1":"product","2":"type-product","3":"status-publish","4":"has-post-thumbnail","6":"product_cat-waspaloy","7":"desktop-align-left","8":"tablet-align-left","9":"mobile-align-left","11":"first","12":"instock","13":"shipping-taxable","14":"product-type-simple"},"_links":{"self":[{"href":"https:\/\/www.dura-alloy.com\/pt\/wp-json\/wp\/v2\/product\/644","targetHints":{"allow":["GET"]}}],"collection":[{"href":"https:\/\/www.dura-alloy.com\/pt\/wp-json\/wp\/v2\/product"}],"about":[{"href":"https:\/\/www.dura-alloy.com\/pt\/wp-json\/wp\/v2\/types\/product"}],"version-history":[{"count":0,"href":"https:\/\/www.dura-alloy.com\/pt\/wp-json\/wp\/v2\/product\/644\/revisions"}],"wp:featuredmedia":[{"embeddable":true,"href":"https:\/\/www.dura-alloy.com\/pt\/wp-json\/wp\/v2\/media\/645"}],"wp:attachment":[{"href":"https:\/\/www.dura-alloy.com\/pt\/wp-json\/wp\/v2\/media?parent=644"}],"wp:term":[{"taxonomy":"product_brand","embeddable":true,"href":"https:\/\/www.dura-alloy.com\/pt\/wp-json\/wp\/v2\/product_brand?post=644"},{"taxonomy":"product_cat","embeddable":true,"href":"https:\/\/www.dura-alloy.com\/pt\/wp-json\/wp\/v2\/product_cat?post=644"},{"taxonomy":"product_tag","embeddable":true,"href":"https:\/\/www.dura-alloy.com\/pt\/wp-json\/wp\/v2\/product_tag?post=644"}],"curies":[{"name":"wp","href":"https:\/\/api.w.org\/{rel}","templated":true}]}}