{"id":638,"date":"2025-06-17T03:29:40","date_gmt":"2025-06-17T03:29:40","guid":{"rendered":"https:\/\/dura-alloy.com\/?post_type=product&#038;p=638"},"modified":"2025-06-17T04:53:36","modified_gmt":"2025-06-17T04:53:36","slug":"inconel600","status":"publish","type":"product","link":"https:\/\/www.dura-alloy.com\/pt\/produto\/inconel600\/","title":{"rendered":"Inconel600"},"content":{"rendered":"<p style=\"text-align: center;\"><strong><span>\u00c2mbito de fornecimento para o Aviation Group<\/span><\/strong><\/p>\n<p style=\"text-align: center;\"><strong><span>Forjados, var\u00f5es redondos, chapas de a\u00e7o, an\u00e9is, tubos sem costura, chapas de a\u00e7o\/cintas de a\u00e7o, capilares, materiais de soldadura de arame, bem-vindo ao inqu\u00e9rito!<\/span><\/strong><\/p>\n<p><strong><span>1. Introdu\u00e7\u00e3o do material Inconel 600<\/span><\/strong><\/p>\n<p><span>\u00a0 \u00a0 \u00a0 A liga Inconel 600 \u00e9 uma liga resistente ao calor e resistente \u00e0 corros\u00e3o \u00e0 base de n\u00edquel-cr\u00f3mio desenvolvida na fase inicial, tamb\u00e9m conhecida como liga \u00e0 base de n\u00edquel refor\u00e7ada com solu\u00e7\u00e3o s\u00f3lida \u00e0 base de n\u00edquel-cr\u00f3mio-ferro. Tem resist\u00eancia \u00e0 corros\u00e3o a alta temperatura e resist\u00eancia \u00e0 oxida\u00e7\u00e3o, e tem excelentes propriedades de processamento e soldadura a quente e a frio. Possui resist\u00eancia t\u00e9rmica satisfat\u00f3ria e alta plasticidade abaixo de 700 \u2103.<\/span><\/p>\n<p><strong><span>2. Composi\u00e7\u00e3o qu\u00edmica do Inconel 600<\/span><\/strong><\/p>\n<table border=\"-\">\n<tbody>\n<tr>\n<td width=\"66\"><strong><span>liga<\/span><\/strong><\/td>\n<td width=\"66\"><strong>%<\/strong><\/td>\n<td width=\"38\"><strong><span>Em<\/span><\/strong><\/td>\n<td width=\"43\"><strong>Cr<\/strong><\/td>\n<td width=\"52\"><strong>Fe<\/strong><\/td>\n<td width=\"47\"><strong>C<\/strong><\/td>\n<td width=\"47\"><strong>Mn<\/strong><\/td>\n<td width=\"57\"><strong><span>E<\/span><\/strong><\/td>\n<td width=\"57\"><strong>Cu<\/strong><\/td>\n<td width=\"57\"><strong>P<\/strong><\/td>\n<td width=\"57\"><strong>S<\/strong><\/td>\n<\/tr>\n<tr>\n<td rowspan=\"2\" width=\"66\">Inconel<\/p>\n<p>600<\/td>\n<td width=\"66\"><span>Valor m\u00ednimo<\/span><\/td>\n<td width=\"38\">71.0<\/td>\n<td width=\"43\">14.0<\/td>\n<td width=\"52\">6.0<\/td>\n<td width=\"47\">&#8211;<\/td>\n<td width=\"47\"><span>&#8211;<\/span><\/td>\n<td width=\"57\"><span>&#8211;<\/span><\/td>\n<td width=\"57\"><span>&#8211;<\/span><\/td>\n<td width=\"57\"><span>&#8211;<\/span><\/td>\n<td width=\"57\"><span>&#8211;<\/span><\/td>\n<\/tr>\n<tr>\n<td width=\"66\"><span>Valor m\u00e1ximo<\/span><\/td>\n<td width=\"38\">78.0<\/td>\n<td width=\"43\">17.0<\/td>\n<td width=\"52\">10.0<\/td>\n<td width=\"47\">0.15<\/td>\n<td width=\"47\">1.00<\/td>\n<td width=\"57\">0.50<\/td>\n<td width=\"57\"><span>0.50<\/span><\/td>\n<td width=\"57\">0.030<\/td>\n<td width=\"57\">0.015<\/td>\n<\/tr>\n<\/tbody>\n<\/table>\n<p><strong><span>3. Desempenho f\u00edsico do Inconel 600<\/span><\/strong><\/p>\n<p><span>Densidade do material: 8,43g\/cm3<\/span><\/p>\n<p><span>Ponto de fus\u00e3o: 1370-1425\u2103<\/span><\/p>\n<table border=\"-\" width=\"720\">\n<tbody>\n<tr>\n<td width=\"100\"><strong><span>Estado da liga<\/span><\/strong><\/td>\n<td width=\"152\"><strong><span>resist\u00eancia \u00e0 tra\u00e7\u00e3o<\/span><\/strong><\/p>\n<p><strong><span>RMN\/mm2<\/span><\/strong><\/td>\n<td width=\"85\"><strong><span>Rendimento do rendimento<\/span><\/strong><\/p>\n<p><strong><span>RP0.2N\/MM2<\/span><\/strong><\/td>\n<td width=\"85\"><strong><span>Alongamento<\/span><\/strong><\/p>\n<p><strong><span>A5%<\/span><\/strong><\/td>\n<td width=\"85\"><strong><span>Dureza Brinell<\/span><\/strong><\/p>\n<p><strong>HB<\/strong><\/td>\n<\/tr>\n<tr>\n<td width=\"100\"><span>Tratamento de recozimento<\/span><\/td>\n<td width=\"152\">550<\/td>\n<td width=\"85\">240<\/td>\n<td width=\"85\">30<\/td>\n<td width=\"85\">\u2264195<\/td>\n<\/tr>\n<tr>\n<td width=\"100\"><span>Tratamento de solu\u00e7\u00f5es s\u00f3lidas<\/span><\/td>\n<td width=\"152\">500<\/td>\n<td width=\"85\">180<\/td>\n<td width=\"85\">35<\/td>\n<td width=\"85\">\u2264185<\/td>\n<\/tr>\n<\/tbody>\n<\/table>\n<p><strong><span>4. Carater\u00edsticas do material Inconel 600<\/span><\/strong><\/p>\n<ul>\n<li><span>Tem uma excelente resist\u00eancia \u00e0 corros\u00e3o de meios redutores, oxidantes e nitrantes<\/span><\/li>\n<li><span>Possui boa resist\u00eancia \u00e0 fissura\u00e7\u00e3o por corros\u00e3o sob tens\u00e3o \u00e0 temperatura ambiente e a altas temperaturas<\/span><\/li>\n<li><span>Possui uma excelente resist\u00eancia \u00e0 corros\u00e3o dos gases de cloro seco e de cloreto de hidrog\u00e9nio<\/span><\/li>\n<li><span>Possui boas propriedades mec\u00e2nicas a temperaturas abaixo de zero, \u00e0 temperatura ambiente e a altas temperaturas z<\/span><\/li>\n<li><span>Devido \u00e0 boa resist\u00eancia \u00e0 flu\u00eancia e ao controle da resist\u00eancia \u00e0 fratura do teor de carbono e do tamanho do gr\u00e3o, recomenda-se us\u00e1-lo em um ambiente de trabalho acima de 700 \u2103.<\/span><\/li>\n<\/ul>\n<p><strong><span>5. Campos de aplica\u00e7\u00e3o do Inconel 600<\/span><\/strong><\/p>\n<ul>\n<li><span>Manga de termopar numa atmosfera de eros\u00e3o<\/span><\/li>\n<li><span>Produ\u00e7\u00e3o de mon\u00f3mero de cloreto de vinilo: resistente ao cloro, ao cloreto de hidrog\u00e9nio, \u00e0 oxida\u00e7\u00e3o e \u00e0 corros\u00e3o por carboniza\u00e7\u00e3o<\/span><\/li>\n<li><span>Convers\u00e3o da oxida\u00e7\u00e3o do ur\u00e2nio em hexafluoreto: corros\u00e3o anti-fluoreto de hidrog\u00e9nio<\/span><\/li>\n<li><span>Dom\u00ednios de produ\u00e7\u00e3o e utiliza\u00e7\u00e3o de metais alcalinos corrosivos, especialmente no ambiente em que s\u00e3o utilizados sulfuretos<\/span><\/li>\n<li><span>di\u00f3xido de tit\u00e2nio por cloro gasoso<\/span><\/li>\n<li><span>Produ\u00e7\u00e3o de cloretos e fluoretos org\u00e2nicos ou inorg\u00e2nicos: Resistente \u00e0 corros\u00e3o pelo cloro e pelo fl\u00faor<\/span><\/li>\n<li><span>reator nuclear<\/span><\/li>\n<li><span>Garrafas e componentes curvos em fornos de tratamento t\u00e9rmico, especialmente em atmosferas de carboniza\u00e7\u00e3o e nitreta\u00e7\u00e3o<\/span><\/li>\n<li><span>Recomenda-se a utiliza\u00e7\u00e3o da liga 600H em regeneradores catal\u00edticos na produ\u00e7\u00e3o petroqu\u00edmica para obter uma vida \u00fatil mais longa em aplica\u00e7\u00f5es acima de 700\u00b0C.<\/span><\/li>\n<\/ul>","protected":false},"excerpt":{"rendered":"<p>Scope of supply for Aviation Group Forgings, round rods, steel plates, rings, seamless pipes, steel plates\/steel belts, capillaries, wire welding [&hellip;]<\/p>","protected":false},"featured_media":639,"template":"","meta":{"site-sidebar-layout":"default","site-content-layout":"","ast-site-content-layout":"default","site-content-style":"default","site-sidebar-style":"default","ast-global-header-display":"","ast-banner-title-visibility":"","ast-main-header-display":"","ast-hfb-above-header-display":"","ast-hfb-below-header-display":"","ast-hfb-mobile-header-display":"","site-post-title":"","ast-breadcrumbs-content":"","ast-featured-img":"","footer-sml-layout":"","theme-transparent-header-meta":"default","adv-header-id-meta":"","stick-header-meta":"","header-above-stick-meta":"","header-main-stick-meta":"","header-below-stick-meta":"","astra-migrate-meta-layouts":"set","ast-page-background-enabled":"default","ast-page-background-meta":{"desktop":{"background-color":"var(--ast-global-color-5)","background-image":"","background-repeat":"repeat","background-position":"center center","background-size":"auto","background-attachment":"scroll","background-type":"","background-media":"","overlay-type":"","overlay-color":"","overlay-opacity":"","overlay-gradient":""},"tablet":{"background-color":"","background-image":"","background-repeat":"repeat","background-position":"center center","background-size":"auto","background-attachment":"scroll","background-type":"","background-media":"","overlay-type":"","overlay-color":"","overlay-opacity":"","overlay-gradient":""},"mobile":{"background-color":"","background-image":"","background-repeat":"repeat","background-position":"center center","background-size":"auto","background-attachment":"scroll","background-type":"","background-media":"","overlay-type":"","overlay-color":"","overlay-opacity":"","overlay-gradient":""}},"ast-content-background-meta":{"desktop":{"background-color":"var(--ast-global-color-4)","background-image":"","background-repeat":"repeat","background-position":"center center","background-size":"auto","background-attachment":"scroll","background-type":"","background-media":"","overlay-type":"","overlay-color":"","overlay-opacity":"","overlay-gradient":""},"tablet":{"background-color":"var(--ast-global-color-4)","background-image":"","background-repeat":"repeat","background-position":"center center","background-size":"auto","background-attachment":"scroll","background-type":"","background-media":"","overlay-type":"","overlay-color":"","overlay-opacity":"","overlay-gradient":""},"mobile":{"background-color":"var(--ast-global-color-4)","background-image":"","background-repeat":"repeat","background-position":"center center","background-size":"auto","background-attachment":"scroll","background-type":"","background-media":"","overlay-type":"","overlay-color":"","overlay-opacity":"","overlay-gradient":""}}},"product_brand":[],"product_cat":[35],"product_tag":[],"class_list":{"0":"post-638","1":"product","2":"type-product","3":"status-publish","4":"has-post-thumbnail","6":"product_cat-waspaloy","7":"desktop-align-left","8":"tablet-align-left","9":"mobile-align-left","11":"first","12":"instock","13":"shipping-taxable","14":"product-type-simple"},"_links":{"self":[{"href":"https:\/\/www.dura-alloy.com\/pt\/wp-json\/wp\/v2\/product\/638","targetHints":{"allow":["GET"]}}],"collection":[{"href":"https:\/\/www.dura-alloy.com\/pt\/wp-json\/wp\/v2\/product"}],"about":[{"href":"https:\/\/www.dura-alloy.com\/pt\/wp-json\/wp\/v2\/types\/product"}],"version-history":[{"count":0,"href":"https:\/\/www.dura-alloy.com\/pt\/wp-json\/wp\/v2\/product\/638\/revisions"}],"wp:featuredmedia":[{"embeddable":true,"href":"https:\/\/www.dura-alloy.com\/pt\/wp-json\/wp\/v2\/media\/639"}],"wp:attachment":[{"href":"https:\/\/www.dura-alloy.com\/pt\/wp-json\/wp\/v2\/media?parent=638"}],"wp:term":[{"taxonomy":"product_brand","embeddable":true,"href":"https:\/\/www.dura-alloy.com\/pt\/wp-json\/wp\/v2\/product_brand?post=638"},{"taxonomy":"product_cat","embeddable":true,"href":"https:\/\/www.dura-alloy.com\/pt\/wp-json\/wp\/v2\/product_cat?post=638"},{"taxonomy":"product_tag","embeddable":true,"href":"https:\/\/www.dura-alloy.com\/pt\/wp-json\/wp\/v2\/product_tag?post=638"}],"curies":[{"name":"wp","href":"https:\/\/api.w.org\/{rel}","templated":true}]}}