{"id":636,"date":"2025-06-17T03:18:22","date_gmt":"2025-06-17T03:18:22","guid":{"rendered":"https:\/\/dura-alloy.com\/?post_type=product&#038;p=636"},"modified":"2025-06-17T03:27:25","modified_gmt":"2025-06-17T03:27:25","slug":"monel401","status":"publish","type":"product","link":"https:\/\/www.dura-alloy.com\/pt\/produto\/monel401\/","title":{"rendered":"Monel401"},"content":{"rendered":"<p style=\"text-align: center;\"><strong>\u00c2mbito de fornecimento para o Aviation Group<\/strong><\/p>\n<p style=\"text-align: center;\"><strong>Forjados, var\u00f5es redondos, chapas de a\u00e7o, an\u00e9is, tubos sem costura, chapas de a\u00e7o\/cintas de a\u00e7o, capilares, materiais de soldadura de arame, bem-vindo ao inqu\u00e9rito!<\/strong><\/p>\n<p><strong>1.\u00a0<\/strong><strong>Introdu\u00e7\u00e3o aos materiais Monel 401<\/strong><strong>\u00a0<\/strong><\/p>\n<p>A liga Monel 401 (UNS N04401) \u00e9 um material de liga \u00e0 base de n\u00edquel com boas carater\u00edsticas de brasagem e propriedades quase n\u00e3o magn\u00e9ticas. A soldadura por resist\u00eancia \u00e9 o melhor m\u00e9todo de soldadura para soldar este material.<strong>\u00a0<\/strong><\/p>\n<p><strong>2.\u00a0<\/strong><strong>A composi\u00e7\u00e3o qu\u00edmica do Monel 401<\/strong><strong>\u00a0<\/strong><\/p>\n<table border=\"-\" width=\"1100\">\n<tbody>\n<tr>\n<td width=\"89\">liga<\/td>\n<td width=\"72\">%<\/td>\n<td width=\"53\">n\u00edquel<\/td>\n<td width=\"53\">cobre<\/td>\n<td width=\"53\">ferro<\/td>\n<td width=\"53\">carbono<\/td>\n<td width=\"53\">mangan\u00eas<\/td>\n<td width=\"53\">sil\u00edcio<\/td>\n<td width=\"53\">cobalto<\/td>\n<td width=\"53\">enxofre<\/td>\n<\/tr>\n<tr>\n<td rowspan=\"2\" width=\"89\">Monel400<\/td>\n<td width=\"72\">Valor m\u00ednimo<\/td>\n<td width=\"53\">40<\/td>\n<td width=\"53\">margem<\/td>\n<td width=\"53\">&#8211;<\/td>\n<td width=\"53\">&#8211;<\/td>\n<td width=\"53\">&#8211;<\/td>\n<td width=\"53\">&#8211;<\/td>\n<td width=\"53\">&#8211;<\/td>\n<td width=\"53\">&#8211;<\/td>\n<\/tr>\n<tr>\n<td width=\"72\">Valor m\u00e1ximo<\/td>\n<td width=\"53\">45<\/td>\n<td width=\"53\">margem<\/td>\n<td width=\"53\">0.75<\/td>\n<td width=\"53\">0.1<\/td>\n<td width=\"53\">2.25<\/td>\n<td width=\"53\">0.25<\/td>\n<td width=\"53\">0.25<\/td>\n<td width=\"53\">0.015<\/td>\n<\/tr>\n<\/tbody>\n<\/table>\n<p><strong>3. Propriedades f\u00edsicas<\/strong><strong>\u00a0<\/strong><\/p>\n<table border=\"-\" width=\"720\">\n<tbody>\n<tr>\n<td width=\"56\">densidade<\/td>\n<td width=\"94\">Ponto de fus\u00e3o<\/td>\n<\/tr>\n<tr>\n<td width=\"56\">g \/ cm3<\/td>\n<td width=\"94\">\u2103<\/td>\n<\/tr>\n<tr>\n<td width=\"56\">8.91<\/td>\n<td width=\"94\">1288-1343<\/td>\n<\/tr>\n<\/tbody>\n<\/table>\n<p>&nbsp;<\/p>\n<table border=\"-\" width=\"920\">\n<tbody>\n<tr>\n<td rowspan=\"2\" width=\"264\">densidade<\/td>\n<td width=\"388\">0,321 lb\/ in3<\/td>\n<\/tr>\n<tr>\n<td width=\"388\">8,91G \/ cm3<\/td>\n<\/tr>\n<tr>\n<td width=\"264\">Resistividade<\/td>\n<td width=\"388\">4,98e-005 ohm-cm<\/td>\n<\/tr>\n<tr>\n<td width=\"264\">Energia de aquecimento<\/td>\n<td width=\"388\">0,414 J\/g-\u00b0C<\/td>\n<\/tr>\n<tr>\n<td width=\"264\">Condutor t\u00e9rmico<\/td>\n<td width=\"388\">21 W\/m-\u00b0C<\/td>\n<\/tr>\n<tr>\n<td width=\"264\">magn\u00e9tico<\/td>\n<td width=\"388\">1,0017 (e 78 0f)<\/td>\n<\/tr>\n<tr>\n<td colspan=\"2\" width=\"652\">coeficiente de expans\u00e3o t\u00e9rmica, pol.\/pol.\/ F x 106<\/td>\n<\/tr>\n<tr>\n<td width=\"264\">70-200F<\/td>\n<td width=\"388\">7.6<\/td>\n<\/tr>\n<tr>\n<td width=\"264\">70 - 500 F<\/td>\n<td width=\"388\">8.5<\/td>\n<\/tr>\n<tr>\n<td width=\"264\">70 - 1000 F<\/td>\n<td width=\"388\">9.2<\/td>\n<\/tr>\n<\/tbody>\n<\/table>\n<p><strong>\u00a0<\/strong><strong>\u00a0<\/strong><strong>IV. Dom\u00ednios de aplica\u00e7\u00e3o<\/strong><\/p>\n<ul>\n<li>Tubos de \u00e1gua sem costura e tubos de vapor em centrais el\u00e9ctricas<\/li>\n<li>Permutadores e evaporadores de \u00e1gua do mar<\/li>\n<li>Ambiente de \u00e1cido sulf\u00farico e \u00e1cido clor\u00eddrico<\/li>\n<li>Destila\u00e7\u00e3o de petr\u00f3leo bruto<\/li>\n<li>Eixo da bomba e polpa espiral para equipamento de utiliza\u00e7\u00e3o em \u00e1guas profundas<\/li>\n<li>Equipamento da ind\u00fastria nuclear para o fabrico de refina\u00e7\u00e3o de ur\u00e2nio e separa\u00e7\u00e3o de is\u00f3topos<\/li>\n<li>Bombas e v\u00e1lvulas utilizadas no fabrico de equipamento de \u00e1cido clor\u00eddrico<\/li>\n<\/ul>","protected":false},"excerpt":{"rendered":"<p>Scope of supply for Aviation Group Forgings, round rods, steel plates, rings, seamless pipes, steel plates\/steel belts, capillaries, wire welding [&hellip;]<\/p>","protected":false},"featured_media":637,"template":"","meta":{"site-sidebar-layout":"default","site-content-layout":"","ast-site-content-layout":"default","site-content-style":"default","site-sidebar-style":"default","ast-global-header-display":"","ast-banner-title-visibility":"","ast-main-header-display":"","ast-hfb-above-header-display":"","ast-hfb-below-header-display":"","ast-hfb-mobile-header-display":"","site-post-title":"","ast-breadcrumbs-content":"","ast-featured-img":"","footer-sml-layout":"","theme-transparent-header-meta":"default","adv-header-id-meta":"","stick-header-meta":"","header-above-stick-meta":"","header-main-stick-meta":"","header-below-stick-meta":"","astra-migrate-meta-layouts":"set","ast-page-background-enabled":"default","ast-page-background-meta":{"desktop":{"background-color":"var(--ast-global-color-5)","background-image":"","background-repeat":"repeat","background-position":"center center","background-size":"auto","background-attachment":"scroll","background-type":"","background-media":"","overlay-type":"","overlay-color":"","overlay-opacity":"","overlay-gradient":""},"tablet":{"background-color":"","background-image":"","background-repeat":"repeat","background-position":"center center","background-size":"auto","background-attachment":"scroll","background-type":"","background-media":"","overlay-type":"","overlay-color":"","overlay-opacity":"","overlay-gradient":""},"mobile":{"background-color":"","background-image":"","background-repeat":"repeat","background-position":"center center","background-size":"auto","background-attachment":"scroll","background-type":"","background-media":"","overlay-type":"","overlay-color":"","overlay-opacity":"","overlay-gradient":""}},"ast-content-background-meta":{"desktop":{"background-color":"var(--ast-global-color-4)","background-image":"","background-repeat":"repeat","background-position":"center center","background-size":"auto","background-attachment":"scroll","background-type":"","background-media":"","overlay-type":"","overlay-color":"","overlay-opacity":"","overlay-gradient":""},"tablet":{"background-color":"var(--ast-global-color-4)","background-image":"","background-repeat":"repeat","background-position":"center center","background-size":"auto","background-attachment":"scroll","background-type":"","background-media":"","overlay-type":"","overlay-color":"","overlay-opacity":"","overlay-gradient":""},"mobile":{"background-color":"var(--ast-global-color-4)","background-image":"","background-repeat":"repeat","background-position":"center center","background-size":"auto","background-attachment":"scroll","background-type":"","background-media":"","overlay-type":"","overlay-color":"","overlay-opacity":"","overlay-gradient":""}}},"product_brand":[],"product_cat":[35],"product_tag":[],"class_list":{"0":"post-636","1":"product","2":"type-product","3":"status-publish","4":"has-post-thumbnail","6":"product_cat-waspaloy","7":"desktop-align-left","8":"tablet-align-left","9":"mobile-align-left","11":"first","12":"instock","13":"shipping-taxable","14":"product-type-simple"},"_links":{"self":[{"href":"https:\/\/www.dura-alloy.com\/pt\/wp-json\/wp\/v2\/product\/636","targetHints":{"allow":["GET"]}}],"collection":[{"href":"https:\/\/www.dura-alloy.com\/pt\/wp-json\/wp\/v2\/product"}],"about":[{"href":"https:\/\/www.dura-alloy.com\/pt\/wp-json\/wp\/v2\/types\/product"}],"version-history":[{"count":0,"href":"https:\/\/www.dura-alloy.com\/pt\/wp-json\/wp\/v2\/product\/636\/revisions"}],"wp:featuredmedia":[{"embeddable":true,"href":"https:\/\/www.dura-alloy.com\/pt\/wp-json\/wp\/v2\/media\/637"}],"wp:attachment":[{"href":"https:\/\/www.dura-alloy.com\/pt\/wp-json\/wp\/v2\/media?parent=636"}],"wp:term":[{"taxonomy":"product_brand","embeddable":true,"href":"https:\/\/www.dura-alloy.com\/pt\/wp-json\/wp\/v2\/product_brand?post=636"},{"taxonomy":"product_cat","embeddable":true,"href":"https:\/\/www.dura-alloy.com\/pt\/wp-json\/wp\/v2\/product_cat?post=636"},{"taxonomy":"product_tag","embeddable":true,"href":"https:\/\/www.dura-alloy.com\/pt\/wp-json\/wp\/v2\/product_tag?post=636"}],"curies":[{"name":"wp","href":"https:\/\/api.w.org\/{rel}","templated":true}]}}