{"id":623,"date":"2025-06-17T02:28:56","date_gmt":"2025-06-17T02:28:56","guid":{"rendered":"https:\/\/dura-alloy.com\/?post_type=product&#038;p=623"},"modified":"2025-06-17T02:28:56","modified_gmt":"2025-06-17T02:28:56","slug":"1j22-soft-magnetic-alloy","status":"publish","type":"product","link":"https:\/\/www.dura-alloy.com\/pt\/produto\/1j22-soft-magnetic-alloy\/","title":{"rendered":"Liga magn\u00e9tica macia 1J22"},"content":{"rendered":"<p><span>1. Introdu\u00e7\u00e3o \u00e0 liga magn\u00e9tica macia 1J22<\/span><\/p>\n<p><span>1J22 corresponde \u00e0s classes correspondentes e classes similares Co50V2, 50\u041a\u0424 (R\u00fassia), Permendur (Reino Unido), Supermendur (EUA), HiperCo50 (EUA).<\/span><br \/>\n<span>1J22 \u00e9 uma liga magn\u00e9tica macia de ferro-cobalto-van\u00e1dio com alta for\u00e7a de indu\u00e7\u00e3o magn\u00e9tica de satura\u00e7\u00e3o. Entre os materiais magn\u00e9ticos macios existentes, 1J22 tem a maior for\u00e7a de indu\u00e7\u00e3o magn\u00e9tica de satura\u00e7\u00e3o, at\u00e9 2.4T, o ponto Curie pode chegar a 980 \u2103 e o coeficiente de magnetostric\u00e7\u00e3o de satura\u00e7\u00e3o pode chegar a 60 ~ 100 \u00d7 10-6. Devido \u00e0 alta for\u00e7a de indu\u00e7\u00e3o magn\u00e9tica de satura\u00e7\u00e3o, o volume pode ser bastante reduzido ao fazer um motor da mesma pot\u00eancia e, ao usar um eletro\u00edm\u00e3, uma grande for\u00e7a de suc\u00e7\u00e3o pode ser gerada sob a mesma \u00e1rea de se\u00e7\u00e3o transversal. Devido ao elevado ponto Curie, a liga pode funcionar a temperaturas mais elevadas, onde outros materiais magn\u00e9ticos macios foram completamente desmagnetizados e mant\u00eam uma boa estabilidade magn\u00e9tica. Devido ao seu grande coeficiente magnetostrictivo, \u00e9 muito adequada para transdutores magnetostrictivos, com alta energia de sa\u00edda e alta efici\u00eancia de trabalho. A liga tem uma baixa resistividade (0,27\u03bc\u03a9-m) e n\u00e3o deve ser utilizada em frequ\u00eancias elevadas. \u00c9 cara, f\u00e1cil de oxidar e tem um fraco desempenho de processamento. A adi\u00e7\u00e3o de uma quantidade adequada de n\u00edquel ou de outros elementos pode melhorar a sua capacidade de processamento.<\/span><\/p>\n<p><span>Normas t\u00e9cnicas do material 1J22<\/span><br \/>\n<span>GB\/T 15001-1994 \"Tamanho, aspeto, qualidade da superf\u00edcie, m\u00e9todos experimentais e regras de inspe\u00e7\u00e3o de ligas magn\u00e9ticas macias\"<\/span><br \/>\n<span>GB\/T 15002-1994 \"Condi\u00e7\u00f5es t\u00e9cnicas para ligas magn\u00e9ticas macias com elevada for\u00e7a de indu\u00e7\u00e3o magn\u00e9tica de satura\u00e7\u00e3o\"<\/span><\/p>\n<p><span>2. Composi\u00e7\u00e3o qu\u00edmica do 1J22<\/span><\/p>\n<p><span>De acordo com a norma americana, a norma nacional \u00e9 rigorosamente aplicada<\/span><\/p>\n<p><span>3. Tratamento t\u00e9rmico 1J22 e estado de entrega<\/span><\/p>\n<p><span>Amostra de tira laminada a frio: \u00c0 medida que o forno aquece at\u00e9 850-900 \u2103, mantenha o calor por 3-6 horas, esfria para 750 \u2103 a uma velocidade de 50 \u2103 \/ h, e ent\u00e3o esfria para 300 \u2103 a uma velocidade de 180-240 \u2103 \/ h, e sai do forno. O meio de recozimento \u00e9 o hidrog\u00e9nio com um ponto de orvalho n\u00e3o superior a -40\u2103.<\/span><br \/>\n<span>Amostra retirada do forjamento: \u00c0 medida que o forno sobe para 1100 \u2103 \u00b1 20 \u2103, mantenha o calor por 3 a 6 horas, resfrie para 850 \u2103 a uma velocidade de 50 a 100 \u2103 \/ h, mantenha o calor por 3 horas, depois resfrie para 700 \u2103 a uma velocidade de 30 \u2103 \/ h e, em seguida, resfrie para 300 \u2103 a uma velocidade de 200 \u2103 \/ h e saia do forno. O meio de recozimento \u00e9 o hidrog\u00e9nio com um ponto de orvalho n\u00e3o superior a -40\u2103.<\/span><br \/>\n<span>Materiais utilizados para alta for\u00e7a de indu\u00e7\u00e3o magn\u00e9tica, baixa for\u00e7a coercitiva e alta rela\u00e7\u00e3o retangular sob um campo magn\u00e9tico mais baixo: \u00e0 medida que o forno sobe para 850 \u2103 \u00b1 10 \u2103, isolado por 4 horas, esfria para 750 \u2103 a uma velocidade de 50 \u2103 \/ h, isolado por 3 horas e depois esfria para 300 \u2103 a uma velocidade de 200 \u2103 \/ h e descarrega do forno. No isolamento (750 \u2103), \u00e9 adicionado um campo magn\u00e9tico DC de 1240-1600 A \/ m, e o meio de recozimento \u00e9 hidrog\u00e9nio com um ponto de orvalho n\u00e3o superior a -40 \u2103.<\/span><br \/>\n<span>As especifica\u00e7\u00f5es das variedades 1J22 e os estados de fornecimento incluem tiras laminadas a frio, materiais de arame estirados a frio, materiais planos e barras laminados a quente (forjados), pe\u00e7as forjadas n\u00e3o normalizadas, e os processos de fundi\u00e7\u00e3o e de vazamento 1J22 s\u00e3o fundidos em fornos de indu\u00e7\u00e3o a v\u00e1cuo.<\/span><\/p>\n<p><span>4. Propriedades mec\u00e2nicas do 1J22 \u00e0 temperatura ambiente e a v\u00e1rias temperaturas<\/span><\/p>\n<p><span>1J22 dureza: liga macia HRB90, dura a frio HRC35.<\/span><br \/>\n<span>1J22 Resist\u00eancia \u00e0 tra\u00e7\u00e3o: Estado mole da liga \u03c3b=490MPa; estado duro a frio \u03c3b=1323MPa.<\/span><br \/>\n<span>1J22 estipula uma tens\u00e3o de alongamento n\u00e3o proporcional [1] Estado mole da liga \u03c3P0.2=343MPa.<\/span><br \/>\n<span>1J22 alongamento ap\u00f3s rotura alongamento ap\u00f3s rotura da liga \u03b4=1%.<\/span><br \/>\n<span>1J22 m\u00f3dulo de elasticidade E=216GPa.<\/span><\/p>\n<p><span>V. 1J22 estrutura organizacional<\/span><\/p>\n<p><span>Estrutura da liga 1J22 A estrutura da liga \u00e9 uma solu\u00e7\u00e3o s\u00f3lida monof\u00e1sica com uma rede c\u00fabica de centro em massa. A transi\u00e7\u00e3o de fase \u03b3\u03b1 ocorre perto de 900-930\u00b0C. Quando a temperatura \u00e9 inferior a 730 \u00b0 C, uma ordem \u00e9 gerada para formar uma superestrutura FeCo, e a fase \u03b1 desordenada \u00e9 convertida em uma fase \u03b1 \u2032 ordenada.<\/span><\/p>\n<p><span>6. Desempenho e requisitos do processo 1J22<\/span><\/p>\n<p><span>Ap\u00f3s a t\u00eampera a cerca de 880\u00b0C, a liga de desempenho de conforma\u00e7\u00e3o 1J22 pode ser processada em tiras finas e filamentos finos. As tiras e os filamentos podem ser perfurados, enrolados ou transformados em componentes de v\u00e1rias formas.<\/span><br \/>\n<span>1J22 Desempenho da soldadura O desempenho da soldadura \u00e9 fraco.<\/span><br \/>\n<span>Processo de tratamento t\u00e9rmico de pe\u00e7as 1J22<\/span><br \/>\n<span>1J22 Processo de tratamento de superf\u00edcies<\/span><br \/>\n<span>1J22 Desempenho de corte e retifica\u00e7\u00e3o Os materiais laminados a quente (forjados), os materiais de estiramento a frio e as tiras desta liga podem ser cortados e rectificados. Quando a liga \u00e9 transformada em componentes e \u00e9 sujeita a um tratamento t\u00e9rmico final de arrefecimento lento, a plasticidade \u00e9 fraca e s\u00f3 pode ser ligeiramente rectificada.<\/span><\/p>\n<p><span>7. Campos de aplica\u00e7\u00e3o 1J22<\/span><br \/>\n<span>Adequado para componentes el\u00e9ctricos leves e de pequenas dimens\u00f5es para a avia\u00e7\u00e3o e a ind\u00fastria aeroespacial, tais como rotores microelectr\u00f3nicos, cabe\u00e7as de p\u00f3lo de electro\u00edmanes, rel\u00e9s, transdutores, etc.<\/span><\/p>","protected":false},"excerpt":{"rendered":"<p>1. Introduction to 1J22 soft magnetic alloy 1J22 corresponds to the corresponding grades and similar grades Co50V2, 50\u041a\u0424 (Russia), Permendur [&hellip;]<\/p>","protected":false},"featured_media":624,"template":"","meta":{"site-sidebar-layout":"default","site-content-layout":"","ast-site-content-layout":"default","site-content-style":"default","site-sidebar-style":"default","ast-global-header-display":"","ast-banner-title-visibility":"","ast-main-header-display":"","ast-hfb-above-header-display":"","ast-hfb-below-header-display":"","ast-hfb-mobile-header-display":"","site-post-title":"","ast-breadcrumbs-content":"","ast-featured-img":"","footer-sml-layout":"","theme-transparent-header-meta":"default","adv-header-id-meta":"","stick-header-meta":"","header-above-stick-meta":"","header-main-stick-meta":"","header-below-stick-meta":"","astra-migrate-meta-layouts":"set","ast-page-background-enabled":"default","ast-page-background-meta":{"desktop":{"background-color":"var(--ast-global-color-5)","background-image":"","background-repeat":"repeat","background-position":"center center","background-size":"auto","background-attachment":"scroll","background-type":"","background-media":"","overlay-type":"","overlay-color":"","overlay-opacity":"","overlay-gradient":""},"tablet":{"background-color":"","background-image":"","background-repeat":"repeat","background-position":"center center","background-size":"auto","background-attachment":"scroll","background-type":"","background-media":"","overlay-type":"","overlay-color":"","overlay-opacity":"","overlay-gradient":""},"mobile":{"background-color":"","background-image":"","background-repeat":"repeat","background-position":"center center","background-size":"auto","background-attachment":"scroll","background-type":"","background-media":"","overlay-type":"","overlay-color":"","overlay-opacity":"","overlay-gradient":""}},"ast-content-background-meta":{"desktop":{"background-color":"var(--ast-global-color-4)","background-image":"","background-repeat":"repeat","background-position":"center center","background-size":"auto","background-attachment":"scroll","background-type":"","background-media":"","overlay-type":"","overlay-color":"","overlay-opacity":"","overlay-gradient":""},"tablet":{"background-color":"var(--ast-global-color-4)","background-image":"","background-repeat":"repeat","background-position":"center center","background-size":"auto","background-attachment":"scroll","background-type":"","background-media":"","overlay-type":"","overlay-color":"","overlay-opacity":"","overlay-gradient":""},"mobile":{"background-color":"var(--ast-global-color-4)","background-image":"","background-repeat":"repeat","background-position":"center center","background-size":"auto","background-attachment":"scroll","background-type":"","background-media":"","overlay-type":"","overlay-color":"","overlay-opacity":"","overlay-gradient":""}}},"product_brand":[],"product_cat":[34],"product_tag":[],"class_list":{"0":"post-623","1":"product","2":"type-product","3":"status-publish","4":"has-post-thumbnail","6":"product_cat-precision-alloy","7":"desktop-align-left","8":"tablet-align-left","9":"mobile-align-left","11":"first","12":"instock","13":"shipping-taxable","14":"product-type-simple"},"_links":{"self":[{"href":"https:\/\/www.dura-alloy.com\/pt\/wp-json\/wp\/v2\/product\/623","targetHints":{"allow":["GET"]}}],"collection":[{"href":"https:\/\/www.dura-alloy.com\/pt\/wp-json\/wp\/v2\/product"}],"about":[{"href":"https:\/\/www.dura-alloy.com\/pt\/wp-json\/wp\/v2\/types\/product"}],"version-history":[{"count":0,"href":"https:\/\/www.dura-alloy.com\/pt\/wp-json\/wp\/v2\/product\/623\/revisions"}],"wp:featuredmedia":[{"embeddable":true,"href":"https:\/\/www.dura-alloy.com\/pt\/wp-json\/wp\/v2\/media\/624"}],"wp:attachment":[{"href":"https:\/\/www.dura-alloy.com\/pt\/wp-json\/wp\/v2\/media?parent=623"}],"wp:term":[{"taxonomy":"product_brand","embeddable":true,"href":"https:\/\/www.dura-alloy.com\/pt\/wp-json\/wp\/v2\/product_brand?post=623"},{"taxonomy":"product_cat","embeddable":true,"href":"https:\/\/www.dura-alloy.com\/pt\/wp-json\/wp\/v2\/product_cat?post=623"},{"taxonomy":"product_tag","embeddable":true,"href":"https:\/\/www.dura-alloy.com\/pt\/wp-json\/wp\/v2\/product_tag?post=623"}],"curies":[{"name":"wp","href":"https:\/\/api.w.org\/{rel}","templated":true}]}}