{"id":621,"date":"2025-06-17T02:24:16","date_gmt":"2025-06-17T02:24:16","guid":{"rendered":"https:\/\/dura-alloy.com\/?post_type=product&#038;p=621"},"modified":"2025-06-17T02:24:16","modified_gmt":"2025-06-17T02:24:16","slug":"1j50-soft-magnetic-alloy","status":"publish","type":"product","link":"https:\/\/www.dura-alloy.com\/pt\/produto\/1j50-soft-magnetic-alloy\/","title":{"rendered":"Liga magn\u00e9tica macia 1J50"},"content":{"rendered":"<p><span>1. Introdu\u00e7\u00e3o aos materiais 1J50<\/span><\/p>\n<p><span>1J50 \u00e9 uma liga magn\u00e9tica macia. A liga de ferro-n\u00edquel magn\u00e9tica macia de indu\u00e7\u00e3o magn\u00e9tica de alta satura\u00e7\u00e3o 1J50 \u00e9 uma liga de n\u00edquel contendo 45-55%, com permeabilidade magn\u00e9tica inicial relativamente boa e alta for\u00e7a de indu\u00e7\u00e3o de satura\u00e7\u00e3o. O valor de indu\u00e7\u00e3o de satura\u00e7\u00e3o de 1J50 \u00e9 de cerca de 1,55T, e a permeabilidade magn\u00e9tica inicial \u00e9 apenas de cerca de 0,42mHm e tem um alto valor de indu\u00e7\u00e3o de satura\u00e7\u00e3o em ferro-liga de n\u00edquel. As propriedades magn\u00e9ticas elevadas podem ser obtidas por recozimento a baixa temperatura. Ap\u00f3s o tratamento t\u00e9rmico final, existe uma estrutura cristalina c\u00fabica clara, o loop de atraso \u00e9 quase retangular, e o magnetismo residual \u00e9 t\u00e3o elevado como 1,5T.<\/span><\/p>\n<p><span>2. Composi\u00e7\u00e3o qu\u00edmica do 1J50<\/span><\/p>\n<p><span>Aplicar rigorosamente os requisitos das normas americanas e nacionais<\/span><\/p>\n<p><span>III. \u00c2mbito do fornecimento 1J50<\/span><br \/>\n<span>Fita laminada a frio (plana) material 0,01~3\u00d71~300<\/span><br \/>\n<span>Material em chapa laminada a quente 2.5~20\u00d7100~300<\/span><br \/>\n<span>Material do var\u00e3o forjado a quente \u03a612~400\u00d72500<\/span><br \/>\n<span>Material do fio de trefila\u00e7\u00e3o a frio \u03a60,025~2,0 \u00d7 L<\/span><br \/>\n<span>material da barra de estiramento a frio \u03a62.0~12 \u00d7 L<\/span><br \/>\n<span>pe\u00e7as forjadas: n\u00e3o normalizadas e personalizadas, forjadas redondas, forjadas quadradas, forjadas em anel, forjadas em chapa grossa<\/span><\/p>\n<p><span>IV. Carater\u00edsticas do material 1J50<\/span><\/p>\n<p><span>Tem uma elevada for\u00e7a de indu\u00e7\u00e3o magn\u00e9tica de satura\u00e7\u00e3o e permeabilidade magn\u00e9tica.<\/span><\/p>\n<p><span>Elevada permeabilidade: a liga 1J50 tem uma elevada permeabilidade e pode ser utilizada para fabricar componentes magn\u00e9ticos, tais como n\u00facleos magn\u00e9ticos, indutores e sensores.<\/span><\/p>\n<p><span>For\u00e7a de indu\u00e7\u00e3o magn\u00e9tica de satura\u00e7\u00e3o elevada: A for\u00e7a de indu\u00e7\u00e3o magn\u00e9tica de satura\u00e7\u00e3o da liga 1J50 \u00e9 t\u00e3o alta quanto 1.56T, tornando-a um importante material magn\u00e9tico.<\/span><\/p>\n<p><span>Baixa for\u00e7a coerciva: A liga 1J50 tem uma for\u00e7a coerciva baixa e \u00e9 f\u00e1cil de magnetizar e desmagnetizar.<\/span><\/p>\n<p><span>Bom desempenho de maquinagem: a liga 1J50 \u00e9 f\u00e1cil de processar e moldar, e pode ser transformada em v\u00e1rias pe\u00e7as e componentes complexos.<\/span><\/p>\n<p><span>Boa estabilidade t\u00e9rmica: a liga 1J50 tem boa estabilidade t\u00e9rmica e pode manter um desempenho est\u00e1vel num ambiente de alta temperatura.<\/span><\/p>\n<p><span>5. Campos de aplica\u00e7\u00e3o 1J50<\/span><\/p>\n<p><span>\u00c9 amplamente utilizado na ind\u00fastria de instrumentos electr\u00f3nicos, bem como em v\u00e1rios transformadores, rel\u00e9s, n\u00facleos de embraiagem electromagn\u00e9tica que funcionam em campos magn\u00e9ticos m\u00e9dios, bem como n\u00facleos de ferro, botas de p\u00f3lo, diafragmas de auscultadores, pe\u00e7as de rel\u00e9 para disjuntores de fuga \u00e0 terra, v\u00e1lvulas de g\u00e1s, escudos magn\u00e9ticos, girosc\u00f3pios, motores de sincroniza\u00e7\u00e3o autom\u00e1tica e micromotores de contadores electr\u00f3nicos.<\/span><\/p>\n<p><span>Dom\u00ednio eletr\u00f3nico: a liga 1J50 pode ser utilizada para fabricar componentes electr\u00f3nicos, tais como cabe\u00e7as magn\u00e9ticas, cabe\u00e7as de leitura e de escrita, unidades de disco, etc.<\/span><\/p>\n<p><span>Dom\u00ednio das comunica\u00e7\u00f5es: a liga 1J50 pode ser utilizada para fabricar antenas de alta precis\u00e3o, amplificadores de sinal, filtros e outros componentes de comunica\u00e7\u00e3o.<\/span><\/p>\n<p><span>Dom\u00ednio aeroespacial: a liga 1J50 pode ser utilizada para fabricar \u00edmanes permanentes de alta precis\u00e3o, sensores, v\u00e1lvulas solen\u00f3ides e outros componentes aeroespaciais.<\/span><\/p>\n<p><span>Dom\u00ednio da defesa nacional: a liga 1J50 pode ser utilizada para fabricar radares de alta precis\u00e3o, equipamento de contramedidas electr\u00f3nicas e outro equipamento de defesa nacional.<\/span><\/p>","protected":false},"excerpt":{"rendered":"<p>1. Introduction to 1J50 Materials 1J50 is a soft magnetic alloy. High saturation magnetic induction soft magnetic 1J50 iron-nickel alloy [&hellip;]<\/p>","protected":false},"featured_media":622,"template":"","meta":{"site-sidebar-layout":"default","site-content-layout":"","ast-site-content-layout":"default","site-content-style":"default","site-sidebar-style":"default","ast-global-header-display":"","ast-banner-title-visibility":"","ast-main-header-display":"","ast-hfb-above-header-display":"","ast-hfb-below-header-display":"","ast-hfb-mobile-header-display":"","site-post-title":"","ast-breadcrumbs-content":"","ast-featured-img":"","footer-sml-layout":"","theme-transparent-header-meta":"default","adv-header-id-meta":"","stick-header-meta":"","header-above-stick-meta":"","header-main-stick-meta":"","header-below-stick-meta":"","astra-migrate-meta-layouts":"set","ast-page-background-enabled":"default","ast-page-background-meta":{"desktop":{"background-color":"var(--ast-global-color-5)","background-image":"","background-repeat":"repeat","background-position":"center center","background-size":"auto","background-attachment":"scroll","background-type":"","background-media":"","overlay-type":"","overlay-color":"","overlay-opacity":"","overlay-gradient":""},"tablet":{"background-color":"","background-image":"","background-repeat":"repeat","background-position":"center center","background-size":"auto","background-attachment":"scroll","background-type":"","background-media":"","overlay-type":"","overlay-color":"","overlay-opacity":"","overlay-gradient":""},"mobile":{"background-color":"","background-image":"","background-repeat":"repeat","background-position":"center center","background-size":"auto","background-attachment":"scroll","background-type":"","background-media":"","overlay-type":"","overlay-color":"","overlay-opacity":"","overlay-gradient":""}},"ast-content-background-meta":{"desktop":{"background-color":"var(--ast-global-color-4)","background-image":"","background-repeat":"repeat","background-position":"center center","background-size":"auto","background-attachment":"scroll","background-type":"","background-media":"","overlay-type":"","overlay-color":"","overlay-opacity":"","overlay-gradient":""},"tablet":{"background-color":"var(--ast-global-color-4)","background-image":"","background-repeat":"repeat","background-position":"center center","background-size":"auto","background-attachment":"scroll","background-type":"","background-media":"","overlay-type":"","overlay-color":"","overlay-opacity":"","overlay-gradient":""},"mobile":{"background-color":"var(--ast-global-color-4)","background-image":"","background-repeat":"repeat","background-position":"center center","background-size":"auto","background-attachment":"scroll","background-type":"","background-media":"","overlay-type":"","overlay-color":"","overlay-opacity":"","overlay-gradient":""}}},"product_brand":[],"product_cat":[34],"product_tag":[],"class_list":{"0":"post-621","1":"product","2":"type-product","3":"status-publish","4":"has-post-thumbnail","6":"product_cat-precision-alloy","7":"desktop-align-left","8":"tablet-align-left","9":"mobile-align-left","11":"first","12":"instock","13":"shipping-taxable","14":"product-type-simple"},"_links":{"self":[{"href":"https:\/\/www.dura-alloy.com\/pt\/wp-json\/wp\/v2\/product\/621","targetHints":{"allow":["GET"]}}],"collection":[{"href":"https:\/\/www.dura-alloy.com\/pt\/wp-json\/wp\/v2\/product"}],"about":[{"href":"https:\/\/www.dura-alloy.com\/pt\/wp-json\/wp\/v2\/types\/product"}],"version-history":[{"count":0,"href":"https:\/\/www.dura-alloy.com\/pt\/wp-json\/wp\/v2\/product\/621\/revisions"}],"wp:featuredmedia":[{"embeddable":true,"href":"https:\/\/www.dura-alloy.com\/pt\/wp-json\/wp\/v2\/media\/622"}],"wp:attachment":[{"href":"https:\/\/www.dura-alloy.com\/pt\/wp-json\/wp\/v2\/media?parent=621"}],"wp:term":[{"taxonomy":"product_brand","embeddable":true,"href":"https:\/\/www.dura-alloy.com\/pt\/wp-json\/wp\/v2\/product_brand?post=621"},{"taxonomy":"product_cat","embeddable":true,"href":"https:\/\/www.dura-alloy.com\/pt\/wp-json\/wp\/v2\/product_cat?post=621"},{"taxonomy":"product_tag","embeddable":true,"href":"https:\/\/www.dura-alloy.com\/pt\/wp-json\/wp\/v2\/product_tag?post=621"}],"curies":[{"name":"wp","href":"https:\/\/api.w.org\/{rel}","templated":true}]}}