{"id":619,"date":"2025-06-17T01:59:20","date_gmt":"2025-06-17T01:59:20","guid":{"rendered":"https:\/\/dura-alloy.com\/?post_type=product&#038;p=619"},"modified":"2025-06-17T01:59:20","modified_gmt":"2025-06-17T01:59:20","slug":"1j85-permo-alloy","status":"publish","type":"product","link":"https:\/\/www.dura-alloy.com\/pt\/produto\/1j85-permo-alloy\/","title":{"rendered":"Liga 1J85 Permo"},"content":{"rendered":"<p><span>1. Introdu\u00e7\u00e3o aos materiais 1J85<\/span><\/p>\n<p><span>1J85 O metal \u00e0 base de n\u00edquel \u00e9 uma liga magn\u00e9tica macia, tamb\u00e9m conhecida como permalloy. Tem uma suscetibilidade magn\u00e9tica muito elevada e pode ser magnetizado num campo magn\u00e9tico mais pequeno e pode obter uma for\u00e7a de indu\u00e7\u00e3o magn\u00e9tica mais elevada. Tamb\u00e9m pode atingir rapidamente a satura\u00e7\u00e3o. \u00c9 um ferromagneto melhor quando a temperatura de Curie est\u00e1 abaixo de 400 \u2103. A liga \u00e0 base de n\u00edquel 1J85 tem uma alta permeabilidade magn\u00e9tica inicial, uma for\u00e7a coercitiva relativamente pequena e uma alta permeabilidade magn\u00e9tica m\u00e1xima. Ele responde com muita sensibilidade a alguns sinais fracos e tem grande potencial de aplica\u00e7\u00e3o na ind\u00fastria de telecomunica\u00e7\u00f5es e na ind\u00fastria de instrumenta\u00e7\u00e3o. Ao mesmo tempo, a liga \u00e0 base de n\u00edquel 1J85 tamb\u00e9m \u00e9 f\u00e1cil de processar numa cinta met\u00e1lica muito fina, que pode ser utilizada em bobinas de alta sensibilidade, transformadores de \u00e1udio, amplificadores magn\u00e9ticos r\u00e1pidos, rel\u00e9s, escudos magn\u00e9ticos, v\u00e1rios n\u00facleos de ferro, etc., e \u00e9 um componente na ind\u00fastria da defesa, como a ind\u00fastria aeroespacial e nuclear.<\/span><\/p>\n<p><span>2. Composi\u00e7\u00e3o qu\u00edmica do 1J85<\/span><\/p>\n<p><span>Aplicar em conformidade com as normas americanas, as normas nacionais e as normas militares nacionais<\/span><\/p>\n<p><span>3. Propriedades f\u00edsicas do 1J85<\/span><\/p>\n<p><span>1J85 densidade: 8,75 g\/cm3<\/span><br \/>\n<span>1J85 ponto de fus\u00e3o: 1395-1425 \u2103<\/span><\/p>\n<p><span>IV. Carater\u00edsticas do material 1J85<\/span><\/p>\n<p><span>A liga de ferro-n\u00edquel magn\u00e9tica macia de indu\u00e7\u00e3o magn\u00e9tica de alta satura\u00e7\u00e3o 1J85 \u00e9 uma liga de n\u00edquel que cont\u00e9m 79-81% com a maior permeabilidade magn\u00e9tica inicial, permeabilidade magn\u00e9tica m\u00e1xima e coercividade extremamente baixa, que \u00e9 sens\u00edvel a sinais fracos. A for\u00e7a de indu\u00e7\u00e3o magn\u00e9tica saturada 1J85 \u00e9 superior a 0,78T, a permeabilidade magn\u00e9tica inicial \u00e9 superior a 30mH\/m, a permeabilidade magn\u00e9tica m\u00e1xima \u00e9 superior a 115mH\/m e a for\u00e7a coerciva \u00e9 inferior a 2,4A\/m<\/span><\/p>\n<p><span>Estrutura metalogr\u00e1fica da liga 1J85: A liga 1J85 tem uma estrutura de austenite.<\/span><\/p>\n<p><span>A liga de a\u00e7o austen\u00edtico \u00e9 um cristal, e os seus \u00e1tomos internos est\u00e3o dispostos de acordo com determinadas regras. Existem geralmente tr\u00eas m\u00e9todos de disposi\u00e7\u00e3o: estrutura de treli\u00e7a c\u00fabica de centro de corpo, e a sua estrutura policristalina \u00e9 formada durante o processo de cristaliza\u00e7\u00e3o do metal.<\/span><\/p>\n<p><span>5. Campos de aplica\u00e7\u00e3o 1J85<\/span><\/p>\n<p><span>1. Laminagem de n\u00facleos para rel\u00e9s de corrente cont\u00ednua, transformadores e bobinas de equipamentos de comunica\u00e7\u00f5es e electr\u00f3nicos<\/span><\/p>\n<p><span>2. Dispositivo de blindagem magn\u00e9tica, pe\u00e7as ou componentes de controlo<\/span><\/p>\n<p><span>3. Ind\u00fastria eletr\u00f3nica, instrumentos de precis\u00e3o, controlo remoto e sistemas de controlo autom\u00e1tico.<\/span><\/p>\n<p><span>4. Transformadores de alta sensibilidade e de pequena pot\u00eancia, amplificadores magn\u00e9ticos de pequena pot\u00eancia, rel\u00e9s, bobinas, cabe\u00e7as magn\u00e9ticas para dispositivos de registo magn\u00e9tico, blindagens magn\u00e9ticas, v\u00e1rios n\u00facleos enrolados, n\u00facleos cortados e n\u00facleos laminados utilizados em campos magn\u00e9ticos fracos.<\/span><\/p>","protected":false},"excerpt":{"rendered":"<p>1. Introduction to 1J85 Materials 1J85 Nickel-based metal is a soft magnetic alloy, also known as permalloy. It has a [&hellip;]<\/p>","protected":false},"featured_media":620,"template":"","meta":{"site-sidebar-layout":"default","site-content-layout":"","ast-site-content-layout":"default","site-content-style":"default","site-sidebar-style":"default","ast-global-header-display":"","ast-banner-title-visibility":"","ast-main-header-display":"","ast-hfb-above-header-display":"","ast-hfb-below-header-display":"","ast-hfb-mobile-header-display":"","site-post-title":"","ast-breadcrumbs-content":"","ast-featured-img":"","footer-sml-layout":"","theme-transparent-header-meta":"default","adv-header-id-meta":"","stick-header-meta":"","header-above-stick-meta":"","header-main-stick-meta":"","header-below-stick-meta":"","astra-migrate-meta-layouts":"set","ast-page-background-enabled":"default","ast-page-background-meta":{"desktop":{"background-color":"var(--ast-global-color-5)","background-image":"","background-repeat":"repeat","background-position":"center center","background-size":"auto","background-attachment":"scroll","background-type":"","background-media":"","overlay-type":"","overlay-color":"","overlay-opacity":"","overlay-gradient":""},"tablet":{"background-color":"","background-image":"","background-repeat":"repeat","background-position":"center center","background-size":"auto","background-attachment":"scroll","background-type":"","background-media":"","overlay-type":"","overlay-color":"","overlay-opacity":"","overlay-gradient":""},"mobile":{"background-color":"","background-image":"","background-repeat":"repeat","background-position":"center center","background-size":"auto","background-attachment":"scroll","background-type":"","background-media":"","overlay-type":"","overlay-color":"","overlay-opacity":"","overlay-gradient":""}},"ast-content-background-meta":{"desktop":{"background-color":"var(--ast-global-color-4)","background-image":"","background-repeat":"repeat","background-position":"center center","background-size":"auto","background-attachment":"scroll","background-type":"","background-media":"","overlay-type":"","overlay-color":"","overlay-opacity":"","overlay-gradient":""},"tablet":{"background-color":"var(--ast-global-color-4)","background-image":"","background-repeat":"repeat","background-position":"center center","background-size":"auto","background-attachment":"scroll","background-type":"","background-media":"","overlay-type":"","overlay-color":"","overlay-opacity":"","overlay-gradient":""},"mobile":{"background-color":"var(--ast-global-color-4)","background-image":"","background-repeat":"repeat","background-position":"center center","background-size":"auto","background-attachment":"scroll","background-type":"","background-media":"","overlay-type":"","overlay-color":"","overlay-opacity":"","overlay-gradient":""}}},"product_brand":[],"product_cat":[34],"product_tag":[],"class_list":{"0":"post-619","1":"product","2":"type-product","3":"status-publish","4":"has-post-thumbnail","6":"product_cat-precision-alloy","7":"desktop-align-left","8":"tablet-align-left","9":"mobile-align-left","11":"first","12":"instock","13":"shipping-taxable","14":"product-type-simple"},"_links":{"self":[{"href":"https:\/\/www.dura-alloy.com\/pt\/wp-json\/wp\/v2\/product\/619","targetHints":{"allow":["GET"]}}],"collection":[{"href":"https:\/\/www.dura-alloy.com\/pt\/wp-json\/wp\/v2\/product"}],"about":[{"href":"https:\/\/www.dura-alloy.com\/pt\/wp-json\/wp\/v2\/types\/product"}],"version-history":[{"count":0,"href":"https:\/\/www.dura-alloy.com\/pt\/wp-json\/wp\/v2\/product\/619\/revisions"}],"wp:featuredmedia":[{"embeddable":true,"href":"https:\/\/www.dura-alloy.com\/pt\/wp-json\/wp\/v2\/media\/620"}],"wp:attachment":[{"href":"https:\/\/www.dura-alloy.com\/pt\/wp-json\/wp\/v2\/media?parent=619"}],"wp:term":[{"taxonomy":"product_brand","embeddable":true,"href":"https:\/\/www.dura-alloy.com\/pt\/wp-json\/wp\/v2\/product_brand?post=619"},{"taxonomy":"product_cat","embeddable":true,"href":"https:\/\/www.dura-alloy.com\/pt\/wp-json\/wp\/v2\/product_cat?post=619"},{"taxonomy":"product_tag","embeddable":true,"href":"https:\/\/www.dura-alloy.com\/pt\/wp-json\/wp\/v2\/product_tag?post=619"}],"curies":[{"name":"wp","href":"https:\/\/api.w.org\/{rel}","templated":true}]}}