{"id":617,"date":"2025-06-17T01:56:57","date_gmt":"2025-06-17T01:56:57","guid":{"rendered":"https:\/\/dura-alloy.com\/?post_type=product&#038;p=617"},"modified":"2025-06-17T01:56:57","modified_gmt":"2025-06-17T01:56:57","slug":"4j32super-invar","status":"publish","type":"product","link":"https:\/\/www.dura-alloy.com\/pt\/produto\/4j32super-invar\/","title":{"rendered":"4J32(Super-Invar)"},"content":{"rendered":"<p><span>1. Introdu\u00e7\u00e3o aos materiais 4J32<\/span><\/p>\n<p><span>A liga 4J32 tamb\u00e9m \u00e9 chamada de liga Super-Invar. Na faixa de temperatura de -60-80 \u2103, seu coeficiente de expans\u00e3o \u00e9 menor do que o da liga 4J36, mas sua estabilidade de estrutura de baixa temperatura \u00e9 pior do que a da liga 4J36. Esta liga \u00e9 usada principalmente para fabricar pe\u00e7as de instrumentos de alta precis\u00e3o necess\u00e1rias para dimensionar dentro da faixa de varia\u00e7\u00e3o da temperatura ambiente.<\/span><\/p>\n<p><span>2. Normas t\u00e9cnicas para os materiais 4J32<\/span><br \/>\n<span>YB\/T 5241-1993 \"Condi\u00e7\u00f5es t\u00e9cnicas para ligas de baixa expans\u00e3o 4J32, 4J36, 4J38 e 4J40\".<\/span><\/p>\n<p><span>As amostras de teste de desempenho para o coeficiente de expans\u00e3o e estabilidade de tecido de baixa temperatura especificadas no padr\u00e3o do sistema de tratamento t\u00e9rmico 4J32 s\u00e3o processadas e tratadas termicamente de acordo com os seguintes m\u00e9todos: Aque\u00e7a a amostra semiacabada a 840 \u2103 \u00b1 10 \u2103, isolada por 1 h, temperada com \u00e1gua e, em seguida, processe a amostra em uma amostra acabada, isolada a 315 \u2103 \u00b1 10 \u2103 por 1 h e resfriada com o forno ou ar.<\/span><br \/>\n<span>As especifica\u00e7\u00f5es e condi\u00e7\u00f5es de fornecimento das variedades 4J32 incluem barras, tubos, placas, seda e correias.<\/span><br \/>\n<span>O processo de fus\u00e3o e fundi\u00e7\u00e3o de 4J32 utiliza fornos de indu\u00e7\u00e3o sem v\u00e1cuo, fornos de indu\u00e7\u00e3o com v\u00e1cuo e fornos de arco.<\/span><br \/>\n<span>4J32 Descri\u00e7\u00e3o geral das aplica\u00e7\u00f5es e requisitos especiais Esta liga \u00e9 uma liga t\u00edpica de baixa expans\u00e3o e tem sido utilizada h\u00e1 muito tempo em f\u00e1bricas de avia\u00e7\u00e3o e tem um desempenho est\u00e1vel. \u00c9 principalmente utilizada para fabricar componentes de precis\u00e3o com dimens\u00f5es altamente exactas dentro da gama de temperatura ambiente. Durante a utiliza\u00e7\u00e3o, o processo de tratamento t\u00e9rmico e o processo de processamento devem ser rigorosamente controlados, e a estabilidade do tecido deve ser rigorosamente verificada de acordo com a temperatura de utiliza\u00e7\u00e3o.<\/span><\/p>\n<p><span>3. Propriedades f\u00edsicas do 4J32<\/span><\/p>\n<p><span>A faixa de temperatura de fus\u00e3o do 4J32 \u00e9 de 1430 ~ 1450 \u2103 [1,2].<\/span><br \/>\n<span>4J32 condutividade t\u00e9rmica \u03bb=13,9W\/(m-\u2103)[1,2].<\/span><br \/>\n<span>O padr\u00e3o para o coeficiente de expans\u00e3o linear de 4J32 estipula que \u03b11 (20 ~ 100 \u2103) \u00e9 \u22641,0 \u00d7 10-6 \u2103-1 [5].<\/span><br \/>\n<span>Como a liga 4J36, a liga 4J32 tem o maior valor de coeficiente de expans\u00e3o linear quando recozida acima de 850 \u2103. A velocidade de resfriamento r\u00e1pido pode reduzir o coeficiente de expans\u00e3o linear. Para \u03b11 (temperatura ambiente ~ 100 \u00b0 C), a t\u00eampera (taxa de resfriamento r\u00e1pido) pode ser reduzida em quase metade em compara\u00e7\u00e3o com o recozimento.<\/span><\/p>\n<p><span>4. Sistema de tratamento especial 4J32<\/span><\/p>\n<p><span>As amostras de teste de desempenho para o coeficiente de expans\u00e3o e estabilidade do tecido de baixa temperatura especificadas pela norma s\u00e3o processadas e aquecidas de acordo com os seguintes m\u00e9todos: Aque\u00e7a a amostra semiacabada a 840 \u2103 \u00b1 10 \u2103, isolada por 1 h, temperada com \u00e1gua e, em seguida, processe a amostra em uma amostra acabada, isolada a 315 \u2103 \u00b1 10 \u2103 por 1 h e resfriada com o forno ou ar.<\/span><\/p>\n<p><span>Perfil de aplica\u00e7\u00e3o e requisitos especiais do 4J32<\/span><\/p>\n<p><span>Esta liga \u00e9 uma liga t\u00edpica de baixa expans\u00e3o e tem sido utilizada h\u00e1 muito tempo em f\u00e1bricas de avia\u00e7\u00e3o e tem um desempenho est\u00e1vel. \u00c9 principalmente utilizada para fabricar componentes de precis\u00e3o com dimens\u00f5es altamente exactas dentro da gama de temperatura ambiente. Durante a utiliza\u00e7\u00e3o, o processo de tratamento t\u00e9rmico e o processo de processamento devem ser rigorosamente controlados, e a estabilidade do tecido deve ser rigorosamente verificada de acordo com a temperatura de utiliza\u00e7\u00e3o.<\/span><\/p>\n<p><span>Estrutura da liga 4J32:<\/span><\/p>\n<p><span>Depois que a liga 4J32 inwa \u00e9 tratada de acordo com o sistema de tratamento t\u00e9rmico especificado em 1.5, e ent\u00e3o a velocidade de resfriamento \u00e9 de 2h a -60 \u2103, a estrutura da martensita n\u00e3o deve aparecer. No entanto, quando a composi\u00e7\u00e3o da liga n\u00e3o est\u00e1 correta, diferentes graus de austenita (\u03b3) sofrer\u00e3o uma transforma\u00e7\u00e3o em martensita acicular (\u03b1) \u00e0 temperatura ambiente ou baixa temperatura, e a mudan\u00e7a de fase ser\u00e1 acompanhada por um efeito de expans\u00e3o de volume. O coeficiente de expans\u00e3o da liga aumenta em conformidade. O principal fator que afecta a estabilidade da estrutura da liga a baixa temperatura \u00e9 a composi\u00e7\u00e3o qu\u00edmica da liga. Como se pode ver no diagrama de fases tern\u00e1rio Fe-Ni-Co, o n\u00edquel \u00e9 o principal elemento da fase gama est\u00e1vel. Um elevado teor de n\u00edquel favorece a estabilidade da fase gama. O cobre \u00e9 tamb\u00e9m um elemento importante na estabiliza\u00e7\u00e3o da estrutura da liga. \u00c0 medida que a taxa de deforma\u00e7\u00e3o total da liga aumenta, a sua estrutura tende a ser mais est\u00e1vel. A segrega\u00e7\u00e3o da composi\u00e7\u00e3o da liga tamb\u00e9m pode causar mudan\u00e7a de fase \u03b3\u2192\u03b1 em \u00e1reas locais. Al\u00e9m disso, os gr\u00e3os grossos tamb\u00e9m promover\u00e3o a transi\u00e7\u00e3o de fase de \u03b3\u2192\u03b1.<\/span><\/p>\n<p><span>As ligas de desempenho de soldadura 4J32 podem ser soldadas por brasagem, soldadura por fus\u00e3o, soldadura por resist\u00eancia e outros m\u00e9todos. Uma vez que o coeficiente de expans\u00e3o est\u00e1 relacionado com a composi\u00e7\u00e3o qu\u00edmica, as altera\u00e7\u00f5es na composi\u00e7\u00e3o da liga devem ser evitadas tanto quanto poss\u00edvel, pelo que \u00e9 melhor utilizar a soldadura por arco de \u00e1rgon.<\/span><br \/>\n<span>Processo de tratamento t\u00e9rmico de pe\u00e7as 4J32 O tratamento t\u00e9rmico pode ser dividido em: recozimento para remo\u00e7\u00e3o de tens\u00f5es, recozimento interm\u00e9dio e tratamento de estabiliza\u00e7\u00e3o.<\/span><br \/>\n<span>(1) Recozimento para elimina\u00e7\u00e3o de tens\u00f5es Para eliminar as tens\u00f5es residuais ap\u00f3s o processamento mec\u00e2nico das pe\u00e7as, deve ser efectuado o recozimento para elimina\u00e7\u00e3o de tens\u00f5es: 530~550 \u2103, isolamento durante 1~2h, e arrefecimento do forno.<\/span><br \/>\n<span>(2) O recozimento intermedi\u00e1rio \u00e9 para eliminar o endurecimento do processo da liga durante a lamina\u00e7\u00e3o a frio, trefila\u00e7\u00e3o a frio e estampagem a frio para facilitar o processamento cont\u00ednuo. Aque\u00e7a a pe\u00e7a de trabalho a 830-880 \u2103, mantenha o calor por 30 minutos e o forno \u00e9 resfriado ou resfriado a ar.<\/span><br \/>\n<span>(3) O tratamento de estabiliza\u00e7\u00e3o pode atingir um coeficiente de expans\u00e3o mais baixo e estabilizar o seu desempenho. Geralmente, \u00e9 utilizado um tratamento em tr\u00eas fases.<\/span><br \/>\n<span>a) Homogeneiza\u00e7\u00e3o: Durante o aquecimento, as impurezas da liga s\u00e3o suficientemente dissolvidas e os elementos de liga tendem a ser uniformes. A pe\u00e7a de trabalho \u00e9 aquecida a 830 \u00b0C numa atmosfera protetora, mantida em calor durante 20 minutos a 1 h, e temperada.<\/span><br \/>\n<span>b) T\u00eampera: Durante o processo de t\u00eampera, a tens\u00e3o gerada pela t\u00eampera pode ser parcialmente eliminada. Aque\u00e7a a pe\u00e7a de trabalho a 315 \u2103, mantenha-a no calor por 1 a 4 horas e o forno \u00e9 resfriado.<\/span><br \/>\n<span>c) Envelhecimento de estabiliza\u00e7\u00e3o: estabiliza as dimens\u00f5es da liga. A pe\u00e7a de trabalho \u00e9 aquecida a 95 \u2103 e mantida em calor durante 48 horas.<\/span><br \/>\n<span>Quando o tratamento de alta temperatura n\u00e3o \u00e9 adequado para o tratamento de alta temperatura, o seguinte tratamento de remo\u00e7\u00e3o de tens\u00e3o e estabiliza\u00e7\u00e3o pode ser usado: a pe\u00e7a de trabalho \u00e9 aquecida a 315-370 \u2103, 1-4h.<\/span><br \/>\n<span>A liga n\u00e3o pode ser endurecida por tratamento t\u00e9rmico.<\/span><br \/>\n<span>Processo de tratamento da superf\u00edcie da liga 4J32 O tratamento da superf\u00edcie pode ser efectuado com jato de areia, polimento ou decapagem. A liga pode ser decapada a 70\u00b0C com uma solu\u00e7\u00e3o de \u00e1cido clor\u00eddrico 25% para remover as incrusta\u00e7\u00f5es.<\/span><br \/>\n<span>Propriedades de corte e retifica\u00e7\u00e3o do 4J32 As carater\u00edsticas de corte e processamento desta liga s\u00e3o semelhantes \u00e0s do a\u00e7o inoxid\u00e1vel austen\u00edtico. S\u00e3o utilizadas ferramentas de corte de a\u00e7o de alta velocidade ou de carboneto para o processamento, e corte e processamento de baixa velocidade. O l\u00edquido de arrefecimento pode ser utilizado durante o corte. A liga tem um bom desempenho de retifica\u00e7\u00e3o.<\/span><\/p>\n<p><span>5. Campos de aplica\u00e7\u00e3o 4J32<\/span><\/p>\n<p><span>O 4J32 \u00e9 uma liga t\u00edpica de baixa expans\u00e3o, utilizada h\u00e1 muito tempo em f\u00e1bricas de avia\u00e7\u00e3o e com um desempenho est\u00e1vel. \u00c9 utilizada principalmente para fabricar componentes de precis\u00e3o com dimens\u00f5es altamente exactas dentro do intervalo de temperatura ambiente. Durante a utiliza\u00e7\u00e3o, o processo de tratamento t\u00e9rmico e o processo de processamento devem ser rigorosamente controlados, e a estabilidade do tecido deve ser rigorosamente verificada de acordo com a temperatura de utiliza\u00e7\u00e3o.<\/span><\/p>","protected":false},"excerpt":{"rendered":"<p>1. Introduction to 4J32 materials 4J32 alloy is also called Super-Invar alloy. In the temperature range of -60-80\u2103, its expansion [&hellip;]<\/p>","protected":false},"featured_media":618,"template":"","meta":{"site-sidebar-layout":"default","site-content-layout":"","ast-site-content-layout":"default","site-content-style":"default","site-sidebar-style":"default","ast-global-header-display":"","ast-banner-title-visibility":"","ast-main-header-display":"","ast-hfb-above-header-display":"","ast-hfb-below-header-display":"","ast-hfb-mobile-header-display":"","site-post-title":"","ast-breadcrumbs-content":"","ast-featured-img":"","footer-sml-layout":"","theme-transparent-header-meta":"default","adv-header-id-meta":"","stick-header-meta":"","header-above-stick-meta":"","header-main-stick-meta":"","header-below-stick-meta":"","astra-migrate-meta-layouts":"set","ast-page-background-enabled":"default","ast-page-background-meta":{"desktop":{"background-color":"var(--ast-global-color-5)","background-image":"","background-repeat":"repeat","background-position":"center center","background-size":"auto","background-attachment":"scroll","background-type":"","background-media":"","overlay-type":"","overlay-color":"","overlay-opacity":"","overlay-gradient":""},"tablet":{"background-color":"","background-image":"","background-repeat":"repeat","background-position":"center center","background-size":"auto","background-attachment":"scroll","background-type":"","background-media":"","overlay-type":"","overlay-color":"","overlay-opacity":"","overlay-gradient":""},"mobile":{"background-color":"","background-image":"","background-repeat":"repeat","background-position":"center center","background-size":"auto","background-attachment":"scroll","background-type":"","background-media":"","overlay-type":"","overlay-color":"","overlay-opacity":"","overlay-gradient":""}},"ast-content-background-meta":{"desktop":{"background-color":"var(--ast-global-color-4)","background-image":"","background-repeat":"repeat","background-position":"center center","background-size":"auto","background-attachment":"scroll","background-type":"","background-media":"","overlay-type":"","overlay-color":"","overlay-opacity":"","overlay-gradient":""},"tablet":{"background-color":"var(--ast-global-color-4)","background-image":"","background-repeat":"repeat","background-position":"center center","background-size":"auto","background-attachment":"scroll","background-type":"","background-media":"","overlay-type":"","overlay-color":"","overlay-opacity":"","overlay-gradient":""},"mobile":{"background-color":"var(--ast-global-color-4)","background-image":"","background-repeat":"repeat","background-position":"center center","background-size":"auto","background-attachment":"scroll","background-type":"","background-media":"","overlay-type":"","overlay-color":"","overlay-opacity":"","overlay-gradient":""}}},"product_brand":[],"product_cat":[34],"product_tag":[],"class_list":{"0":"post-617","1":"product","2":"type-product","3":"status-publish","4":"has-post-thumbnail","6":"product_cat-precision-alloy","7":"desktop-align-left","8":"tablet-align-left","9":"mobile-align-left","11":"first","12":"instock","13":"shipping-taxable","14":"product-type-simple"},"_links":{"self":[{"href":"https:\/\/www.dura-alloy.com\/pt\/wp-json\/wp\/v2\/product\/617","targetHints":{"allow":["GET"]}}],"collection":[{"href":"https:\/\/www.dura-alloy.com\/pt\/wp-json\/wp\/v2\/product"}],"about":[{"href":"https:\/\/www.dura-alloy.com\/pt\/wp-json\/wp\/v2\/types\/product"}],"version-history":[{"count":0,"href":"https:\/\/www.dura-alloy.com\/pt\/wp-json\/wp\/v2\/product\/617\/revisions"}],"wp:featuredmedia":[{"embeddable":true,"href":"https:\/\/www.dura-alloy.com\/pt\/wp-json\/wp\/v2\/media\/618"}],"wp:attachment":[{"href":"https:\/\/www.dura-alloy.com\/pt\/wp-json\/wp\/v2\/media?parent=617"}],"wp:term":[{"taxonomy":"product_brand","embeddable":true,"href":"https:\/\/www.dura-alloy.com\/pt\/wp-json\/wp\/v2\/product_brand?post=617"},{"taxonomy":"product_cat","embeddable":true,"href":"https:\/\/www.dura-alloy.com\/pt\/wp-json\/wp\/v2\/product_cat?post=617"},{"taxonomy":"product_tag","embeddable":true,"href":"https:\/\/www.dura-alloy.com\/pt\/wp-json\/wp\/v2\/product_tag?post=617"}],"curies":[{"name":"wp","href":"https:\/\/api.w.org\/{rel}","templated":true}]}}