{"id":611,"date":"2025-06-17T01:48:03","date_gmt":"2025-06-17T01:48:03","guid":{"rendered":"https:\/\/dura-alloy.com\/?post_type=product&#038;p=611"},"modified":"2025-06-17T01:48:04","modified_gmt":"2025-06-17T01:48:04","slug":"sus630","status":"publish","type":"product","link":"https:\/\/www.dura-alloy.com\/pt\/produto\/sus630\/","title":{"rendered":"SUS630"},"content":{"rendered":"<p style=\"text-align: center;\"><strong><span>\u00c2mbito de fornecimento do Grupo de Avia\u00e7\u00e3o:<\/span><\/strong><\/p>\n<p style=\"text-align: center;\"><strong><span>Pe\u00e7as forjadas n\u00e3o normalizadas, var\u00f5es redondos, chapas de a\u00e7o, an\u00e9is, tubos sem costura<\/span><\/strong><\/p>\n<ol>\n<li><strong><span>Introdu\u00e7\u00e3o ao SUS630\u00a0<\/span><\/strong><strong><span>Materiais<\/span><\/strong><strong style=\"font-size: 16px;\">\u00a0<\/strong><\/li>\n<\/ol>\n<p><span>\u00a0 \u00a0 \u00a0 A liga SUS630 \u00e9 um a\u00e7o inoxid\u00e1vel martens\u00edtico precipitado, endurecido, composto por cobre, ni\u00f3bio\/cin\u00e1brio. Grau correspondente: 0Cr17Ni4Cu4Nb 05Cr17Ni4Cu4Nb S17400<\/span><\/p>\n<p><span>\u00a0 \u00a0 \u00a0 O SUS630 \u00e9 um a\u00e7o inoxid\u00e1vel endurecido precipitado por martensite com elevada resist\u00eancia, elevada dureza, bom desempenho de soldadura e resist\u00eancia \u00e0 corros\u00e3o. Tem sido amplamente promovido e utilizado em v\u00e1lvulas, eixos, fibras qu\u00edmicas, aeroespacial e outras ind\u00fastrias, e tem componentes de alta resist\u00eancia com certos requisitos de resist\u00eancia \u00e0 corros\u00e3o.<\/span><\/p>\n<ol start=\"2\">\n<li><strong><span>SUS630\u00a0<\/span><\/strong><strong><span>Composi\u00e7\u00e3o qu\u00edmica<\/span><\/strong><strong style=\"font-size: 16px;\">\u00a0<\/strong><\/li>\n<\/ol>\n<table border=\"-\">\n<tbody>\n<tr>\n<td width=\"56\"><span>liga<\/span><\/td>\n<td width=\"64\">%<\/td>\n<td width=\"42\">C<\/td>\n<td width=\"37\">Mn<\/td>\n<td width=\"41\"><span>E\u00a0<\/span><\/td>\n<td width=\"47\">P<\/td>\n<td width=\"59\">S<\/td>\n<td width=\"41\">Cr<\/td>\n<td width=\"40\"><span>Em<\/span><\/td>\n<td width=\"40\">Cu<\/td>\n<td width=\"40\">Fe<\/td>\n<td width=\"41\">Nb<\/td>\n<\/tr>\n<tr>\n<td rowspan=\"2\" width=\"56\"><span>SUS630<\/span><\/td>\n<td width=\"64\"><span>Valor m\u00ednimo<\/span><\/td>\n<td width=\"42\">&#8211;<\/td>\n<td width=\"37\"><span>&#8211;<\/span><\/td>\n<td width=\"41\"><span>&#8211;<\/span><\/td>\n<td width=\"47\"><span>&#8211;<\/span><\/td>\n<td width=\"59\"><span>&#8211;<\/span><\/td>\n<td width=\"41\">15.5<\/td>\n<td width=\"40\">3.0<\/td>\n<td width=\"40\"><span>3.0<\/span><\/td>\n<td rowspan=\"2\" width=\"40\"><span>margem<\/span><\/td>\n<td width=\"41\">0.15<\/td>\n<\/tr>\n<tr>\n<td width=\"64\"><span>Valor m\u00e1ximo<\/span><\/td>\n<td width=\"42\">0.07<\/td>\n<td width=\"37\">1.0<\/td>\n<td width=\"41\"><span>1.0<\/span><\/td>\n<td width=\"47\">0.040<\/td>\n<td width=\"59\">0.030<\/td>\n<td width=\"41\">17.5<\/td>\n<td width=\"40\">5.0<\/td>\n<td width=\"40\"><span>5.0<\/span><\/td>\n<td width=\"41\">0.45<\/td>\n<\/tr>\n<\/tbody>\n<\/table>\n<ol start=\"3\">\n<li><strong><span>SUS630\u00a0<\/span><\/strong><strong><span>Desempenho f\u00edsico<\/span><\/strong><strong style=\"font-size: 16px;\">\u00a0<\/strong><\/li>\n<\/ol>\n<table border=\"-\">\n<tbody>\n<tr>\n<td width=\"106\"><span>densidade<\/span><\/td>\n<td width=\"247\">7,78g\/cm3<\/td>\n<\/tr>\n<tr>\n<td width=\"106\"><span>Ponto de fus\u00e3o<\/span><\/td>\n<td width=\"247\">1400-1440\u2103<\/td>\n<\/tr>\n<\/tbody>\n<\/table>\n<p><span>Propriedades mec\u00e2nicas da liga SUS630 \u00e0 temperatura ambiente:<\/span><\/p>\n<table border=\"-\">\n<tbody>\n<tr>\n<td width=\"96\"><span>liga<\/span><\/td>\n<td width=\"103\"><span>Resist\u00eancia \u00e0 tra\u00e7\u00e3o<\/span><br \/>\n<span>Rm N\/mm2<\/span><\/td>\n<td width=\"120\"><span>Resist\u00eancia ao escoamento<\/span><br \/>\n<span>RP0.2N\/mm2<\/span><\/td>\n<td width=\"67\"><span>Alongamento<\/span><br \/>\n<span>A5 %<\/span><\/td>\n<td width=\"90\"><span>Dureza Brinell\u00a0<\/span><br \/>\n<span>HB<\/span><\/td>\n<\/tr>\n<tr>\n<td width=\"96\"><span>480\u2103 de envelhecimento<\/span><\/td>\n<td width=\"103\">\u22651310<\/td>\n<td width=\"120\">\u22651180<\/td>\n<td width=\"67\">\u226510<\/td>\n<td width=\"90\">\u226540<\/td>\n<\/tr>\n<tr>\n<td width=\"96\"><span>550\u2103 de envelhecimento<\/span><\/td>\n<td width=\"103\">\u22651060<\/td>\n<td width=\"120\">\u22651000<\/td>\n<td width=\"67\">\u226512<\/td>\n<td width=\"90\">\u226535<\/td>\n<\/tr>\n<tr>\n<td width=\"96\"><span>580\u2103 de envelhecimento<\/span><\/td>\n<td width=\"103\"><span>\u22651000<\/span><\/td>\n<td width=\"120\">\u2265865<\/td>\n<td width=\"67\">\u226513<\/td>\n<td width=\"90\">\u226531<\/td>\n<\/tr>\n<tr>\n<td width=\"96\"><span>Efeito do envelhecimento de 620\u2103<\/span><\/td>\n<td width=\"103\">\u2265930<\/td>\n<td width=\"120\">\u2265325<\/td>\n<td width=\"67\">\u226516<\/td>\n<td width=\"90\">\u226528<\/td>\n<\/tr>\n<\/tbody>\n<\/table>\n<ol start=\"4\">\n<li><strong><span>SUS630\u00a0<\/span><\/strong><strong><span>resist\u00eancia \u00e0 corros\u00e3o<\/span><\/strong><strong style=\"font-size: 16px;\">\u00a0<\/strong><\/li>\n<\/ol>\n<ul>\n<li><span>A liga SUS630 tem uma resist\u00eancia \u00e0 corros\u00e3o melhor do que qualquer outra placa de a\u00e7o inoxid\u00e1vel endurec\u00edvel padr\u00e3o. Na maioria dos casos, a sua resist\u00eancia \u00e0 corros\u00e3o n\u00e3o \u00e9 inferior a 304.<\/span><\/li>\n<li><span>Se houver risco de fissura\u00e7\u00e3o por corros\u00e3o sob tens\u00e3o, a temperatura de envelhecimento mais elevada deve ser superior a 550\u00b0C (1022\u00b0F), de prefer\u00eancia 590\u00b0C (1094\u00b0F).<\/span><\/li>\n<li><span>A temperatura de t\u00eampera no meio de cloreto \u00e9 de 550\u00b0C-1022\u00b0F.<\/span><\/li>\n<li><span>A temperatura de t\u00eampera em meio H2S \u00e9 de 590\u00b0C-1094\u00b0F.<\/span><\/li>\n<li><span>\u00c9 suscet\u00edvel \u00e0 corros\u00e3o ou \u00e0 corros\u00e3o por fissuras na \u00e1gua do mar est\u00e1tica.<\/span><\/li>\n<li><span>A sua resist\u00eancia \u00e0 corros\u00e3o \u00e9 a mesma que a do tipo 304L na ind\u00fastria petroqu\u00edmica, alimentar e do papel.<\/span><\/li>\n<\/ul>\n<ol start=\"5\">\n<li><strong><span>Estado de entrega do SUS630<\/span><\/strong><strong style=\"font-size: 16px;\">\u00a0<\/strong><\/li>\n<\/ol>\n<p><span>Geralmente, a entrega \u00e9 efectuada num estado de tratamento t\u00e9rmico, sendo o tipo de tratamento t\u00e9rmico indicado no contrato; se n\u00e3o for especificado, a entrega \u00e9 efectuada num estado de tratamento t\u00e9rmico.<\/span><\/p>\n<p><span>A liga SUS630 \u00e9 um a\u00e7o inoxid\u00e1vel martens\u00edtico precipitado, temperado, e este tipo tem elevada resist\u00eancia, dureza e resist\u00eancia \u00e0 corros\u00e3o. Ap\u00f3s o tratamento t\u00e9rmico, as propriedades mec\u00e2nicas do produto s\u00e3o mais perfeitas, atingindo uma resist\u00eancia \u00e0 compress\u00e3o de at\u00e9 1100-1300 mpa (160-190 ksi). Este tipo n\u00e3o pode ser utilizado a temperaturas superiores a 300\u00b0C (570F) ou muito baixas. Tem uma boa resist\u00eancia \u00e0 corros\u00e3o atmosf\u00e9rica e a \u00e1cidos ou sais dilu\u00eddos, e a sua resist\u00eancia \u00e0 corros\u00e3o \u00e9 a mesma que a do 304 e 430.<\/span><\/p>\n<p><strong><span>SUS630 Propriedades mec\u00e2nicas<\/span><\/strong><\/p>\n<p><span>Resist\u00eancia \u00e0 tra\u00e7\u00e3o \u03c3b (MPa): 480\u2103 envelhecimento, \u22651310; 550\u2103 envelhecimento, \u22651060; 580\u2103 envelhecimento, \u22651000; 620\u2103 envelhecimento, \u2265930<\/span><\/p>\n<p><span>Resist\u00eancia ao escoamento condicional \u03c30,2 (MPa): 480\u2103 de envelhecimento, \u22651180; 550\u2103 de envelhecimento, \u22651000; 580\u2103 de envelhecimento, \u2265865; 620\u2103 de envelhecimento, \u2265725<\/span><\/p>\n<p><span>Alongamento \u03b45 (%): 480\u2103 de envelhecimento, \u226510; 550\u2103 de envelhecimento, \u226512; 580\u2103 de envelhecimento, \u226513; 620\u2103 de envelhecimento, \u226516<\/span><\/p>\n<p><span>Taxa de encolhimento da sec\u00e7\u00e3o \u03c8 (%): 480\u2103 envelhecimento, \u226540; 550\u2103 envelhecimento, \u226545; 580\u2103 envelhecimento, \u226545; 620\u2103 envelhecimento, \u226550<\/span><\/p>\n<p><span>Dureza: solu\u00e7\u00e3o s\u00f3lida, \u2264363HB e \u226438HRC; envelhecimento de 480\u2103, \u2265375HB e \u226540HRC; envelhecimento de 550\u2103, \u2265331HB e \u226535HRC; envelhecimento de 580\u2103, \u2265302HB e \u226531HRC; envelhecimento de 620\u2103, \u2265277HB e \u226528HRC<\/span><\/p>\n<p><strong><span>SUS630<\/span><\/strong><span>\u00a0processo de tratamento t\u00e9rmico, especifica\u00e7\u00f5es de tratamento t\u00e9rmico:<\/span><\/p>\n<p><span>1) Solu\u00e7\u00e3o s\u00f3lida a 1020~1060\u2103 rapidamente arrefecida;<\/span><\/p>\n<p><span>2) Envelhecimento a 480 \u2103, ap\u00f3s tratamento com solu\u00e7\u00e3o s\u00f3lida, resfriamento ao ar a 470 ~ 490 \u2103;<\/span><\/p>\n<p><span>3) Envelhecimento a 550 \u2103, ap\u00f3s tratamento com solu\u00e7\u00e3o s\u00f3lida, resfriamento ao ar a 540 ~ 560 \u2103;<\/span><\/p>\n<p><span>4) Envelhecimento a 580 \u2103, ap\u00f3s tratamento com solu\u00e7\u00e3o s\u00f3lida, resfriamento ao ar a 570 ~ 590 \u2103;<\/span><\/p>\n<p><span>5) Envelhecimento a 620 \u2103, ap\u00f3s tratamento com solu\u00e7\u00e3o s\u00f3lida, resfriamento ao ar a 610 ~ 630 \u2103. Estrutura metalogr\u00e1fica: O tecido \u00e9 caracterizado por precipita\u00e7\u00e3o e endurecimento.<\/span><\/p>\n<p><span>Estado da entrega<\/span><\/p>\n<p><span>Geralmente, a entrega \u00e9 efectuada num estado de tratamento t\u00e9rmico, sendo o tipo de tratamento t\u00e9rmico indicado no contrato; se n\u00e3o for especificado, a entrega \u00e9 efectuada num estado de tratamento t\u00e9rmico.<\/span><\/p>\n<ol start=\"6\">\n<li><strong><span>SUS630\u00a0<\/span><\/strong><strong><span>campos de aplica\u00e7\u00e3o<\/span><\/strong><strong style=\"font-size: 16px;\">\u00a0<\/strong><\/li>\n<\/ol>\n<ul>\n<li><span>Plataforma mar\u00edtima, conv\u00e9s de helic\u00f3pteros, outras plataformas<\/span><\/li>\n<li><span>Ind\u00fastria alimentar<\/span><\/li>\n<li><span>Ind\u00fastria da pasta de papel e do papel<\/span><\/li>\n<li><span>Aeroespacial (l\u00e2minas de turbina)<\/span><\/li>\n<li><span>Componentes mec\u00e2nicos<\/span><\/li>\n<li><span>Balde para res\u00edduos nucleares<\/span><\/li>\n<\/ul>","protected":false},"excerpt":{"rendered":"<p>Scope of supply of Aviation Group: Non-standard forgings, round rods, steel plates, rings, seamless pipes Introduction to SUS630\u00a0Materials\u00a0 \u00a0 \u00a0 [&hellip;]<\/p>","protected":false},"featured_media":612,"template":"","meta":{"site-sidebar-layout":"default","site-content-layout":"","ast-site-content-layout":"default","site-content-style":"default","site-sidebar-style":"default","ast-global-header-display":"","ast-banner-title-visibility":"","ast-main-header-display":"","ast-hfb-above-header-display":"","ast-hfb-below-header-display":"","ast-hfb-mobile-header-display":"","site-post-title":"","ast-breadcrumbs-content":"","ast-featured-img":"","footer-sml-layout":"","theme-transparent-header-meta":"default","adv-header-id-meta":"","stick-header-meta":"","header-above-stick-meta":"","header-main-stick-meta":"","header-below-stick-meta":"","astra-migrate-meta-layouts":"set","ast-page-background-enabled":"default","ast-page-background-meta":{"desktop":{"background-color":"var(--ast-global-color-5)","background-image":"","background-repeat":"repeat","background-position":"center center","background-size":"auto","background-attachment":"scroll","background-type":"","background-media":"","overlay-type":"","overlay-color":"","overlay-opacity":"","overlay-gradient":""},"tablet":{"background-color":"","background-image":"","background-repeat":"repeat","background-position":"center center","background-size":"auto","background-attachment":"scroll","background-type":"","background-media":"","overlay-type":"","overlay-color":"","overlay-opacity":"","overlay-gradient":""},"mobile":{"background-color":"","background-image":"","background-repeat":"repeat","background-position":"center center","background-size":"auto","background-attachment":"scroll","background-type":"","background-media":"","overlay-type":"","overlay-color":"","overlay-opacity":"","overlay-gradient":""}},"ast-content-background-meta":{"desktop":{"background-color":"var(--ast-global-color-4)","background-image":"","background-repeat":"repeat","background-position":"center center","background-size":"auto","background-attachment":"scroll","background-type":"","background-media":"","overlay-type":"","overlay-color":"","overlay-opacity":"","overlay-gradient":""},"tablet":{"background-color":"var(--ast-global-color-4)","background-image":"","background-repeat":"repeat","background-position":"center center","background-size":"auto","background-attachment":"scroll","background-type":"","background-media":"","overlay-type":"","overlay-color":"","overlay-opacity":"","overlay-gradient":""},"mobile":{"background-color":"var(--ast-global-color-4)","background-image":"","background-repeat":"repeat","background-position":"center center","background-size":"auto","background-attachment":"scroll","background-type":"","background-media":"","overlay-type":"","overlay-color":"","overlay-opacity":"","overlay-gradient":""}}},"product_brand":[],"product_cat":[33],"product_tag":[],"class_list":{"0":"post-611","1":"product","2":"type-product","3":"status-publish","4":"has-post-thumbnail","6":"product_cat-precipitation-hardening-stainless-steel","7":"desktop-align-left","8":"tablet-align-left","9":"mobile-align-left","11":"first","12":"instock","13":"shipping-taxable","14":"product-type-simple"},"_links":{"self":[{"href":"https:\/\/www.dura-alloy.com\/pt\/wp-json\/wp\/v2\/product\/611","targetHints":{"allow":["GET"]}}],"collection":[{"href":"https:\/\/www.dura-alloy.com\/pt\/wp-json\/wp\/v2\/product"}],"about":[{"href":"https:\/\/www.dura-alloy.com\/pt\/wp-json\/wp\/v2\/types\/product"}],"version-history":[{"count":0,"href":"https:\/\/www.dura-alloy.com\/pt\/wp-json\/wp\/v2\/product\/611\/revisions"}],"wp:featuredmedia":[{"embeddable":true,"href":"https:\/\/www.dura-alloy.com\/pt\/wp-json\/wp\/v2\/media\/612"}],"wp:attachment":[{"href":"https:\/\/www.dura-alloy.com\/pt\/wp-json\/wp\/v2\/media?parent=611"}],"wp:term":[{"taxonomy":"product_brand","embeddable":true,"href":"https:\/\/www.dura-alloy.com\/pt\/wp-json\/wp\/v2\/product_brand?post=611"},{"taxonomy":"product_cat","embeddable":true,"href":"https:\/\/www.dura-alloy.com\/pt\/wp-json\/wp\/v2\/product_cat?post=611"},{"taxonomy":"product_tag","embeddable":true,"href":"https:\/\/www.dura-alloy.com\/pt\/wp-json\/wp\/v2\/product_tag?post=611"}],"curies":[{"name":"wp","href":"https:\/\/api.w.org\/{rel}","templated":true}]}}