{"id":605,"date":"2025-06-17T01:23:57","date_gmt":"2025-06-17T01:23:57","guid":{"rendered":"https:\/\/dura-alloy.com\/?post_type=product&#038;p=605"},"modified":"2025-06-17T01:23:57","modified_gmt":"2025-06-17T01:23:57","slug":"07cr17ni7al","status":"publish","type":"product","link":"https:\/\/www.dura-alloy.com\/pt\/produto\/07cr17ni7al\/","title":{"rendered":"07Cr17Ni7Al"},"content":{"rendered":"<p style=\"text-align: center;\"><strong><span>\u00c2mbito de fornecimento do Grupo de Avia\u00e7\u00e3o:<\/span><\/strong><\/p>\n<p style=\"text-align: center;\"><strong><span>Pe\u00e7as forjadas n\u00e3o normalizadas, var\u00f5es redondos, chapas de a\u00e7o, an\u00e9is, tubos sem costura<\/span><\/strong><strong>\u00a0<\/strong><\/p>\n<p><strong><span>1.\u00a0<\/span><\/strong><strong><span>Introduction to 0Cr17Ni7Al Materials<\/span><\/strong><\/p>\n<p><span>07Cr17Ni7Al is an austenite-martensite precipitation hardened stainless steel developed based on 18-8CrNi, also known as controlled phase change stainless steel.<\/span><\/p>\n<p><span>07Cr17Ni7Al is also a diffuse hardened stainless steel, with high strength and high hardness, fatigue resistance, good corrosion resistance and die forging, and rarely deformation when exposed to high temperatures. This steel has good performance and is especially suitable for the aerospace and aerospace field. This special alloy is also suitable for other fields with high strength and corrosion resistance requirements. At high temperatures to 316\u00b0C, the spring performance is still good. 07CR17NI7AL is used in aerospace, chemical, petrochemical, papermaking and metal processing industries.<\/span><\/p>\n<ol start=\"2\">\n<li><strong><span>Ingredientes qu\u00edmicos<\/span><\/strong><\/li>\n<\/ol>\n<table border=\"-\">\n<tbody>\n<tr>\n<td width=\"49\"><span>liga<\/span><\/td>\n<td width=\"47\">C<\/td>\n<td width=\"40\">Mn<\/td>\n<td width=\"37\"><span>E<\/span><\/td>\n<td width=\"39\">P<\/td>\n<td width=\"47\">S<\/td>\n<td width=\"59\">Cr<\/td>\n<td width=\"53\"><span>Em<\/span><\/td>\n<td width=\"53\">Al<\/td>\n<\/tr>\n<tr>\n<td rowspan=\"2\" width=\"49\"><span>07Cr17Ni7Al<\/span><\/td>\n<td width=\"47\">&#8211;<\/td>\n<td width=\"40\"><span>&#8211;<\/span><\/td>\n<td width=\"37\"><span>&#8211;<\/span><\/td>\n<td width=\"39\"><span>&#8211;<\/span><\/td>\n<td width=\"47\"><span>&#8211;<\/span><\/td>\n<td width=\"59\">16.0<\/td>\n<td width=\"53\">6.50<\/td>\n<td width=\"53\">0.75<\/td>\n<\/tr>\n<tr>\n<td width=\"47\">0.09<\/td>\n<td width=\"40\">1.0<\/td>\n<td width=\"37\"><span>1.0<\/span><\/td>\n<td width=\"39\">0.040<\/td>\n<td width=\"47\">0.030<\/td>\n<td width=\"59\">18.0<\/td>\n<td width=\"53\">7.75<\/td>\n<td width=\"53\">1.5<\/td>\n<\/tr>\n<\/tbody>\n<\/table>\n<ol start=\"3\">\n<li><strong><span>Propriedades f\u00edsicas<\/span><\/strong><\/li>\n<\/ol>\n<table border=\"-\">\n<tbody>\n<tr>\n<td width=\"122\"><span>densidade<\/span><\/td>\n<td width=\"131\">7,65g\/cm3<\/td>\n<\/tr>\n<tr>\n<td width=\"122\"><span>Ponto de fus\u00e3o<\/span><\/td>\n<td width=\"131\">1415-1450\u2103<\/td>\n<\/tr>\n<\/tbody>\n<\/table>\n<p><strong><span>Mechanical properties of 07CR17NI7AL\u00a0<\/span><\/strong><strong><span>liga \u00e0 temperatura ambiente<\/span><\/strong><\/p>\n<table border=\"-\">\n<tbody>\n<tr>\n<td width=\"177\"><span>Liga de Jubao<\/span><\/td>\n<td width=\"98\"><span>Resist\u00eancia \u00e0 tra\u00e7\u00e3o<\/span><br \/>\n<span>Rm N\/mm2<\/span><\/td>\n<td width=\"110\"><span>Resist\u00eancia ao escoamento<\/span><br \/>\n<span>RP0.2N\/mm2<\/span><\/td>\n<td width=\"58\"><span>Alongamento<\/span><br \/>\n<span>A5 %<\/span><\/td>\n<td width=\"78\"><span>Dureza Brinell\u00a0<\/span><br \/>\n<span>HB<\/span><\/td>\n<\/tr>\n<tr>\n<td width=\"177\"><span>Fus\u00e3o s\u00f3lida 1000~1100\u2103 Arrefecimento r\u00e1pido<\/span><\/td>\n<td width=\"98\">\u22641030<\/td>\n<td width=\"110\">\u2264380<\/td>\n<td width=\"58\">\u226520<\/td>\n<td width=\"78\">\u2264229<\/td>\n<\/tr>\n<tr>\n<td width=\"177\"><span>565\u2103 envelhecimento<\/span><\/td>\n<td width=\"98\">\u22651140<\/td>\n<td width=\"110\">\u2265960<\/td>\n<td width=\"58\">\u22655<\/td>\n<td width=\"78\">\u2265363<\/td>\n<\/tr>\n<tr>\n<td width=\"177\"><span>510\u2103 de envelhecimento<\/span><\/td>\n<td width=\"98\">\u22651230<\/td>\n<td width=\"110\">\u22651030<\/td>\n<td width=\"58\">\u22654<\/td>\n<td width=\"78\">\u2265388<\/td>\n<\/tr>\n<\/tbody>\n<\/table>\n<p>&nbsp;<\/p>\n<ol start=\"4\">\n<li><strong><span>Propriedades dos materiais<\/span><\/strong><\/li>\n<\/ol>\n<p><strong><span>07Cr17Ni7Al<\/span><\/strong><span>\u00a0is a hardened stainless steel with high strength and hardness, fatigue resistance, good corrosion resistance and die forging. After solid solution treatment, it is an unstable austenite structure with good plastic toughness and processability. After adjustment, the austenite precipitation of carbide phenol composition changes. After martensite transformation treatment, most of the structures are transformed into low-carbon tempered martensite with good toughness. This state is the use state of steel and has good medium-temperature mechanical properties. Corrosion resistance is better than general martensitic stainless steel.<\/span><\/p>\n<ol start=\"5\">\n<li><strong><span>\u00c1reas de aplica\u00e7\u00e3o<\/span><\/strong><\/li>\n<\/ol>\n<p><span>Utilizado nas ind\u00fastrias aeroespacial, qu\u00edmica, petroqu\u00edmica, de fabrico de papel e de processamento de metais.<\/span><\/p>","protected":false},"excerpt":{"rendered":"<p>Scope of supply of Aviation Group: Non-standard forgings, round rods, steel plates, rings, seamless pipes\u00a0 1.\u00a0Introduction to 0Cr17Ni7Al Materials 07Cr17Ni7Al [&hellip;]<\/p>","protected":false},"featured_media":606,"template":"","meta":{"site-sidebar-layout":"default","site-content-layout":"","ast-site-content-layout":"default","site-content-style":"default","site-sidebar-style":"default","ast-global-header-display":"","ast-banner-title-visibility":"","ast-main-header-display":"","ast-hfb-above-header-display":"","ast-hfb-below-header-display":"","ast-hfb-mobile-header-display":"","site-post-title":"","ast-breadcrumbs-content":"","ast-featured-img":"","footer-sml-layout":"","theme-transparent-header-meta":"default","adv-header-id-meta":"","stick-header-meta":"","header-above-stick-meta":"","header-main-stick-meta":"","header-below-stick-meta":"","astra-migrate-meta-layouts":"set","ast-page-background-enabled":"default","ast-page-background-meta":{"desktop":{"background-color":"var(--ast-global-color-5)","background-image":"","background-repeat":"repeat","background-position":"center center","background-size":"auto","background-attachment":"scroll","background-type":"","background-media":"","overlay-type":"","overlay-color":"","overlay-opacity":"","overlay-gradient":""},"tablet":{"background-color":"","background-image":"","background-repeat":"repeat","background-position":"center center","background-size":"auto","background-attachment":"scroll","background-type":"","background-media":"","overlay-type":"","overlay-color":"","overlay-opacity":"","overlay-gradient":""},"mobile":{"background-color":"","background-image":"","background-repeat":"repeat","background-position":"center center","background-size":"auto","background-attachment":"scroll","background-type":"","background-media":"","overlay-type":"","overlay-color":"","overlay-opacity":"","overlay-gradient":""}},"ast-content-background-meta":{"desktop":{"background-color":"var(--ast-global-color-4)","background-image":"","background-repeat":"repeat","background-position":"center center","background-size":"auto","background-attachment":"scroll","background-type":"","background-media":"","overlay-type":"","overlay-color":"","overlay-opacity":"","overlay-gradient":""},"tablet":{"background-color":"var(--ast-global-color-4)","background-image":"","background-repeat":"repeat","background-position":"center center","background-size":"auto","background-attachment":"scroll","background-type":"","background-media":"","overlay-type":"","overlay-color":"","overlay-opacity":"","overlay-gradient":""},"mobile":{"background-color":"var(--ast-global-color-4)","background-image":"","background-repeat":"repeat","background-position":"center center","background-size":"auto","background-attachment":"scroll","background-type":"","background-media":"","overlay-type":"","overlay-color":"","overlay-opacity":"","overlay-gradient":""}}},"product_brand":[],"product_cat":[33],"product_tag":[],"class_list":{"0":"post-605","1":"product","2":"type-product","3":"status-publish","4":"has-post-thumbnail","6":"product_cat-precipitation-hardening-stainless-steel","7":"desktop-align-left","8":"tablet-align-left","9":"mobile-align-left","11":"first","12":"instock","13":"shipping-taxable","14":"product-type-simple"},"_links":{"self":[{"href":"https:\/\/www.dura-alloy.com\/pt\/wp-json\/wp\/v2\/product\/605","targetHints":{"allow":["GET"]}}],"collection":[{"href":"https:\/\/www.dura-alloy.com\/pt\/wp-json\/wp\/v2\/product"}],"about":[{"href":"https:\/\/www.dura-alloy.com\/pt\/wp-json\/wp\/v2\/types\/product"}],"version-history":[{"count":0,"href":"https:\/\/www.dura-alloy.com\/pt\/wp-json\/wp\/v2\/product\/605\/revisions"}],"wp:featuredmedia":[{"embeddable":true,"href":"https:\/\/www.dura-alloy.com\/pt\/wp-json\/wp\/v2\/media\/606"}],"wp:attachment":[{"href":"https:\/\/www.dura-alloy.com\/pt\/wp-json\/wp\/v2\/media?parent=605"}],"wp:term":[{"taxonomy":"product_brand","embeddable":true,"href":"https:\/\/www.dura-alloy.com\/pt\/wp-json\/wp\/v2\/product_brand?post=605"},{"taxonomy":"product_cat","embeddable":true,"href":"https:\/\/www.dura-alloy.com\/pt\/wp-json\/wp\/v2\/product_cat?post=605"},{"taxonomy":"product_tag","embeddable":true,"href":"https:\/\/www.dura-alloy.com\/pt\/wp-json\/wp\/v2\/product_tag?post=605"}],"curies":[{"name":"wp","href":"https:\/\/api.w.org\/{rel}","templated":true}]}}