{"id":597,"date":"2025-06-17T01:14:49","date_gmt":"2025-06-17T01:14:49","guid":{"rendered":"https:\/\/dura-alloy.com\/?post_type=product&#038;p=597"},"modified":"2025-06-17T01:14:49","modified_gmt":"2025-06-17T01:14:49","slug":"17-7ph","status":"publish","type":"product","link":"https:\/\/www.dura-alloy.com\/pt\/produto\/17-7ph\/","title":{"rendered":"17-7PH"},"content":{"rendered":"<p style=\"text-align: center;\"><strong><span>\u00c2mbito de fornecimento do Grupo de Avia\u00e7\u00e3o:<\/span><\/strong><\/p>\n<p style=\"text-align: center;\"><strong><span>Pe\u00e7as forjadas n\u00e3o normalizadas, var\u00f5es redondos, chapas de a\u00e7o, an\u00e9is, tubos sem costura<\/span><\/strong><strong>\u00a0<\/strong><\/p>\n<ol>\n<li><strong><span>17-7PH\u00a0<\/span><\/strong><strong><span>introdu\u00e7\u00e3o de materiais<\/span><\/strong><\/li>\n<\/ol>\n<p><span>O 17-7PH \u00e9 um a\u00e7o inoxid\u00e1vel endurecido por precipita\u00e7\u00e3o de austenite-martensite desenvolvido com base no 18-8CrNi, tamb\u00e9m conhecido como a\u00e7o inoxid\u00e1vel de mudan\u00e7a de fase controlada.<\/span><\/p>\n<ol start=\"2\">\n<li><strong><span>Ingredientes qu\u00edmicos<\/span><\/strong><\/li>\n<\/ol>\n<table border=\"-\">\n<tbody>\n<tr>\n<td width=\"49\"><span>liga<\/span><\/td>\n<td width=\"47\">C<\/td>\n<td width=\"40\">Mn<\/td>\n<td width=\"37\"><span>E<\/span><\/td>\n<td width=\"39\">P<\/td>\n<td width=\"47\">S<\/td>\n<td width=\"59\">Cr<\/td>\n<td width=\"53\"><span>Em<\/span><\/td>\n<td width=\"53\">Al<\/td>\n<\/tr>\n<tr>\n<td rowspan=\"2\" width=\"49\"><span>17-7ph<\/span><\/td>\n<td width=\"47\">&#8211;<\/td>\n<td width=\"40\"><span>&#8211;<\/span><\/td>\n<td width=\"37\"><span>&#8211;<\/span><\/td>\n<td width=\"39\"><span>&#8211;<\/span><\/td>\n<td width=\"47\"><span>&#8211;<\/span><\/td>\n<td width=\"59\">16.0<\/td>\n<td width=\"53\">6.50<\/td>\n<td width=\"53\">0.75<\/td>\n<\/tr>\n<tr>\n<td width=\"47\">0.09<\/td>\n<td width=\"40\">1.0<\/td>\n<td width=\"37\"><span>1.0<\/span><\/td>\n<td width=\"39\">0.04<\/td>\n<td width=\"47\">0.03<\/td>\n<td width=\"59\">18.0<\/td>\n<td width=\"53\">7.75<\/td>\n<td width=\"53\">1.50<\/td>\n<\/tr>\n<\/tbody>\n<\/table>\n<ol start=\"3\">\n<li><strong><span>Propriedades f\u00edsicas<\/span><\/strong><\/li>\n<\/ol>\n<table border=\"-\">\n<tbody>\n<tr>\n<td width=\"122\"><span>densidade<\/span><\/td>\n<td width=\"131\">7,65g\/cm3<\/td>\n<\/tr>\n<tr>\n<td width=\"122\"><span>Ponto de fus\u00e3o<\/span><\/td>\n<td width=\"131\">1415-1450\u2103<\/td>\n<\/tr>\n<\/tbody>\n<\/table>\n<p><strong><span>Propriedades mec\u00e2nicas do 17-7PH\u00a0<\/span><\/strong><strong><span>liga \u00e0 temperatura ambiente<\/span><\/strong><\/p>\n<table border=\"-\">\n<tbody>\n<tr>\n<td width=\"177\"><span>Liga de Jubao<\/span><\/td>\n<td width=\"98\"><span>Resist\u00eancia \u00e0 tra\u00e7\u00e3o<\/span><br \/>\n<span>Rm N\/mm2<\/span><\/td>\n<td width=\"110\"><span>Resist\u00eancia ao escoamento<\/span><br \/>\n<span>RP0.2N\/mm2<\/span><\/td>\n<td width=\"58\"><span>Alongamento<\/span><br \/>\n<span>A5 %<\/span><\/td>\n<td width=\"78\"><span>Dureza Brinell\u00a0<\/span><br \/>\n<span>HB<\/span><\/td>\n<\/tr>\n<tr>\n<td width=\"177\"><span>Fus\u00e3o s\u00f3lida 1000~1100\u2103 Arrefecimento r\u00e1pido<\/span><\/td>\n<td width=\"98\">\u22641030<\/td>\n<td width=\"110\">\u2264380<\/td>\n<td width=\"58\">\u226520<\/td>\n<td width=\"78\">\u2264229<\/td>\n<\/tr>\n<tr>\n<td width=\"177\"><span>565\u2103 envelhecimento<\/span><\/td>\n<td width=\"98\">\u22651140<\/td>\n<td width=\"110\">\u2265960<\/td>\n<td width=\"58\">\u22655<\/td>\n<td width=\"78\">\u2265363<\/td>\n<\/tr>\n<tr>\n<td width=\"177\"><span>510\u2103 de envelhecimento<\/span><\/td>\n<td width=\"98\">\u22651230<\/td>\n<td width=\"110\">\u22651030<\/td>\n<td width=\"58\">\u22654<\/td>\n<td width=\"78\">\u2265388<\/td>\n<\/tr>\n<\/tbody>\n<\/table>\n<ol start=\"4\">\n<li><strong><span>Propriedades dos materiais<\/span><\/strong><\/li>\n<\/ol>\n<p><span>\u00a0O 17-7PH \u00e9 um a\u00e7o inoxid\u00e1vel endurecido com elevada resist\u00eancia e dureza, resist\u00eancia \u00e0 fadiga, boa resist\u00eancia \u00e0 corros\u00e3o e forjamento por matriz. Ap\u00f3s tratamento com solu\u00e7\u00e3o s\u00f3lida, \u00e9 uma estrutura de austenite inst\u00e1vel com boa tenacidade pl\u00e1stica e processabilidade. Ap\u00f3s o ajuste, a precipita\u00e7\u00e3o de austenite da composi\u00e7\u00e3o de fenol de carboneto muda. Ap\u00f3s o tratamento de transforma\u00e7\u00e3o da martensite, a maioria das estruturas s\u00e3o transformadas em martensite temperada de baixo teor de carbono com boa tenacidade. Este estado \u00e9 o estado de utiliza\u00e7\u00e3o do a\u00e7o e tem boas propriedades mec\u00e2nicas a m\u00e9dia temperatura. A resist\u00eancia \u00e0 corros\u00e3o \u00e9 melhor do que a do a\u00e7o inoxid\u00e1vel martens\u00edtico em geral.<\/span><\/p>\n<p>&nbsp;<\/p>\n<ol start=\"5\">\n<li><strong><span>\u00c1reas de aplica\u00e7\u00e3o<\/span><\/strong><\/li>\n<\/ol>\n<p>&nbsp;<\/p>\n<p><span>Utilizado nas ind\u00fastrias aeroespacial, qu\u00edmica, petroqu\u00edmica, de fabrico de papel e de processamento de metais.<\/span><\/p>","protected":false},"excerpt":{"rendered":"<p>Scope of supply of Aviation Group: Non-standard forgings, round rods, steel plates, rings, seamless pipes\u00a0 17-7PH\u00a0material introduction 17-7PH is an [&hellip;]<\/p>","protected":false},"featured_media":598,"template":"","meta":{"site-sidebar-layout":"default","site-content-layout":"","ast-site-content-layout":"default","site-content-style":"default","site-sidebar-style":"default","ast-global-header-display":"","ast-banner-title-visibility":"","ast-main-header-display":"","ast-hfb-above-header-display":"","ast-hfb-below-header-display":"","ast-hfb-mobile-header-display":"","site-post-title":"","ast-breadcrumbs-content":"","ast-featured-img":"","footer-sml-layout":"","theme-transparent-header-meta":"default","adv-header-id-meta":"","stick-header-meta":"","header-above-stick-meta":"","header-main-stick-meta":"","header-below-stick-meta":"","astra-migrate-meta-layouts":"set","ast-page-background-enabled":"default","ast-page-background-meta":{"desktop":{"background-color":"var(--ast-global-color-5)","background-image":"","background-repeat":"repeat","background-position":"center center","background-size":"auto","background-attachment":"scroll","background-type":"","background-media":"","overlay-type":"","overlay-color":"","overlay-opacity":"","overlay-gradient":""},"tablet":{"background-color":"","background-image":"","background-repeat":"repeat","background-position":"center center","background-size":"auto","background-attachment":"scroll","background-type":"","background-media":"","overlay-type":"","overlay-color":"","overlay-opacity":"","overlay-gradient":""},"mobile":{"background-color":"","background-image":"","background-repeat":"repeat","background-position":"center center","background-size":"auto","background-attachment":"scroll","background-type":"","background-media":"","overlay-type":"","overlay-color":"","overlay-opacity":"","overlay-gradient":""}},"ast-content-background-meta":{"desktop":{"background-color":"var(--ast-global-color-4)","background-image":"","background-repeat":"repeat","background-position":"center center","background-size":"auto","background-attachment":"scroll","background-type":"","background-media":"","overlay-type":"","overlay-color":"","overlay-opacity":"","overlay-gradient":""},"tablet":{"background-color":"var(--ast-global-color-4)","background-image":"","background-repeat":"repeat","background-position":"center center","background-size":"auto","background-attachment":"scroll","background-type":"","background-media":"","overlay-type":"","overlay-color":"","overlay-opacity":"","overlay-gradient":""},"mobile":{"background-color":"var(--ast-global-color-4)","background-image":"","background-repeat":"repeat","background-position":"center center","background-size":"auto","background-attachment":"scroll","background-type":"","background-media":"","overlay-type":"","overlay-color":"","overlay-opacity":"","overlay-gradient":""}}},"product_brand":[],"product_cat":[33],"product_tag":[],"class_list":{"0":"post-597","1":"product","2":"type-product","3":"status-publish","4":"has-post-thumbnail","6":"product_cat-precipitation-hardening-stainless-steel","7":"desktop-align-left","8":"tablet-align-left","9":"mobile-align-left","11":"first","12":"instock","13":"shipping-taxable","14":"product-type-simple"},"_links":{"self":[{"href":"https:\/\/www.dura-alloy.com\/pt\/wp-json\/wp\/v2\/product\/597","targetHints":{"allow":["GET"]}}],"collection":[{"href":"https:\/\/www.dura-alloy.com\/pt\/wp-json\/wp\/v2\/product"}],"about":[{"href":"https:\/\/www.dura-alloy.com\/pt\/wp-json\/wp\/v2\/types\/product"}],"version-history":[{"count":0,"href":"https:\/\/www.dura-alloy.com\/pt\/wp-json\/wp\/v2\/product\/597\/revisions"}],"wp:featuredmedia":[{"embeddable":true,"href":"https:\/\/www.dura-alloy.com\/pt\/wp-json\/wp\/v2\/media\/598"}],"wp:attachment":[{"href":"https:\/\/www.dura-alloy.com\/pt\/wp-json\/wp\/v2\/media?parent=597"}],"wp:term":[{"taxonomy":"product_brand","embeddable":true,"href":"https:\/\/www.dura-alloy.com\/pt\/wp-json\/wp\/v2\/product_brand?post=597"},{"taxonomy":"product_cat","embeddable":true,"href":"https:\/\/www.dura-alloy.com\/pt\/wp-json\/wp\/v2\/product_cat?post=597"},{"taxonomy":"product_tag","embeddable":true,"href":"https:\/\/www.dura-alloy.com\/pt\/wp-json\/wp\/v2\/product_tag?post=597"}],"curies":[{"name":"wp","href":"https:\/\/api.w.org\/{rel}","templated":true}]}}