{"id":594,"date":"2025-06-17T01:04:49","date_gmt":"2025-06-17T01:04:49","guid":{"rendered":"https:\/\/dura-alloy.com\/?post_type=product&#038;p=594"},"modified":"2025-06-17T01:07:49","modified_gmt":"2025-06-17T01:07:49","slug":"17-4ph","status":"publish","type":"product","link":"https:\/\/www.dura-alloy.com\/pt\/produto\/17-4ph\/","title":{"rendered":"17-4PH"},"content":{"rendered":"<p style=\"text-align: center;\"><strong>\u00c2mbito de fornecimento do Grupo de Avia\u00e7\u00e3o:<\/strong><\/p>\n<p style=\"text-align: center;\"><strong>Pe\u00e7as forjadas n\u00e3o normalizadas, var\u00f5es redondos, chapas de a\u00e7o, an\u00e9is, tubos sem costura<\/strong><\/p>\n<p><strong>\u00a0<\/strong><\/p>\n<ol>\n<li><strong>17-4PH material introduction<\/strong><\/li>\n<\/ol>\n<p>17-4PH alloy is precipitated, hardened, martensite stainless steel composed of copper, niobium\/cinnabar.<\/p>\n<p>Corresponding grade: 0Cr17Ni4Cu4Nb 05Cr17Ni4Cu4Nb S17400<\/p>\n<ol start=\"2\">\n<li><strong>17-4PH chemical composition<\/strong><\/li>\n<\/ol>\n<table border=\"-\">\n<tbody>\n<tr>\n<td width=\"56\">liga<\/td>\n<td width=\"64\">%<\/td>\n<td width=\"42\">C<\/td>\n<td width=\"37\">Mn<\/td>\n<td width=\"41\">E<\/td>\n<td width=\"47\">P<\/td>\n<td width=\"59\">S<\/td>\n<td width=\"41\">Cr<\/td>\n<td width=\"40\">Em<\/td>\n<td width=\"40\">Cu<\/td>\n<td width=\"40\">Fe<\/td>\n<td width=\"41\">Nb<\/td>\n<\/tr>\n<tr>\n<td rowspan=\"2\" width=\"56\">17-4ph<\/td>\n<td width=\"64\">Valor m\u00ednimo<\/td>\n<td width=\"42\">&#8211;<\/td>\n<td width=\"37\">&#8211;<\/td>\n<td width=\"41\">&#8211;<\/td>\n<td width=\"47\">&#8211;<\/td>\n<td width=\"59\">&#8211;<\/td>\n<td width=\"41\">15.5<\/td>\n<td width=\"40\">3.0<\/td>\n<td width=\"40\">3.0<\/td>\n<td rowspan=\"2\" width=\"40\">margem<\/td>\n<td width=\"41\">0.15<\/td>\n<\/tr>\n<tr>\n<td width=\"64\">Valor m\u00e1ximo<\/td>\n<td width=\"42\">0.07<\/td>\n<td width=\"37\">1.0<\/td>\n<td width=\"41\">1.0<\/td>\n<td width=\"47\">0.040<\/td>\n<td width=\"59\">0.030<\/td>\n<td width=\"41\">17.5<\/td>\n<td width=\"40\">5.0<\/td>\n<td width=\"40\">5.0<\/td>\n<td width=\"41\">0.45<\/td>\n<\/tr>\n<\/tbody>\n<\/table>\n<ol start=\"3\">\n<li><strong>17-4PH physical properties<\/strong><\/li>\n<\/ol>\n<table border=\"-\">\n<tbody>\n<tr>\n<td width=\"106\">densidade<\/td>\n<td width=\"247\">7,78g\/cm3<\/td>\n<\/tr>\n<tr>\n<td width=\"106\">Ponto de fus\u00e3o<\/td>\n<td width=\"247\">1400-1440\u2103<\/td>\n<\/tr>\n<\/tbody>\n<\/table>\n<p>Mechanical properties of 17-4PH alloy at room temperature:<\/p>\n<table border=\"-\">\n<tbody>\n<tr>\n<td width=\"96\">liga<\/td>\n<td width=\"103\">Resist\u00eancia \u00e0 tra\u00e7\u00e3o<br \/>\nRm N\/mm2<\/td>\n<td width=\"120\">Resist\u00eancia ao escoamento<br \/>\nRP0.2N\/mm2<\/td>\n<td width=\"67\">Alongamento<br \/>\nA5 %<\/td>\n<td width=\"90\">Dureza Brinell<br \/>\nHB<\/td>\n<\/tr>\n<tr>\n<td width=\"96\">480\u2103 de envelhecimento<\/td>\n<td width=\"103\">\u22651310<\/td>\n<td width=\"120\">\u22651180<\/td>\n<td width=\"67\">\u226510<\/td>\n<td width=\"90\">\u226540<\/td>\n<\/tr>\n<tr>\n<td width=\"96\">550\u2103 de envelhecimento<\/td>\n<td width=\"103\">\u22651060<\/td>\n<td width=\"120\">\u22651000<\/td>\n<td width=\"67\">\u226512<\/td>\n<td width=\"90\">\u226535<\/td>\n<\/tr>\n<tr>\n<td width=\"96\">580\u2103 de envelhecimento<\/td>\n<td width=\"103\">\u22651000<\/td>\n<td width=\"120\">\u2265865<\/td>\n<td width=\"67\">\u226513<\/td>\n<td width=\"90\">\u226531<\/td>\n<\/tr>\n<tr>\n<td width=\"96\">Efeito do envelhecimento de 620\u2103<\/td>\n<td width=\"103\">\u2265930<\/td>\n<td width=\"120\">\u2265325<\/td>\n<td width=\"67\">\u226516<\/td>\n<td width=\"90\">\u226528<\/td>\n<\/tr>\n<\/tbody>\n<\/table>\n<ol start=\"4\">\n<li><strong>17-4PH corrosion resistance<\/strong><\/li>\n<\/ol>\n<ul>\n<li>The corrosion resistance of 17-4PH alloy is better than any other standard hardenable stainless steel plate. In most cases, its corrosion resistance is no less than 304.<\/li>\n<li>Se houver risco de fissura\u00e7\u00e3o por corros\u00e3o sob tens\u00e3o, a temperatura de envelhecimento mais elevada deve ser superior a 550\u00b0C (1022\u00b0F), de prefer\u00eancia 590\u00b0C (1094\u00b0F).<\/li>\n<li>A temperatura de t\u00eampera no meio de cloreto \u00e9 de 550\u00b0C-1022\u00b0F.<\/li>\n<li>A temperatura de t\u00eampera em meio H2S \u00e9 de 590\u00b0C-1094\u00b0F.<\/li>\n<li>\u00c9 suscet\u00edvel \u00e0 corros\u00e3o ou \u00e0 corros\u00e3o por fissuras na \u00e1gua do mar est\u00e1tica.<\/li>\n<li>A sua resist\u00eancia \u00e0 corros\u00e3o \u00e9 a mesma que a do tipo 304L na ind\u00fastria petroqu\u00edmica, alimentar e do papel.<\/li>\n<\/ul>\n<ol start=\"5\">\n<li><strong>17-4PH application fields<\/strong><\/li>\n<\/ol>\n<ul>\n<li>Plataforma mar\u00edtima, conv\u00e9s de helic\u00f3pteros, outras plataformas<\/li>\n<li>Ind\u00fastria alimentar<\/li>\n<li>Ind\u00fastria da pasta de papel e do papel<\/li>\n<li>Aeroespacial (l\u00e2minas de turbina)<\/li>\n<li>Componentes mec\u00e2nicos<\/li>\n<\/ul>","protected":false},"excerpt":{"rendered":"<p>Scope of supply of Aviation Group: Non-standard forgings, round rods, steel plates, rings, seamless pipes \u00a0 17-4PH material introduction 17-4PH [&hellip;]<\/p>","protected":false},"featured_media":595,"template":"","meta":{"site-sidebar-layout":"default","site-content-layout":"","ast-site-content-layout":"default","site-content-style":"default","site-sidebar-style":"default","ast-global-header-display":"","ast-banner-title-visibility":"","ast-main-header-display":"","ast-hfb-above-header-display":"","ast-hfb-below-header-display":"","ast-hfb-mobile-header-display":"","site-post-title":"","ast-breadcrumbs-content":"","ast-featured-img":"","footer-sml-layout":"","theme-transparent-header-meta":"default","adv-header-id-meta":"","stick-header-meta":"","header-above-stick-meta":"","header-main-stick-meta":"","header-below-stick-meta":"","astra-migrate-meta-layouts":"set","ast-page-background-enabled":"default","ast-page-background-meta":{"desktop":{"background-color":"var(--ast-global-color-5)","background-image":"","background-repeat":"repeat","background-position":"center center","background-size":"auto","background-attachment":"scroll","background-type":"","background-media":"","overlay-type":"","overlay-color":"","overlay-opacity":"","overlay-gradient":""},"tablet":{"background-color":"","background-image":"","background-repeat":"repeat","background-position":"center center","background-size":"auto","background-attachment":"scroll","background-type":"","background-media":"","overlay-type":"","overlay-color":"","overlay-opacity":"","overlay-gradient":""},"mobile":{"background-color":"","background-image":"","background-repeat":"repeat","background-position":"center center","background-size":"auto","background-attachment":"scroll","background-type":"","background-media":"","overlay-type":"","overlay-color":"","overlay-opacity":"","overlay-gradient":""}},"ast-content-background-meta":{"desktop":{"background-color":"var(--ast-global-color-4)","background-image":"","background-repeat":"repeat","background-position":"center center","background-size":"auto","background-attachment":"scroll","background-type":"","background-media":"","overlay-type":"","overlay-color":"","overlay-opacity":"","overlay-gradient":""},"tablet":{"background-color":"var(--ast-global-color-4)","background-image":"","background-repeat":"repeat","background-position":"center center","background-size":"auto","background-attachment":"scroll","background-type":"","background-media":"","overlay-type":"","overlay-color":"","overlay-opacity":"","overlay-gradient":""},"mobile":{"background-color":"var(--ast-global-color-4)","background-image":"","background-repeat":"repeat","background-position":"center center","background-size":"auto","background-attachment":"scroll","background-type":"","background-media":"","overlay-type":"","overlay-color":"","overlay-opacity":"","overlay-gradient":""}}},"product_brand":[],"product_cat":[33],"product_tag":[],"class_list":{"0":"post-594","1":"product","2":"type-product","3":"status-publish","4":"has-post-thumbnail","6":"product_cat-precipitation-hardening-stainless-steel","7":"desktop-align-left","8":"tablet-align-left","9":"mobile-align-left","11":"first","12":"instock","13":"shipping-taxable","14":"product-type-simple"},"_links":{"self":[{"href":"https:\/\/www.dura-alloy.com\/pt\/wp-json\/wp\/v2\/product\/594","targetHints":{"allow":["GET"]}}],"collection":[{"href":"https:\/\/www.dura-alloy.com\/pt\/wp-json\/wp\/v2\/product"}],"about":[{"href":"https:\/\/www.dura-alloy.com\/pt\/wp-json\/wp\/v2\/types\/product"}],"version-history":[{"count":1,"href":"https:\/\/www.dura-alloy.com\/pt\/wp-json\/wp\/v2\/product\/594\/revisions"}],"predecessor-version":[{"id":596,"href":"https:\/\/www.dura-alloy.com\/pt\/wp-json\/wp\/v2\/product\/594\/revisions\/596"}],"wp:featuredmedia":[{"embeddable":true,"href":"https:\/\/www.dura-alloy.com\/pt\/wp-json\/wp\/v2\/media\/595"}],"wp:attachment":[{"href":"https:\/\/www.dura-alloy.com\/pt\/wp-json\/wp\/v2\/media?parent=594"}],"wp:term":[{"taxonomy":"product_brand","embeddable":true,"href":"https:\/\/www.dura-alloy.com\/pt\/wp-json\/wp\/v2\/product_brand?post=594"},{"taxonomy":"product_cat","embeddable":true,"href":"https:\/\/www.dura-alloy.com\/pt\/wp-json\/wp\/v2\/product_cat?post=594"},{"taxonomy":"product_tag","embeddable":true,"href":"https:\/\/www.dura-alloy.com\/pt\/wp-json\/wp\/v2\/product_tag?post=594"}],"curies":[{"name":"wp","href":"https:\/\/api.w.org\/{rel}","templated":true}]}}