{"id":576,"date":"2025-06-16T09:00:16","date_gmt":"2025-06-16T09:00:16","guid":{"rendered":"https:\/\/dura-alloy.com\/?post_type=product&#038;p=576"},"modified":"2025-06-16T09:00:16","modified_gmt":"2025-06-16T09:00:16","slug":"35crmnsia","status":"publish","type":"product","link":"https:\/\/www.dura-alloy.com\/pt\/produto\/35crmnsia\/","title":{"rendered":"35CrMnSiA"},"content":{"rendered":"<p style=\"text-align: center;\"><strong><span>\u00c2mbito de fornecimento do Grupo de Avia\u00e7\u00e3o:<\/span><\/strong><\/p>\n<p style=\"text-align: center;\"><strong><span>Var\u00f5es redondos, chapas de a\u00e7o, pe\u00e7as forjadas n\u00e3o normalizadas, an\u00e9is, tubos sem costura, personaliza\u00e7\u00e3o n\u00e3o normalizada, bem-vindo ao inqu\u00e9rito!<\/span><\/strong><\/p>\n<p><strong><span>1.\u00a0<\/span><\/strong><strong><span>Introduction to 35CrMnSiA materials<\/span><\/strong><\/p>\n<p><span>\u00a0 \u00a0 \u00a0 35CrMnSiA is a low alloy ultra-high strength steel. It has good comprehensive mechanical properties after heat treatment, high strength, sufficient toughness, good hardenability, welding (preheating before welding), and processing and forming properties, but has low corrosion resistance and oxidation resistance. It is generally used after low temperature backtempering, isothermal quenching or after tempering.<\/span><\/p>\n<p><span>2.\u00a0<strong>Composi\u00e7\u00e3o qu\u00edmica de\u00a0<\/strong><\/span><strong><span>35CrMnSiA<\/span><\/strong><\/p>\n<table border=\"-\" width=\"1120\">\n<tbody>\n<tr>\n<td width=\"97\"><span>liga<\/span><\/td>\n<td width=\"64\">%<\/td>\n<td width=\"51\"><span>Cr\u00f3mio Cr<\/span><\/td>\n<td width=\"51\"><span>Carbono C<\/span><\/td>\n<td width=\"51\"><span>Mangan\u00eas Mn<\/span><\/td>\n<td width=\"51\"><span>Sil\u00edcio Si<\/span><\/td>\n<td width=\"51\"><span>F\u00f3sforo P<\/span><\/td>\n<td width=\"51\"><span>Enxofre S<\/span><\/td>\n<td width=\"51\"><span>Ni<\/span><\/td>\n<td width=\"51\"><span>\u94dc com<\/span><\/td>\n<\/tr>\n<tr>\n<td rowspan=\"2\" width=\"97\"><span>35crmnsia<\/span><\/td>\n<td width=\"64\"><span>Valor m\u00ednimo<\/span><\/td>\n<td width=\"51\">1.10<\/td>\n<td width=\"51\">0.32<\/td>\n<td width=\"51\">0.80<\/td>\n<td width=\"51\"><span>1.10<\/span><\/td>\n<td width=\"51\">&#8211;<\/td>\n<td width=\"51\"><span>&#8211;<\/span><\/td>\n<td width=\"51\"><span>&#8211;<\/span><\/td>\n<td width=\"51\"><span>&#8211;<\/span><\/td>\n<\/tr>\n<tr>\n<td width=\"64\"><span>Valor m\u00e1ximo<\/span><\/td>\n<td width=\"51\">1.40<\/td>\n<td width=\"51\">0.39<\/td>\n<td width=\"51\"><span>1.10<\/span><\/td>\n<td width=\"51\"><span>1.40<\/span><\/td>\n<td width=\"51\">0.025<\/td>\n<td width=\"51\"><span>0.025<\/span><\/td>\n<td width=\"51\">0.030<\/td>\n<td width=\"51\"><span>0.025<\/span><\/td>\n<\/tr>\n<\/tbody>\n<\/table>\n<p><strong><span>3. Mechanical properties of 35CrMnSiA<\/span><\/strong><\/p>\n<p><span>Tensile strength \u03c3b (MPa): \u22651620(165)<\/span><\/p>\n<p><span>Yield strength \u03c3s (MPa): \u22651275(130)<\/span><\/p>\n<p><span>35crmnsia pictures<\/span><\/p>\n<p><span>35crmnsia pictures<\/span><\/p>\n<p><span>Elongation \u03b45 (%): \u22659<\/span><\/p>\n<p><span>Section shrinkage rate \u03c8 (%): \u226540<\/span><\/p>\n<p><span>Impact power Akv (J): \u226531<\/span><\/p>\n<p><span>Impact toughness value \u03b1kv (J\/cm\u00b2): \u226539(4)<\/span><\/p>\n<p><span>Hardness: \u2264241HB<\/span><\/p>\n<p><span>Sample size: Sample<\/span><\/p>\n<p><strong><span>IV. 35CrMnSiA application field<\/span><\/strong><\/p>\n<p><span>\u00a0 \u00a0 \u00a0 35CrMnSiA is used to manufacture medium-speed, heavy-duty, high-strength, and high-strength components and high-strength components.<\/span><\/p>\n<p><span>\u00a0 \u00a0 \u00a0 Manufacture various important parts with high load and high speed, such as gears, shafts, clutches, sprockets, grinding wheel shafts, sleeves, bolts, nuts, etc.<\/span><\/p>\n<p><span>\u00a0 \u00a0 \u00a0 Manufacture parts with wear-resistant and low working temperatures, variable load welding components, such as blades, valve plates and non-corrosive pipeline pipes of high-pressure blowers.<\/span><\/p>","protected":false},"excerpt":{"rendered":"<p>Scope of supply of Aviation Group: Round rods, steel plates, non-standard forgings, rings, seamless pipes, non-standard customization, welcome to inquire! [&hellip;]<\/p>","protected":false},"featured_media":577,"template":"","meta":{"site-sidebar-layout":"default","site-content-layout":"","ast-site-content-layout":"default","site-content-style":"default","site-sidebar-style":"default","ast-global-header-display":"","ast-banner-title-visibility":"","ast-main-header-display":"","ast-hfb-above-header-display":"","ast-hfb-below-header-display":"","ast-hfb-mobile-header-display":"","site-post-title":"","ast-breadcrumbs-content":"","ast-featured-img":"","footer-sml-layout":"","theme-transparent-header-meta":"default","adv-header-id-meta":"","stick-header-meta":"","header-above-stick-meta":"","header-main-stick-meta":"","header-below-stick-meta":"","astra-migrate-meta-layouts":"set","ast-page-background-enabled":"default","ast-page-background-meta":{"desktop":{"background-color":"var(--ast-global-color-5)","background-image":"","background-repeat":"repeat","background-position":"center center","background-size":"auto","background-attachment":"scroll","background-type":"","background-media":"","overlay-type":"","overlay-color":"","overlay-opacity":"","overlay-gradient":""},"tablet":{"background-color":"","background-image":"","background-repeat":"repeat","background-position":"center center","background-size":"auto","background-attachment":"scroll","background-type":"","background-media":"","overlay-type":"","overlay-color":"","overlay-opacity":"","overlay-gradient":""},"mobile":{"background-color":"","background-image":"","background-repeat":"repeat","background-position":"center center","background-size":"auto","background-attachment":"scroll","background-type":"","background-media":"","overlay-type":"","overlay-color":"","overlay-opacity":"","overlay-gradient":""}},"ast-content-background-meta":{"desktop":{"background-color":"var(--ast-global-color-4)","background-image":"","background-repeat":"repeat","background-position":"center center","background-size":"auto","background-attachment":"scroll","background-type":"","background-media":"","overlay-type":"","overlay-color":"","overlay-opacity":"","overlay-gradient":""},"tablet":{"background-color":"var(--ast-global-color-4)","background-image":"","background-repeat":"repeat","background-position":"center center","background-size":"auto","background-attachment":"scroll","background-type":"","background-media":"","overlay-type":"","overlay-color":"","overlay-opacity":"","overlay-gradient":""},"mobile":{"background-color":"var(--ast-global-color-4)","background-image":"","background-repeat":"repeat","background-position":"center center","background-size":"auto","background-attachment":"scroll","background-type":"","background-media":"","overlay-type":"","overlay-color":"","overlay-opacity":"","overlay-gradient":""}}},"product_brand":[],"product_cat":[32],"product_tag":[],"class_list":{"0":"post-576","1":"product","2":"type-product","3":"status-publish","4":"has-post-thumbnail","6":"product_cat-alloy-structural-steel","7":"desktop-align-left","8":"tablet-align-left","9":"mobile-align-left","11":"first","12":"instock","13":"shipping-taxable","14":"product-type-simple"},"_links":{"self":[{"href":"https:\/\/www.dura-alloy.com\/pt\/wp-json\/wp\/v2\/product\/576","targetHints":{"allow":["GET"]}}],"collection":[{"href":"https:\/\/www.dura-alloy.com\/pt\/wp-json\/wp\/v2\/product"}],"about":[{"href":"https:\/\/www.dura-alloy.com\/pt\/wp-json\/wp\/v2\/types\/product"}],"version-history":[{"count":0,"href":"https:\/\/www.dura-alloy.com\/pt\/wp-json\/wp\/v2\/product\/576\/revisions"}],"wp:featuredmedia":[{"embeddable":true,"href":"https:\/\/www.dura-alloy.com\/pt\/wp-json\/wp\/v2\/media\/577"}],"wp:attachment":[{"href":"https:\/\/www.dura-alloy.com\/pt\/wp-json\/wp\/v2\/media?parent=576"}],"wp:term":[{"taxonomy":"product_brand","embeddable":true,"href":"https:\/\/www.dura-alloy.com\/pt\/wp-json\/wp\/v2\/product_brand?post=576"},{"taxonomy":"product_cat","embeddable":true,"href":"https:\/\/www.dura-alloy.com\/pt\/wp-json\/wp\/v2\/product_cat?post=576"},{"taxonomy":"product_tag","embeddable":true,"href":"https:\/\/www.dura-alloy.com\/pt\/wp-json\/wp\/v2\/product_tag?post=576"}],"curies":[{"name":"wp","href":"https:\/\/api.w.org\/{rel}","templated":true}]}}