{"id":574,"date":"2025-06-16T08:58:51","date_gmt":"2025-06-16T08:58:51","guid":{"rendered":"https:\/\/dura-alloy.com\/?post_type=product&#038;p=574"},"modified":"2025-06-16T08:58:51","modified_gmt":"2025-06-16T08:58:51","slug":"30crmnsini2a","status":"publish","type":"product","link":"https:\/\/www.dura-alloy.com\/pt\/produto\/30crmnsini2a\/","title":{"rendered":"30CrMnSiNi2A"},"content":{"rendered":"<p style=\"text-align: center;\"><strong><span>\u00c2mbito de fornecimento do Grupo de Avia\u00e7\u00e3o:<\/span><\/strong><\/p>\n<p style=\"text-align: center;\"><strong><span>Var\u00f5es redondos, chapas de a\u00e7o, pe\u00e7as forjadas n\u00e3o normalizadas, an\u00e9is, tubos sem costura, personaliza\u00e7\u00e3o n\u00e3o normalizada, bem-vindo ao inqu\u00e9rito!<\/span><\/strong><\/p>\n<p><strong><span>1.\u00a0<\/span><\/strong><strong><span>Introdu\u00e7\u00e3o aos materiais 30CrMnSiNi2A<\/span><\/strong><\/p>\n<p><span>\u00a0 \u00a0 \u00a0 Ap\u00f3s o tratamento t\u00e9rmico, a liga de a\u00e7o estrutural 30CrMnSiNi2A pode obter elevada resist\u00eancia, boa plasticidade e tenacidade, boa resist\u00eancia \u00e0 fadiga e tenacidade \u00e0 fratura, e baixa taxa de propaga\u00e7\u00e3o de fissuras por fadiga.<\/span><\/p>\n<p><strong><span>2. Composi\u00e7\u00e3o qu\u00edmica de 30CrMnSiNi2A<\/span><\/strong><\/p>\n<table border=\"-\" width=\"1120\">\n<tbody>\n<tr>\n<td width=\"97\"><span>liga<\/span><\/td>\n<td width=\"64\">%<\/td>\n<td width=\"51\"><span>Cr\u00f3mio Cr<\/span><\/td>\n<td width=\"51\"><span>Carbono C<\/span><\/td>\n<td width=\"51\"><span>Mangan\u00eas Mn<\/span><\/td>\n<td width=\"51\"><span>Sil\u00edcio Si<\/span><\/td>\n<td width=\"51\"><span>F\u00f3sforo P<\/span><\/td>\n<td width=\"51\"><span>Enxofre S<\/span><\/td>\n<td width=\"51\"><span>Ni<\/span><\/td>\n<\/tr>\n<tr>\n<td rowspan=\"2\" width=\"97\"><span>30crmnsini2a<\/span><\/td>\n<td width=\"64\"><span>Valor m\u00ednimo<\/span><\/td>\n<td width=\"51\">0.90<\/td>\n<td width=\"51\">0.27<\/td>\n<td width=\"51\">1.0<\/td>\n<td width=\"51\">0.9<\/td>\n<td width=\"51\">&#8211;<\/td>\n<td width=\"51\"><span>&#8211;<\/span><\/td>\n<td width=\"51\">1.4<\/td>\n<\/tr>\n<tr>\n<td width=\"64\"><span>Valor m\u00e1ximo<\/span><\/td>\n<td width=\"51\">1.20<\/td>\n<td width=\"51\">0.34<\/td>\n<td width=\"51\">1.3<\/td>\n<td width=\"51\">1.2<\/td>\n<td width=\"51\">0.020<\/td>\n<td width=\"51\"><span>0.020<\/span><\/td>\n<td width=\"51\">1.8<\/td>\n<\/tr>\n<\/tbody>\n<\/table>\n<p><strong><span>3.<\/span><\/strong><span>\u00a0Propriedades mec\u00e2nicas de 30CrMnSiNi2A<\/span><\/p>\n<p><span>Resist\u00eancia \u00e0 tra\u00e7\u00e3o \u03c3b (MPa): 1)1767; 2)1627<\/span><\/p>\n<p><span>Alongamento \u03b45 (%): 1)12; 2)13<\/span><\/p>\n<p><span>Retra\u00e7\u00e3o da sec\u00e7\u00e3o \u03c8 (%): 50<\/span><\/p>\n<p><span>Valor da resist\u00eancia ao impacto \u03b1ku (J\/cm2): 1)79; 2)90<\/span><\/p>\n<p><span>Tamanho da amostra: barra<\/span><\/p>\n<p><strong><span>IV. Propriedades f\u00edsicas do 30CrMnSiNi2A<\/span><\/strong><\/p>\n<p><strong><span>\u00a0 \u00a0 \u00a0 30CrMnSiNi2A\u00a0<\/span><\/strong><strong><span>especifica\u00e7\u00f5es de tratamento t\u00e9rmico e estrutura metalogr\u00e1fica:<\/span><\/strong><\/p>\n<p><span>\u00a0 \u00a0 \u00a0 Especifica\u00e7\u00f5es de tratamento t\u00e9rmico: 1) T\u00eampera de \u00f3leo a 890-900 \u2103, t\u00eampera a 200-300 \u2103, resfriamento a ar; 2) Aquecimento a 890-900 \u2103, t\u00eampera em uma temperatura m\u00e9dia de 210-280 \u2103 tanque de sal nitrificante por 1 hora, resfriamento a ar e, em seguida, resfriamento a 200-300 \u2103, resfriamento a ar.<\/span><\/p>\n<p><span>Estrutura metalogr\u00e1fica: 1) A t\u00eampera a alta temperatura ap\u00f3s laminagem a quente ou laminagem a frio \u00e9 perlite; 2) A t\u00eampera normalizada e a alta temperatura \u00e9 cortexite temperada; 3) O recozimento isot\u00e9rmico \u00e9 folha de perlite e ferrite; 4) O estado normalizado \u00e9 martensite e bainite; 5) O estado usado \u00e9 martensite temperada.<\/span><\/p>\n<p><strong>\u00a0<\/strong><strong><span>\u00a0 \u00a0 \u00a0 Temperatura cr\u00edtica de 30CrMnSiNi2A\u00a0<\/span><\/strong><strong><span>a\u00e7o<\/span><\/strong><\/p>\n<table border=\"-\">\n<tbody>\n<tr>\n<td width=\"164\"><span>Ponto cr\u00edtico<\/span><\/td>\n<td width=\"164\"><span>Ac1<\/span><\/td>\n<td width=\"164\"><span>AC3<\/span><\/td>\n<td width=\"82\">Senhora<\/td>\n<td width=\"82\"><span>Observa\u00e7\u00e3o<\/span><\/td>\n<\/tr>\n<tr>\n<td width=\"164\"><span>Temperatura (valor aproximado)\/\u2103<\/span><\/td>\n<td width=\"164\">705\u00a0 705<\/td>\n<td width=\"164\">800\u00a0 815<\/td>\n<td width=\"82\">321\u00a0 \u00a0314<\/td>\n<td width=\"82\">1\u00a0 \u00a02<\/td>\n<\/tr>\n<\/tbody>\n<\/table>\n<p><span>Nota: 1. composi\u00e7\u00e3o do a\u00e7o (%) utilizado: 0.27C, 1.05Si, 1.06Mn, 1.05Cr, 1.66Ni, 0.013P, 0.005S;<\/span><\/p>\n<p><span>\u00a0 \u00a0 \u00a0 \u00a02. Composi\u00e7\u00e3o do a\u00e7o (%) utilizado: 0.30C, 1.10Si, 1.07Mn, 1.06Cr, 1.50Ni, 0.014P, 0.005S.\u00a0<\/span><\/p>\n<p><strong><span>V.\u00a0<\/span><\/strong><strong><span>Carater\u00edsticas e \u00e2mbito de aplica\u00e7\u00e3o do 30CrMnSiNi2A<\/span><\/strong><\/p>\n<p><span>\u00a0 \u00a0 \u00a0 O 30CrMnSiNi2A tem elevada temperabilidade, boas propriedades de maquinagem e soldadura, mas \u00e9 mais sens\u00edvel ao entalhe e \u00e0 fragiliza\u00e7\u00e3o por hidrog\u00e9nio (incluindo a fragiliza\u00e7\u00e3o por hidrog\u00e9nio ambiental).<\/span><\/p>\n<p><span>\u00a0 \u00a0 \u00a0 O 30CrMnSiNi2A \u00e9 adequado para componentes estruturais importantes que suportam tens\u00f5es, como conectores de alta resist\u00eancia e pe\u00e7as de eixo.<\/span><\/p>\n<p>&nbsp;<\/p>","protected":false},"excerpt":{"rendered":"<p>Scope of supply of Aviation Group: Round rods, steel plates, non-standard forgings, rings, seamless pipes, non-standard customization, welcome to inquire! [&hellip;]<\/p>","protected":false},"featured_media":575,"template":"","meta":{"site-sidebar-layout":"default","site-content-layout":"","ast-site-content-layout":"default","site-content-style":"default","site-sidebar-style":"default","ast-global-header-display":"","ast-banner-title-visibility":"","ast-main-header-display":"","ast-hfb-above-header-display":"","ast-hfb-below-header-display":"","ast-hfb-mobile-header-display":"","site-post-title":"","ast-breadcrumbs-content":"","ast-featured-img":"","footer-sml-layout":"","theme-transparent-header-meta":"default","adv-header-id-meta":"","stick-header-meta":"","header-above-stick-meta":"","header-main-stick-meta":"","header-below-stick-meta":"","astra-migrate-meta-layouts":"set","ast-page-background-enabled":"default","ast-page-background-meta":{"desktop":{"background-color":"var(--ast-global-color-5)","background-image":"","background-repeat":"repeat","background-position":"center center","background-size":"auto","background-attachment":"scroll","background-type":"","background-media":"","overlay-type":"","overlay-color":"","overlay-opacity":"","overlay-gradient":""},"tablet":{"background-color":"","background-image":"","background-repeat":"repeat","background-position":"center center","background-size":"auto","background-attachment":"scroll","background-type":"","background-media":"","overlay-type":"","overlay-color":"","overlay-opacity":"","overlay-gradient":""},"mobile":{"background-color":"","background-image":"","background-repeat":"repeat","background-position":"center center","background-size":"auto","background-attachment":"scroll","background-type":"","background-media":"","overlay-type":"","overlay-color":"","overlay-opacity":"","overlay-gradient":""}},"ast-content-background-meta":{"desktop":{"background-color":"var(--ast-global-color-4)","background-image":"","background-repeat":"repeat","background-position":"center center","background-size":"auto","background-attachment":"scroll","background-type":"","background-media":"","overlay-type":"","overlay-color":"","overlay-opacity":"","overlay-gradient":""},"tablet":{"background-color":"var(--ast-global-color-4)","background-image":"","background-repeat":"repeat","background-position":"center center","background-size":"auto","background-attachment":"scroll","background-type":"","background-media":"","overlay-type":"","overlay-color":"","overlay-opacity":"","overlay-gradient":""},"mobile":{"background-color":"var(--ast-global-color-4)","background-image":"","background-repeat":"repeat","background-position":"center center","background-size":"auto","background-attachment":"scroll","background-type":"","background-media":"","overlay-type":"","overlay-color":"","overlay-opacity":"","overlay-gradient":""}}},"product_brand":[],"product_cat":[32],"product_tag":[],"class_list":{"0":"post-574","1":"product","2":"type-product","3":"status-publish","4":"has-post-thumbnail","6":"product_cat-alloy-structural-steel","7":"desktop-align-left","8":"tablet-align-left","9":"mobile-align-left","11":"first","12":"instock","13":"shipping-taxable","14":"product-type-simple"},"_links":{"self":[{"href":"https:\/\/www.dura-alloy.com\/pt\/wp-json\/wp\/v2\/product\/574","targetHints":{"allow":["GET"]}}],"collection":[{"href":"https:\/\/www.dura-alloy.com\/pt\/wp-json\/wp\/v2\/product"}],"about":[{"href":"https:\/\/www.dura-alloy.com\/pt\/wp-json\/wp\/v2\/types\/product"}],"version-history":[{"count":0,"href":"https:\/\/www.dura-alloy.com\/pt\/wp-json\/wp\/v2\/product\/574\/revisions"}],"wp:featuredmedia":[{"embeddable":true,"href":"https:\/\/www.dura-alloy.com\/pt\/wp-json\/wp\/v2\/media\/575"}],"wp:attachment":[{"href":"https:\/\/www.dura-alloy.com\/pt\/wp-json\/wp\/v2\/media?parent=574"}],"wp:term":[{"taxonomy":"product_brand","embeddable":true,"href":"https:\/\/www.dura-alloy.com\/pt\/wp-json\/wp\/v2\/product_brand?post=574"},{"taxonomy":"product_cat","embeddable":true,"href":"https:\/\/www.dura-alloy.com\/pt\/wp-json\/wp\/v2\/product_cat?post=574"},{"taxonomy":"product_tag","embeddable":true,"href":"https:\/\/www.dura-alloy.com\/pt\/wp-json\/wp\/v2\/product_tag?post=574"}],"curies":[{"name":"wp","href":"https:\/\/api.w.org\/{rel}","templated":true}]}}