{"id":557,"date":"2025-06-16T08:40:21","date_gmt":"2025-06-16T08:40:21","guid":{"rendered":"https:\/\/dura-alloy.com\/?post_type=product&#038;p=557"},"modified":"2025-06-16T08:40:21","modified_gmt":"2025-06-16T08:40:21","slug":"tantalum-rod","status":"publish","type":"product","link":"https:\/\/www.dura-alloy.com\/pt\/produto\/tantalum-rod\/","title":{"rendered":"Barra de t\u00e2ntalo"},"content":{"rendered":"<p style=\"text-align: center;\"><strong><span>O \u00e2mbito de fornecimento da nossa empresa inclui:<\/span><\/strong><\/p>\n<p style=\"text-align: center;\"><strong><span>Alvo de t\u00e2ntalo, placa de t\u00e2ntalo, folha de t\u00e2ntalo, vareta de t\u00e2ntalo, fio de t\u00e2ntalo, tubo de t\u00e2ntalo, part\u00edculas de t\u00e2ntalo, pe\u00e7as de processamento de t\u00e2ntalo<\/span><\/strong><\/p>\n<p><strong><span>1. Introdu\u00e7\u00e3o \u00e0 barra de t\u00e2ntalo<\/span><\/strong><\/p>\n<ol>\n<li><span>N\u00famero da classifica\u00e7\u00e3o: RO5200, RO5400<\/span><\/li>\n<li><span>Pureza: \u226599,95%<\/span><\/li>\n<li><span>Norma: ASTM B365, GB\/T14841<\/span><\/li>\n<li><span>Processo: Laminagem a frio, decapagem, cisalhamento<\/span><\/li>\n<\/ol>\n<p><strong><span>2. Campos de aplica\u00e7\u00e3o das barras de t\u00e2ntalo<\/span><\/strong><\/p>\n<p><span>Utilizado para fabricar componentes de aquecimento e componentes de isolamento para altos-fornos de v\u00e1cuo. Pode ser utilizado para fabricar dispositivos de cozedura, aquecedores, refrigeradores, v\u00e1rios utens\u00edlios e dispositivos na ind\u00fastria qu\u00edmica, bem como amplamente utilizado na avia\u00e7\u00e3o, na ind\u00fastria aeroespacial, em dispositivos m\u00e9dicos e noutros dom\u00ednios.<\/span><\/p>\n<p><strong>\u00a0<\/strong><span>3.\u00a0<\/span><strong><span>Var\u00e3o e grau de var\u00e3o de t\u00e2ntalo, estado e especifica\u00e7\u00f5es<\/span><\/strong><\/p>\n<table border=\"-\">\n<tbody>\n<tr>\n<td rowspan=\"2\" width=\"125\"><span>N\u00famero da marca<\/span><\/td>\n<td rowspan=\"2\" width=\"65\"><span>M\u00e9todo de processamento<\/span><\/td>\n<td rowspan=\"2\" width=\"92\"><span>Di\u00e2metro ou comprimento lateral d(mm)<\/span><\/td>\n<td colspan=\"3\" width=\"194\"><span>Toler\u00e2ncia admiss\u00edvel para o di\u00e2metro ou comprimento lateral (mm)<\/span><\/td>\n<td rowspan=\"2\" width=\"90\"><span>comprimento<\/span><\/td>\n<td rowspan=\"2\" width=\"55\"><span>Desvio admiss\u00edvel do comprimento de tamanho fixo<\/span><\/td>\n<\/tr>\n<tr>\n<td width=\"70\"><span>forjamento<\/span><\/td>\n<td width=\"56\"><span>Rolamento<\/span><\/td>\n<td width=\"67\"><span>Retifica\u00e7\u00e3o ou adi\u00e7\u00e3o de m\u00e1quina<\/span><\/td>\n<\/tr>\n<tr>\n<td rowspan=\"10\" width=\"125\"><span>Ta1<\/span><\/p>\n<p><span>TA2<\/span><\/p>\n<p><span>FTA1<\/span><\/p>\n<p><span>Fta2<\/span><\/p>\n<p><span>R05200<\/span><\/p>\n<p><span>R05400<\/span><\/p>\n<p><span>R05255(Ta10W)<\/span><\/p>\n<p><span>R05252 (TA2.5W)<\/span><\/p>\n<p><span>TA7.5W<\/span><\/td>\n<td rowspan=\"10\" width=\"65\"><span>Retifica\u00e7\u00e3o<\/span><\/p>\n<p><span>Luz do autom\u00f3vel<\/span><\/p>\n<p><span>Laminagem a frio<\/span><\/p>\n<p><span>Forjamento rotativo a frio<\/span><\/p>\n<p><span>forjamento<\/span><\/td>\n<td width=\"92\"><span>3.0\uff5e4.5<\/span><\/td>\n<td width=\"70\"><span>\u00b10.05<\/span><\/td>\n<td width=\"56\"><span>\u00b10.05<\/span><\/td>\n<td width=\"67\"><span>-<\/span><\/td>\n<td width=\"90\"><span>500\uff5e1500<\/span><\/td>\n<td width=\"55\"><span>\u00b15<\/span><\/td>\n<\/tr>\n<tr>\n<td width=\"92\"><span>\uff1e4.5\uff5e6.5<\/span><\/td>\n<td width=\"70\"><span>\u00b10.10<\/span><\/td>\n<td width=\"56\"><span>\u00b10.10<\/span><\/td>\n<td width=\"67\"><span>-<\/span><\/td>\n<td width=\"90\"><span>500\uff5e1500<\/span><\/td>\n<td width=\"55\"><span>\u00b15<\/span><\/td>\n<\/tr>\n<tr>\n<td width=\"92\"><span>\uff1e6.5\uff5e10.0<\/span><\/td>\n<td width=\"70\"><span>\u00b10.15<\/span><\/td>\n<td width=\"56\"><span>\u00b10.15<\/span><\/td>\n<td width=\"67\"><span>\u00b10.15<\/span><\/td>\n<td width=\"90\"><span>400\uff5e1500<\/span><\/td>\n<td width=\"55\"><span>\u00b15<\/span><\/td>\n<\/tr>\n<tr>\n<td width=\"92\"><span>\uff1e10\uff5e16<\/span><\/td>\n<td width=\"70\"><span>\u00b11.5<\/span><\/td>\n<td width=\"56\"><span>\u00b10.20<\/span><\/td>\n<td width=\"67\"><span>\u00b10.2<\/span><\/td>\n<td width=\"90\"><span>300\uff5e1500<\/span><\/td>\n<td width=\"55\"><span>\u00b15<\/span><\/td>\n<\/tr>\n<tr>\n<td width=\"92\"><span>\uff1e16\uff5e18<\/span><\/td>\n<td width=\"70\"><span>\u00b12.0<\/span><\/td>\n<td width=\"56\"><span>-<\/span><\/td>\n<td width=\"67\"><span>\u00b10.2<\/span><\/td>\n<td width=\"90\"><span>200\uff5e1500<\/span><\/td>\n<td width=\"55\"><span>\u00b120<\/span><\/td>\n<\/tr>\n<tr>\n<td width=\"92\"><span>\uff1e18\uff5e25<\/span><\/td>\n<td width=\"70\"><span>\u00b12.5<\/span><\/td>\n<td width=\"56\"><span>-<\/span><\/td>\n<td width=\"67\"><span>\u00b10.3<\/span><\/td>\n<td width=\"90\"><span>200\uff5e1500<\/span><\/td>\n<td width=\"55\"><span>\u00b120<\/span><\/td>\n<\/tr>\n<tr>\n<td width=\"92\"><span>\uff1e25\uff5e40<\/span><\/td>\n<td width=\"70\"><span>\u00b13.0<\/span><\/td>\n<td width=\"56\"><span>-<\/span><\/td>\n<td width=\"67\"><span>\u00b10.4<\/span><\/td>\n<td width=\"90\"><span>150\uff5e1500<\/span><\/td>\n<td width=\"55\"><span>\u00b120<\/span><\/td>\n<\/tr>\n<tr>\n<td width=\"92\"><span>\uff1e40\uff5e50<\/span><\/td>\n<td width=\"70\"><span>\u00b13.5<\/span><\/td>\n<td width=\"56\"><span>-<\/span><\/td>\n<td width=\"67\"><span>\u00b10.5<\/span><\/td>\n<td width=\"90\"><span>100\uff5e1500<\/span><\/td>\n<td width=\"55\"><span>\u00b120<\/span><\/td>\n<\/tr>\n<tr>\n<td width=\"92\"><span>\uff1e50\uff5e65<\/span><\/td>\n<td width=\"70\"><span>\u00b15.0<\/span><\/td>\n<td width=\"56\"><span>-<\/span><\/td>\n<td width=\"67\"><span>\u00b10.6<\/span><\/td>\n<td width=\"90\"><span>100\uff5e1500<\/span><\/td>\n<td width=\"55\"><span>\u00b120<\/span><\/td>\n<\/tr>\n<tr>\n<td width=\"92\"><span>\uff1e65\uff5e200<\/span><\/td>\n<td width=\"70\"><span>\u00b15.0<\/span><\/td>\n<td width=\"56\"><span>-<\/span><\/td>\n<td width=\"67\"><span>\u00b10.8<\/span><\/td>\n<td width=\"90\"><span>100\uff5e1500<\/span><\/td>\n<td width=\"55\"><span>\u00b120<\/span><\/td>\n<\/tr>\n<\/tbody>\n<\/table>\n<p><span>Nota: O desvio admiss\u00edvel do di\u00e2metro do m\u00e9todo de retifica\u00e7\u00e3o ou maquinagem pode ser determinado de acordo com os requisitos do cliente.<\/span><\/p>","protected":false},"excerpt":{"rendered":"<p>Our company&#8217;s supply scope includes: Tantalum target, tantalum plate, tantalum foil, tantalum rod, tantalum wire, tantalum tube, tantalum particles, tantalum [&hellip;]<\/p>","protected":false},"featured_media":558,"template":"","meta":{"site-sidebar-layout":"default","site-content-layout":"","ast-site-content-layout":"default","site-content-style":"default","site-sidebar-style":"default","ast-global-header-display":"","ast-banner-title-visibility":"","ast-main-header-display":"","ast-hfb-above-header-display":"","ast-hfb-below-header-display":"","ast-hfb-mobile-header-display":"","site-post-title":"","ast-breadcrumbs-content":"","ast-featured-img":"","footer-sml-layout":"","theme-transparent-header-meta":"default","adv-header-id-meta":"","stick-header-meta":"","header-above-stick-meta":"","header-main-stick-meta":"","header-below-stick-meta":"","astra-migrate-meta-layouts":"set","ast-page-background-enabled":"default","ast-page-background-meta":{"desktop":{"background-color":"var(--ast-global-color-5)","background-image":"","background-repeat":"repeat","background-position":"center center","background-size":"auto","background-attachment":"scroll","background-type":"","background-media":"","overlay-type":"","overlay-color":"","overlay-opacity":"","overlay-gradient":""},"tablet":{"background-color":"","background-image":"","background-repeat":"repeat","background-position":"center center","background-size":"auto","background-attachment":"scroll","background-type":"","background-media":"","overlay-type":"","overlay-color":"","overlay-opacity":"","overlay-gradient":""},"mobile":{"background-color":"","background-image":"","background-repeat":"repeat","background-position":"center center","background-size":"auto","background-attachment":"scroll","background-type":"","background-media":"","overlay-type":"","overlay-color":"","overlay-opacity":"","overlay-gradient":""}},"ast-content-background-meta":{"desktop":{"background-color":"var(--ast-global-color-4)","background-image":"","background-repeat":"repeat","background-position":"center center","background-size":"auto","background-attachment":"scroll","background-type":"","background-media":"","overlay-type":"","overlay-color":"","overlay-opacity":"","overlay-gradient":""},"tablet":{"background-color":"var(--ast-global-color-4)","background-image":"","background-repeat":"repeat","background-position":"center center","background-size":"auto","background-attachment":"scroll","background-type":"","background-media":"","overlay-type":"","overlay-color":"","overlay-opacity":"","overlay-gradient":""},"mobile":{"background-color":"var(--ast-global-color-4)","background-image":"","background-repeat":"repeat","background-position":"center center","background-size":"auto","background-attachment":"scroll","background-type":"","background-media":"","overlay-type":"","overlay-color":"","overlay-opacity":"","overlay-gradient":""}}},"product_brand":[],"product_cat":[31],"product_tag":[],"class_list":{"0":"post-557","1":"product","2":"type-product","3":"status-publish","4":"has-post-thumbnail","6":"product_cat-tantalum-niobium-zirconium-nickel","7":"desktop-align-left","8":"tablet-align-left","9":"mobile-align-left","11":"first","12":"instock","13":"shipping-taxable","14":"product-type-simple"},"_links":{"self":[{"href":"https:\/\/www.dura-alloy.com\/pt\/wp-json\/wp\/v2\/product\/557","targetHints":{"allow":["GET"]}}],"collection":[{"href":"https:\/\/www.dura-alloy.com\/pt\/wp-json\/wp\/v2\/product"}],"about":[{"href":"https:\/\/www.dura-alloy.com\/pt\/wp-json\/wp\/v2\/types\/product"}],"version-history":[{"count":0,"href":"https:\/\/www.dura-alloy.com\/pt\/wp-json\/wp\/v2\/product\/557\/revisions"}],"wp:featuredmedia":[{"embeddable":true,"href":"https:\/\/www.dura-alloy.com\/pt\/wp-json\/wp\/v2\/media\/558"}],"wp:attachment":[{"href":"https:\/\/www.dura-alloy.com\/pt\/wp-json\/wp\/v2\/media?parent=557"}],"wp:term":[{"taxonomy":"product_brand","embeddable":true,"href":"https:\/\/www.dura-alloy.com\/pt\/wp-json\/wp\/v2\/product_brand?post=557"},{"taxonomy":"product_cat","embeddable":true,"href":"https:\/\/www.dura-alloy.com\/pt\/wp-json\/wp\/v2\/product_cat?post=557"},{"taxonomy":"product_tag","embeddable":true,"href":"https:\/\/www.dura-alloy.com\/pt\/wp-json\/wp\/v2\/product_tag?post=557"}],"curies":[{"name":"wp","href":"https:\/\/api.w.org\/{rel}","templated":true}]}}