{"id":544,"date":"2025-06-16T08:00:08","date_gmt":"2025-06-16T08:00:08","guid":{"rendered":"https:\/\/dura-alloy.com\/?post_type=product&#038;p=544"},"modified":"2025-06-16T08:00:08","modified_gmt":"2025-06-16T08:00:08","slug":"n08367","status":"publish","type":"product","link":"https:\/\/www.dura-alloy.com\/pt\/produto\/n08367\/","title":{"rendered":"N08367"},"content":{"rendered":"<p style=\"text-align: center;\"><strong><span>O \u00e2mbito de fornecimento da nossa empresa inclui<\/span><\/strong><\/p>\n<p style=\"text-align: center;\"><strong><span>Pe\u00e7as forjadas n\u00e3o normalizadas, barras redondas, chapas de a\u00e7o\/cintas de a\u00e7o, acess\u00f3rios para tubos com flange, tubos sem costura, capilares, etc. Bem-vindo ao inqu\u00e9rito!<\/span><\/strong><\/p>\n<p><strong><span>1.\u00a0<\/span><\/strong><strong><span>Introdu\u00e7\u00e3o aos materiais N08367<\/span><\/strong><\/p>\n<p><strong><span>\u00a0 \u00a0 \u00a0 N08367<\/span><\/strong><span>\u00a0\u00e9 um a\u00e7o inoxid\u00e1vel super austen\u00edtico t\u00edpico com 6-molibd\u00e9nio (elevado teor de molibd\u00e9nio 6.3%). A sua capacidade de resistir \u00e0 corros\u00e3o por pites de cloreto, \u00e0 corros\u00e3o em fendas e \u00e0 corros\u00e3o sob tens\u00e3o \u00e9 melhor do que a do a\u00e7o inoxid\u00e1vel da s\u00e9rie 3 e tem um custo inferior ao das ligas resistentes \u00e0 corros\u00e3o \u00e0 base de n\u00edquel. Apresenta uma boa resist\u00eancia \u00e0 corros\u00e3o em v\u00e1rios ambientes de corros\u00e3o severa e \u00e9 adequado para solu\u00e7\u00f5es aquosas com elevado teor de cloreto e ambientes de corros\u00e3o por cloreto. A sua resist\u00eancia abrangente \u00e0 corros\u00e3o deu um grande salto em compara\u00e7\u00e3o com o 316L. Ao mesmo tempo, a sua resist\u00eancia \u00e0 corros\u00e3o \u00e9 pr\u00f3xima da de outras ligas \u00e0 base de n\u00edquel resistentes \u00e0 corros\u00e3o, como o C-276, mas o seu custo \u00e9 mais vantajoso. Utilizado numa variedade de ambientes com elevado teor de cloreto: agentes de branqueamento (nano hipoclorito, di\u00f3xido de cloro), halog\u00e9neos e produtos qu\u00edmicos com elevado teor de sal ou \u00e1gua do mar.<\/span><\/p>\n<p><strong><span>2. N08367\u00a0<\/span><\/strong><strong><span>composi\u00e7\u00e3o qu\u00edmica<\/span><\/strong><\/p>\n<table border=\"-\" width=\"1120\">\n<tbody>\n<tr>\n<td width=\"97\"><span>liga<\/span><\/td>\n<td width=\"64\">%<\/td>\n<td width=\"51\">C<\/td>\n<td width=\"51\"><span>E<\/span><\/td>\n<td width=\"51\">Mn<\/td>\n<td width=\"51\">P<\/td>\n<td width=\"51\">S<\/td>\n<td width=\"51\"><span>Em<\/span><\/td>\n<td width=\"51\">Cr<\/td>\n<td width=\"51\">Mo<\/td>\n<td width=\"51\">Cu<\/td>\n<td width=\"51\">N<\/td>\n<\/tr>\n<tr>\n<td rowspan=\"2\" width=\"97\"><strong><span>N08367<\/span><\/strong><\/td>\n<td width=\"64\"><span>Valor m\u00ednimo<\/span><\/td>\n<td width=\"51\">-<\/td>\n<td width=\"51\"><span>-<\/span><\/td>\n<td width=\"51\"><span>-<\/span><\/td>\n<td width=\"51\"><span>-<\/span><\/td>\n<td width=\"51\"><span>-<\/span><\/td>\n<td width=\"51\">23.5<\/td>\n<td width=\"51\">20.0<\/td>\n<td width=\"51\">6.0<\/td>\n<td width=\"51\"><span>-<\/span><\/td>\n<td width=\"51\">0.18<\/td>\n<\/tr>\n<tr>\n<td width=\"64\"><span>Valor m\u00e1ximo<\/span><\/td>\n<td width=\"51\">0.03<\/td>\n<td width=\"51\">1.0<\/td>\n<td width=\"51\">2.0<\/td>\n<td width=\"51\">0.040<\/td>\n<td width=\"51\">0.030<\/td>\n<td width=\"51\">25.5<\/td>\n<td width=\"51\">22.0<\/td>\n<td width=\"51\">7.0<\/td>\n<td width=\"51\">0.75<\/td>\n<td width=\"51\">0.25<\/td>\n<\/tr>\n<\/tbody>\n<\/table>\n<p><strong>\u00a0<\/strong><strong><span>3. N08367\u00a0<\/span><\/strong><strong><span>propriedades f\u00edsicas<\/span><\/strong><\/p>\n<table border=\"-\" width=\"720\">\n<tbody>\n<tr>\n<td colspan=\"2\" width=\"320\"><span>Calor espec\u00edfico (J\/kg-K)<\/span><\/td>\n<td width=\"93\">450<\/td>\n<\/tr>\n<tr>\n<td colspan=\"2\" width=\"320\"><span>Resistividade (\u03bc\u03a9-cm)<\/span><\/td>\n<td width=\"93\">94.4<\/td>\n<\/tr>\n<tr>\n<td rowspan=\"2\" width=\"197\"><span>Condutividade t\u00e9rmica (W\/mK)<\/span><\/td>\n<td width=\"122\">20\u2103<\/td>\n<td width=\"93\">11.9<\/td>\n<\/tr>\n<tr>\n<td width=\"122\">100\u2103<\/td>\n<td width=\"93\">13.0<\/td>\n<\/tr>\n<tr>\n<td rowspan=\"4\" width=\"197\"><span>Coeficiente m\u00e9dio de expans\u00e3o t\u00e9rmica (10-6\/\u2103)<\/span><\/td>\n<td width=\"122\">20-200\u2103<\/td>\n<td width=\"93\">15.3<\/td>\n<\/tr>\n<tr>\n<td width=\"122\">20-300\u2103<\/td>\n<td width=\"93\">15.6<\/td>\n<\/tr>\n<tr>\n<td width=\"122\">20-400\u2103<\/td>\n<td width=\"93\">15.9<\/td>\n<\/tr>\n<tr>\n<td width=\"122\">20-500\u2103<\/td>\n<td width=\"93\">16.2<\/td>\n<\/tr>\n<tr>\n<td colspan=\"2\" width=\"320\"><span>M\u00f3dulo de elasticidade longitudinal (MPa)<\/span><\/td>\n<td width=\"93\">19.8 x 104<\/td>\n<\/tr>\n<tr>\n<td colspan=\"2\" width=\"320\"><span>densidade<\/span><\/td>\n<td width=\"93\">8.24<\/td>\n<\/tr>\n<tr>\n<td colspan=\"2\" width=\"320\"><span>Ponto de fus\u00e3o (\u2103)<\/span><\/td>\n<td width=\"93\">1360-1394<\/td>\n<\/tr>\n<\/tbody>\n<\/table>\n<p><strong>\u00a0<\/strong><strong><span>\u00a0 \u00a0 \u00a0 N08367\u00a0<\/span><\/strong><strong><span>Tratamento t\u00e9rmico<\/span><\/strong><\/p>\n<p><span>\u00a0 \u00a0 \u00a0 Esta liga \u00e9 um a\u00e7o inoxid\u00e1vel da s\u00e9rie austen\u00edtica, e o tratamento t\u00e9rmico pode ser o mesmo que o do a\u00e7o inoxid\u00e1vel austen\u00edtico normal. As condi\u00e7\u00f5es de tratamento t\u00e9rmico normalmente utilizadas s\u00e3o as seguintes.<\/span><\/p>\n<p><span>\u00a0 \u00a0 \u00a0 Tratamento de solu\u00e7\u00f5es s\u00f3lidas 1125~1175\u2103 arrefecimento a \u00e1gua<\/span><\/p>\n<p><strong><span>\u00a0 \u00a0 \u00a0 N08367\u00a0<\/span><\/strong><strong><span>Decapagem<\/span><\/strong><\/p>\n<p><span>\u00a0 \u00a0 \u00a0 Utilizar uma mistura de \u00e1cido n\u00edtrico e \u00e1cido fluor\u00eddrico para a decapagem. Devido \u00e0 sua maior resist\u00eancia \u00e0 corros\u00e3o do que o SUS 304, a incrusta\u00e7\u00e3o ser\u00e1 ligeiramente mais dif\u00edcil de remover. Por conseguinte, \u00e9 mais eficaz efetuar um curto per\u00edodo de impregna\u00e7\u00e3o alcalina antes da decapagem ou, se poss\u00edvel, uma decapagem com granalha.<\/span><\/p>\n<p><strong><span>IV. N08367\u00a0<\/span><\/strong><strong><span>campos de aplica\u00e7\u00e3o<\/span><\/strong><\/p>\n<ol>\n<li><span>Ambiente da \u00e1gua do mar: dispositivo de dessaliniza\u00e7\u00e3o da \u00e1gua do mar, permutador de calor da \u00e1gua do mar, tubo do condensador, etc.<\/span><\/li>\n<li><span>Ambiente com elevada concentra\u00e7\u00e3o de i\u00f5es cloreto: dispositivo de dessulfura\u00e7\u00e3o de gases de escape, ind\u00fastria da pasta e do papel, v\u00e1rios dispositivos de branqueamento, etc.<\/span><\/li>\n<li><span>Ambiente com elevada concentra\u00e7\u00e3o de sal: equipamento de fabrico de resinas, recipientes e tubos de rea\u00e7\u00e3o qu\u00edmica, etc.<\/span><\/li>\n<li><span>Equipamento de dessulfura\u00e7\u00e3o de gases de combust\u00e3o (FGD), torre de destila\u00e7\u00e3o de petr\u00f3leo bruto e enchimento de tanques de armazenamento e rolos de press\u00e3o, centrais t\u00e9rmicas, siderurgias e empresas petroqu\u00edmicas,<\/span><\/li>\n<li><span>Equipamento farmac\u00eautico, equipamento para m\u00e1quinas alimentares<\/span><\/li>\n<\/ol>","protected":false},"excerpt":{"rendered":"<p>Our company&#8217;s scope of supply includes Non-standard forgings, round rods, steel plates\/steel belts, flange pipe fittings, seamless pipes, capillaries, etc. [&hellip;]<\/p>","protected":false},"featured_media":545,"template":"","meta":{"site-sidebar-layout":"default","site-content-layout":"","ast-site-content-layout":"default","site-content-style":"default","site-sidebar-style":"default","ast-global-header-display":"","ast-banner-title-visibility":"","ast-main-header-display":"","ast-hfb-above-header-display":"","ast-hfb-below-header-display":"","ast-hfb-mobile-header-display":"","site-post-title":"","ast-breadcrumbs-content":"","ast-featured-img":"","footer-sml-layout":"","theme-transparent-header-meta":"default","adv-header-id-meta":"","stick-header-meta":"","header-above-stick-meta":"","header-main-stick-meta":"","header-below-stick-meta":"","astra-migrate-meta-layouts":"set","ast-page-background-enabled":"default","ast-page-background-meta":{"desktop":{"background-color":"var(--ast-global-color-5)","background-image":"","background-repeat":"repeat","background-position":"center center","background-size":"auto","background-attachment":"scroll","background-type":"","background-media":"","overlay-type":"","overlay-color":"","overlay-opacity":"","overlay-gradient":""},"tablet":{"background-color":"","background-image":"","background-repeat":"repeat","background-position":"center center","background-size":"auto","background-attachment":"scroll","background-type":"","background-media":"","overlay-type":"","overlay-color":"","overlay-opacity":"","overlay-gradient":""},"mobile":{"background-color":"","background-image":"","background-repeat":"repeat","background-position":"center center","background-size":"auto","background-attachment":"scroll","background-type":"","background-media":"","overlay-type":"","overlay-color":"","overlay-opacity":"","overlay-gradient":""}},"ast-content-background-meta":{"desktop":{"background-color":"var(--ast-global-color-4)","background-image":"","background-repeat":"repeat","background-position":"center center","background-size":"auto","background-attachment":"scroll","background-type":"","background-media":"","overlay-type":"","overlay-color":"","overlay-opacity":"","overlay-gradient":""},"tablet":{"background-color":"var(--ast-global-color-4)","background-image":"","background-repeat":"repeat","background-position":"center center","background-size":"auto","background-attachment":"scroll","background-type":"","background-media":"","overlay-type":"","overlay-color":"","overlay-opacity":"","overlay-gradient":""},"mobile":{"background-color":"var(--ast-global-color-4)","background-image":"","background-repeat":"repeat","background-position":"center center","background-size":"auto","background-attachment":"scroll","background-type":"","background-media":"","overlay-type":"","overlay-color":"","overlay-opacity":"","overlay-gradient":""}}},"product_brand":[],"product_cat":[30],"product_tag":[],"class_list":{"0":"post-544","1":"product","2":"type-product","3":"status-publish","4":"has-post-thumbnail","6":"product_cat-advanced-stainless-steel","7":"desktop-align-left","8":"tablet-align-left","9":"mobile-align-left","11":"first","12":"instock","13":"shipping-taxable","14":"product-type-simple"},"_links":{"self":[{"href":"https:\/\/www.dura-alloy.com\/pt\/wp-json\/wp\/v2\/product\/544","targetHints":{"allow":["GET"]}}],"collection":[{"href":"https:\/\/www.dura-alloy.com\/pt\/wp-json\/wp\/v2\/product"}],"about":[{"href":"https:\/\/www.dura-alloy.com\/pt\/wp-json\/wp\/v2\/types\/product"}],"version-history":[{"count":0,"href":"https:\/\/www.dura-alloy.com\/pt\/wp-json\/wp\/v2\/product\/544\/revisions"}],"wp:featuredmedia":[{"embeddable":true,"href":"https:\/\/www.dura-alloy.com\/pt\/wp-json\/wp\/v2\/media\/545"}],"wp:attachment":[{"href":"https:\/\/www.dura-alloy.com\/pt\/wp-json\/wp\/v2\/media?parent=544"}],"wp:term":[{"taxonomy":"product_brand","embeddable":true,"href":"https:\/\/www.dura-alloy.com\/pt\/wp-json\/wp\/v2\/product_brand?post=544"},{"taxonomy":"product_cat","embeddable":true,"href":"https:\/\/www.dura-alloy.com\/pt\/wp-json\/wp\/v2\/product_cat?post=544"},{"taxonomy":"product_tag","embeddable":true,"href":"https:\/\/www.dura-alloy.com\/pt\/wp-json\/wp\/v2\/product_tag?post=544"}],"curies":[{"name":"wp","href":"https:\/\/api.w.org\/{rel}","templated":true}]}}