{"id":538,"date":"2025-06-16T07:54:24","date_gmt":"2025-06-16T07:54:24","guid":{"rendered":"https:\/\/dura-alloy.com\/?post_type=product&#038;p=538"},"modified":"2025-06-16T07:54:24","modified_gmt":"2025-06-16T07:54:24","slug":"254smo","status":"publish","type":"product","link":"https:\/\/www.dura-alloy.com\/pt\/produto\/254smo\/","title":{"rendered":"254SMO"},"content":{"rendered":"<p style=\"text-align: center;\"><strong><span>O \u00e2mbito de fornecimento da nossa empresa inclui<\/span><\/strong><\/p>\n<p style=\"text-align: center;\"><strong><span>Pe\u00e7as forjadas n\u00e3o normalizadas, barras redondas, chapas de a\u00e7o\/cintas de a\u00e7o, acess\u00f3rios para tubos com flange, tubos sem costura, capilares, etc. Bem-vindo ao inqu\u00e9rito!<\/span><\/strong><\/p>\n<p><strong><span>1. Introdu\u00e7\u00e3o aos materiais 254SMO<\/span><\/strong><\/p>\n<p><span>\u00a0 \u00a0 \u00a0 O 254SMO \u00e9 um a\u00e7o inoxid\u00e1vel austen\u00edtico. Devido ao seu elevado teor de molibd\u00e9nio, tem uma resist\u00eancia extremamente elevada \u00e0 corros\u00e3o em po\u00e7os e em fendas. Estes tipos de a\u00e7o inoxid\u00e1vel s\u00e3o desenvolvidos e desenvolvidos para utiliza\u00e7\u00e3o em ambientes que cont\u00eam halogenetos, como a \u00e1gua do mar. O 254SMO tamb\u00e9m tem uma boa resist\u00eancia \u00e0 corros\u00e3o uniforme. Especialmente entre os \u00e1cidos que cont\u00eam halogenetos, este a\u00e7o \u00e9 melhor do que o a\u00e7o inoxid\u00e1vel comum.<\/span><\/p>\n<p><strong><span>2. Composi\u00e7\u00e3o qu\u00edmica do 254SMO<\/span><\/strong><\/p>\n<table border=\"-\" width=\"1120\">\n<tbody>\n<tr>\n<td width=\"97\"><span>liga<\/span><\/td>\n<td width=\"64\">%<\/td>\n<td width=\"51\"><span>Cr\u00f3mio Cr<\/span><\/td>\n<td width=\"51\"><span>Carbono C<\/span><\/td>\n<td width=\"51\"><span>Sil\u00edcio Si<\/span><\/td>\n<td width=\"51\"><span>F\u00f3sforo P<\/span><\/td>\n<td width=\"51\"><span>Enxofre S<\/span><\/td>\n<td width=\"51\"><span>Ni<\/span><\/td>\n<td width=\"51\"><span>Pedra Mo<\/span><\/td>\n<td width=\"51\"><span>\u94dc com<\/span><\/td>\n<td width=\"51\"><span>Azoto N<\/span><\/td>\n<td width=\"51\"><span>\u94c8 O qu\u00ea<\/span><\/td>\n<\/tr>\n<tr>\n<td rowspan=\"2\" width=\"97\"><span>254smo<\/span><\/td>\n<td width=\"64\"><span>Valor m\u00ednimo<\/span><\/td>\n<td width=\"51\">19.5<\/td>\n<td width=\"51\">&#8211;<\/td>\n<td width=\"51\"><span>&#8211;<\/span><\/td>\n<td width=\"51\"><span>&#8211;<\/span><\/td>\n<td width=\"51\"><span>&#8211;<\/span><\/td>\n<td width=\"51\">17.5<\/td>\n<td width=\"51\">6.0<\/td>\n<td width=\"51\">0.5<\/td>\n<td width=\"51\">0.18<\/td>\n<td width=\"51\">0.03<\/td>\n<\/tr>\n<tr>\n<td width=\"64\"><span>Valor m\u00e1ximo<\/span><\/td>\n<td width=\"51\">20.5<\/td>\n<td width=\"51\">0.02<\/td>\n<td width=\"51\">0.80<\/td>\n<td width=\"51\">0.030<\/td>\n<td width=\"51\">0.010<\/td>\n<td width=\"51\">18.5<\/td>\n<td width=\"51\">6.5<\/td>\n<td width=\"51\">1.0<\/td>\n<td width=\"51\">0.20<\/td>\n<td width=\"51\">0.08<\/td>\n<\/tr>\n<\/tbody>\n<\/table>\n<p><strong><span>3. Propriedades f\u00edsicas do 254SMO<\/span><\/strong><\/p>\n<p><span>Densidade: 8,24g\/cm3,<\/span><\/p>\n<p><span>Ponto de fus\u00e3o: 1320-1390 \u2103,<\/span><\/p>\n<p><span>Magn\u00e9tico: Nenhum<\/span><\/p>\n<p><strong><span>4. Resist\u00eancia \u00e0 corros\u00e3o do 254SMO<\/span><\/strong><\/p>\n<p><span>\u00a0 \u00a0 \u00a0 O 254SMO tamb\u00e9m tem boa resist\u00eancia \u00e0 corros\u00e3o uniforme. Especialmente entre os \u00e1cidos que cont\u00eam halogenetos, este a\u00e7o \u00e9 melhor do que o a\u00e7o inoxid\u00e1vel comum. O seu teor em C \u00e9 &lt;0,03%, pelo que \u00e9 designado por a\u00e7o inoxid\u00e1vel austen\u00edtico puro (&lt;0,01% \u00e9 tamb\u00e9m designado por a\u00e7o inoxid\u00e1vel super austen\u00edtico).<\/span><\/p>\n<p><span>\u00a0 \u00a0 \u00a0 O a\u00e7o inoxid\u00e1vel super \u00e9 um a\u00e7o inoxid\u00e1vel especial. Antes de mais, \u00e9 diferente do a\u00e7o inoxid\u00e1vel normal em termos de composi\u00e7\u00e3o qu\u00edmica. Refere-se a um a\u00e7o inoxid\u00e1vel de alta liga com elevado teor de n\u00edquel, cr\u00f3mio e molibd\u00e9nio. Entre eles, o mais famoso \u00e9 o 254SMo que cont\u00e9m 6%Mo. Este tipo de a\u00e7o tem uma resist\u00eancia \u00e0 corros\u00e3o local muito boa. Tem uma boa resist\u00eancia \u00e0 corros\u00e3o por pite (PI \u226540) e uma boa resist\u00eancia \u00e0 corros\u00e3o sob tens\u00e3o em condi\u00e7\u00f5es de \u00e1gua do mar, insufla\u00e7\u00e3o, folgas e eros\u00e3o a baixa velocidade. \u00c9 um substituto para ligas \u00e0 base de Ni e ligas de tit\u00e2nio. Em segundo lugar, em termos de resist\u00eancia a altas temperaturas ou \u00e0 corros\u00e3o, tem melhor resist\u00eancia a altas temperaturas ou \u00e0 corros\u00e3o, e \u00e9 insubstitu\u00edvel ao a\u00e7o inoxid\u00e1vel 304. Al\u00e9m disso, em termos de classifica\u00e7\u00e3o do a\u00e7o inoxid\u00e1vel, a estrutura metalogr\u00e1fica do a\u00e7o inoxid\u00e1vel especial \u00e9 uma estrutura metalogr\u00e1fica de austenite est\u00e1vel.<\/span><\/p>\n<p><strong><span>V. Campos de aplica\u00e7\u00e3o do 254SMO<\/span><\/strong><\/p>\n<ul>\n<li><span>Oceano: estruturas marinhas do meio marinho, dessaliniza\u00e7\u00e3o da \u00e1gua do mar, aquicultura da \u00e1gua do mar, troca de calor da \u00e1gua do mar, etc.<\/span><\/li>\n<li><span>Dom\u00ednio da prote\u00e7\u00e3o do ambiente: dispositivos de dessulfura\u00e7\u00e3o de gases de combust\u00e3o para a produ\u00e7\u00e3o de energia t\u00e9rmica, tratamento de \u00e1guas residuais, etc.<\/span><\/li>\n<li><span>Dom\u00ednio da energia: produ\u00e7\u00e3o de energia at\u00f3mica, utiliza\u00e7\u00e3o integral do carv\u00e3o, produ\u00e7\u00e3o de energia das mar\u00e9s, etc.<\/span><\/li>\n<li><span>Dom\u00ednio petroqu\u00edmico: refina\u00e7\u00e3o de petr\u00f3leo, equipamentos qu\u00edmicos e qu\u00edmicos, etc.<\/span><\/li>\n<\/ul>","protected":false},"excerpt":{"rendered":"<p>Our company&#8217;s scope of supply includes Non-standard forgings, round rods, steel plates\/steel belts, flange pipe fittings, seamless pipes, capillaries, etc. [&hellip;]<\/p>","protected":false},"featured_media":539,"template":"","meta":{"site-sidebar-layout":"default","site-content-layout":"","ast-site-content-layout":"default","site-content-style":"default","site-sidebar-style":"default","ast-global-header-display":"","ast-banner-title-visibility":"","ast-main-header-display":"","ast-hfb-above-header-display":"","ast-hfb-below-header-display":"","ast-hfb-mobile-header-display":"","site-post-title":"","ast-breadcrumbs-content":"","ast-featured-img":"","footer-sml-layout":"","theme-transparent-header-meta":"default","adv-header-id-meta":"","stick-header-meta":"","header-above-stick-meta":"","header-main-stick-meta":"","header-below-stick-meta":"","astra-migrate-meta-layouts":"set","ast-page-background-enabled":"default","ast-page-background-meta":{"desktop":{"background-color":"var(--ast-global-color-5)","background-image":"","background-repeat":"repeat","background-position":"center center","background-size":"auto","background-attachment":"scroll","background-type":"","background-media":"","overlay-type":"","overlay-color":"","overlay-opacity":"","overlay-gradient":""},"tablet":{"background-color":"","background-image":"","background-repeat":"repeat","background-position":"center center","background-size":"auto","background-attachment":"scroll","background-type":"","background-media":"","overlay-type":"","overlay-color":"","overlay-opacity":"","overlay-gradient":""},"mobile":{"background-color":"","background-image":"","background-repeat":"repeat","background-position":"center center","background-size":"auto","background-attachment":"scroll","background-type":"","background-media":"","overlay-type":"","overlay-color":"","overlay-opacity":"","overlay-gradient":""}},"ast-content-background-meta":{"desktop":{"background-color":"var(--ast-global-color-4)","background-image":"","background-repeat":"repeat","background-position":"center center","background-size":"auto","background-attachment":"scroll","background-type":"","background-media":"","overlay-type":"","overlay-color":"","overlay-opacity":"","overlay-gradient":""},"tablet":{"background-color":"var(--ast-global-color-4)","background-image":"","background-repeat":"repeat","background-position":"center center","background-size":"auto","background-attachment":"scroll","background-type":"","background-media":"","overlay-type":"","overlay-color":"","overlay-opacity":"","overlay-gradient":""},"mobile":{"background-color":"var(--ast-global-color-4)","background-image":"","background-repeat":"repeat","background-position":"center center","background-size":"auto","background-attachment":"scroll","background-type":"","background-media":"","overlay-type":"","overlay-color":"","overlay-opacity":"","overlay-gradient":""}}},"product_brand":[],"product_cat":[30],"product_tag":[],"class_list":{"0":"post-538","1":"product","2":"type-product","3":"status-publish","4":"has-post-thumbnail","6":"product_cat-advanced-stainless-steel","7":"desktop-align-left","8":"tablet-align-left","9":"mobile-align-left","11":"first","12":"instock","13":"shipping-taxable","14":"product-type-simple"},"_links":{"self":[{"href":"https:\/\/www.dura-alloy.com\/pt\/wp-json\/wp\/v2\/product\/538","targetHints":{"allow":["GET"]}}],"collection":[{"href":"https:\/\/www.dura-alloy.com\/pt\/wp-json\/wp\/v2\/product"}],"about":[{"href":"https:\/\/www.dura-alloy.com\/pt\/wp-json\/wp\/v2\/types\/product"}],"version-history":[{"count":0,"href":"https:\/\/www.dura-alloy.com\/pt\/wp-json\/wp\/v2\/product\/538\/revisions"}],"wp:featuredmedia":[{"embeddable":true,"href":"https:\/\/www.dura-alloy.com\/pt\/wp-json\/wp\/v2\/media\/539"}],"wp:attachment":[{"href":"https:\/\/www.dura-alloy.com\/pt\/wp-json\/wp\/v2\/media?parent=538"}],"wp:term":[{"taxonomy":"product_brand","embeddable":true,"href":"https:\/\/www.dura-alloy.com\/pt\/wp-json\/wp\/v2\/product_brand?post=538"},{"taxonomy":"product_cat","embeddable":true,"href":"https:\/\/www.dura-alloy.com\/pt\/wp-json\/wp\/v2\/product_cat?post=538"},{"taxonomy":"product_tag","embeddable":true,"href":"https:\/\/www.dura-alloy.com\/pt\/wp-json\/wp\/v2\/product_tag?post=538"}],"curies":[{"name":"wp","href":"https:\/\/api.w.org\/{rel}","templated":true}]}}