{"id":535,"date":"2025-06-16T07:52:15","date_gmt":"2025-06-16T07:52:15","guid":{"rendered":"https:\/\/dura-alloy.com\/?post_type=product&#038;p=535"},"modified":"2025-06-16T07:52:15","modified_gmt":"2025-06-16T07:52:15","slug":"253ma","status":"publish","type":"product","link":"https:\/\/www.dura-alloy.com\/pt\/produto\/253ma\/","title":{"rendered":"253MA"},"content":{"rendered":"<p style=\"text-align: center;\"><strong><span>O \u00e2mbito de fornecimento da nossa empresa inclui<\/span><\/strong><\/p>\n<p style=\"text-align: center;\"><strong><span>Pe\u00e7as forjadas n\u00e3o normalizadas, barras redondas, chapas de a\u00e7o\/cintas de a\u00e7o, acess\u00f3rios para tubos com flange, tubos sem costura, capilares, etc. Bem-vindo ao inqu\u00e9rito!<\/span><\/strong><\/p>\n<p><strong><span>1. Introdu\u00e7\u00e3o aos materiais 253MA<\/span><\/strong><\/p>\n<p><span>\u00a0 \u00a0 \u00a0 O 253MA \u00e9 um a\u00e7o inoxid\u00e1vel austen\u00edtico resistente ao calor, concebido para aplica\u00e7\u00f5es que requerem uma elevada resist\u00eancia \u00e0 flu\u00eancia e uma boa resist\u00eancia \u00e0 corros\u00e3o.<\/span><\/p>\n<p><span>\u00a0 \u00a0 \u00a0 A composi\u00e7\u00e3o qu\u00edmica do 253MA \u00e9 equilibrada, fazendo com que o a\u00e7o tenha o desempenho abrangente mais adequado na faixa de temperatura de 850 \u2103 -1100 \u2103, resist\u00eancia \u00e0 oxida\u00e7\u00e3o extremamente alta e temperatura de oxida\u00e7\u00e3o de at\u00e9 1150 \u2103; resist\u00eancia \u00e0 flu\u00eancia extremamente alta e resist\u00eancia \u00e0 fratura por flu\u00eancia; boa resist\u00eancia \u00e0 corros\u00e3o em alta temperatura e resist\u00eancia \u00e0 corros\u00e3o por escova de equil\u00edbrio na maioria dos meios de g\u00e1s; alta resist\u00eancia ao escoamento e resist\u00eancia \u00e0 tra\u00e7\u00e3o em altas temperaturas; boa moldabilidade e soldabilidade, bem como usinabilidade suficiente.<\/span><\/p>\n<p><span>\u00a0 \u00a0 \u00a0 Para al\u00e9m dos elementos de liga cr\u00f3mio e n\u00edquel, o a\u00e7o inoxid\u00e1vel 253MA cont\u00e9m tamb\u00e9m uma pequena quantidade de metais de terras raras (REM), o que melhora significativamente a sua resist\u00eancia \u00e0 oxida\u00e7\u00e3o. O nitrog\u00e9nio foi adicionado para melhorar as propriedades de flu\u00eancia e para tornar este a\u00e7o completamente austen\u00edtico. Embora o teor de cr\u00f3mio e de n\u00edquel seja relativamente baixo, este a\u00e7o inoxid\u00e1vel tem, em muitos casos, as mesmas carater\u00edsticas a altas temperaturas que os a\u00e7os de liga altamente ligados e as ligas \u00e0 base de n\u00edquel.<\/span><\/p>\n<p>&nbsp;<\/p>\n<p><strong><span>2. 253MA composi\u00e7\u00e3o qu\u00edmica<\/span><\/strong><\/p>\n<table border=\"-\" width=\"1120\">\n<tbody>\n<tr>\n<td width=\"97\"><span>liga<\/span><\/td>\n<td width=\"64\">%<\/td>\n<td width=\"51\"><span>Cr\u00f3mio Cr<\/span><\/td>\n<td width=\"51\"><span>Carbono C<\/span><\/td>\n<td width=\"51\"><span>Sil\u00edcio Si<\/span><\/td>\n<td width=\"51\"><span>Enxofre S<\/span><\/td>\n<td width=\"51\"><span>Ni<\/span><\/td>\n<td width=\"51\"><span>Azoto N<\/span><\/td>\n<td width=\"51\"><span>\u94c8 O qu\u00ea<\/span><\/td>\n<\/tr>\n<tr>\n<td rowspan=\"2\" width=\"97\"><span>253ma<\/span><\/td>\n<td width=\"64\"><span>Valor m\u00ednimo<\/span><\/td>\n<td width=\"51\">20.0<\/td>\n<td width=\"51\">0.05<\/td>\n<td width=\"51\">1.40<\/td>\n<td width=\"51\">&#8211;<\/td>\n<td width=\"51\">10.0<\/td>\n<td width=\"51\">0.14<\/td>\n<td width=\"51\">0.03<\/td>\n<\/tr>\n<tr>\n<td width=\"64\"><span>Valor m\u00e1ximo<\/span><\/td>\n<td width=\"51\">22.0<\/td>\n<td width=\"51\">0.10<\/td>\n<td width=\"51\">2.00<\/td>\n<td width=\"51\">0..030<\/td>\n<td width=\"51\">12.0<\/td>\n<td width=\"51\">0.20<\/td>\n<td width=\"51\">0.08<\/td>\n<\/tr>\n<\/tbody>\n<\/table>\n<p><strong><span>3. 253MA resist\u00eancia \u00e0 corros\u00e3o e resist\u00eancia a altas temperaturas<\/span><\/strong><\/p>\n<p><span>\u00a0 \u00a0 \u00a0 O a\u00e7o tem o desempenho abrangente mais adequado na faixa de temperatura de 850 \u2103 -1100 \u2103, resist\u00eancia \u00e0 oxida\u00e7\u00e3o extremamente alta e uma temperatura de escala de at\u00e9 1150 \u2103; resist\u00eancia \u00e0 flu\u00eancia extremamente alta e resist\u00eancia \u00e0 fratura por flu\u00eancia; tem boa resist\u00eancia \u00e0 corros\u00e3o em alta temperatura e resist\u00eancia \u00e0 corros\u00e3o por escova de equil\u00edbrio na maioria dos meios de g\u00e1s; tem alta resist\u00eancia ao escoamento e resist\u00eancia \u00e0 tra\u00e7\u00e3o em altas temperaturas; boa moldabilidade e soldabilidade, bem como usinabilidade suficiente. Para al\u00e9m dos elementos de liga cr\u00f3mio e n\u00edquel, o a\u00e7o inoxid\u00e1vel 253MA tamb\u00e9m cont\u00e9m uma pequena quantidade de metais de terras raras (REM), o que melhora significativamente a sua resist\u00eancia \u00e0 oxida\u00e7\u00e3o. O nitrog\u00e9nio foi adicionado para melhorar as propriedades de flu\u00eancia e para tornar este a\u00e7o completamente austen\u00edtico. Embora o teor de cr\u00f3mio e de n\u00edquel seja relativamente baixo, este a\u00e7o inoxid\u00e1vel tem, em muitos casos, as mesmas carater\u00edsticas a altas temperaturas que os a\u00e7os de liga altamente ligados e as ligas \u00e0 base de n\u00edquel.<\/span><\/p>\n<p><strong><span>4. 253NA campos de aplica\u00e7\u00e3o<\/span><\/strong><\/p>\n<p><span>\u00a0 \u00a0 \u00a0 253MA \u00e9 amplamente utilizado em equipamentos de sinteriza\u00e7\u00e3o, equipamentos de alto-forno, fus\u00e3o de a\u00e7o, forno e equipamentos de fundi\u00e7\u00e3o cont\u00ednua, laminadores de a\u00e7o (fornos de aquecimento), fornos de tratamento t\u00e9rmico e acess\u00f3rios, equipamentos minerais e equipamentos de produ\u00e7\u00e3o de cimento, etc. O a\u00e7o 253MA pode usar ocasi\u00f5es de suporte de press\u00e3o a 900 \u2103 e componentes de alta temperatura sem suporte de press\u00e3o com temperaturas de trabalho de at\u00e9 1150 \u2103.<\/span><\/p>","protected":false},"excerpt":{"rendered":"<p>Our company&#8217;s scope of supply includes Non-standard forgings, round rods, steel plates\/steel belts, flange pipe fittings, seamless pipes, capillaries, etc. [&hellip;]<\/p>","protected":false},"featured_media":536,"template":"","meta":{"site-sidebar-layout":"default","site-content-layout":"","ast-site-content-layout":"default","site-content-style":"default","site-sidebar-style":"default","ast-global-header-display":"","ast-banner-title-visibility":"","ast-main-header-display":"","ast-hfb-above-header-display":"","ast-hfb-below-header-display":"","ast-hfb-mobile-header-display":"","site-post-title":"","ast-breadcrumbs-content":"","ast-featured-img":"","footer-sml-layout":"","theme-transparent-header-meta":"default","adv-header-id-meta":"","stick-header-meta":"","header-above-stick-meta":"","header-main-stick-meta":"","header-below-stick-meta":"","astra-migrate-meta-layouts":"set","ast-page-background-enabled":"default","ast-page-background-meta":{"desktop":{"background-color":"var(--ast-global-color-5)","background-image":"","background-repeat":"repeat","background-position":"center center","background-size":"auto","background-attachment":"scroll","background-type":"","background-media":"","overlay-type":"","overlay-color":"","overlay-opacity":"","overlay-gradient":""},"tablet":{"background-color":"","background-image":"","background-repeat":"repeat","background-position":"center center","background-size":"auto","background-attachment":"scroll","background-type":"","background-media":"","overlay-type":"","overlay-color":"","overlay-opacity":"","overlay-gradient":""},"mobile":{"background-color":"","background-image":"","background-repeat":"repeat","background-position":"center center","background-size":"auto","background-attachment":"scroll","background-type":"","background-media":"","overlay-type":"","overlay-color":"","overlay-opacity":"","overlay-gradient":""}},"ast-content-background-meta":{"desktop":{"background-color":"var(--ast-global-color-4)","background-image":"","background-repeat":"repeat","background-position":"center center","background-size":"auto","background-attachment":"scroll","background-type":"","background-media":"","overlay-type":"","overlay-color":"","overlay-opacity":"","overlay-gradient":""},"tablet":{"background-color":"var(--ast-global-color-4)","background-image":"","background-repeat":"repeat","background-position":"center center","background-size":"auto","background-attachment":"scroll","background-type":"","background-media":"","overlay-type":"","overlay-color":"","overlay-opacity":"","overlay-gradient":""},"mobile":{"background-color":"var(--ast-global-color-4)","background-image":"","background-repeat":"repeat","background-position":"center center","background-size":"auto","background-attachment":"scroll","background-type":"","background-media":"","overlay-type":"","overlay-color":"","overlay-opacity":"","overlay-gradient":""}}},"product_brand":[],"product_cat":[30],"product_tag":[],"class_list":{"0":"post-535","1":"product","2":"type-product","3":"status-publish","4":"has-post-thumbnail","6":"product_cat-advanced-stainless-steel","7":"desktop-align-left","8":"tablet-align-left","9":"mobile-align-left","11":"first","12":"instock","13":"shipping-taxable","14":"product-type-simple"},"_links":{"self":[{"href":"https:\/\/www.dura-alloy.com\/pt\/wp-json\/wp\/v2\/product\/535","targetHints":{"allow":["GET"]}}],"collection":[{"href":"https:\/\/www.dura-alloy.com\/pt\/wp-json\/wp\/v2\/product"}],"about":[{"href":"https:\/\/www.dura-alloy.com\/pt\/wp-json\/wp\/v2\/types\/product"}],"version-history":[{"count":0,"href":"https:\/\/www.dura-alloy.com\/pt\/wp-json\/wp\/v2\/product\/535\/revisions"}],"wp:featuredmedia":[{"embeddable":true,"href":"https:\/\/www.dura-alloy.com\/pt\/wp-json\/wp\/v2\/media\/536"}],"wp:attachment":[{"href":"https:\/\/www.dura-alloy.com\/pt\/wp-json\/wp\/v2\/media?parent=535"}],"wp:term":[{"taxonomy":"product_brand","embeddable":true,"href":"https:\/\/www.dura-alloy.com\/pt\/wp-json\/wp\/v2\/product_brand?post=535"},{"taxonomy":"product_cat","embeddable":true,"href":"https:\/\/www.dura-alloy.com\/pt\/wp-json\/wp\/v2\/product_cat?post=535"},{"taxonomy":"product_tag","embeddable":true,"href":"https:\/\/www.dura-alloy.com\/pt\/wp-json\/wp\/v2\/product_tag?post=535"}],"curies":[{"name":"wp","href":"https:\/\/api.w.org\/{rel}","templated":true}]}}