{"id":533,"date":"2025-06-16T07:49:53","date_gmt":"2025-06-16T07:49:53","guid":{"rendered":"https:\/\/dura-alloy.com\/?post_type=product&#038;p=533"},"modified":"2025-06-16T07:49:53","modified_gmt":"2025-06-16T07:49:53","slug":"1-4529","status":"publish","type":"product","link":"https:\/\/www.dura-alloy.com\/pt\/produto\/1-4529\/","title":{"rendered":"1.4529"},"content":{"rendered":"<p style=\"text-align: center;\"><strong><span>O \u00e2mbito de fornecimento da nossa empresa inclui<\/span><\/strong><\/p>\n<p style=\"text-align: center;\"><strong><span>Pe\u00e7as forjadas n\u00e3o normalizadas, barras redondas, chapas de a\u00e7o\/cintas de a\u00e7o, acess\u00f3rios para tubos com flange, tubos sem costura, capilares, etc. Bem-vindo ao inqu\u00e9rito!<\/span><\/strong><\/p>\n<p><strong><span>1. Introdu\u00e7\u00e3o a 1.4529<\/span><\/strong><\/p>\n<p><span>\u00a0 \u00a0 O 1.4529 tem uma resist\u00eancia muito elevada \u00e0 corros\u00e3o por pite e em fendas em meios halogenados e em ambientes que cont\u00eam hidrog\u00e9nio e enxofre, e pode resistir eficazmente \u00e0 corros\u00e3o sob tens\u00e3o por i\u00f5es cloreto. Tem tamb\u00e9m uma boa resist\u00eancia \u00e0 corros\u00e3o em meios oxidantes e redutores, boa estabilidade e propriedades mec\u00e2nicas ligeiramente melhores do que o 904L. Ele pode ser usado para a fabrica\u00e7\u00e3o de vasos de press\u00e3o de -196 a 400 \u2103.<\/span><\/p>\n<p><span>2,\u00a0<\/span><strong><span>1,4529 Ingredientes qu\u00edmicos<\/span><\/strong><\/p>\n<p><span>1.4529 grau correspondente: 25-6Mo, 1.4529 (UNS N08926)<\/span><\/p>\n<p><span>Termos gerais dom\u00e9sticos: 1.4529, liga de dessulfuriza\u00e7\u00e3o e desnitrifica\u00e7\u00e3o, Cronifer1925hMo<\/span><\/p>\n<p><span>Ingredientes principais: 20Cr-25Ni-6Mo-1Cu-0.2N<\/span><\/p>\n<p><span>Propriedades mec\u00e2nicas: Resist\u00eancia \u00e0 tra\u00e7\u00e3o: \u03c3b\u2265650Mpa; Alongamento: \u03b4\u226535%<\/span><\/p>\n<p><strong><span>III. 1.4529 Descri\u00e7\u00e3o dos materiais<\/span><\/strong><\/p>\n<p><span>\u00a0 \u00a0 \u00a0 O 1.4529 (UNS N08926) tem uma resist\u00eancia muito elevada \u00e0 corros\u00e3o por picadas e fendas em meios de halogenetos e ambientes \u00e1cidos de hidrog\u00e9nio-enxofre, e pode resistir eficazmente \u00e0 corros\u00e3o sob tens\u00e3o de i\u00f5es cloreto. Tamb\u00e9m tem boa resist\u00eancia \u00e0 corros\u00e3o em meios oxidantes e redutores, boa estabilidade e propriedades mec\u00e2nicas ligeiramente melhores do que o 904L. Ele pode ser usado para a fabrica\u00e7\u00e3o de vasos de press\u00e3o de -196 a 400 \u2103.<\/span><\/p>\n<p><span>Condi\u00e7\u00f5es t\u00edpicas de trabalho: 60% \u00e1cido sulf\u00farico, abaixo de 80 \u2103, taxa de corros\u00e3o anual &lt;0,1 mm<\/span><\/p>\n<p><strong><span>IV. Dom\u00ednios de aplica\u00e7\u00e3o<\/span><\/strong><\/p>\n<p><span>\u00a0 \u00a0 \u00a0 Dispositivo de dessulfura\u00e7\u00e3o de gases de combust\u00e3o, evaporador, permutador de calor, filtro e misturador para produ\u00e7\u00e3o de \u00e1cido fosf\u00f3rico, dispositivo de transporte de \u00e1cido sulf\u00farico, condensador, sistema de extin\u00e7\u00e3o de inc\u00eandios, sistema de filtragem de \u00e1gua do mar, sistema de tubagem hidr\u00e1ulica e de reabastecimento na ind\u00fastria offshore, sistema de pasta de papel, condensador de evapora\u00e7\u00e3o de sal, sistema de tubagem de \u00e1gua de arrefecimento da polui\u00e7\u00e3o de centrais el\u00e9ctricas, dispositivo de dessaliniza\u00e7\u00e3o de \u00e1gua do mar por osmose inversa, tanque de armazenamento de transporte de produtos qu\u00edmicos corrosivos, equipamento de produ\u00e7\u00e3o de subst\u00e2ncias org\u00e2nicas catalisadas por \u00e1cido halog\u00e9neo, etc.<\/span><\/p>\n<p><strong><span>Materiais de soldadura de suporte: ERNiCrMo-3, ERNiCrMo-3<\/span><\/strong><\/p>","protected":false},"excerpt":{"rendered":"<p>Our company&#8217;s scope of supply includes Non-standard forgings, round rods, steel plates\/steel belts, flange pipe fittings, seamless pipes, capillaries, etc. [&hellip;]<\/p>","protected":false},"featured_media":534,"template":"","meta":{"site-sidebar-layout":"default","site-content-layout":"","ast-site-content-layout":"default","site-content-style":"default","site-sidebar-style":"default","ast-global-header-display":"","ast-banner-title-visibility":"","ast-main-header-display":"","ast-hfb-above-header-display":"","ast-hfb-below-header-display":"","ast-hfb-mobile-header-display":"","site-post-title":"","ast-breadcrumbs-content":"","ast-featured-img":"","footer-sml-layout":"","theme-transparent-header-meta":"default","adv-header-id-meta":"","stick-header-meta":"","header-above-stick-meta":"","header-main-stick-meta":"","header-below-stick-meta":"","astra-migrate-meta-layouts":"set","ast-page-background-enabled":"default","ast-page-background-meta":{"desktop":{"background-color":"var(--ast-global-color-5)","background-image":"","background-repeat":"repeat","background-position":"center center","background-size":"auto","background-attachment":"scroll","background-type":"","background-media":"","overlay-type":"","overlay-color":"","overlay-opacity":"","overlay-gradient":""},"tablet":{"background-color":"","background-image":"","background-repeat":"repeat","background-position":"center center","background-size":"auto","background-attachment":"scroll","background-type":"","background-media":"","overlay-type":"","overlay-color":"","overlay-opacity":"","overlay-gradient":""},"mobile":{"background-color":"","background-image":"","background-repeat":"repeat","background-position":"center center","background-size":"auto","background-attachment":"scroll","background-type":"","background-media":"","overlay-type":"","overlay-color":"","overlay-opacity":"","overlay-gradient":""}},"ast-content-background-meta":{"desktop":{"background-color":"var(--ast-global-color-4)","background-image":"","background-repeat":"repeat","background-position":"center center","background-size":"auto","background-attachment":"scroll","background-type":"","background-media":"","overlay-type":"","overlay-color":"","overlay-opacity":"","overlay-gradient":""},"tablet":{"background-color":"var(--ast-global-color-4)","background-image":"","background-repeat":"repeat","background-position":"center center","background-size":"auto","background-attachment":"scroll","background-type":"","background-media":"","overlay-type":"","overlay-color":"","overlay-opacity":"","overlay-gradient":""},"mobile":{"background-color":"var(--ast-global-color-4)","background-image":"","background-repeat":"repeat","background-position":"center center","background-size":"auto","background-attachment":"scroll","background-type":"","background-media":"","overlay-type":"","overlay-color":"","overlay-opacity":"","overlay-gradient":""}}},"product_brand":[],"product_cat":[30],"product_tag":[],"class_list":{"0":"post-533","1":"product","2":"type-product","3":"status-publish","4":"has-post-thumbnail","6":"product_cat-advanced-stainless-steel","7":"desktop-align-left","8":"tablet-align-left","9":"mobile-align-left","11":"first","12":"instock","13":"shipping-taxable","14":"product-type-simple"},"_links":{"self":[{"href":"https:\/\/www.dura-alloy.com\/pt\/wp-json\/wp\/v2\/product\/533","targetHints":{"allow":["GET"]}}],"collection":[{"href":"https:\/\/www.dura-alloy.com\/pt\/wp-json\/wp\/v2\/product"}],"about":[{"href":"https:\/\/www.dura-alloy.com\/pt\/wp-json\/wp\/v2\/types\/product"}],"version-history":[{"count":0,"href":"https:\/\/www.dura-alloy.com\/pt\/wp-json\/wp\/v2\/product\/533\/revisions"}],"wp:featuredmedia":[{"embeddable":true,"href":"https:\/\/www.dura-alloy.com\/pt\/wp-json\/wp\/v2\/media\/534"}],"wp:attachment":[{"href":"https:\/\/www.dura-alloy.com\/pt\/wp-json\/wp\/v2\/media?parent=533"}],"wp:term":[{"taxonomy":"product_brand","embeddable":true,"href":"https:\/\/www.dura-alloy.com\/pt\/wp-json\/wp\/v2\/product_brand?post=533"},{"taxonomy":"product_cat","embeddable":true,"href":"https:\/\/www.dura-alloy.com\/pt\/wp-json\/wp\/v2\/product_cat?post=533"},{"taxonomy":"product_tag","embeddable":true,"href":"https:\/\/www.dura-alloy.com\/pt\/wp-json\/wp\/v2\/product_tag?post=533"}],"curies":[{"name":"wp","href":"https:\/\/api.w.org\/{rel}","templated":true}]}}