{"id":527,"date":"2025-06-16T07:36:30","date_gmt":"2025-06-16T07:36:30","guid":{"rendered":"https:\/\/dura-alloy.com\/?post_type=product&#038;p=527"},"modified":"2025-06-16T07:36:30","modified_gmt":"2025-06-16T07:36:30","slug":"7a04","status":"publish","type":"product","link":"https:\/\/www.dura-alloy.com\/pt\/produto\/7a04\/","title":{"rendered":"7A04"},"content":{"rendered":"<p style=\"text-align: center;\"><strong><span>\u00c2mbito de fornecimento do Grupo de Avia\u00e7\u00e3o:<\/span><\/strong><\/p>\n<p style=\"text-align: center;\"><strong><span>It can be customized non-standard, aluminum plate (whole plate\/cut), aluminum rod, aluminum forgings, aluminum tubes, aluminum profiles, etc. Welcome to inquire!<\/span><\/strong><\/p>\n<p><strong><span>1. Introdu\u00e7\u00e3o ao\u00a0<\/span><\/strong><strong><span>7A04\u00a0<\/span><\/strong><strong><span>Materiais<\/span><\/strong><\/p>\n<p><span>7A04 belongs to Al-Zn-Mg-Cu superaluminum alloy, also known as superhard aluminum, which is a very mature alloy with a long-lasting and wide use among superhard aluminum. High strength, good heat treatment strengthening effect, medium plasticity in annealing and new quenching states; unlike hard aluminum, the corrosion resistance in artificial aging state is better than that in natural aging states, and the natural aging process is slow, and it takes 3 months to reach the peak of aging hardening. Therefore, the disadvantage of using 7A04 in quenching artificial aging state is that its structure stability is low, low low-frequency fatigue strength, and tends to have stress corrosion and rupture. The alloy has good point properties and good machinability after gas welding heat treatment, but poor machinability after annealing.<\/span><\/p>\n<p><strong><span>2.\u00a0<\/span><\/strong><strong><span>7A04\u00a0<\/span><\/strong><strong><span>composi\u00e7\u00e3o qu\u00edmica<\/span><\/strong><\/p>\n<table border=\"-\">\n<tbody>\n<tr>\n<td colspan=\"2\" width=\"104\"><span>Medalha de liga met\u00e1lica<\/span><\/td>\n<td width=\"49\"><span>sil\u00edcio<\/span><\/p>\n<p><span>E<\/span><\/td>\n<td width=\"49\"><span>ferro<\/span><\/p>\n<p>Fe<\/td>\n<td width=\"50\"><span>cobre<\/span><\/p>\n<p>Cu<\/td>\n<td width=\"47\"><span>mangan\u00eas<\/span><\/p>\n<p>Mn<\/td>\n<td width=\"48\"><span>magnesium<\/span><\/p>\n<p>Mg<\/td>\n<td width=\"47\"><span>cr\u00f3mio<\/span><\/p>\n<p>Cr<\/td>\n<td width=\"47\"><span>Zinc<\/span><\/p>\n<p>Zn<\/td>\n<td width=\"49\"><span>tit\u00e2nio<\/span><\/p>\n<p><span>De<\/span><\/td>\n<td colspan=\"2\" width=\"87\"><span>outros<\/span><\/td>\n<td width=\"47\"><span>alum\u00ednio<\/span><\/p>\n<p>AL<\/td>\n<\/tr>\n<tr>\n<td width=\"52\"><span>New grade<\/span><\/td>\n<td width=\"52\"><span>Old brand<\/span><\/td>\n<td rowspan=\"2\" width=\"49\">0.5<\/td>\n<td rowspan=\"2\" width=\"49\"><span>0.5<\/span><\/td>\n<td rowspan=\"2\" width=\"50\">1.4-2.0<\/td>\n<td rowspan=\"2\" width=\"47\">0.2-0.6<\/td>\n<td rowspan=\"2\" width=\"48\">1.8-2.8<\/td>\n<td rowspan=\"2\" width=\"47\">0.1-0.25<\/td>\n<td rowspan=\"2\" width=\"47\">5.7-7.0<\/td>\n<td rowspan=\"2\" width=\"49\">0.10<\/td>\n<td width=\"45\"><span>Each<\/span><\/td>\n<td width=\"43\"><span>total<\/span><\/td>\n<td rowspan=\"2\" width=\"47\"><span>margem<\/span><\/td>\n<\/tr>\n<tr>\n<td width=\"52\"><span>7a04<\/span><\/td>\n<td width=\"52\">LC4<\/td>\n<td width=\"45\">0.05<\/td>\n<td width=\"43\"><span>0.10<\/span><\/td>\n<\/tr>\n<\/tbody>\n<\/table>\n<p><strong>\u00a0<\/strong><strong><span>3.\u00a0<\/span><\/strong><span><strong>Physical properties and characteristics\u00a0<\/strong><\/span><strong><span>of 7A04<\/span><\/strong><\/p>\n<table border=\"-\">\n<tbody>\n<tr>\n<td width=\"100\"><span>Aluminum alloy grade and status<\/span><\/td>\n<td width=\"110\"><span>resist\u00eancia \u00e0 tra\u00e7\u00e3o<\/span><\/p>\n<p>Rm\/Mpa<\/td>\n<td width=\"102\"><span>Rendimento do rendimento<\/span><\/p>\n<p>Rp0.2\/Mpa<\/td>\n<td width=\"99\"><span>Elongation\/%<\/span><\/td>\n<td width=\"105\"><span>Hardness\/HBW\u03b1<\/span><\/td>\n<td width=\"109\"><span>densidade<\/span><\/p>\n<p><span>(20 \u2103) \u200b\u200b(g \/ cm3)<\/span><\/td>\n<\/tr>\n<tr>\n<td width=\"100\"><span>7a04-T6<\/span><\/td>\n<td width=\"110\">490<\/td>\n<td width=\"102\">410<\/td>\n<td width=\"99\">7<\/td>\n<td width=\"105\">150<\/td>\n<td width=\"109\">2.9<\/td>\n<\/tr>\n<\/tbody>\n<\/table>\n<p><strong>\u00a0<\/strong><strong><span>IV.\u00a0<\/span><\/strong><strong><span>7A04\u00a0<\/span><\/strong><strong><span>campos de aplica\u00e7\u00e3o<\/span><\/strong><\/p>\n<p><span>7A04 is widely used in mold processing, mechanical equipment, tooling and fixtures, aerospace industry, blow molding (mold, ultrasonic plastic welding mold, golf ball head, shoe mold, paper mold, foam mold, wax removal mold, mechanical equipment, etc.<\/span><\/p>","protected":false},"excerpt":{"rendered":"<p>Scope of supply of Aviation Group: It can be customized non-standard, aluminum plate (whole plate\/cut), aluminum rod, aluminum forgings, aluminum [&hellip;]<\/p>","protected":false},"featured_media":529,"template":"","meta":{"site-sidebar-layout":"default","site-content-layout":"","ast-site-content-layout":"default","site-content-style":"default","site-sidebar-style":"default","ast-global-header-display":"","ast-banner-title-visibility":"","ast-main-header-display":"","ast-hfb-above-header-display":"","ast-hfb-below-header-display":"","ast-hfb-mobile-header-display":"","site-post-title":"","ast-breadcrumbs-content":"","ast-featured-img":"","footer-sml-layout":"","theme-transparent-header-meta":"default","adv-header-id-meta":"","stick-header-meta":"","header-above-stick-meta":"","header-main-stick-meta":"","header-below-stick-meta":"","astra-migrate-meta-layouts":"set","ast-page-background-enabled":"default","ast-page-background-meta":{"desktop":{"background-color":"var(--ast-global-color-5)","background-image":"","background-repeat":"repeat","background-position":"center center","background-size":"auto","background-attachment":"scroll","background-type":"","background-media":"","overlay-type":"","overlay-color":"","overlay-opacity":"","overlay-gradient":""},"tablet":{"background-color":"","background-image":"","background-repeat":"repeat","background-position":"center center","background-size":"auto","background-attachment":"scroll","background-type":"","background-media":"","overlay-type":"","overlay-color":"","overlay-opacity":"","overlay-gradient":""},"mobile":{"background-color":"","background-image":"","background-repeat":"repeat","background-position":"center center","background-size":"auto","background-attachment":"scroll","background-type":"","background-media":"","overlay-type":"","overlay-color":"","overlay-opacity":"","overlay-gradient":""}},"ast-content-background-meta":{"desktop":{"background-color":"var(--ast-global-color-4)","background-image":"","background-repeat":"repeat","background-position":"center center","background-size":"auto","background-attachment":"scroll","background-type":"","background-media":"","overlay-type":"","overlay-color":"","overlay-opacity":"","overlay-gradient":""},"tablet":{"background-color":"var(--ast-global-color-4)","background-image":"","background-repeat":"repeat","background-position":"center center","background-size":"auto","background-attachment":"scroll","background-type":"","background-media":"","overlay-type":"","overlay-color":"","overlay-opacity":"","overlay-gradient":""},"mobile":{"background-color":"var(--ast-global-color-4)","background-image":"","background-repeat":"repeat","background-position":"center center","background-size":"auto","background-attachment":"scroll","background-type":"","background-media":"","overlay-type":"","overlay-color":"","overlay-opacity":"","overlay-gradient":""}}},"product_brand":[],"product_cat":[29],"product_tag":[],"class_list":{"0":"post-527","1":"product","2":"type-product","3":"status-publish","4":"has-post-thumbnail","6":"product_cat-aviation-aluminum-alloy","7":"desktop-align-left","8":"tablet-align-left","9":"mobile-align-left","11":"first","12":"instock","13":"shipping-taxable","14":"product-type-simple"},"_links":{"self":[{"href":"https:\/\/www.dura-alloy.com\/pt\/wp-json\/wp\/v2\/product\/527","targetHints":{"allow":["GET"]}}],"collection":[{"href":"https:\/\/www.dura-alloy.com\/pt\/wp-json\/wp\/v2\/product"}],"about":[{"href":"https:\/\/www.dura-alloy.com\/pt\/wp-json\/wp\/v2\/types\/product"}],"version-history":[{"count":0,"href":"https:\/\/www.dura-alloy.com\/pt\/wp-json\/wp\/v2\/product\/527\/revisions"}],"wp:featuredmedia":[{"embeddable":true,"href":"https:\/\/www.dura-alloy.com\/pt\/wp-json\/wp\/v2\/media\/529"}],"wp:attachment":[{"href":"https:\/\/www.dura-alloy.com\/pt\/wp-json\/wp\/v2\/media?parent=527"}],"wp:term":[{"taxonomy":"product_brand","embeddable":true,"href":"https:\/\/www.dura-alloy.com\/pt\/wp-json\/wp\/v2\/product_brand?post=527"},{"taxonomy":"product_cat","embeddable":true,"href":"https:\/\/www.dura-alloy.com\/pt\/wp-json\/wp\/v2\/product_cat?post=527"},{"taxonomy":"product_tag","embeddable":true,"href":"https:\/\/www.dura-alloy.com\/pt\/wp-json\/wp\/v2\/product_tag?post=527"}],"curies":[{"name":"wp","href":"https:\/\/api.w.org\/{rel}","templated":true}]}}