{"id":513,"date":"2025-06-16T06:49:21","date_gmt":"2025-06-16T06:49:21","guid":{"rendered":"https:\/\/dura-alloy.com\/?post_type=product&#038;p=513"},"modified":"2025-06-16T06:49:21","modified_gmt":"2025-06-16T06:49:21","slug":"5a05","status":"publish","type":"product","link":"https:\/\/www.dura-alloy.com\/pt\/produto\/5a05\/","title":{"rendered":"5A05"},"content":{"rendered":"<p style=\"text-align: center;\"><strong><span>\u00c2mbito de fornecimento do Grupo de Avia\u00e7\u00e3o:<\/span><\/strong><\/p>\n<p style=\"text-align: center;\"><strong><span>It can be customized non-standard, aluminum plate (whole plate\/cut), aluminum rod, aluminum forgings, aluminum tubes, aluminum profiles, etc. Welcome to inquire!<\/span><\/strong><\/p>\n<p><strong><span>1. Introdu\u00e7\u00e3o ao\u00a0<\/span><\/strong><strong><span>5A05\u00a0<\/span><\/strong><strong><span>Materiais<\/span><\/strong><\/p>\n<p><span>\u00a0 \u00a0 \u00a0 5A05 is an Al-Mg-based anti-rust aluminum alloy and cannot be strengthened by heat treatment. Cold deformation of alloy can improve strength, the plasticity in the annealed state is higher, and the plasticity in the semi-cooled hardened state is still acceptable. The alloy has good corrosion resistance and good welding properties, and is suitable for spot welding, atomic hydrogen welding, gas welding, and argon arc welding.<\/span><\/p>\n<p><strong><span>2.\u00a0<\/span><\/strong><strong><span>5A05\u00a0<\/span><\/strong><strong><span>composi\u00e7\u00e3o qu\u00edmica<\/span><\/strong><\/p>\n<table border=\"-\">\n<tbody>\n<tr>\n<td colspan=\"2\" width=\"120\"><span>Medalha de liga met\u00e1lica<\/span><\/td>\n<td width=\"57\"><span>Sil\u00edcio Si<\/span><\/td>\n<td width=\"57\"><span>Iron Fe<\/span><\/td>\n<td width=\"58\"><span>\u94dc com<\/span><\/td>\n<td width=\"55\"><span>Mangan\u00eas Mn<\/span><\/td>\n<td width=\"56\"><span>Magnesium Mg<\/span><\/td>\n<td width=\"55\"><span>Zinc Zn<\/span><\/td>\n<td colspan=\"2\" width=\"101\"><span>outros<\/span><\/td>\n<td width=\"55\"><span>Aluminum AL<\/span><\/td>\n<\/tr>\n<tr>\n<td width=\"60\"><span>New grade<\/span><\/td>\n<td width=\"60\"><span>Old brand<\/span><\/td>\n<td rowspan=\"2\" width=\"57\">0.50<\/td>\n<td rowspan=\"2\" width=\"57\"><span>0.50<\/span><\/td>\n<td rowspan=\"2\" width=\"58\">0.10<\/td>\n<td rowspan=\"2\" width=\"55\">0.3-0.6<\/td>\n<td rowspan=\"2\" width=\"56\">4.8-5.5<\/td>\n<td rowspan=\"2\" width=\"55\">0.20<\/td>\n<td width=\"51\"><span>Each<\/span><\/td>\n<td width=\"49\"><span>total<\/span><\/td>\n<td rowspan=\"2\" width=\"55\"><span>margem<\/span><\/td>\n<\/tr>\n<tr>\n<td width=\"60\"><span>5A05<\/span><\/td>\n<td width=\"60\"><span>LF5<\/span><\/td>\n<td width=\"51\">0.05<\/td>\n<td width=\"49\"><span>0.10<\/span><\/td>\n<\/tr>\n<\/tbody>\n<\/table>\n<p><strong>\u00a0<\/strong><strong><span>3.\u00a0<\/span><\/strong><strong><span>5A05\u00a0<\/span><\/strong><strong><span>propriedades f\u00edsicas<\/span><\/strong><\/p>\n<table border=\"-\">\n<tbody>\n<tr>\n<td width=\"98\"><span>Aluminum alloy grade and status<\/span><\/td>\n<td width=\"107\"><span>resist\u00eancia \u00e0 tra\u00e7\u00e3o<\/span><\/p>\n<p>Rm\/Mpa<\/td>\n<td width=\"100\"><span>Rendimento do rendimento<\/span><\/p>\n<p>Rp0.2\/Mpa<\/td>\n<td width=\"97\"><span>Elongation\/%<\/span><\/td>\n<td width=\"103\"><span>Hardness\/HBW\u03b1<\/span><\/td>\n<td width=\"107\"><span>densidade<\/span><\/p>\n<p><span>(20 \u2103) \u200b\u200b(g \/ cm3)<\/span><\/td>\n<\/tr>\n<tr>\n<td width=\"98\"><span>5A05-H112<\/span><\/td>\n<td width=\"107\">265<\/td>\n<td width=\"100\">118<\/td>\n<td width=\"97\">15<\/td>\n<td width=\"103\">&#8211;<\/td>\n<td width=\"107\">2.73<\/td>\n<\/tr>\n<\/tbody>\n<\/table>\n<p><strong>\u00a0<\/strong><strong><span>4.\u00a0<\/span><\/strong><strong><span>5A05\u00a0<\/span><\/strong><strong><span>campos de aplica\u00e7\u00e3o<\/span><\/strong><\/p>\n<p><span>\u00a0 \u00a0 \u00a0 5A05 is widely used in ship transportation vehicles sheet metal parts, armor plates, high-strength structural parts, welding pipes, fuel tanks, flanges, and marine products components.<\/span><\/p>","protected":false},"excerpt":{"rendered":"<p>Scope of supply of Aviation Group: It can be customized non-standard, aluminum plate (whole plate\/cut), aluminum rod, aluminum forgings, aluminum [&hellip;]<\/p>","protected":false},"featured_media":514,"template":"","meta":{"site-sidebar-layout":"default","site-content-layout":"","ast-site-content-layout":"default","site-content-style":"default","site-sidebar-style":"default","ast-global-header-display":"","ast-banner-title-visibility":"","ast-main-header-display":"","ast-hfb-above-header-display":"","ast-hfb-below-header-display":"","ast-hfb-mobile-header-display":"","site-post-title":"","ast-breadcrumbs-content":"","ast-featured-img":"","footer-sml-layout":"","theme-transparent-header-meta":"default","adv-header-id-meta":"","stick-header-meta":"","header-above-stick-meta":"","header-main-stick-meta":"","header-below-stick-meta":"","astra-migrate-meta-layouts":"set","ast-page-background-enabled":"default","ast-page-background-meta":{"desktop":{"background-color":"var(--ast-global-color-5)","background-image":"","background-repeat":"repeat","background-position":"center center","background-size":"auto","background-attachment":"scroll","background-type":"","background-media":"","overlay-type":"","overlay-color":"","overlay-opacity":"","overlay-gradient":""},"tablet":{"background-color":"","background-image":"","background-repeat":"repeat","background-position":"center center","background-size":"auto","background-attachment":"scroll","background-type":"","background-media":"","overlay-type":"","overlay-color":"","overlay-opacity":"","overlay-gradient":""},"mobile":{"background-color":"","background-image":"","background-repeat":"repeat","background-position":"center center","background-size":"auto","background-attachment":"scroll","background-type":"","background-media":"","overlay-type":"","overlay-color":"","overlay-opacity":"","overlay-gradient":""}},"ast-content-background-meta":{"desktop":{"background-color":"var(--ast-global-color-4)","background-image":"","background-repeat":"repeat","background-position":"center center","background-size":"auto","background-attachment":"scroll","background-type":"","background-media":"","overlay-type":"","overlay-color":"","overlay-opacity":"","overlay-gradient":""},"tablet":{"background-color":"var(--ast-global-color-4)","background-image":"","background-repeat":"repeat","background-position":"center center","background-size":"auto","background-attachment":"scroll","background-type":"","background-media":"","overlay-type":"","overlay-color":"","overlay-opacity":"","overlay-gradient":""},"mobile":{"background-color":"var(--ast-global-color-4)","background-image":"","background-repeat":"repeat","background-position":"center center","background-size":"auto","background-attachment":"scroll","background-type":"","background-media":"","overlay-type":"","overlay-color":"","overlay-opacity":"","overlay-gradient":""}}},"product_brand":[],"product_cat":[29],"product_tag":[],"class_list":{"0":"post-513","1":"product","2":"type-product","3":"status-publish","4":"has-post-thumbnail","6":"product_cat-aviation-aluminum-alloy","7":"desktop-align-left","8":"tablet-align-left","9":"mobile-align-left","11":"first","12":"instock","13":"shipping-taxable","14":"product-type-simple"},"_links":{"self":[{"href":"https:\/\/www.dura-alloy.com\/pt\/wp-json\/wp\/v2\/product\/513","targetHints":{"allow":["GET"]}}],"collection":[{"href":"https:\/\/www.dura-alloy.com\/pt\/wp-json\/wp\/v2\/product"}],"about":[{"href":"https:\/\/www.dura-alloy.com\/pt\/wp-json\/wp\/v2\/types\/product"}],"version-history":[{"count":0,"href":"https:\/\/www.dura-alloy.com\/pt\/wp-json\/wp\/v2\/product\/513\/revisions"}],"wp:featuredmedia":[{"embeddable":true,"href":"https:\/\/www.dura-alloy.com\/pt\/wp-json\/wp\/v2\/media\/514"}],"wp:attachment":[{"href":"https:\/\/www.dura-alloy.com\/pt\/wp-json\/wp\/v2\/media?parent=513"}],"wp:term":[{"taxonomy":"product_brand","embeddable":true,"href":"https:\/\/www.dura-alloy.com\/pt\/wp-json\/wp\/v2\/product_brand?post=513"},{"taxonomy":"product_cat","embeddable":true,"href":"https:\/\/www.dura-alloy.com\/pt\/wp-json\/wp\/v2\/product_cat?post=513"},{"taxonomy":"product_tag","embeddable":true,"href":"https:\/\/www.dura-alloy.com\/pt\/wp-json\/wp\/v2\/product_tag?post=513"}],"curies":[{"name":"wp","href":"https:\/\/api.w.org\/{rel}","templated":true}]}}