{"id":506,"date":"2025-06-16T06:41:35","date_gmt":"2025-06-16T06:41:35","guid":{"rendered":"https:\/\/dura-alloy.com\/?post_type=product&#038;p=506"},"modified":"2025-06-16T06:42:21","modified_gmt":"2025-06-16T06:42:21","slug":"2a14","status":"publish","type":"product","link":"https:\/\/www.dura-alloy.com\/pt\/produto\/2a14\/","title":{"rendered":"2A14"},"content":{"rendered":"<p style=\"text-align: center;\"><strong><span>\u00c2mbito de fornecimento do Grupo de Avia\u00e7\u00e3o:<\/span><\/strong><\/p>\n<p><strong><span>It can be customized non-standard, aluminum plate (whole plate\/cut), aluminum rod, aluminum forgings, aluminum tubes, aluminum profiles, etc. Welcome to inquire!<\/span><\/strong><\/p>\n<p><strong><span>1. Introdu\u00e7\u00e3o ao\u00a0<\/span><\/strong><strong><span>2A14\u00a0<\/span><\/strong><strong><span>Materiais<\/span><\/strong><\/p>\n<p><span>\u00a0 \u00a0 \u00a0 2A14 aluminum alloy is in hard aluminum alloy, and the old grade is LD10. 2A14 has high copper content, high strength, good thermal strength, good machinability, good resistivity, spot welding and seam welding performance, can be heat-treated and strengthened, and has an extrusion effect, but there are differences in longitudinal and transverse properties. The corrosion resistance is not very good, and the intergranular corrosion tendency and stress corrosion and fracture tendency will appear in the artificial aging state.<\/span><\/p>\n<p><span>2.\u00a0<\/span><strong><span>2A12\u00a0<\/span><\/strong><strong><span>composi\u00e7\u00e3o qu\u00edmica<\/span><\/strong><\/p>\n<table border=\"-\">\n<tbody>\n<tr>\n<td colspan=\"2\" width=\"102\"><span>Medalha de liga met\u00e1lica<\/span><\/td>\n<td width=\"48\"><span>Sil\u00edcio Si<\/span><\/td>\n<td width=\"48\"><span>Iron Fe<\/span><\/td>\n<td width=\"49\"><span>\u94dc com<\/span><\/td>\n<td width=\"46\"><span>Mangan\u00eas Mn<\/span><\/td>\n<td width=\"47\"><span>Magnesium Mg<\/span><\/td>\n<td width=\"46\"><span>Zinc Zn<\/span><\/td>\n<td width=\"48\"><span>Titanium Ti<\/span><\/td>\n<td width=\"46\"><span>Ni<\/span><\/td>\n<td colspan=\"2\" width=\"91\"><span>outros<\/span><\/td>\n<td width=\"47\"><span>Aluminum AL<\/span><\/td>\n<\/tr>\n<tr>\n<td width=\"51\"><span>New grade<\/span><\/td>\n<td width=\"51\"><span>Old brand<\/span><\/td>\n<td rowspan=\"2\" width=\"48\"><span>0.6-1.2<\/span><\/td>\n<td rowspan=\"2\" width=\"48\"><span>0.70<\/span><\/td>\n<td rowspan=\"2\" width=\"49\"><span>3.9-4.8<\/span><\/td>\n<td rowspan=\"2\" width=\"46\"><span>0.4-1.0<\/span><\/td>\n<td rowspan=\"2\" width=\"47\"><span>0.4-0.8<\/span><\/td>\n<td rowspan=\"2\" width=\"46\"><span>0.30<\/span><\/td>\n<td rowspan=\"2\" width=\"48\"><span>0.15<\/span><\/td>\n<td rowspan=\"2\" width=\"46\"><span>0.10<\/span><\/td>\n<td width=\"43\"><span>Each<\/span><\/td>\n<td width=\"47\"><span>total<\/span><\/td>\n<td rowspan=\"2\" width=\"47\"><span>margem<\/span><\/td>\n<\/tr>\n<tr>\n<td width=\"51\"><span>2a14<\/span><\/td>\n<td width=\"51\"><span>LD10<\/span><\/td>\n<td width=\"43\"><span>0.05<\/span><\/td>\n<td width=\"47\"><span>0.10<\/span><\/td>\n<\/tr>\n<\/tbody>\n<\/table>\n<p><strong><span>3.\u00a0<\/span><\/strong><strong><span>2A14\u00a0<\/span><\/strong><strong><span>physical properties and heat treatment specifications<\/span><\/strong><\/p>\n<table border=\"-\">\n<tbody>\n<tr>\n<td width=\"91\"><span>Aluminum alloy grade and status<\/span><\/td>\n<td width=\"100\"><span>resist\u00eancia \u00e0 tra\u00e7\u00e3o<\/span><\/p>\n<p><span>Rm\/Mpa<\/span><\/td>\n<td width=\"93\"><span>Rendimento do rendimento<\/span><\/p>\n<p><span>Rp0.2\/Mpa<\/span><\/td>\n<td width=\"91\"><span>Elongation\/%<\/span><\/td>\n<td width=\"96\"><span>Hardness\/HBW\u03b1<\/span><\/td>\n<td width=\"146\"><span>densidade<\/span><\/p>\n<p><span>(20 \u2103) \u200b\u200b(g \/ cm3)<\/span><\/td>\n<\/tr>\n<tr>\n<td width=\"91\"><span>2A14-T4<\/span><\/td>\n<td width=\"100\"><span>440<\/span><\/td>\n<td width=\"93\"><span>280<\/span><\/td>\n<td width=\"91\"><span>10<\/span><\/td>\n<td width=\"96\"><span>120<\/span><\/td>\n<td width=\"146\"><span>2.8<\/span><\/td>\n<\/tr>\n<\/tbody>\n<\/table>\n<p><span>2A14 aluminum alloy factory status:<\/span><\/p>\n<p><span>\u00a0 \u00a0 \u00a0 2-Series hard aluminum alloys are available in O, T4, T6, H12, H14, H18, H112, F<\/span><\/p>\n<p><span>\u00a0 \u00a0 \u00a0 2A14 aluminum alloy categories include aluminum plate\/aluminum forgings\/aluminum rod\/aluminum tape\/aluminum coil\/aluminum foil\/aluminum tube<\/span><\/p>\n<p><strong><span>2A14\u00a0<\/span><\/strong><strong><span>Heat Treatment Specifications<\/span><\/strong><\/p>\n<p><span>\u3000\u30001) Homogenization annealing: Heating at 475-490\u2103; insulation for 12-14 hours; furnace cooling.\u3000\u3000<\/span><\/p>\n<p><span>\u3000\u30002) Complete annealing: Heat 350~400\u2103; depending on the effective thickness of the material, the insulation time is 30~120min; cool with the furnace to 300\u2103 at a speed of 30~50\u2103\/h, and then air-cool.\u3000\u3000<\/span><\/p>\n<p><span>\u3000\u30003) Rapid annealing: Heating at 350-460\u2103; insulation time at 30-120min; air-cooling.\u3000\u3000<\/span><\/p>\n<p><span>\u3000\u30004) Quenching and aging: Quenching is 495-505\u2103, water-cooled; natural aging is 96h room temperature.<\/span><\/p>\n<p><strong>\u00a0<\/strong><strong><span>4. 2A14 application fields<\/span><\/strong><strong>\u00a0<\/strong><\/p>\n<ul>\n<li><span>2A14 aluminum alloy is used to manufacture free forgings and die forgings that bear high loads, and is also used in large frames, bridges, large shells, automotive structural parts, etc.<\/span><\/li>\n<li><span>2A14 aluminum is mainly used in aircraft structural parts.<\/span><\/li>\n<li><span>Applied to the first stage fuel tank and spacecraft parts of multi-stage rockets.<\/span><\/li>\n<li><span>For truck frames and suspension system parts.\u00a0<\/span><\/li>\n<\/ul>","protected":false},"excerpt":{"rendered":"<p>Scope of supply of Aviation Group: It can be customized non-standard, aluminum plate (whole plate\/cut), aluminum rod, aluminum forgings, aluminum [&hellip;]<\/p>","protected":false},"featured_media":508,"template":"","meta":{"site-sidebar-layout":"default","site-content-layout":"","ast-site-content-layout":"default","site-content-style":"default","site-sidebar-style":"default","ast-global-header-display":"","ast-banner-title-visibility":"","ast-main-header-display":"","ast-hfb-above-header-display":"","ast-hfb-below-header-display":"","ast-hfb-mobile-header-display":"","site-post-title":"","ast-breadcrumbs-content":"","ast-featured-img":"","footer-sml-layout":"","theme-transparent-header-meta":"default","adv-header-id-meta":"","stick-header-meta":"","header-above-stick-meta":"","header-main-stick-meta":"","header-below-stick-meta":"","astra-migrate-meta-layouts":"set","ast-page-background-enabled":"default","ast-page-background-meta":{"desktop":{"background-color":"var(--ast-global-color-5)","background-image":"","background-repeat":"repeat","background-position":"center center","background-size":"auto","background-attachment":"scroll","background-type":"","background-media":"","overlay-type":"","overlay-color":"","overlay-opacity":"","overlay-gradient":""},"tablet":{"background-color":"","background-image":"","background-repeat":"repeat","background-position":"center center","background-size":"auto","background-attachment":"scroll","background-type":"","background-media":"","overlay-type":"","overlay-color":"","overlay-opacity":"","overlay-gradient":""},"mobile":{"background-color":"","background-image":"","background-repeat":"repeat","background-position":"center center","background-size":"auto","background-attachment":"scroll","background-type":"","background-media":"","overlay-type":"","overlay-color":"","overlay-opacity":"","overlay-gradient":""}},"ast-content-background-meta":{"desktop":{"background-color":"var(--ast-global-color-4)","background-image":"","background-repeat":"repeat","background-position":"center center","background-size":"auto","background-attachment":"scroll","background-type":"","background-media":"","overlay-type":"","overlay-color":"","overlay-opacity":"","overlay-gradient":""},"tablet":{"background-color":"var(--ast-global-color-4)","background-image":"","background-repeat":"repeat","background-position":"center center","background-size":"auto","background-attachment":"scroll","background-type":"","background-media":"","overlay-type":"","overlay-color":"","overlay-opacity":"","overlay-gradient":""},"mobile":{"background-color":"var(--ast-global-color-4)","background-image":"","background-repeat":"repeat","background-position":"center center","background-size":"auto","background-attachment":"scroll","background-type":"","background-media":"","overlay-type":"","overlay-color":"","overlay-opacity":"","overlay-gradient":""}}},"product_brand":[],"product_cat":[29],"product_tag":[],"class_list":{"0":"post-506","1":"product","2":"type-product","3":"status-publish","4":"has-post-thumbnail","6":"product_cat-aviation-aluminum-alloy","7":"desktop-align-left","8":"tablet-align-left","9":"mobile-align-left","11":"first","12":"instock","13":"shipping-taxable","14":"product-type-simple"},"_links":{"self":[{"href":"https:\/\/www.dura-alloy.com\/pt\/wp-json\/wp\/v2\/product\/506","targetHints":{"allow":["GET"]}}],"collection":[{"href":"https:\/\/www.dura-alloy.com\/pt\/wp-json\/wp\/v2\/product"}],"about":[{"href":"https:\/\/www.dura-alloy.com\/pt\/wp-json\/wp\/v2\/types\/product"}],"version-history":[{"count":0,"href":"https:\/\/www.dura-alloy.com\/pt\/wp-json\/wp\/v2\/product\/506\/revisions"}],"wp:featuredmedia":[{"embeddable":true,"href":"https:\/\/www.dura-alloy.com\/pt\/wp-json\/wp\/v2\/media\/508"}],"wp:attachment":[{"href":"https:\/\/www.dura-alloy.com\/pt\/wp-json\/wp\/v2\/media?parent=506"}],"wp:term":[{"taxonomy":"product_brand","embeddable":true,"href":"https:\/\/www.dura-alloy.com\/pt\/wp-json\/wp\/v2\/product_brand?post=506"},{"taxonomy":"product_cat","embeddable":true,"href":"https:\/\/www.dura-alloy.com\/pt\/wp-json\/wp\/v2\/product_cat?post=506"},{"taxonomy":"product_tag","embeddable":true,"href":"https:\/\/www.dura-alloy.com\/pt\/wp-json\/wp\/v2\/product_tag?post=506"}],"curies":[{"name":"wp","href":"https:\/\/api.w.org\/{rel}","templated":true}]}}