{"id":292,"date":"2025-06-11T05:36:57","date_gmt":"2025-06-11T05:36:57","guid":{"rendered":"https:\/\/dura-alloy.com\/?post_type=product&#038;p=292"},"modified":"2025-06-16T08:14:57","modified_gmt":"2025-06-16T08:14:57","slug":"zirconium-target-material","status":"publish","type":"product","link":"https:\/\/www.dura-alloy.com\/pt\/produto\/zirconium-target-material\/","title":{"rendered":"Material alvo de zirc\u00f3nio"},"content":{"rendered":"<p><strong>Especifica\u00e7\u00f5es dos nossos produtos<\/strong><\/p>\n<ol>\n<li>N\u00famero da marca: ZR60702 (ZR702), ZR60705 (ZR705)<\/li>\n<li>Especifica\u00e7\u00f5es de tamanho: \u03a6100*40, \u03a6100*35, \u03a695*45, \u03a695*40, \u03a663*32 ou pode ser personalizado de acordo com os requisitos do cliente<\/li>\n<li>Pureza: \u226599.5%<\/li>\n<li>Norma: ASTM B551, GB\/T8769-2010<\/li>\n<li>Densidade: \u22656,51g\/cm3<\/li>\n<li>Ponto de fus\u00e3o: 1852\u2103<\/li>\n<li>Tamanho do gr\u00e3o: &lt;100um<\/li>\n<li>Estado de fornecimento: superf\u00edcie polida, superf\u00edcie polida, superf\u00edcie de maquinagem<\/li>\n<\/ol>\n<p><strong>Introdu\u00e7\u00e3o ao Zirc\u00f3nio<\/strong><\/p>\n<p>A liga de zirc\u00f4nio tem boa resist\u00eancia \u00e0 corros\u00e3o, propriedades mec\u00e2nicas moderadas e uma se\u00e7\u00e3o transversal de absor\u00e7\u00e3o de n\u00eautrons t\u00e9rmicos at\u00f4micos baixos (o zirc\u00f4nio \u00e9 de 0,18 metro) em \u00e1gua e vapor de alta temperatura e alta press\u00e3o a 300-400 \u2103. Tem boa compatibilidade com o combust\u00edvel nuclear. Portanto, pode ser usado como um material estrutural central (revestimento de combust\u00edvel, tubo de press\u00e3o, suporte e tubo de orif\u00edcio) para reatores nucleares resfriados a \u00e1gua. Este \u00e9 o principal objetivo da liga de zirc\u00f3nio.<\/p>\n<p>O zirc\u00f3nio tem uma excelente resist\u00eancia \u00e0 corros\u00e3o de uma variedade de \u00e1cidos (como o \u00e1cido clor\u00eddrico, o \u00e1cido n\u00edtrico, o \u00e1cido sulf\u00farico e o \u00e1cido ac\u00e9tico), \u00e1lcalis e sais, pelo que as ligas de zirc\u00f3nio s\u00e3o tamb\u00e9m utilizadas para fabricar componentes resistentes \u00e0 corros\u00e3o e dispositivos farmac\u00eauticos. O zirc\u00f3nio tem uma forte afinidade com gases como o oxig\u00e9nio e o azoto, pelo que as ligas de zirc\u00f3nio s\u00e3o tamb\u00e9m amplamente utilizadas como agentes de desgaseifica\u00e7\u00e3o de gases n\u00e3o evaporativos nas ind\u00fastrias de v\u00e1cuo el\u00e9trico e de l\u00e2mpadas. O zirc\u00f3nio tem excelentes propriedades luminosas, o que o torna tamb\u00e9m um material para flashes e fogo de artif\u00edcio.<\/p>\n<p>O zirc\u00f3nio e as ligas de zirc\u00f3nio t\u00eam uma boa plasticidade e podem ser transformados em tubos, placas, barras e fios, entre os quais os tubos s\u00e3o os principais produtos. A tecnologia de processamento do zirc\u00f3nio e das ligas de zirc\u00f3nio depende das propriedades b\u00e1sicas do zirc\u00f3nio e dos requisitos especiais dos reactores nucleares para os componentes de zirc\u00f3nio. As propriedades b\u00e1sicas do zirc\u00f3nio s\u00e3o: s\u00e3o facilmente contaminados por oxig\u00e9nio, azoto, hidrog\u00e9nio, etc., s\u00e3o facilmente aderentes ao molde e t\u00eam uma transforma\u00e7\u00e3o homog\u00e9nea e heterocristalina.<\/p>\n<p>O zirc\u00f3nio e as ligas de zirc\u00f3nio t\u00eam boas propriedades de soldadura. Os m\u00e9todos de soldadura habitualmente utilizados incluem a soldadura por arco de \u00e1rgon com el\u00e9trodo de tungst\u00e9nio e a soldadura por feixe de electr\u00f5es. Os tubos de paredes finas de grande di\u00e2metro s\u00e3o normalmente fabricados por soldadura. As aparas de p\u00f3 de zirc\u00f3nio s\u00e3o inflam\u00e1veis, pelo que \u00e9 necess\u00e1rio ter cuidado ao triturar e cortar produtos de zirc\u00f3nio.<\/p>\n<p>As ligas de zirc\u00f3nio s\u00e3o resistentes \u00e0 corros\u00e3o e biocompat\u00edveis, pelo que podem ser utilizadas para implantes no corpo. Em medicina, a liga Zr-2.5Nb pode ser utilizada em implantes de joelho ou anca, um material de liga de zirc\u00f3nio que reduz a fric\u00e7\u00e3o, aumenta a resist\u00eancia ao desgaste, mantendo o desempenho geral (capacidade de fabrico, resist\u00eancia \u00e0 fratura e ductilidade), proporcionando uma boa solu\u00e7\u00e3o para implantes m\u00e9dicos.<\/p>\n<p>Os requisitos dos reactores nucleares para os componentes de zirc\u00f3nio s\u00e3o uma elevada precis\u00e3o dimensional, requisitos rigorosos de microestrutura e desempenho est\u00e1vel. Os processos principais mais utilizados no processamento de tubos de zirc\u00f3nio sem costura s\u00e3o: prepara\u00e7\u00e3o de el\u00e9ctrodos consum\u00edveis, fundi\u00e7\u00e3o por fus\u00e3o, forjamento, extrus\u00e3o a quente (tubo em branco), processamento a frio e acabamento.<\/p>","protected":false},"excerpt":{"rendered":"<p>Our product specifications Brand number: ZR60702 (ZR702), ZR60705 (ZR705) Size specifications: \u03a6100*40, \u03a6100*35, \u03a695*45, \u03a695*40, \u03a663*32 or can be customized [&hellip;]<\/p>","protected":false},"featured_media":294,"template":"","meta":{"site-sidebar-layout":"default","site-content-layout":"","ast-site-content-layout":"default","site-content-style":"default","site-sidebar-style":"default","ast-global-header-display":"","ast-banner-title-visibility":"","ast-main-header-display":"","ast-hfb-above-header-display":"","ast-hfb-below-header-display":"","ast-hfb-mobile-header-display":"","site-post-title":"","ast-breadcrumbs-content":"","ast-featured-img":"","footer-sml-layout":"","theme-transparent-header-meta":"default","adv-header-id-meta":"","stick-header-meta":"","header-above-stick-meta":"","header-main-stick-meta":"","header-below-stick-meta":"","astra-migrate-meta-layouts":"set","ast-page-background-enabled":"default","ast-page-background-meta":{"desktop":{"background-color":"var(--ast-global-color-5)","background-image":"","background-repeat":"repeat","background-position":"center center","background-size":"auto","background-attachment":"scroll","background-type":"","background-media":"","overlay-type":"","overlay-color":"","overlay-opacity":"","overlay-gradient":""},"tablet":{"background-color":"","background-image":"","background-repeat":"repeat","background-position":"center center","background-size":"auto","background-attachment":"scroll","background-type":"","background-media":"","overlay-type":"","overlay-color":"","overlay-opacity":"","overlay-gradient":""},"mobile":{"background-color":"","background-image":"","background-repeat":"repeat","background-position":"center center","background-size":"auto","background-attachment":"scroll","background-type":"","background-media":"","overlay-type":"","overlay-color":"","overlay-opacity":"","overlay-gradient":""}},"ast-content-background-meta":{"desktop":{"background-color":"var(--ast-global-color-4)","background-image":"","background-repeat":"repeat","background-position":"center center","background-size":"auto","background-attachment":"scroll","background-type":"","background-media":"","overlay-type":"","overlay-color":"","overlay-opacity":"","overlay-gradient":""},"tablet":{"background-color":"var(--ast-global-color-4)","background-image":"","background-repeat":"repeat","background-position":"center center","background-size":"auto","background-attachment":"scroll","background-type":"","background-media":"","overlay-type":"","overlay-color":"","overlay-opacity":"","overlay-gradient":""},"mobile":{"background-color":"var(--ast-global-color-4)","background-image":"","background-repeat":"repeat","background-position":"center center","background-size":"auto","background-attachment":"scroll","background-type":"","background-media":"","overlay-type":"","overlay-color":"","overlay-opacity":"","overlay-gradient":""}}},"product_brand":[],"product_cat":[31],"product_tag":[],"class_list":{"0":"post-292","1":"product","2":"type-product","3":"status-publish","4":"has-post-thumbnail","6":"product_cat-tantalum-niobium-zirconium-nickel","7":"desktop-align-left","8":"tablet-align-left","9":"mobile-align-left","11":"first","12":"instock","13":"shipping-taxable","14":"product-type-simple"},"_links":{"self":[{"href":"https:\/\/www.dura-alloy.com\/pt\/wp-json\/wp\/v2\/product\/292","targetHints":{"allow":["GET"]}}],"collection":[{"href":"https:\/\/www.dura-alloy.com\/pt\/wp-json\/wp\/v2\/product"}],"about":[{"href":"https:\/\/www.dura-alloy.com\/pt\/wp-json\/wp\/v2\/types\/product"}],"version-history":[{"count":1,"href":"https:\/\/www.dura-alloy.com\/pt\/wp-json\/wp\/v2\/product\/292\/revisions"}],"predecessor-version":[{"id":295,"href":"https:\/\/www.dura-alloy.com\/pt\/wp-json\/wp\/v2\/product\/292\/revisions\/295"}],"wp:featuredmedia":[{"embeddable":true,"href":"https:\/\/www.dura-alloy.com\/pt\/wp-json\/wp\/v2\/media\/294"}],"wp:attachment":[{"href":"https:\/\/www.dura-alloy.com\/pt\/wp-json\/wp\/v2\/media?parent=292"}],"wp:term":[{"taxonomy":"product_brand","embeddable":true,"href":"https:\/\/www.dura-alloy.com\/pt\/wp-json\/wp\/v2\/product_brand?post=292"},{"taxonomy":"product_cat","embeddable":true,"href":"https:\/\/www.dura-alloy.com\/pt\/wp-json\/wp\/v2\/product_cat?post=292"},{"taxonomy":"product_tag","embeddable":true,"href":"https:\/\/www.dura-alloy.com\/pt\/wp-json\/wp\/v2\/product_tag?post=292"}],"curies":[{"name":"wp","href":"https:\/\/api.w.org\/{rel}","templated":true}]}}