{"id":248,"date":"2025-06-11T01:29:01","date_gmt":"2025-06-11T01:29:01","guid":{"rendered":"https:\/\/dura-alloy.com\/?post_type=product&#038;p=248"},"modified":"2025-06-11T01:50:11","modified_gmt":"2025-06-11T01:50:11","slug":"2024","status":"publish","type":"product","link":"https:\/\/www.dura-alloy.com\/pt\/produto\/2024\/","title":{"rendered":"2024"},"content":{"rendered":"<p style=\"text-align: center;\"><strong><span>\u00c2mbito de fornecimento do Grupo de Avia\u00e7\u00e3o:<\/span><\/strong><\/p>\n<p style=\"text-align: center;\"><strong><span>It can be customized non-standard, aluminum plate (whole plate\/cut), aluminum rod, aluminum forgings, aluminum tubes, aluminum profiles, etc. Welcome to inquire!<\/span><\/strong><\/p>\n<p><strong><span>1. Introdu\u00e7\u00e3o ao\u00a0<\/span><\/strong><strong><span>2024\u00a0<\/span><\/strong><strong><span>materiais<\/span><\/strong><\/p>\n<p><span>\u00a0 \u00a0 \u00a0 2024 is a typical hard aluminum alloy in the aluminum-copper-magnesium system, with relatively reasonable composition and good overall performance. Many countries produce this alloy, which is the largest amount of hard aluminum. The alloy is characterized by high strength and certain heat resistance, and can be used as working parts below 150\u00b0C. The temperature is higher than 125\u00b0C, and the strength of the 2024 alloy is higher than that of the 7075 alloy.<\/span><\/p>\n<p><span>\u00a0 \u00a0 \u00a0 The forming performance is relatively good in the thermal state, annealing and new quenching state, and the heat treatment strengthening effect is significant, but the heat treatment process requires strict requirements. It has poor corrosion resistance, but it can be effectively protected by cladding with pure aluminum; cracks are prone to occur during welding, but special processes can be used to weld or rivet. Widely used in aircraft structures, rivets, truck hubs, propeller elements and various other structural parts.<\/span><\/p>\n<p><strong>\u00a0<\/strong><strong><span>2.\u00a0<\/span><\/strong><strong><span>2024\u00a0<\/span><\/strong><strong><span>Composi\u00e7\u00e3o qu\u00edmica<\/span><\/strong><\/p>\n<table border=\"-\">\n<tbody>\n<tr>\n<td colspan=\"2\" width=\"98\"><span>Medalha de liga met\u00e1lica<\/span><\/td>\n<td width=\"46\"><span>Sil\u00edcio Si<\/span><\/td>\n<td width=\"46\"><span>Iron Fe<\/span><\/td>\n<td width=\"47\"><span>Copper Cu<\/span><\/td>\n<td width=\"45\"><span>Mangan\u00eas Mn<\/span><\/td>\n<td width=\"45\"><span>Magnesium Mg<\/span><\/td>\n<td width=\"48\"><span>Cr\u00f3mio Cr<\/span><\/td>\n<td width=\"45\"><span>Zinc Zn<\/span><\/td>\n<td width=\"46\"><span>Titanium Ti<\/span><\/td>\n<td colspan=\"2\" width=\"102\"><span>outros<\/span><\/td>\n<td width=\"45\"><span>Aluminum AL<\/span><\/td>\n<\/tr>\n<tr>\n<td width=\"49\"><span>New grade<\/span><\/td>\n<td width=\"49\"><span>Old brand<\/span><\/td>\n<td rowspan=\"2\" width=\"46\"><span>0.50<\/span><\/td>\n<td rowspan=\"2\" width=\"46\"><span>0.50<\/span><\/td>\n<td rowspan=\"2\" width=\"47\"><span>3.8-4.9<\/span><\/td>\n<td rowspan=\"2\" width=\"45\"><span>0.3-0.9<\/span><\/td>\n<td rowspan=\"2\" width=\"45\"><span>1.2-1.8<\/span><\/td>\n<td rowspan=\"2\" width=\"48\"><span>0.10<\/span><\/td>\n<td rowspan=\"2\" width=\"45\"><span>0.25<\/span><\/td>\n<td rowspan=\"2\" width=\"46\"><span>0.15<\/span><\/td>\n<td width=\"53\"><span>Each<\/span><\/td>\n<td width=\"50\"><span>total<\/span><\/td>\n<td rowspan=\"2\" width=\"45\"><span>margem<\/span><\/td>\n<\/tr>\n<tr>\n<td width=\"49\"><span>2024<\/span><\/td>\n<td width=\"49\"><span>&#8211;<\/span><\/td>\n<td width=\"53\"><span>0.05<\/span><\/td>\n<td width=\"50\"><span>0.15<\/span><\/td>\n<\/tr>\n<\/tbody>\n<\/table>\n<p><strong>\u00a0<\/strong><strong><span>3.\u00a0<\/span><\/strong><span><strong>Physical performance\u00a0<\/strong><\/span><strong><span>in 2024<\/span><\/strong><\/p>\n<table border=\"-\">\n<tbody>\n<tr>\n<td width=\"99\"><span>Aluminum alloy grade and status<\/span><\/td>\n<td width=\"90\"><span>resist\u00eancia \u00e0 tra\u00e7\u00e3o<\/span><\/p>\n<p><span>Rm\/Mpa<\/span><\/td>\n<td width=\"105\"><span>Rendimento do rendimento<\/span><\/p>\n<p><span>Rp0.2\/Mpa<\/span><\/td>\n<td width=\"84\"><span>Elongation\/%<\/span><\/td>\n<td width=\"95\"><span>Hardness\/HBW\u03b1<\/span><\/td>\n<td width=\"142\"><span>densidade<\/span><\/p>\n<p><span>(20\u2103) (g\/cm3)<\/span><\/td>\n<\/tr>\n<tr>\n<td width=\"99\"><span>2024-T4<\/span><\/td>\n<td width=\"90\"><span>425<\/span><\/td>\n<td width=\"105\"><span>275<\/span><\/td>\n<td width=\"84\"><span>14<\/span><\/td>\n<td width=\"95\"><span>120<\/span><\/td>\n<td width=\"142\"><span>2.8<\/span><\/td>\n<\/tr>\n<\/tbody>\n<\/table>\n<p><strong>\u00a0<\/strong><strong><span>4.\u00a0<\/span><\/strong><span><strong>Application fields\u00a0<\/strong><\/span><strong><span>in 2024<\/span><\/strong><\/p>\n<p><span>2024 aluminum is mainly used for the production of automobiles, truck hubs, molds, rivets, components, aircraft skeletons, precision parts, propeller components and other various structural parts (but not stamping forgings), such as skeleton parts on the aircraft, skins, partitions, wing ribs, spars, rivets, etc., working parts below 150\u2103.<\/span><\/p>","protected":false},"excerpt":{"rendered":"<p>Scope of supply of Aviation Group: It can be customized non-standard, aluminum plate (whole plate\/cut), aluminum rod, aluminum forgings, aluminum [&hellip;]<\/p>","protected":false},"featured_media":249,"template":"","meta":{"site-sidebar-layout":"default","site-content-layout":"","ast-site-content-layout":"default","site-content-style":"default","site-sidebar-style":"default","ast-global-header-display":"","ast-banner-title-visibility":"","ast-main-header-display":"","ast-hfb-above-header-display":"","ast-hfb-below-header-display":"","ast-hfb-mobile-header-display":"","site-post-title":"","ast-breadcrumbs-content":"","ast-featured-img":"","footer-sml-layout":"","theme-transparent-header-meta":"default","adv-header-id-meta":"","stick-header-meta":"","header-above-stick-meta":"","header-main-stick-meta":"","header-below-stick-meta":"","astra-migrate-meta-layouts":"set","ast-page-background-enabled":"default","ast-page-background-meta":{"desktop":{"background-color":"var(--ast-global-color-5)","background-image":"","background-repeat":"repeat","background-position":"center center","background-size":"auto","background-attachment":"scroll","background-type":"","background-media":"","overlay-type":"","overlay-color":"","overlay-opacity":"","overlay-gradient":""},"tablet":{"background-color":"","background-image":"","background-repeat":"repeat","background-position":"center center","background-size":"auto","background-attachment":"scroll","background-type":"","background-media":"","overlay-type":"","overlay-color":"","overlay-opacity":"","overlay-gradient":""},"mobile":{"background-color":"","background-image":"","background-repeat":"repeat","background-position":"center center","background-size":"auto","background-attachment":"scroll","background-type":"","background-media":"","overlay-type":"","overlay-color":"","overlay-opacity":"","overlay-gradient":""}},"ast-content-background-meta":{"desktop":{"background-color":"var(--ast-global-color-4)","background-image":"","background-repeat":"repeat","background-position":"center center","background-size":"auto","background-attachment":"scroll","background-type":"","background-media":"","overlay-type":"","overlay-color":"","overlay-opacity":"","overlay-gradient":""},"tablet":{"background-color":"var(--ast-global-color-4)","background-image":"","background-repeat":"repeat","background-position":"center center","background-size":"auto","background-attachment":"scroll","background-type":"","background-media":"","overlay-type":"","overlay-color":"","overlay-opacity":"","overlay-gradient":""},"mobile":{"background-color":"var(--ast-global-color-4)","background-image":"","background-repeat":"repeat","background-position":"center center","background-size":"auto","background-attachment":"scroll","background-type":"","background-media":"","overlay-type":"","overlay-color":"","overlay-opacity":"","overlay-gradient":""}}},"product_brand":[],"product_cat":[29],"product_tag":[],"class_list":{"0":"post-248","1":"product","2":"type-product","3":"status-publish","4":"has-post-thumbnail","6":"product_cat-aviation-aluminum-alloy","7":"desktop-align-left","8":"tablet-align-left","9":"mobile-align-left","11":"first","12":"instock","13":"shipping-taxable","14":"product-type-simple"},"_links":{"self":[{"href":"https:\/\/www.dura-alloy.com\/pt\/wp-json\/wp\/v2\/product\/248","targetHints":{"allow":["GET"]}}],"collection":[{"href":"https:\/\/www.dura-alloy.com\/pt\/wp-json\/wp\/v2\/product"}],"about":[{"href":"https:\/\/www.dura-alloy.com\/pt\/wp-json\/wp\/v2\/types\/product"}],"version-history":[{"count":1,"href":"https:\/\/www.dura-alloy.com\/pt\/wp-json\/wp\/v2\/product\/248\/revisions"}],"predecessor-version":[{"id":256,"href":"https:\/\/www.dura-alloy.com\/pt\/wp-json\/wp\/v2\/product\/248\/revisions\/256"}],"wp:featuredmedia":[{"embeddable":true,"href":"https:\/\/www.dura-alloy.com\/pt\/wp-json\/wp\/v2\/media\/249"}],"wp:attachment":[{"href":"https:\/\/www.dura-alloy.com\/pt\/wp-json\/wp\/v2\/media?parent=248"}],"wp:term":[{"taxonomy":"product_brand","embeddable":true,"href":"https:\/\/www.dura-alloy.com\/pt\/wp-json\/wp\/v2\/product_brand?post=248"},{"taxonomy":"product_cat","embeddable":true,"href":"https:\/\/www.dura-alloy.com\/pt\/wp-json\/wp\/v2\/product_cat?post=248"},{"taxonomy":"product_tag","embeddable":true,"href":"https:\/\/www.dura-alloy.com\/pt\/wp-json\/wp\/v2\/product_tag?post=248"}],"curies":[{"name":"wp","href":"https:\/\/api.w.org\/{rel}","templated":true}]}}