{"id":242,"date":"2025-06-11T01:08:50","date_gmt":"2025-06-11T01:08:50","guid":{"rendered":"https:\/\/dura-alloy.com\/?post_type=product&#038;p=242"},"modified":"2025-06-11T01:46:24","modified_gmt":"2025-06-11T01:46:24","slug":"5754","status":"publish","type":"product","link":"https:\/\/www.dura-alloy.com\/pt\/produto\/5754\/","title":{"rendered":"5754"},"content":{"rendered":"<p style=\"text-align: center;\"><strong><span>\u00c2mbito de fornecimento do Grupo de Avia\u00e7\u00e3o:<\/span><\/strong><\/p>\n<p style=\"text-align: center;\"><strong><span>It can be customized non-standard, aluminum plate (whole plate\/cut), aluminum rod, aluminum forgings, aluminum tubes, aluminum profiles, etc. Welcome to inquire!<\/span><\/strong><\/p>\n<p>&nbsp;<\/p>\n<p>&nbsp;<\/p>\n<p><strong><span>1. Introdu\u00e7\u00e3o ao\u00a0<\/span><\/strong><strong><span>5754\u00a0<\/span><\/strong><strong><span>Materiais<\/span><\/strong><\/p>\n<p><span>\u00a0 \u00a0 \u00a0 5754 is AL-MG anti-rust aluminum, with medium strength, good corrosion resistance, welding and easy processing and forming characteristics. It is a typical alloy among Al-Mg alloys. In foreign countries, 5754 with different heat treatment states are the main materials used in the automobile manufacturing industry (car doors, molds, seals) and canning industry.<\/span><\/p>\n<p>&nbsp;<\/p>\n<p><strong><span>2.\u00a0<\/span><\/strong><strong><span>5754\u00a0<\/span><\/strong><strong><span>Composi\u00e7\u00e3o qu\u00edmica<\/span><\/strong><\/p>\n<table border=\"-\">\n<tbody>\n<tr>\n<td colspan=\"2\" width=\"102\"><span>Medalha de liga met\u00e1lica<\/span><\/td>\n<td width=\"48\"><span>Sil\u00edcio Si<\/span><\/td>\n<td width=\"48\"><span>Iron Fe<\/span><\/td>\n<td width=\"49\"><span>Copper Cu<\/span><\/td>\n<td width=\"46\"><span>Mangan\u00eas Mn<\/span><\/td>\n<td width=\"47\"><span>Magnesium Mg<\/span><\/td>\n<td width=\"46\"><span>Cr\u00f3mio Cr<\/span><\/td>\n<td width=\"46\"><span>Zinc Zn<\/span><\/td>\n<td width=\"48\"><span>Titanium Ti<\/span><\/td>\n<td colspan=\"2\" width=\"94\"><span>outros<\/span><\/td>\n<td width=\"38\"><span>Aluminum AL<\/span><\/td>\n<\/tr>\n<tr>\n<td width=\"51\"><span>New grade<\/span><\/td>\n<td width=\"51\"><span>Old brand<\/span><\/td>\n<td rowspan=\"2\" width=\"48\"><span>0.40<\/span><\/td>\n<td rowspan=\"2\" width=\"48\"><span>0.40<\/span><\/td>\n<td rowspan=\"2\" width=\"49\"><span>0.10<\/span><\/td>\n<td rowspan=\"2\" width=\"46\"><span>0.50<\/span><\/td>\n<td rowspan=\"2\" width=\"47\"><span>2.6-3.6<\/span><\/td>\n<td rowspan=\"2\" width=\"46\"><span>0.30<\/span><\/td>\n<td rowspan=\"2\" width=\"46\"><span>0.20<\/span><\/td>\n<td rowspan=\"2\" width=\"48\"><span>0.15<\/span><\/td>\n<td width=\"44\"><span>Each<\/span><\/td>\n<td width=\"50\"><span>total<\/span><\/td>\n<td rowspan=\"2\" width=\"38\"><span>Permanecer<\/span><\/p>\n<p><span>quantidade<\/span><\/td>\n<\/tr>\n<tr>\n<td width=\"51\"><span>5754<\/span><\/td>\n<td width=\"51\"><span>&#8211;<\/span><\/td>\n<td width=\"44\"><span>0.05<\/span><\/td>\n<td width=\"50\"><span>0.15<\/span><\/td>\n<\/tr>\n<\/tbody>\n<\/table>\n<p><strong>\u00a0<\/strong><strong><span>3.\u00a0<\/span><\/strong><strong><span>5754\u00a0<\/span><\/strong><strong><span>Propriedades f\u00edsicas<\/span><\/strong><\/p>\n<table border=\"-\">\n<tbody>\n<tr>\n<td width=\"98\"><span>Aluminum alloy grade and status<\/span><\/td>\n<td width=\"108\"><span>resist\u00eancia \u00e0 tra\u00e7\u00e3o<\/span><\/p>\n<p><span>Rm\/Mpa<\/span><\/td>\n<td width=\"100\"><span>Rendimento do rendimento<\/span><\/p>\n<p><span>Rp0.2\/Mpa<\/span><\/td>\n<td width=\"98\"><span>Elongation\/%<\/span><\/td>\n<td width=\"104\"><span>Hardness\/HBW\u03b1<\/span><\/td>\n<td width=\"107\"><span>densidade<\/span><\/p>\n<p><span>(20\u2103) (g\/cm3)<\/span><\/td>\n<\/tr>\n<tr>\n<td width=\"98\"><span>5754-O<\/span><\/td>\n<td width=\"108\"><span>190-240<\/span><\/td>\n<td width=\"100\"><span>80<\/span><\/td>\n<td width=\"98\"><span>12<\/span><\/td>\n<td width=\"104\"><span>38<\/span><\/td>\n<td width=\"107\"><span>2.75<\/span><\/td>\n<\/tr>\n<\/tbody>\n<\/table>\n<p><strong>\u00a0<\/strong><strong><span>IV.\u00a0<\/span><\/strong><strong><span>5754\u00a0<\/span><\/strong><strong><span>campos de aplica\u00e7\u00e3o<\/span><\/strong><\/p>\n<p><span>\u00a0 \u00a0 \u00a0 5754 is widely used in automotive parts, welding structures, storage tanks, pressure vessels, trains, ship structures and offshore facilities, transportation tanks, and occasions where excellent processing performance, excellent corrosion resistance, high fatigue strength, high welding ability and medium static strength are required.<\/span><\/p>","protected":false},"excerpt":{"rendered":"<p>Scope of supply of Aviation Group: It can be customized non-standard, aluminum plate (whole plate\/cut), aluminum rod, aluminum forgings, aluminum [&hellip;]<\/p>","protected":false},"featured_media":244,"template":"","meta":{"site-sidebar-layout":"default","site-content-layout":"","ast-site-content-layout":"default","site-content-style":"default","site-sidebar-style":"default","ast-global-header-display":"","ast-banner-title-visibility":"","ast-main-header-display":"","ast-hfb-above-header-display":"","ast-hfb-below-header-display":"","ast-hfb-mobile-header-display":"","site-post-title":"","ast-breadcrumbs-content":"","ast-featured-img":"","footer-sml-layout":"","theme-transparent-header-meta":"default","adv-header-id-meta":"","stick-header-meta":"","header-above-stick-meta":"","header-main-stick-meta":"","header-below-stick-meta":"","astra-migrate-meta-layouts":"set","ast-page-background-enabled":"default","ast-page-background-meta":{"desktop":{"background-color":"var(--ast-global-color-5)","background-image":"","background-repeat":"repeat","background-position":"center center","background-size":"auto","background-attachment":"scroll","background-type":"","background-media":"","overlay-type":"","overlay-color":"","overlay-opacity":"","overlay-gradient":""},"tablet":{"background-color":"","background-image":"","background-repeat":"repeat","background-position":"center center","background-size":"auto","background-attachment":"scroll","background-type":"","background-media":"","overlay-type":"","overlay-color":"","overlay-opacity":"","overlay-gradient":""},"mobile":{"background-color":"","background-image":"","background-repeat":"repeat","background-position":"center center","background-size":"auto","background-attachment":"scroll","background-type":"","background-media":"","overlay-type":"","overlay-color":"","overlay-opacity":"","overlay-gradient":""}},"ast-content-background-meta":{"desktop":{"background-color":"var(--ast-global-color-4)","background-image":"","background-repeat":"repeat","background-position":"center center","background-size":"auto","background-attachment":"scroll","background-type":"","background-media":"","overlay-type":"","overlay-color":"","overlay-opacity":"","overlay-gradient":""},"tablet":{"background-color":"var(--ast-global-color-4)","background-image":"","background-repeat":"repeat","background-position":"center center","background-size":"auto","background-attachment":"scroll","background-type":"","background-media":"","overlay-type":"","overlay-color":"","overlay-opacity":"","overlay-gradient":""},"mobile":{"background-color":"var(--ast-global-color-4)","background-image":"","background-repeat":"repeat","background-position":"center center","background-size":"auto","background-attachment":"scroll","background-type":"","background-media":"","overlay-type":"","overlay-color":"","overlay-opacity":"","overlay-gradient":""}}},"product_brand":[],"product_cat":[29],"product_tag":[],"class_list":{"0":"post-242","1":"product","2":"type-product","3":"status-publish","4":"has-post-thumbnail","6":"product_cat-aviation-aluminum-alloy","7":"desktop-align-left","8":"tablet-align-left","9":"mobile-align-left","11":"first","12":"instock","13":"shipping-taxable","14":"product-type-simple"},"_links":{"self":[{"href":"https:\/\/www.dura-alloy.com\/pt\/wp-json\/wp\/v2\/product\/242","targetHints":{"allow":["GET"]}}],"collection":[{"href":"https:\/\/www.dura-alloy.com\/pt\/wp-json\/wp\/v2\/product"}],"about":[{"href":"https:\/\/www.dura-alloy.com\/pt\/wp-json\/wp\/v2\/types\/product"}],"version-history":[{"count":1,"href":"https:\/\/www.dura-alloy.com\/pt\/wp-json\/wp\/v2\/product\/242\/revisions"}],"predecessor-version":[{"id":243,"href":"https:\/\/www.dura-alloy.com\/pt\/wp-json\/wp\/v2\/product\/242\/revisions\/243"}],"wp:featuredmedia":[{"embeddable":true,"href":"https:\/\/www.dura-alloy.com\/pt\/wp-json\/wp\/v2\/media\/244"}],"wp:attachment":[{"href":"https:\/\/www.dura-alloy.com\/pt\/wp-json\/wp\/v2\/media?parent=242"}],"wp:term":[{"taxonomy":"product_brand","embeddable":true,"href":"https:\/\/www.dura-alloy.com\/pt\/wp-json\/wp\/v2\/product_brand?post=242"},{"taxonomy":"product_cat","embeddable":true,"href":"https:\/\/www.dura-alloy.com\/pt\/wp-json\/wp\/v2\/product_cat?post=242"},{"taxonomy":"product_tag","embeddable":true,"href":"https:\/\/www.dura-alloy.com\/pt\/wp-json\/wp\/v2\/product_tag?post=242"}],"curies":[{"name":"wp","href":"https:\/\/api.w.org\/{rel}","templated":true}]}}