{"id":693,"date":"2025-06-17T07:11:32","date_gmt":"2025-06-17T07:11:32","guid":{"rendered":"https:\/\/dura-alloy.com\/?post_type=product&#038;p=693"},"modified":"2025-06-17T07:11:32","modified_gmt":"2025-06-17T07:11:32","slug":"gh4141","status":"publish","type":"product","link":"https:\/\/www.dura-alloy.com\/it\/prodotto\/gh4141\/","title":{"rendered":"GH4141"},"content":{"rendered":"<p style=\"text-align: center;\"><strong><span>Ambito di fornitura per il Gruppo Aviation<\/span><\/strong><\/p>\n<p style=\"text-align: center;\"><strong><span>Forgiati, barre tonde, piastre d'acciaio, anelli, tubi senza saldatura, piastre\/nastri d'acciaio, materiali per la saldatura a filo, non esitate a chiedere!<\/span><\/strong><\/p>\n<p><strong><span>1. Introduzione ai materiali GH4141\/141<\/span><\/strong><\/p>\n<p><span>\u00a0 \u00a0 \u00a0 GH4141 \u00e8 una lega precipitata indurita per deformazione ad alta temperatura a base di nichel, con un'elevata resistenza alla trazione e al creep di lunga durata e una buona resistenza all'ossidazione nell'intervallo tra 650 e 950\u00b0C. A causa dell'elevato contenuto di alluminio, titanio e molibdeno nella lega, \u00e8 difficile aprire il lingotto, ma il materiale deformato ha una buona plasticit\u00e0. Pu\u00f2 essere formata a freddo allo stato ricotto o saldata, e le cricche da deformazione si generano facilmente quando le parti saldate sono trattate termicamente. Le variet\u00e0 di leghe comprendono piastre sottili, nastri, fili, dischi, anelli, forgiati, barre e fusioni di precisione.<\/span><\/p>\n<p><strong><span>2. Composizione chimica di GH4141<\/span><\/strong><\/p>\n<table border=\"-\" width=\"1100\">\n<tbody>\n<tr>\n<td><span>lega<\/span><\/td>\n<td>%<\/td>\n<td>C<\/td>\n<td>Cr<\/td>\n<td><span>In<\/span><\/td>\n<td>Al<\/td>\n<td><span>Di<\/span><\/td>\n<td>Fe<\/td>\n<td>B<\/td>\n<td>Cu<\/td>\n<td>Mn<\/td>\n<td>Zr<\/td>\n<td>S<\/td>\n<td>Co<\/td>\n<td>P<\/td>\n<\/tr>\n<tr>\n<td rowspan=\"2\">GH4141\/141<\/td>\n<td><span>Valore minimo<\/span><\/td>\n<td>0.06<\/td>\n<td>18<\/td>\n<td rowspan=\"2\"><span>margine<\/span><\/td>\n<td>1.40<\/td>\n<td>3.00<\/td>\n<td>&#8211;<\/td>\n<td>0.003<\/td>\n<td><span>&#8211;<\/span><\/td>\n<td><span>&#8211;<\/span><\/td>\n<td><span>&#8211;<\/span><\/td>\n<td><span>&#8211;<\/span><\/td>\n<td>10.0<\/td>\n<td><span>&#8211;<\/span><\/td>\n<\/tr>\n<tr>\n<td><span>Valore massimo<\/span><\/td>\n<td>0.12<\/td>\n<td>20<\/td>\n<td>1.80<\/td>\n<td>3.55<\/td>\n<td>5<\/td>\n<td>0.010<\/td>\n<td>0.50<\/td>\n<td><span>0.50<\/span><\/td>\n<td>0.07<\/td>\n<td>0.015<\/td>\n<td>12.0<\/td>\n<td><span>0.015<\/span><\/td>\n<\/tr>\n<\/tbody>\n<\/table>\n<p><span>Nota: Mn e Si nella tabella sono i contenuti di barre, forgiati, anelli e fili, mentre le lamiere, i nastri e i tubi sono: Mn\u22640,35%, Si\u22640,35%.<\/span><\/p>\n<p><strong><span>III. Campo di applicazione GH4141<\/span><\/strong><\/p>\n<p><span>\u00a0 \u00a0 \u00a0 A causa dell'elevato contenuto di alluminio, titanio e molibdeno nella lega, \u00e8 difficile aprire il lingotto, ma il materiale deformato ha una buona plasticit\u00e0. Pu\u00f2 essere formata a freddo allo stato ricotto o saldata, e le cricche da deformazione si generano facilmente quando le parti saldate sono trattate termicamente. Le variet\u00e0 di leghe comprendono piastre sottili, nastri, fili, dischi, anelli, forgiati, barre e fusioni di precisione, ecc. che sono adatti per la produzione di parti ad alta temperatura dei motori aeronautici e aerospaziali che richiedono un'elevata resistenza al di sotto degli 870\u2103 e richiedono un antiossidante al di sotto dei 980\u2103.<\/span><\/p>","protected":false},"excerpt":{"rendered":"<p>Scope of supply for Aviation Group Forgings, round rods, steel plates, rings, seamless pipes, steel plates\/steel belts, wire welding materials, [&hellip;]<\/p>","protected":false},"featured_media":694,"template":"","meta":{"site-sidebar-layout":"default","site-content-layout":"","ast-site-content-layout":"default","site-content-style":"default","site-sidebar-style":"default","ast-global-header-display":"","ast-banner-title-visibility":"","ast-main-header-display":"","ast-hfb-above-header-display":"","ast-hfb-below-header-display":"","ast-hfb-mobile-header-display":"","site-post-title":"","ast-breadcrumbs-content":"","ast-featured-img":"","footer-sml-layout":"","theme-transparent-header-meta":"default","adv-header-id-meta":"","stick-header-meta":"","header-above-stick-meta":"","header-main-stick-meta":"","header-below-stick-meta":"","astra-migrate-meta-layouts":"set","ast-page-background-enabled":"default","ast-page-background-meta":{"desktop":{"background-color":"var(--ast-global-color-5)","background-image":"","background-repeat":"repeat","background-position":"center center","background-size":"auto","background-attachment":"scroll","background-type":"","background-media":"","overlay-type":"","overlay-color":"","overlay-opacity":"","overlay-gradient":""},"tablet":{"background-color":"","background-image":"","background-repeat":"repeat","background-position":"center center","background-size":"auto","background-attachment":"scroll","background-type":"","background-media":"","overlay-type":"","overlay-color":"","overlay-opacity":"","overlay-gradient":""},"mobile":{"background-color":"","background-image":"","background-repeat":"repeat","background-position":"center center","background-size":"auto","background-attachment":"scroll","background-type":"","background-media":"","overlay-type":"","overlay-color":"","overlay-opacity":"","overlay-gradient":""}},"ast-content-background-meta":{"desktop":{"background-color":"var(--ast-global-color-4)","background-image":"","background-repeat":"repeat","background-position":"center center","background-size":"auto","background-attachment":"scroll","background-type":"","background-media":"","overlay-type":"","overlay-color":"","overlay-opacity":"","overlay-gradient":""},"tablet":{"background-color":"var(--ast-global-color-4)","background-image":"","background-repeat":"repeat","background-position":"center center","background-size":"auto","background-attachment":"scroll","background-type":"","background-media":"","overlay-type":"","overlay-color":"","overlay-opacity":"","overlay-gradient":""},"mobile":{"background-color":"var(--ast-global-color-4)","background-image":"","background-repeat":"repeat","background-position":"center center","background-size":"auto","background-attachment":"scroll","background-type":"","background-media":"","overlay-type":"","overlay-color":"","overlay-opacity":"","overlay-gradient":""}}},"product_brand":[],"product_cat":[16],"product_tag":[],"class_list":{"0":"post-693","1":"product","2":"type-product","3":"status-publish","4":"has-post-thumbnail","6":"product_cat-high-temperature-alloy","7":"desktop-align-left","8":"tablet-align-left","9":"mobile-align-left","11":"first","12":"instock","13":"shipping-taxable","14":"product-type-simple"},"_links":{"self":[{"href":"https:\/\/www.dura-alloy.com\/it\/wp-json\/wp\/v2\/product\/693","targetHints":{"allow":["GET"]}}],"collection":[{"href":"https:\/\/www.dura-alloy.com\/it\/wp-json\/wp\/v2\/product"}],"about":[{"href":"https:\/\/www.dura-alloy.com\/it\/wp-json\/wp\/v2\/types\/product"}],"version-history":[{"count":0,"href":"https:\/\/www.dura-alloy.com\/it\/wp-json\/wp\/v2\/product\/693\/revisions"}],"wp:featuredmedia":[{"embeddable":true,"href":"https:\/\/www.dura-alloy.com\/it\/wp-json\/wp\/v2\/media\/694"}],"wp:attachment":[{"href":"https:\/\/www.dura-alloy.com\/it\/wp-json\/wp\/v2\/media?parent=693"}],"wp:term":[{"taxonomy":"product_brand","embeddable":true,"href":"https:\/\/www.dura-alloy.com\/it\/wp-json\/wp\/v2\/product_brand?post=693"},{"taxonomy":"product_cat","embeddable":true,"href":"https:\/\/www.dura-alloy.com\/it\/wp-json\/wp\/v2\/product_cat?post=693"},{"taxonomy":"product_tag","embeddable":true,"href":"https:\/\/www.dura-alloy.com\/it\/wp-json\/wp\/v2\/product_tag?post=693"}],"curies":[{"name":"wp","href":"https:\/\/api.w.org\/{rel}","templated":true}]}}