{"id":667,"date":"2025-06-17T05:14:52","date_gmt":"2025-06-17T05:14:52","guid":{"rendered":"https:\/\/dura-alloy.com\/?post_type=product&#038;p=667"},"modified":"2025-06-17T05:14:52","modified_gmt":"2025-06-17T05:14:52","slug":"ta18","status":"publish","type":"product","link":"https:\/\/www.dura-alloy.com\/it\/prodotto\/ta18\/","title":{"rendered":"TA18"},"content":{"rendered":"<p style=\"text-align: center;\"><strong><span>Ambito di fornitura per il Gruppo Aviation<\/span><\/strong><\/p>\n<p style=\"text-align: center;\"><strong><span>Forgiati, barre tonde, piastre d'acciaio, anelli, tubi senza saldatura, piastre\/nastri d'acciaio, capillari, materiali per la saldatura a filo, non esitate a chiedere!<\/span><\/strong><\/p>\n<p><span>Forgiati in titanio. Personalizzato<\/span><br \/>\n<span>aste in titanio secondo i disegni. \u03a6(8-400) \u00d7L\u22645000mm (barre laminate, barre forgiate)<\/span><br \/>\n<span>piastra\/nastro di titanio (0,3-60,0) \u00d7 (400-1000) \u00d7 (1000-3500) mm (piastra laminata a freddo, piastra laminata a caldo)<\/span><br \/>\n<span>tubo di titanio \u03a6(3-210) \u00d7 (0,2-10,0) \u00d7L (tubi laminati, tubi estrusi)<\/span><br \/>\n<span>Anello in titanio Diametro esterno \u03c6(100-1200) \u00d7 diametro interno \u03a6(100-1000) \u00d7 altezza (20-800) mm<\/span><br \/>\n<span>torta rotonda in titanio \u03a6(150-1200) \u00d7 (20-800) mm<\/span><br \/>\n<span>filo di titanio \u03a6(0,1-7,0) \u00d7L<\/span><\/p>\n<p><strong><span>1.\u00a0<\/span><\/strong><strong><span>Introduzione ai materiali TA18<\/span><\/strong><\/p>\n<p><span>La lega di titanio TA18 \u00e8 una lega di titanio quasi alfa a bassa lega. Ha una componente nominale di Ti-3Al-2,5 V. \u00c8 stata sviluppata come applicazione per tubi lavorabili a freddo. Ha buone propriet\u00e0 di formatura e saldatura a freddo. Ha una resistenza a temperatura ambiente da 20% a 50% superiore a quella del titanio puro industriale e ha una buona resistenza alla corrosione in molti mezzi. Le prestazioni di saldatura e di formatura a freddo del TA18 sono migliori di quelle della lega TC4.<\/span><\/p>\n<p><span>Il tubo senza saldatura in lega di titanio TA18 \u00e8 adatto ai sistemi di tubazioni idrauliche e di carburante di aerei e motori ed \u00e8 stato utilizzato in varie applicazioni militari e civili in campo aerospaziale. Pertanto, la lega di titanio TA18 \u00e8 diventata il materiale pi\u00f9 adatto per la realizzazione di condotti leggeri ad alta pressione sugli aerei, grazie alle sue eccellenti prestazioni globali, ed \u00e8 diventata il materiale pi\u00f9 adatto per la realizzazione di condotti leggeri ad alta pressione sugli aerei.<\/span><\/p>\n<p><strong><span>2.\u00a0<\/span><\/strong><strong><span>Standard tecnici dei materiali TA18<\/span><\/strong><\/p>\n<p><span>GB\/T3620.1-2016 Gradi e composizioni chimiche del titanio e delle sue leghe<\/span><\/p>\n<p><span>GB\/T 3621-2007 ASTM\/B265 Foglio di titanio e lega di titanio<\/span><\/p>\n<p><span>GB\/T2965 -2007 ASTM\/B348 Materiale di titanio e lega di titanio Rod<\/span><\/p>\n<p><span>Tubo senza saldatura in titanio e lega di titanio GB\/T 3624-2010 ASTM337<\/span><\/p>\n<p><span>GB\/T16598-2013 Tubi in titanio e lega di titanio per scambiatori di calore e condensatori ASTM381<\/span><\/p>\n<p><span>GB\/T13810-1997 Materiali di lavorazione in titanio e leghe di titanio per impianti chirurgici AMST\/F136<\/span><\/p>\n<p><span>GB\/T3623-2007 AMST\/B863 filo di titanio e leghe di titanio<\/span><\/p>\n<p><span>AMST\/B265 ASTM\/B265 Banda-Foil di titanio e leghe di titanio<\/span><\/p>\n<p><strong><span>3.\u00a0<\/span><\/strong><strong><span>Composizione chimica di TA18<\/span><\/strong><\/p>\n<table border=\"-\" width=\"1120\">\n<tbody>\n<tr>\n<td rowspan=\"2\" width=\"64\"><span>Numero del marchio<\/span><\/td>\n<td colspan=\"2\" width=\"114\"><\/td>\n<td colspan=\"10\" width=\"425\"><span>Composizione chimica (percentuale in peso)<\/span><\/td>\n<\/tr>\n<tr>\n<td colspan=\"2\" width=\"114\"><\/td>\n<td colspan=\"10\" width=\"425\">Composizione chimica (WT%)<\/td>\n<\/tr>\n<tr>\n<td rowspan=\"3\" width=\"64\"><span>Ta18<\/span><\/td>\n<td rowspan=\"2\" width=\"76\"><span>Ingredienti chimici<\/span><\/td>\n<td colspan=\"2\" width=\"48\"><span>titanio<\/span><\/td>\n<td width=\"48\"><span>ferro<\/span><\/td>\n<td width=\"48\"><span>carbone<\/span><\/td>\n<td width=\"48\"><span>azoto<\/span><\/td>\n<td width=\"48\"><span>idrogeno<\/span><\/td>\n<td width=\"48\"><span>ossigeno<\/span><\/td>\n<td width=\"48\"><span>alluminio<\/span><\/td>\n<td width=\"48\"><span>vanadio<\/span><\/td>\n<td colspan=\"2\" width=\"81\"><span>Altre impurit\u00e0<\/span><\/td>\n<\/tr>\n<tr>\n<td colspan=\"2\" width=\"48\"><span>(Di)<\/span><\/td>\n<td width=\"48\">(Fe)<\/td>\n<td width=\"48\">(C)<\/td>\n<td width=\"48\">(N)<\/td>\n<td width=\"48\">(H)<\/td>\n<td width=\"48\">(O)<\/td>\n<td width=\"48\">(Al)<\/td>\n<td width=\"48\">(V)<\/td>\n<td width=\"44\"><span>singolo<\/span><\/td>\n<td width=\"37\"><span>somma<\/span><\/td>\n<\/tr>\n<tr>\n<td width=\"76\"><span>Titanio puro industriale<\/span><\/td>\n<td colspan=\"2\" width=\"48\"><span>margine<\/span><\/td>\n<td width=\"48\">\u22640.25<\/td>\n<td width=\"48\">\u22640.08<\/td>\n<td width=\"48\">\u22640.05<\/td>\n<td width=\"48\">\u22640.015<\/td>\n<td width=\"48\">\u22640.12<\/td>\n<td width=\"48\">2.0\uff5e3.5<\/td>\n<td width=\"48\">1.5\uff5e3.0<\/td>\n<td width=\"44\">\u22640.10<\/td>\n<td width=\"37\">\u22640.40<\/td>\n<\/tr>\n<\/tbody>\n<\/table>\n<p><strong><span>4. TA18\u00a0<\/span><\/strong><strong><span>propriet\u00e0 fisiche<\/span><\/strong><\/p>\n<p><span>Densit\u00e0: 4,47g\/cm\u00b3,<\/span><\/p>\n<p><span>Modulo elastico a temperatura ambiente 118~123GPa,<\/span><\/p>\n<p><span>Punto di cambiamento di fase: 925\u2103,<\/span><\/p>\n<p><span>Durezza 15~17HRC.<\/span><\/p>\n<p><span>Prestazioni della lega di titanio TA18 specificate dalle norme tecniche<\/span><\/p>\n<table border=\"-\" width=\"920\">\n<tbody>\n<tr>\n<td rowspan=\"4\" width=\"75\"><span>Standard tecnici<\/span><\/td>\n<td rowspan=\"4\" width=\"56\"><span>variet\u00e0<\/span><\/td>\n<td rowspan=\"4\" width=\"36\"><span>Stato<\/span><\/td>\n<td rowspan=\"4\" width=\"57\"><span>Specifiche\/mm<\/span><\/td>\n<td rowspan=\"4\" width=\"38\"><span>Direzione di campionamento<\/span><\/td>\n<td colspan=\"5\" width=\"182\"><span>Prestazioni a temperatura ambiente<\/span><\/td>\n<td colspan=\"4\" width=\"188\"><span>Prestazioni ad alta temperatura<\/span><\/td>\n<\/tr>\n<tr>\n<td rowspan=\"2\" width=\"52\">Rm\/MPa<\/td>\n<td colspan=\"2\" rowspan=\"2\" width=\"57\">Rp0,2\/MPa<\/td>\n<td rowspan=\"2\" width=\"34\">A\/%<\/td>\n<td rowspan=\"2\" width=\"39\"><span>\u03b1 \/ (\u00ba)<\/span><\/td>\n<td colspan=\"2\" width=\"95\">350\u2103<\/td>\n<td colspan=\"2\" width=\"93\">400\u2103<\/td>\n<\/tr>\n<tr>\n<td width=\"49\"><span>Rm\/MPa<\/span><\/td>\n<td width=\"46\">\u03c3100h\/MPa<\/td>\n<td width=\"46\"><span>Rm\/MPa<\/span><\/td>\n<td width=\"47\"><span>\u03c3100h\/MPa<\/span><\/td>\n<\/tr>\n<tr>\n<td colspan=\"9\" width=\"371\"><span>Non meno di<\/span><\/td>\n<\/tr>\n<tr>\n<td width=\"75\">GB\/T3621-2007<\/td>\n<td width=\"56\"><span>Piatto<\/span><\/td>\n<td width=\"36\">M<\/td>\n<td width=\"57\">0.5~1.0&nbsp;<\/p>\n<p>\uff1e1.0~2.0<\/p>\n<p>\uff1e2.0~4.0<\/p>\n<p>\uff1e4.0~5.0<\/p>\n<p>\uff1e5.0~10.0<\/td>\n<td width=\"38\">LT<\/td>\n<td width=\"52\">590~735<\/td>\n<td width=\"51\">&#8211;<\/td>\n<td colspan=\"2\" width=\"40\">25&nbsp;<\/p>\n<p><span>25<\/span><\/p>\n<p>20<\/p>\n<p>15<\/p>\n<p><span>15<\/span><\/td>\n<td width=\"39\">100&nbsp;<\/p>\n<p>70<\/p>\n<p>60<\/p>\n<p><span>60<\/span><\/td>\n<td width=\"49\">340<\/td>\n<td width=\"46\">320<\/td>\n<td width=\"46\">310<\/td>\n<td width=\"47\">280<\/td>\n<\/tr>\n<tr>\n<td width=\"75\"><span>GJB 3423a-2008<\/span><\/td>\n<td width=\"56\"><span>Tubo<\/span><\/td>\n<td width=\"36\"><span>M<\/span><\/td>\n<td width=\"57\"><span>Diametro esterno: &gt;8~52<\/span><\/td>\n<td width=\"38\"><span>LT<\/span><\/td>\n<td width=\"52\">620<\/td>\n<td width=\"51\">515<\/td>\n<td colspan=\"2\" width=\"40\"><span>15<\/span><\/td>\n<td width=\"39\"><span>&#8211;<\/span><\/td>\n<td width=\"49\"><span>&#8211;<\/span><\/td>\n<td width=\"46\"><span>&#8211;<\/span><\/td>\n<td width=\"46\"><span>&#8211;<\/span><\/td>\n<td width=\"47\"><span>&#8211;<\/span><\/td>\n<\/tr>\n<tr>\n<td width=\"75\">GB\/T26058-2010<\/td>\n<td width=\"56\"><span>Tubo<\/span><\/td>\n<td width=\"36\">R<\/td>\n<td width=\"57\">25~210<\/td>\n<td width=\"38\"><span>LT<\/span><\/td>\n<td width=\"52\"><span>Test effettivo<\/span><\/td>\n<td width=\"51\"><span>Test effettivo<\/span><\/td>\n<td colspan=\"2\" width=\"40\"><span>Test effettivo<\/span><\/td>\n<td width=\"39\"><span>&#8211;<\/span><\/td>\n<td width=\"49\"><span>&#8211;<\/span><\/td>\n<td width=\"46\"><span>&#8211;<\/span><\/td>\n<td width=\"46\"><span>&#8211;<\/span><\/td>\n<td width=\"47\"><span>&#8211;<\/span><\/td>\n<\/tr>\n<\/tbody>\n<\/table>\n<p><strong>\u00a0<\/strong><strong><span>5. TA18\u00a0<\/span><\/strong><strong><span>campi di applicazione<\/span><\/strong><\/p>\n<ol>\n<li><span>Il tubo senza saldatura in lega di titanio TA18 \u00e8 adatto per i sistemi di tubazioni idrauliche e di carburante di aerei e motori ed \u00e8 stato utilizzato in diverse applicazioni militari e civili nel settore aerospaziale.<\/span><\/li>\n<li><span>La lega di titanio TA18 \u00e8 diventata il materiale ideale per la realizzazione di condotti leggeri ad alta pressione sugli aerei, grazie alle sue eccellenti prestazioni globali. \u00c8 diventato il materiale ideale per la realizzazione di condotti leggeri ad alta pressione sugli aerei.<\/span><\/li>\n<\/ol>","protected":false},"excerpt":{"rendered":"<p>Scope of supply for Aviation Group Forgings, round rods, steel plates, rings, seamless pipes, steel plates\/steel belts, capillaries, wire welding [&hellip;]<\/p>","protected":false},"featured_media":668,"template":"","meta":{"site-sidebar-layout":"default","site-content-layout":"","ast-site-content-layout":"default","site-content-style":"default","site-sidebar-style":"default","ast-global-header-display":"","ast-banner-title-visibility":"","ast-main-header-display":"","ast-hfb-above-header-display":"","ast-hfb-below-header-display":"","ast-hfb-mobile-header-display":"","site-post-title":"","ast-breadcrumbs-content":"","ast-featured-img":"","footer-sml-layout":"","theme-transparent-header-meta":"default","adv-header-id-meta":"","stick-header-meta":"","header-above-stick-meta":"","header-main-stick-meta":"","header-below-stick-meta":"","astra-migrate-meta-layouts":"set","ast-page-background-enabled":"default","ast-page-background-meta":{"desktop":{"background-color":"var(--ast-global-color-5)","background-image":"","background-repeat":"repeat","background-position":"center center","background-size":"auto","background-attachment":"scroll","background-type":"","background-media":"","overlay-type":"","overlay-color":"","overlay-opacity":"","overlay-gradient":""},"tablet":{"background-color":"","background-image":"","background-repeat":"repeat","background-position":"center center","background-size":"auto","background-attachment":"scroll","background-type":"","background-media":"","overlay-type":"","overlay-color":"","overlay-opacity":"","overlay-gradient":""},"mobile":{"background-color":"","background-image":"","background-repeat":"repeat","background-position":"center center","background-size":"auto","background-attachment":"scroll","background-type":"","background-media":"","overlay-type":"","overlay-color":"","overlay-opacity":"","overlay-gradient":""}},"ast-content-background-meta":{"desktop":{"background-color":"var(--ast-global-color-4)","background-image":"","background-repeat":"repeat","background-position":"center center","background-size":"auto","background-attachment":"scroll","background-type":"","background-media":"","overlay-type":"","overlay-color":"","overlay-opacity":"","overlay-gradient":""},"tablet":{"background-color":"var(--ast-global-color-4)","background-image":"","background-repeat":"repeat","background-position":"center center","background-size":"auto","background-attachment":"scroll","background-type":"","background-media":"","overlay-type":"","overlay-color":"","overlay-opacity":"","overlay-gradient":""},"mobile":{"background-color":"var(--ast-global-color-4)","background-image":"","background-repeat":"repeat","background-position":"center center","background-size":"auto","background-attachment":"scroll","background-type":"","background-media":"","overlay-type":"","overlay-color":"","overlay-opacity":"","overlay-gradient":""}}},"product_brand":[],"product_cat":[36],"product_tag":[],"class_list":{"0":"post-667","1":"product","2":"type-product","3":"status-publish","4":"has-post-thumbnail","6":"product_cat-titanium-alloy","7":"desktop-align-left","8":"tablet-align-left","9":"mobile-align-left","11":"first","12":"instock","13":"shipping-taxable","14":"product-type-simple"},"_links":{"self":[{"href":"https:\/\/www.dura-alloy.com\/it\/wp-json\/wp\/v2\/product\/667","targetHints":{"allow":["GET"]}}],"collection":[{"href":"https:\/\/www.dura-alloy.com\/it\/wp-json\/wp\/v2\/product"}],"about":[{"href":"https:\/\/www.dura-alloy.com\/it\/wp-json\/wp\/v2\/types\/product"}],"version-history":[{"count":0,"href":"https:\/\/www.dura-alloy.com\/it\/wp-json\/wp\/v2\/product\/667\/revisions"}],"wp:featuredmedia":[{"embeddable":true,"href":"https:\/\/www.dura-alloy.com\/it\/wp-json\/wp\/v2\/media\/668"}],"wp:attachment":[{"href":"https:\/\/www.dura-alloy.com\/it\/wp-json\/wp\/v2\/media?parent=667"}],"wp:term":[{"taxonomy":"product_brand","embeddable":true,"href":"https:\/\/www.dura-alloy.com\/it\/wp-json\/wp\/v2\/product_brand?post=667"},{"taxonomy":"product_cat","embeddable":true,"href":"https:\/\/www.dura-alloy.com\/it\/wp-json\/wp\/v2\/product_cat?post=667"},{"taxonomy":"product_tag","embeddable":true,"href":"https:\/\/www.dura-alloy.com\/it\/wp-json\/wp\/v2\/product_tag?post=667"}],"curies":[{"name":"wp","href":"https:\/\/api.w.org\/{rel}","templated":true}]}}