{"id":623,"date":"2025-06-17T02:28:56","date_gmt":"2025-06-17T02:28:56","guid":{"rendered":"https:\/\/dura-alloy.com\/?post_type=product&#038;p=623"},"modified":"2025-06-17T02:28:56","modified_gmt":"2025-06-17T02:28:56","slug":"1j22-soft-magnetic-alloy","status":"publish","type":"product","link":"https:\/\/www.dura-alloy.com\/it\/prodotto\/1j22-soft-magnetic-alloy\/","title":{"rendered":"1J22 Lega magnetica morbida"},"content":{"rendered":"<p><span>1. Introduzione alla lega magnetica morbida 1J22<\/span><\/p>\n<p><span>1J22 corrisponde ai gradi corrispondenti e ai gradi simili Co50V2, 50\u041a\u0424 (Russia), Permendur (Regno Unito), Supermendur (Stati Uniti), HiperCo50 (Stati Uniti).<\/span><br \/>\n<span>1J22 \u00e8 una lega magnetica morbida di ferro-cobalto-vanadio ad alta resistenza all'induzione magnetica di saturazione. Tra i materiali magnetici morbidi esistenti, l'1J22 ha la pi\u00f9 alta forza di induzione magnetica a saturazione, fino a 2,4T, il punto di Curie pu\u00f2 raggiungere 980\u2103 e il coefficiente di magnetostrizione a saturazione pu\u00f2 raggiungere 60~100\u00d710-6. Grazie all'elevata forza di induzione magnetica di saturazione, \u00e8 possibile ridurre notevolmente il volume di un motore della stessa potenza e, utilizzando un elettromagnete, \u00e8 possibile generare una grande forza di aspirazione a parit\u00e0 di sezione trasversale. Grazie all'elevato punto di Curie, la lega pu\u00f2 operare a temperature pi\u00f9 elevate, dove altri materiali magnetici morbidi sono stati completamente smagnetizzati, mantenendo una buona stabilit\u00e0 magnetica. Grazie al suo grande coefficiente magnetostrittivo, \u00e8 molto adatta per i trasduttori magnetostrittivi, con un'elevata energia di uscita e un'alta efficienza di lavoro. La lega ha una bassa resistivit\u00e0 (0,27\u03bc\u03a9-m) e non dovrebbe essere utilizzata ad alte frequenze. \u00c8 costosa, facilmente ossidabile e con scarse prestazioni di lavorazione. L'aggiunta di una quantit\u00e0 adeguata di nichel o di altri elementi pu\u00f2 migliorare la sua lavorabilit\u00e0.<\/span><\/p>\n<p><span>Norme tecniche del materiale 1J22<\/span><br \/>\n<span>GB\/T 15001-1994 \"Dimensioni, aspetto, qualit\u00e0 superficiale, metodi sperimentali e regole di ispezione della lega magnetica morbida\".<\/span><br \/>\n<span>GB\/T 15002-1994 \"Condizioni tecniche per le leghe magnetiche morbide con elevata forza di induzione magnetica a saturazione\".<\/span><\/p>\n<p><span>2. Composizione chimica dell'1J22<\/span><\/p>\n<p><span>Secondo lo standard statunitense, lo standard nazionale \u00e8 rigorosamente implementato.<\/span><\/p>\n<p><span>3. Trattamento termico 1J22 e stato di consegna<\/span><\/p>\n<p><span>Campione di nastro laminato a freddo: Il forno si riscalda a 850-900\u2103, mantiene il calore per 3-6 ore, si raffredda a 750\u2103 a una velocit\u00e0 di 50\u2103\/h, quindi si raffredda a 300\u2103 a una velocit\u00e0 di 180-240\u2103\/h ed esce dal forno. Il mezzo di ricottura \u00e8 l'idrogeno con un punto di rugiada non superiore a -40\u2103.<\/span><br \/>\n<span>Campione prelevato dalla forgiatura: Quando il forno sale a 1100\u2103\u00b120\u2103, mantenere il calore per 3-6 ore, raffreddare a 850\u2103 a una velocit\u00e0 di 50-100\u2103\/h, mantenere il calore per 3 ore, raffreddare a 700\u2103 a una velocit\u00e0 di 30\u2103\/h, raffreddare a 300\u2103 a una velocit\u00e0 di 200\u2103\/h e uscire dal forno. Il mezzo di ricottura \u00e8 l'idrogeno con un punto di rugiada non superiore a -40\u2103.<\/span><br \/>\n<span>Materiali utilizzati per un'elevata forza di induzione magnetica, una bassa forza coercitiva e un elevato rapporto rettangolare sotto un campo magnetico inferiore: il forno sale a 850 \u2103\u00b110 \u2103, viene isolato per 4 ore, si raffredda a 750 \u2103 a una velocit\u00e0 di 50 \u2103\/h, viene isolato per 3 ore, quindi si raffredda a 300 \u2103 a una velocit\u00e0 di 200 \u2103\/h e si scarica dal forno. All'isolamento (750 \u2103) viene aggiunto un campo magnetico CC da 1240-1600 A\/m e il mezzo di ricottura \u00e8 l'idrogeno con un punto di rugiada non superiore a -40 \u2103.<\/span><br \/>\n<span>Le specifiche e gli stati di fornitura delle variet\u00e0 1J22 includono nastri laminati a freddo, materiali a filo trafilati a freddo, materiali piatti e barre laminati a caldo (forgiati), forgiati non standard e processi di fusione e colata 1J22 sono fusi in forni a induzione sotto vuoto.<\/span><\/p>\n<p><span>4. Propriet\u00e0 meccaniche di 1J22 a temperatura ambiente e a varie temperature<\/span><\/p>\n<p><span>1J22 durezza: lega morbida HRB90, dura a freddo HRC35.<\/span><br \/>\n<span>1J22 Resistenza alla trazione: Lega stato morbido \u03c3b=490MPa; stato duro a freddo \u03c3b=1323MPa.<\/span><br \/>\n<span>1J22 prevede una sollecitazione di allungamento non proporzionale [1] Stato morbido della lega \u03c3P0,2=343MPa.<\/span><br \/>\n<span>1J22 allungamento dopo la rottura lega allungamento dopo la rottura \u03b4=1%.<\/span><br \/>\n<span>1J22 modulo elastico E=216GPa.<\/span><\/p>\n<p><span>V. 1J22 struttura organizzativa<\/span><\/p>\n<p><span>Struttura della lega 1J22 La struttura della lega \u00e8 una soluzione solida monofase con reticolo cubico a centro pieno. La transizione di fase \u03b3\u03b1 si verifica in prossimit\u00e0 dei 900-930\u00b0C. Quando la temperatura \u00e8 inferiore a 730\u00b0C, si genera un ordine che forma una sovrastruttura FeCo e la fase \u03b1 disordinata si converte in una fase \u03b1 ordinata.<\/span><\/p>\n<p><span>6. Prestazioni e requisiti del processo 1J22<\/span><\/p>\n<p><span>Dopo la tempra a circa 880\u00b0C, la lega 1J22 ad alte prestazioni di formatura pu\u00f2 essere trasformata in nastri e filamenti sottili. I nastri e i filamenti possono essere punzonati, avvolti o trasformati in componenti di varie forme.<\/span><br \/>\n<span>1J22 prestazioni di saldatura Le prestazioni di saldatura sono scarse.<\/span><br \/>\n<span>1J22 Processo di trattamento termico delle parti<\/span><br \/>\n<span>1J22 Processo di trattamento superficiale<\/span><br \/>\n<span>1J22 Prestazioni di taglio e rettifica I materiali laminati a caldo (forgiati), i materiali trafilati a freddo e i nastri di questa lega possono essere tagliati e rettificati. Quando la lega viene trasformata in componenti e sottoposta a un trattamento termico finale a raffreddamento lento, la plasticit\u00e0 \u00e8 scarsa e pu\u00f2 essere solo leggermente rettificata.<\/span><\/p>\n<p><span>7. Campi di applicazione 1J22<\/span><br \/>\n<span>Adatto per componenti elettrici leggeri e di piccole dimensioni per l'aviazione e l'aeronautica, come rotori microelettronici, teste dei poli di elettromagneti, rel\u00e8, trasduttori, ecc.<\/span><\/p>","protected":false},"excerpt":{"rendered":"<p>1. Introduction to 1J22 soft magnetic alloy 1J22 corresponds to the corresponding grades and similar grades Co50V2, 50\u041a\u0424 (Russia), Permendur [&hellip;]<\/p>","protected":false},"featured_media":624,"template":"","meta":{"site-sidebar-layout":"default","site-content-layout":"","ast-site-content-layout":"default","site-content-style":"default","site-sidebar-style":"default","ast-global-header-display":"","ast-banner-title-visibility":"","ast-main-header-display":"","ast-hfb-above-header-display":"","ast-hfb-below-header-display":"","ast-hfb-mobile-header-display":"","site-post-title":"","ast-breadcrumbs-content":"","ast-featured-img":"","footer-sml-layout":"","theme-transparent-header-meta":"default","adv-header-id-meta":"","stick-header-meta":"","header-above-stick-meta":"","header-main-stick-meta":"","header-below-stick-meta":"","astra-migrate-meta-layouts":"set","ast-page-background-enabled":"default","ast-page-background-meta":{"desktop":{"background-color":"var(--ast-global-color-5)","background-image":"","background-repeat":"repeat","background-position":"center center","background-size":"auto","background-attachment":"scroll","background-type":"","background-media":"","overlay-type":"","overlay-color":"","overlay-opacity":"","overlay-gradient":""},"tablet":{"background-color":"","background-image":"","background-repeat":"repeat","background-position":"center center","background-size":"auto","background-attachment":"scroll","background-type":"","background-media":"","overlay-type":"","overlay-color":"","overlay-opacity":"","overlay-gradient":""},"mobile":{"background-color":"","background-image":"","background-repeat":"repeat","background-position":"center center","background-size":"auto","background-attachment":"scroll","background-type":"","background-media":"","overlay-type":"","overlay-color":"","overlay-opacity":"","overlay-gradient":""}},"ast-content-background-meta":{"desktop":{"background-color":"var(--ast-global-color-4)","background-image":"","background-repeat":"repeat","background-position":"center center","background-size":"auto","background-attachment":"scroll","background-type":"","background-media":"","overlay-type":"","overlay-color":"","overlay-opacity":"","overlay-gradient":""},"tablet":{"background-color":"var(--ast-global-color-4)","background-image":"","background-repeat":"repeat","background-position":"center center","background-size":"auto","background-attachment":"scroll","background-type":"","background-media":"","overlay-type":"","overlay-color":"","overlay-opacity":"","overlay-gradient":""},"mobile":{"background-color":"var(--ast-global-color-4)","background-image":"","background-repeat":"repeat","background-position":"center center","background-size":"auto","background-attachment":"scroll","background-type":"","background-media":"","overlay-type":"","overlay-color":"","overlay-opacity":"","overlay-gradient":""}}},"product_brand":[],"product_cat":[34],"product_tag":[],"class_list":{"0":"post-623","1":"product","2":"type-product","3":"status-publish","4":"has-post-thumbnail","6":"product_cat-precision-alloy","7":"desktop-align-left","8":"tablet-align-left","9":"mobile-align-left","11":"first","12":"instock","13":"shipping-taxable","14":"product-type-simple"},"_links":{"self":[{"href":"https:\/\/www.dura-alloy.com\/it\/wp-json\/wp\/v2\/product\/623","targetHints":{"allow":["GET"]}}],"collection":[{"href":"https:\/\/www.dura-alloy.com\/it\/wp-json\/wp\/v2\/product"}],"about":[{"href":"https:\/\/www.dura-alloy.com\/it\/wp-json\/wp\/v2\/types\/product"}],"version-history":[{"count":0,"href":"https:\/\/www.dura-alloy.com\/it\/wp-json\/wp\/v2\/product\/623\/revisions"}],"wp:featuredmedia":[{"embeddable":true,"href":"https:\/\/www.dura-alloy.com\/it\/wp-json\/wp\/v2\/media\/624"}],"wp:attachment":[{"href":"https:\/\/www.dura-alloy.com\/it\/wp-json\/wp\/v2\/media?parent=623"}],"wp:term":[{"taxonomy":"product_brand","embeddable":true,"href":"https:\/\/www.dura-alloy.com\/it\/wp-json\/wp\/v2\/product_brand?post=623"},{"taxonomy":"product_cat","embeddable":true,"href":"https:\/\/www.dura-alloy.com\/it\/wp-json\/wp\/v2\/product_cat?post=623"},{"taxonomy":"product_tag","embeddable":true,"href":"https:\/\/www.dura-alloy.com\/it\/wp-json\/wp\/v2\/product_tag?post=623"}],"curies":[{"name":"wp","href":"https:\/\/api.w.org\/{rel}","templated":true}]}}