{"id":621,"date":"2025-06-17T02:24:16","date_gmt":"2025-06-17T02:24:16","guid":{"rendered":"https:\/\/dura-alloy.com\/?post_type=product&#038;p=621"},"modified":"2025-06-17T02:24:16","modified_gmt":"2025-06-17T02:24:16","slug":"1j50-soft-magnetic-alloy","status":"publish","type":"product","link":"https:\/\/www.dura-alloy.com\/it\/prodotto\/1j50-soft-magnetic-alloy\/","title":{"rendered":"1J50 Lega magnetica morbida"},"content":{"rendered":"<p><span>1. Introduzione ai materiali 1J50<\/span><\/p>\n<p><span>1J50 \u00e8 una lega magnetica morbida. La lega ferro-nichel 1J50 \u00e8 una lega di nichel contenente 45-55%, con una permeabilit\u00e0 magnetica iniziale relativamente buona e un'elevata forza di induzione di saturazione. Il valore di induzione di saturazione di 1J50 \u00e8 di circa 1,55T, mentre la permeabilit\u00e0 magnetica iniziale \u00e8 solo di circa 0,42mHm e ha un alto valore di induzione di saturazione nella ferrolega di nichel. Le elevate propriet\u00e0 magnetiche possono essere ottenute mediante ricottura a bassa temperatura. Dopo il trattamento termico finale, \u00e8 presente una chiara struttura cristallina cubica, l'anello di ritardo \u00e8 quasi rettangolare e il magnetismo residuo raggiunge 1,5T.<\/span><\/p>\n<p><span>2. Composizione chimica dell'1J50<\/span><\/p>\n<p><span>Attuare rigorosamente i requisiti degli standard statunitensi e nazionali<\/span><\/p>\n<p><span>III. Ambito di fornitura 1J50<\/span><br \/>\n<span>Nastro laminato a freddo (piatto) materiale 0,01~3\u00d71~300<\/span><br \/>\n<span>Materiale in lamiera laminata a caldo 2,5~20\u00d7100~300<\/span><br \/>\n<span>Materiale della barra forgiata a caldo \u03a612~400\u00d72500<\/span><br \/>\n<span>Materiale del filo trafilato a freddo \u03a60,025~2,0 \u00d7 L<\/span><br \/>\n<span>materiale dell'asta per trafilatura a freddo \u03a62,0~12 \u00d7 L<\/span><br \/>\n<span>forgiati: personalizzati non standard, tondi forgiati, quadri forgiati, anelli forgiati, lamiere forgiate di grosso spessore<\/span><\/p>\n<p><span>IV. Caratteristiche del materiale 1J50<\/span><\/p>\n<p><span>Ha un'elevata forza di induzione magnetica a saturazione e permeabilit\u00e0 magnetica.<\/span><\/p>\n<p><span>Alta permeabilit\u00e0: la lega 1J50 ha un'alta permeabilit\u00e0 e pu\u00f2 essere utilizzata per produrre componenti magnetici come nuclei magnetici, induttori e sensori.<\/span><\/p>\n<p><span>Elevata forza di induzione magnetica di saturazione: La forza di induzione magnetica di saturazione della lega 1J50 raggiunge 1,56T, rendendola un importante materiale magnetico.<\/span><\/p>\n<p><span>Bassa forza coercitiva: La lega 1J50 ha una bassa forza coercitiva ed \u00e8 facile da magnetizzare e smagnetizzare.<\/span><\/p>\n<p><span>Buone prestazioni di lavorazione: la lega 1J50 \u00e8 facile da lavorare e da modellare e pu\u00f2 essere trasformata in vari pezzi e componenti complessi.<\/span><\/p>\n<p><span>Buona stabilit\u00e0 termica: la lega 1J50 ha una buona stabilit\u00e0 termica e pu\u00f2 mantenere prestazioni stabili in ambienti ad alta temperatura.<\/span><\/p>\n<p><span>5. Campi di applicazione dell'1J50<\/span><\/p>\n<p><span>\u00c8 ampiamente utilizzato nell'industria degli strumenti elettronici, oltre che in vari trasformatori, rel\u00e8, nuclei di frizione elettromagnetica che lavorano in campi magnetici medi, nonch\u00e9 nuclei di ferro, scarponi, diaframmi di cuffie, parti di rel\u00e8 per interruttori di dispersione a terra, valvole a gas, schermi magnetici, giroscopi, motori di sincronizzazione automatica e micromotore di contatori elettronici.<\/span><\/p>\n<p><span>Settore elettronico: la lega 1J50 pu\u00f2 essere utilizzata per produrre componenti elettronici come testine magnetiche, testine di lettura e scrittura, unit\u00e0 disco, ecc.<\/span><\/p>\n<p><span>Settore delle comunicazioni: la lega 1J50 pu\u00f2 essere utilizzata per produrre antenne di alta precisione, amplificatori di segnale, filtri e altri componenti di comunicazione.<\/span><\/p>\n<p><span>Settore aerospaziale: la lega 1J50 pu\u00f2 essere utilizzata per produrre magneti permanenti di alta precisione, sensori, elettrovalvole e altri componenti aerospaziali.<\/span><\/p>\n<p><span>Campo della difesa nazionale: la lega 1J50 pu\u00f2 essere utilizzata per la produzione di radar di alta precisione, apparecchiature di contromisura elettronica e altre apparecchiature della difesa nazionale.<\/span><\/p>","protected":false},"excerpt":{"rendered":"<p>1. Introduction to 1J50 Materials 1J50 is a soft magnetic alloy. High saturation magnetic induction soft magnetic 1J50 iron-nickel alloy [&hellip;]<\/p>","protected":false},"featured_media":622,"template":"","meta":{"site-sidebar-layout":"default","site-content-layout":"","ast-site-content-layout":"default","site-content-style":"default","site-sidebar-style":"default","ast-global-header-display":"","ast-banner-title-visibility":"","ast-main-header-display":"","ast-hfb-above-header-display":"","ast-hfb-below-header-display":"","ast-hfb-mobile-header-display":"","site-post-title":"","ast-breadcrumbs-content":"","ast-featured-img":"","footer-sml-layout":"","theme-transparent-header-meta":"default","adv-header-id-meta":"","stick-header-meta":"","header-above-stick-meta":"","header-main-stick-meta":"","header-below-stick-meta":"","astra-migrate-meta-layouts":"set","ast-page-background-enabled":"default","ast-page-background-meta":{"desktop":{"background-color":"var(--ast-global-color-5)","background-image":"","background-repeat":"repeat","background-position":"center center","background-size":"auto","background-attachment":"scroll","background-type":"","background-media":"","overlay-type":"","overlay-color":"","overlay-opacity":"","overlay-gradient":""},"tablet":{"background-color":"","background-image":"","background-repeat":"repeat","background-position":"center center","background-size":"auto","background-attachment":"scroll","background-type":"","background-media":"","overlay-type":"","overlay-color":"","overlay-opacity":"","overlay-gradient":""},"mobile":{"background-color":"","background-image":"","background-repeat":"repeat","background-position":"center center","background-size":"auto","background-attachment":"scroll","background-type":"","background-media":"","overlay-type":"","overlay-color":"","overlay-opacity":"","overlay-gradient":""}},"ast-content-background-meta":{"desktop":{"background-color":"var(--ast-global-color-4)","background-image":"","background-repeat":"repeat","background-position":"center center","background-size":"auto","background-attachment":"scroll","background-type":"","background-media":"","overlay-type":"","overlay-color":"","overlay-opacity":"","overlay-gradient":""},"tablet":{"background-color":"var(--ast-global-color-4)","background-image":"","background-repeat":"repeat","background-position":"center center","background-size":"auto","background-attachment":"scroll","background-type":"","background-media":"","overlay-type":"","overlay-color":"","overlay-opacity":"","overlay-gradient":""},"mobile":{"background-color":"var(--ast-global-color-4)","background-image":"","background-repeat":"repeat","background-position":"center center","background-size":"auto","background-attachment":"scroll","background-type":"","background-media":"","overlay-type":"","overlay-color":"","overlay-opacity":"","overlay-gradient":""}}},"product_brand":[],"product_cat":[34],"product_tag":[],"class_list":{"0":"post-621","1":"product","2":"type-product","3":"status-publish","4":"has-post-thumbnail","6":"product_cat-precision-alloy","7":"desktop-align-left","8":"tablet-align-left","9":"mobile-align-left","11":"first","12":"instock","13":"shipping-taxable","14":"product-type-simple"},"_links":{"self":[{"href":"https:\/\/www.dura-alloy.com\/it\/wp-json\/wp\/v2\/product\/621","targetHints":{"allow":["GET"]}}],"collection":[{"href":"https:\/\/www.dura-alloy.com\/it\/wp-json\/wp\/v2\/product"}],"about":[{"href":"https:\/\/www.dura-alloy.com\/it\/wp-json\/wp\/v2\/types\/product"}],"version-history":[{"count":0,"href":"https:\/\/www.dura-alloy.com\/it\/wp-json\/wp\/v2\/product\/621\/revisions"}],"wp:featuredmedia":[{"embeddable":true,"href":"https:\/\/www.dura-alloy.com\/it\/wp-json\/wp\/v2\/media\/622"}],"wp:attachment":[{"href":"https:\/\/www.dura-alloy.com\/it\/wp-json\/wp\/v2\/media?parent=621"}],"wp:term":[{"taxonomy":"product_brand","embeddable":true,"href":"https:\/\/www.dura-alloy.com\/it\/wp-json\/wp\/v2\/product_brand?post=621"},{"taxonomy":"product_cat","embeddable":true,"href":"https:\/\/www.dura-alloy.com\/it\/wp-json\/wp\/v2\/product_cat?post=621"},{"taxonomy":"product_tag","embeddable":true,"href":"https:\/\/www.dura-alloy.com\/it\/wp-json\/wp\/v2\/product_tag?post=621"}],"curies":[{"name":"wp","href":"https:\/\/api.w.org\/{rel}","templated":true}]}}