{"id":619,"date":"2025-06-17T01:59:20","date_gmt":"2025-06-17T01:59:20","guid":{"rendered":"https:\/\/dura-alloy.com\/?post_type=product&#038;p=619"},"modified":"2025-06-17T01:59:20","modified_gmt":"2025-06-17T01:59:20","slug":"1j85-permo-alloy","status":"publish","type":"product","link":"https:\/\/www.dura-alloy.com\/it\/prodotto\/1j85-permo-alloy\/","title":{"rendered":"1J85 Lega Permo"},"content":{"rendered":"<p><span>1. Introduzione ai materiali 1J85<\/span><\/p>\n<p><span>1J85 Il metallo a base di nichel \u00e8 una lega magnetica morbida, nota anche come permalloy. Ha una suscettibilit\u00e0 magnetica molto elevata e pu\u00f2 essere magnetizzato in un campo magnetico pi\u00f9 piccolo, ottenendo una maggiore forza di induzione magnetica. Pu\u00f2 anche raggiungere rapidamente la saturazione. \u00c8 un ferromagnete migliore quando la temperatura di Curie \u00e8 inferiore a 400\u2103. La lega 1J85 a base di nichel ha un'elevata permeabilit\u00e0 magnetica iniziale, una forza coercitiva relativamente piccola e un'elevata permeabilit\u00e0 magnetica massima. Risponde in modo molto sensibile ad alcuni segnali deboli e ha un grande potenziale di applicazione nell'industria delle telecomunicazioni e della strumentazione. Allo stesso tempo, la lega 1J85 a base di nichel \u00e8 anche facile da lavorare in un nastro metallico molto sottile, che pu\u00f2 essere utilizzato in induttanze ad alta sensibilit\u00e0, trasformatori audio, amplificatori magnetici veloci, rel\u00e8, scudi magnetici, vari nuclei di ferro, ecc. ed \u00e8 un componente dell'industria della difesa come quella aerospaziale e nucleare.<\/span><\/p>\n<p><span>2. Composizione chimica dell'1J85<\/span><\/p>\n<p><span>Implementare in conformit\u00e0 con gli standard statunitensi, gli standard nazionali e gli standard militari nazionali.<\/span><\/p>\n<p><span>3. 1J85 propriet\u00e0 fisiche<\/span><\/p>\n<p><span>1J85 densit\u00e0: 8,75 g\/cm3<\/span><br \/>\n<span>1J85 punto di fusione: 1395-1425 \u2103<\/span><\/p>\n<p><span>IV. Caratteristiche del materiale 1J85<\/span><\/p>\n<p><span>La lega ferro-nichel 1J85 ad alta saturazione di induzione magnetica morbida \u00e8 una lega di nichel contenente 79-81% con la massima permeabilit\u00e0 magnetica iniziale, la massima permeabilit\u00e0 magnetica e una coercitivit\u00e0 estremamente bassa, sensibile ai segnali deboli. La forza di induzione magnetica satura 1J85 \u00e8 superiore a 0,78T, la permeabilit\u00e0 magnetica iniziale \u00e8 superiore a 30mH\/m, la permeabilit\u00e0 magnetica massima \u00e8 superiore a 115mH\/m e la forza coercitiva \u00e8 inferiore a 2,4A\/m.<\/span><\/p>\n<p><span>Struttura metallografica della 1J85: la lega 1J85 ha una struttura austenitica.<\/span><\/p>\n<p><span>L'acciaio legato austenitico \u00e8 un cristallo, i cui atomi interni sono disposti secondo determinate regole. Esistono generalmente tre metodi di disposizione: la struttura reticolare cubica al centro del corpo e la struttura policristallina che si forma durante il processo di cristallizzazione del metallo.<\/span><\/p>\n<p><span>5. Campi di applicazione dell'1J85<\/span><\/p>\n<p><span>1. Laminazione del nucleo per rel\u00e8 DC, trasformatori e induttanze per apparecchiature elettroniche e di comunicazione<\/span><\/p>\n<p><span>2. Dispositivo di schermatura magnetica, parti o componenti di controllo<\/span><\/p>\n<p><span>3. Industria elettronica, strumenti di precisione, sistemi di controllo remoto e automatico.<\/span><\/p>\n<p><span>Trasformatori ad alta sensibilit\u00e0 e piccola potenza, amplificatori magnetici di piccola potenza, rel\u00e8, induttanze, testine magnetiche per dispositivi di registrazione magnetica, schermi magnetici, vari nuclei avvolti, nuclei tagliati e nuclei laminati utilizzati in campi magnetici deboli.<\/span><\/p>","protected":false},"excerpt":{"rendered":"<p>1. Introduction to 1J85 Materials 1J85 Nickel-based metal is a soft magnetic alloy, also known as permalloy. It has a [&hellip;]<\/p>","protected":false},"featured_media":620,"template":"","meta":{"site-sidebar-layout":"default","site-content-layout":"","ast-site-content-layout":"default","site-content-style":"default","site-sidebar-style":"default","ast-global-header-display":"","ast-banner-title-visibility":"","ast-main-header-display":"","ast-hfb-above-header-display":"","ast-hfb-below-header-display":"","ast-hfb-mobile-header-display":"","site-post-title":"","ast-breadcrumbs-content":"","ast-featured-img":"","footer-sml-layout":"","theme-transparent-header-meta":"default","adv-header-id-meta":"","stick-header-meta":"","header-above-stick-meta":"","header-main-stick-meta":"","header-below-stick-meta":"","astra-migrate-meta-layouts":"set","ast-page-background-enabled":"default","ast-page-background-meta":{"desktop":{"background-color":"var(--ast-global-color-5)","background-image":"","background-repeat":"repeat","background-position":"center center","background-size":"auto","background-attachment":"scroll","background-type":"","background-media":"","overlay-type":"","overlay-color":"","overlay-opacity":"","overlay-gradient":""},"tablet":{"background-color":"","background-image":"","background-repeat":"repeat","background-position":"center center","background-size":"auto","background-attachment":"scroll","background-type":"","background-media":"","overlay-type":"","overlay-color":"","overlay-opacity":"","overlay-gradient":""},"mobile":{"background-color":"","background-image":"","background-repeat":"repeat","background-position":"center center","background-size":"auto","background-attachment":"scroll","background-type":"","background-media":"","overlay-type":"","overlay-color":"","overlay-opacity":"","overlay-gradient":""}},"ast-content-background-meta":{"desktop":{"background-color":"var(--ast-global-color-4)","background-image":"","background-repeat":"repeat","background-position":"center center","background-size":"auto","background-attachment":"scroll","background-type":"","background-media":"","overlay-type":"","overlay-color":"","overlay-opacity":"","overlay-gradient":""},"tablet":{"background-color":"var(--ast-global-color-4)","background-image":"","background-repeat":"repeat","background-position":"center center","background-size":"auto","background-attachment":"scroll","background-type":"","background-media":"","overlay-type":"","overlay-color":"","overlay-opacity":"","overlay-gradient":""},"mobile":{"background-color":"var(--ast-global-color-4)","background-image":"","background-repeat":"repeat","background-position":"center center","background-size":"auto","background-attachment":"scroll","background-type":"","background-media":"","overlay-type":"","overlay-color":"","overlay-opacity":"","overlay-gradient":""}}},"product_brand":[],"product_cat":[34],"product_tag":[],"class_list":{"0":"post-619","1":"product","2":"type-product","3":"status-publish","4":"has-post-thumbnail","6":"product_cat-precision-alloy","7":"desktop-align-left","8":"tablet-align-left","9":"mobile-align-left","11":"first","12":"instock","13":"shipping-taxable","14":"product-type-simple"},"_links":{"self":[{"href":"https:\/\/www.dura-alloy.com\/it\/wp-json\/wp\/v2\/product\/619","targetHints":{"allow":["GET"]}}],"collection":[{"href":"https:\/\/www.dura-alloy.com\/it\/wp-json\/wp\/v2\/product"}],"about":[{"href":"https:\/\/www.dura-alloy.com\/it\/wp-json\/wp\/v2\/types\/product"}],"version-history":[{"count":0,"href":"https:\/\/www.dura-alloy.com\/it\/wp-json\/wp\/v2\/product\/619\/revisions"}],"wp:featuredmedia":[{"embeddable":true,"href":"https:\/\/www.dura-alloy.com\/it\/wp-json\/wp\/v2\/media\/620"}],"wp:attachment":[{"href":"https:\/\/www.dura-alloy.com\/it\/wp-json\/wp\/v2\/media?parent=619"}],"wp:term":[{"taxonomy":"product_brand","embeddable":true,"href":"https:\/\/www.dura-alloy.com\/it\/wp-json\/wp\/v2\/product_brand?post=619"},{"taxonomy":"product_cat","embeddable":true,"href":"https:\/\/www.dura-alloy.com\/it\/wp-json\/wp\/v2\/product_cat?post=619"},{"taxonomy":"product_tag","embeddable":true,"href":"https:\/\/www.dura-alloy.com\/it\/wp-json\/wp\/v2\/product_tag?post=619"}],"curies":[{"name":"wp","href":"https:\/\/api.w.org\/{rel}","templated":true}]}}