{"id":617,"date":"2025-06-17T01:56:57","date_gmt":"2025-06-17T01:56:57","guid":{"rendered":"https:\/\/dura-alloy.com\/?post_type=product&#038;p=617"},"modified":"2025-06-17T01:56:57","modified_gmt":"2025-06-17T01:56:57","slug":"4j32super-invar","status":"publish","type":"product","link":"https:\/\/www.dura-alloy.com\/it\/prodotto\/4j32super-invar\/","title":{"rendered":"4J32(Super-Invar)"},"content":{"rendered":"<p><span>1. Introduzione ai materiali 4J32<\/span><\/p>\n<p><span>La lega 4J32 \u00e8 chiamata anche lega Super-Invar. Nell'intervallo di temperatura di -60-80\u2103, il suo coefficiente di espansione \u00e8 inferiore a quello della lega 4J36, ma la sua stabilit\u00e0 strutturale a bassa temperatura \u00e8 peggiore di quella della lega 4J36. Questa lega \u00e8 utilizzata principalmente per la produzione di parti di strumenti altamente precisi che devono essere dimensionati nell'intervallo di variazione della temperatura ambiente.<\/span><\/p>\n<p><span>2. Norme tecniche per i materiali 4J32<\/span><br \/>\n<span>YB\/T 5241-1993 \"Condizioni tecniche per le leghe a bassa espansione 4J32, 4J36, 4J38 e 4J40\".<\/span><\/p>\n<p><span>I campioni di prova delle prestazioni per il coefficiente di espansione e la stabilit\u00e0 dei tessuti a bassa temperatura specificati nello standard del sistema di trattamento termico 4J32 sono elaborati e trattati termicamente secondo i seguenti metodi: riscaldare il campione semilavorato a 840\u2103\u00b110\u2103, isolarlo per 1 ora, raffreddarlo ad acqua e quindi trasformarlo in un campione finito, isolarlo a 315\u2103\u00b110\u2103 per 1 ora e raffreddarlo con il forno o con l'aria.<\/span><br \/>\n<span>Le specifiche e le condizioni di fornitura delle variet\u00e0 4J32 includono barre, tubi, piastre, seta e nastri.<\/span><br \/>\n<span>Il processo di fusione e colata 4J32 utilizza forni a induzione non sotto vuoto, forni a induzione sotto vuoto e forni ad arco.<\/span><br \/>\n<span>4J32 Panoramica delle applicazioni e requisiti speciali Questa lega \u00e8 una tipica lega a bassa espansione, utilizzata da lungo tempo nelle fabbriche aeronautiche e con prestazioni stabili. Viene utilizzata principalmente per la produzione di componenti di precisione con dimensioni molto accurate nell'intervallo di temperatura ambiente. Durante l'uso, il processo di trattamento termico e di lavorazione deve essere rigorosamente controllato e la stabilit\u00e0 del tessuto deve essere rigorosamente verificata in base alla temperatura di utilizzo.<\/span><\/p>\n<p><span>3. 4J32 propriet\u00e0 fisiche<\/span><\/p>\n<p><span>La temperatura di fusione del 4J32 \u00e8 di 1430~1450\u2103[1,2].<\/span><br \/>\n<span>4J32 conduttivit\u00e0 termica \u03bb=13.9W\/(m-\u2103)[1,2].<\/span><br \/>\n<span>Lo standard per il coefficiente di espansione lineare di 4J32 stabilisce che \u03b11 (20~100\u2103) \u00e8 \u22641,0\u00d710-6\u2103-1[5].<\/span><br \/>\n<span>Come la lega 4J36, anche la lega 4J32 presenta il valore pi\u00f9 alto del coefficiente di espansione lineare quando viene ricotta al di sopra di 850 \u2103. La velocit\u00e0 di raffreddamento pu\u00f2 ridurre il coefficiente di espansione lineare. Per \u03b11 (temperatura ambiente ~ 100\u00b0C), l'estinzione (velocit\u00e0 di raffreddamento rapida) pu\u00f2 essere ridotta di quasi la met\u00e0 rispetto alla ricottura.<\/span><\/p>\n<p><span>4. Sistema di movimentazione speciale 4J32<\/span><\/p>\n<p><span>I campioni di prova delle prestazioni per il coefficiente di espansione e la stabilit\u00e0 dei tessuti a bassa temperatura specificati dallo standard sono lavorati e riscaldati secondo i seguenti metodi: riscaldare il campione semilavorato a 840\u2103\u00b110\u2103, isolarlo per 1 h, raffreddarlo ad acqua e quindi trasformarlo in un campione finito, isolarlo a 315\u2103\u00b110\u2103 per 1 h e raffreddarlo con il forno o con l'aria.<\/span><\/p>\n<p><span>Profilo applicativo 4J32 e requisiti speciali<\/span><\/p>\n<p><span>Questa lega \u00e8 una tipica lega a bassa espansione, utilizzata da molto tempo nelle fabbriche aeronautiche e con prestazioni stabili. Viene utilizzata principalmente per la produzione di componenti di precisione con dimensioni molto accurate nell'intervallo di temperatura ambiente. Durante l'uso, il processo di trattamento termico e di lavorazione deve essere rigorosamente controllato e la stabilit\u00e0 del tessuto deve essere rigorosamente verificata in base alla temperatura di utilizzo.<\/span><\/p>\n<p><span>Struttura in lega 4J32:<\/span><\/p>\n<p><span>Dopo che la lega 4J32 inwa \u00e8 stata trattata secondo il sistema di trattamento termico specificato al punto 1.5 e la velocit\u00e0 di raffreddamento \u00e8 di 2h a -60\u2103, la struttura della martensite non dovrebbe comparire. Tuttavia, se la composizione della lega non \u00e8 corretta, diversi gradi di austenite (\u03b3) subiranno una trasformazione in martensite aciculare (\u03b1) a temperatura ambiente o a bassa temperatura, e il cambiamento di fase sar\u00e0 accompagnato da un effetto di espansione di volume. Il coefficiente di espansione della lega aumenta di conseguenza. Il fattore principale che influenza la stabilit\u00e0 della struttura a bassa temperatura della lega \u00e8 la composizione chimica della lega. Come si evince dal diagramma di fase ternario Fe-Ni-Co, il nichel \u00e8 l'elemento principale della fase gamma stabile. Un elevato contenuto di nichel favorisce la stabilit\u00e0 della fase gamma. Anche il rame \u00e8 un elemento importante per stabilizzare la struttura della lega. Quando il tasso di deformazione totale della lega aumenta, la sua struttura tende ad essere pi\u00f9 stabile. La segregazione della composizione della lega pu\u00f2 anche causare un cambiamento di fase \u03b3\u2192\u03b1 in aree locali. Inoltre, i grani grossi favoriscono la transizione di fase di \u03b3\u2192\u03b1.<\/span><\/p>\n<p><span>Le leghe con prestazioni di saldatura 4J32 possono essere saldate mediante brasatura, saldatura per fusione, saldatura a resistenza e altri metodi. Poich\u00e9 il coefficiente di espansione \u00e8 correlato alla composizione chimica, le variazioni nella composizione della lega devono essere evitate il pi\u00f9 possibile, quindi \u00e8 meglio utilizzare la saldatura ad arco di argon.<\/span><br \/>\n<span>4J32 parti processo di trattamento termico Il trattamento termico pu\u00f2 essere suddiviso in: ricottura di rimozione delle tensioni, ricottura intermedia e trattamento di stabilizzazione.<\/span><br \/>\n<span>(1) Ricottura di eliminazione delle tensioni Per eliminare le tensioni residue dopo la lavorazione meccanica dei pezzi, \u00e8 necessario eseguire una ricottura di eliminazione delle tensioni: 530~550 \u2103, isolamento per 1~2h e raffreddamento del forno.<\/span><br \/>\n<span>(2) La ricottura intermedia serve a eliminare l'indurimento di processo della lega durante la laminazione a freddo, l'imbutitura a freddo e lo stampaggio a freddo per facilitare il proseguimento della lavorazione. Riscaldare il pezzo a 830-880 \u2103, mantenere il calore per 30 minuti e il forno viene raffreddato o raffreddato ad aria.<\/span><br \/>\n<span>(3) Il trattamento di stabilizzazione pu\u00f2 ottenere un coefficiente di espansione inferiore e stabilizzare le prestazioni. Generalmente si utilizza un trattamento in tre fasi.<\/span><br \/>\n<span>a) Omogeneizzazione: Durante il riscaldamento, le impurit\u00e0 della lega sono sufficientemente dissolte e gli elementi di lega tendono ad essere uniformi. Il pezzo viene riscaldato a 830 \u00b0C in atmosfera protettiva, mantenuto a caldo per 20 minuti - 1 ora e raffreddato.<\/span><br \/>\n<span>b) Rinvenimento: Durante il processo di rinvenimento, le sollecitazioni generate dalla tempra possono essere parzialmente eliminate. Riscaldare il pezzo a 315 \u2103, mantenerlo in temperatura per 1-4 ore e raffreddare il forno.<\/span><br \/>\n<span>c) Invecchiamento di stabilizzazione: stabilizza le dimensioni della lega. Il pezzo viene riscaldato a 95 \u2103 e mantenuto in caldo per 48 ore.<\/span><br \/>\n<span>Quando il trattamento ad alta temperatura non \u00e8 adatto, \u00e8 possibile utilizzare il seguente trattamento di rimozione delle tensioni e stabilizzazione: il pezzo viene riscaldato a 315-370 \u2103, 1-4h.<\/span><br \/>\n<span>La lega non pu\u00f2 essere indurita mediante trattamento termico.<\/span><br \/>\n<span>4J32 processo di trattamento superficiale Il trattamento superficiale pu\u00f2 essere sabbiato, lucidato o decapato. La lega pu\u00f2 essere decapata a 70\u00b0C con una soluzione di acido cloridrico 25% per rimuovere le incrostazioni.<\/span><br \/>\n<span>Propriet\u00e0 di taglio e rettifica 4J32 Le caratteristiche di taglio e lavorazione di questa lega sono simili a quelle dell'acciaio inossidabile austenitico. Per la lavorazione si utilizzano utensili da taglio in acciaio ad alta velocit\u00e0 o in metallo duro e per il taglio e la lavorazione a bassa velocit\u00e0. Durante il taglio \u00e8 possibile utilizzare il refrigerante. La lega ha buone prestazioni di rettifica.<\/span><\/p>\n<p><span>5. Campi di applicazione 4J32<\/span><\/p>\n<p><span>La 4J32 \u00e8 una tipica lega a bassa espansione, utilizzata da lungo tempo nelle fabbriche aeronautiche e con prestazioni stabili. Viene utilizzata principalmente per la produzione di componenti di precisione con dimensioni molto accurate nell'intervallo di temperatura ambiente. Durante l'uso, il processo di trattamento termico e di lavorazione deve essere rigorosamente controllato e la stabilit\u00e0 del tessuto deve essere rigorosamente verificata in base alla temperatura di utilizzo.<\/span><\/p>","protected":false},"excerpt":{"rendered":"<p>1. Introduction to 4J32 materials 4J32 alloy is also called Super-Invar alloy. In the temperature range of -60-80\u2103, its expansion [&hellip;]<\/p>","protected":false},"featured_media":618,"template":"","meta":{"site-sidebar-layout":"default","site-content-layout":"","ast-site-content-layout":"default","site-content-style":"default","site-sidebar-style":"default","ast-global-header-display":"","ast-banner-title-visibility":"","ast-main-header-display":"","ast-hfb-above-header-display":"","ast-hfb-below-header-display":"","ast-hfb-mobile-header-display":"","site-post-title":"","ast-breadcrumbs-content":"","ast-featured-img":"","footer-sml-layout":"","theme-transparent-header-meta":"default","adv-header-id-meta":"","stick-header-meta":"","header-above-stick-meta":"","header-main-stick-meta":"","header-below-stick-meta":"","astra-migrate-meta-layouts":"set","ast-page-background-enabled":"default","ast-page-background-meta":{"desktop":{"background-color":"var(--ast-global-color-5)","background-image":"","background-repeat":"repeat","background-position":"center center","background-size":"auto","background-attachment":"scroll","background-type":"","background-media":"","overlay-type":"","overlay-color":"","overlay-opacity":"","overlay-gradient":""},"tablet":{"background-color":"","background-image":"","background-repeat":"repeat","background-position":"center center","background-size":"auto","background-attachment":"scroll","background-type":"","background-media":"","overlay-type":"","overlay-color":"","overlay-opacity":"","overlay-gradient":""},"mobile":{"background-color":"","background-image":"","background-repeat":"repeat","background-position":"center center","background-size":"auto","background-attachment":"scroll","background-type":"","background-media":"","overlay-type":"","overlay-color":"","overlay-opacity":"","overlay-gradient":""}},"ast-content-background-meta":{"desktop":{"background-color":"var(--ast-global-color-4)","background-image":"","background-repeat":"repeat","background-position":"center center","background-size":"auto","background-attachment":"scroll","background-type":"","background-media":"","overlay-type":"","overlay-color":"","overlay-opacity":"","overlay-gradient":""},"tablet":{"background-color":"var(--ast-global-color-4)","background-image":"","background-repeat":"repeat","background-position":"center center","background-size":"auto","background-attachment":"scroll","background-type":"","background-media":"","overlay-type":"","overlay-color":"","overlay-opacity":"","overlay-gradient":""},"mobile":{"background-color":"var(--ast-global-color-4)","background-image":"","background-repeat":"repeat","background-position":"center center","background-size":"auto","background-attachment":"scroll","background-type":"","background-media":"","overlay-type":"","overlay-color":"","overlay-opacity":"","overlay-gradient":""}}},"product_brand":[],"product_cat":[34],"product_tag":[],"class_list":{"0":"post-617","1":"product","2":"type-product","3":"status-publish","4":"has-post-thumbnail","6":"product_cat-precision-alloy","7":"desktop-align-left","8":"tablet-align-left","9":"mobile-align-left","11":"first","12":"instock","13":"shipping-taxable","14":"product-type-simple"},"_links":{"self":[{"href":"https:\/\/www.dura-alloy.com\/it\/wp-json\/wp\/v2\/product\/617","targetHints":{"allow":["GET"]}}],"collection":[{"href":"https:\/\/www.dura-alloy.com\/it\/wp-json\/wp\/v2\/product"}],"about":[{"href":"https:\/\/www.dura-alloy.com\/it\/wp-json\/wp\/v2\/types\/product"}],"version-history":[{"count":0,"href":"https:\/\/www.dura-alloy.com\/it\/wp-json\/wp\/v2\/product\/617\/revisions"}],"wp:featuredmedia":[{"embeddable":true,"href":"https:\/\/www.dura-alloy.com\/it\/wp-json\/wp\/v2\/media\/618"}],"wp:attachment":[{"href":"https:\/\/www.dura-alloy.com\/it\/wp-json\/wp\/v2\/media?parent=617"}],"wp:term":[{"taxonomy":"product_brand","embeddable":true,"href":"https:\/\/www.dura-alloy.com\/it\/wp-json\/wp\/v2\/product_brand?post=617"},{"taxonomy":"product_cat","embeddable":true,"href":"https:\/\/www.dura-alloy.com\/it\/wp-json\/wp\/v2\/product_cat?post=617"},{"taxonomy":"product_tag","embeddable":true,"href":"https:\/\/www.dura-alloy.com\/it\/wp-json\/wp\/v2\/product_tag?post=617"}],"curies":[{"name":"wp","href":"https:\/\/api.w.org\/{rel}","templated":true}]}}