{"id":613,"date":"2025-06-17T01:51:41","date_gmt":"2025-06-17T01:51:41","guid":{"rendered":"https:\/\/dura-alloy.com\/?post_type=product&#038;p=613"},"modified":"2025-06-17T01:51:57","modified_gmt":"2025-06-17T01:51:57","slug":"4j29-kovar-alloy","status":"publish","type":"product","link":"https:\/\/www.dura-alloy.com\/it\/prodotto\/4j29-kovar-alloy\/","title":{"rendered":"4J29 Lega di Kovar"},"content":{"rendered":"<p><strong>1. Introduzione ai materiali 4J29<\/strong><\/p>\n<p>La lega 4J29 \u00e8 chiamata anche lega Kovar. La lega ha un coefficiente di espansione lineare simile a quello del vetro duro borosilicato a 20-450\u00b0C, un elevato punto di Curie e una buona stabilit\u00e0 dei tessuti a bassa temperatura. Il film di ossido della lega \u00e8 denso e pu\u00f2 essere ben imbevuto di vetro. Non lavora con il mercurio ed \u00e8 adatta all'uso in strumenti a scarica di mercurio. \u00c8 il principale materiale strutturale di tenuta dei dispositivi elettrici a vuoto.<br \/>\nNorme tecniche per i materiali 4J29 YB\/T 5231-1993 \"Condizioni tecniche per le leghe di ferro-nichel-cobalto-sigillo 4J29 e 4J44\".<br \/>\n4J29 gradi corrispondenti: Russia 29H\u041a, 29H\u041a-B\u0418, Stati Uniti Kovar, Rodar Techallony Glasseal 29-17, Germania Vacon 12<\/p>\n<p><strong>2. Composizione chimica di 4J29<\/strong><\/p>\n<p>Implementare rigorosamente i requisiti degli Stati Uniti o degli standard nazionali.<\/p>\n<p><strong>3. 4J29 propriet\u00e0 fisiche<\/strong><\/p>\n<p>4J29 densit\u00e0 8,5<br \/>\n4J29 resistivit\u00e0 \u03c1=0.48\u03bc\u03a9-m[1,5].<br \/>\n4J29 Punto di Curie Tc=430\u2103[1,5].<br \/>\nLe propriet\u00e0 magnetiche della lega 4J29 sono a 4000A\/m, la forza di induzione magnetica residua Br=0,98T e la forza coercitiva Hc=68,8A\/m[1,2].<br \/>\n4J29 modulo elastico E=138GPa.<\/p>\n<p><strong>4. 4J29 organizzazione e metodo di fusione<\/strong><\/p>\n<p>1) Dopo che la struttura e la struttura della lega 4J29 \u00e8 stata trattata secondo il sistema di trattamento termico specificato in 1.5, viene congelata a -78,5\u2103. La struttura della martensite non dovrebbe apparire se \u00e8 maggiore o uguale a 4 ore. Tuttavia, se la composizione della lega non \u00e8 corretta, diversi gradi di austenite (\u03b3) subiranno una trasformazione in martensite aciculare (\u03b1) a temperatura ambiente o a bassa temperatura, e il cambiamento di fase sar\u00e0 accompagnato da un effetto di espansione di volume. Il coefficiente di espansione della lega aumenta di conseguenza, causando un forte aumento delle sollecitazioni interne dell'elemento di tenuta e persino un parziale danneggiamento. Il fattore principale che influenza la stabilit\u00e0 della struttura a bassa temperatura della lega \u00e8 la composizione chimica della lega. Dal diagramma di fase ternario Fe-Ni-Co si evince che il nichel \u00e8 l'elemento principale della fase gamma stabile e un elevato contenuto di nichel favorisce la stabilit\u00e0 della fase gamma. Con l'aumento del tasso di deformazione totale della lega, la sua struttura tende ad essere pi\u00f9 stabile. La segregazione della composizione della lega pu\u00f2 anche causare un cambiamento di fase \u03b3\u2192\u03b1 in aree locali. Inoltre, i grani grossi favoriscono la transizione di fase di \u03b3\u2192\u03b1.<br \/>\n2) Lo standard di granulometria 4J29 stabilisce che la granulometria dei nastri trafilati non deve essere inferiore al livello 7 e che i grani inferiori al livello 7 non devono superare le 10% dell'area. Quando si stima la granulometria media del nastro con uno spessore inferiore a 0,13 mm, il numero di grani non deve essere inferiore a 8 lungo la direzione dello spessore del nastro.<br \/>\n3) Il processo di fusione e colata del 4J29 viene fuso utilizzando un forno a induzione non sotto vuoto, un forno a induzione sotto vuoto o un forno ad arco.<br \/>\n4J29 Panoramica delle applicazioni e requisiti speciali Questa lega \u00e8 una tipica lega Fe-Ni-Co per guarnizioni di vetro duro, versatile a livello internazionale. Dopo l'utilizzo a lungo termine da parte delle industrie aeronautiche, le prestazioni sono stabili. Viene utilizzata principalmente per la sigillatura del vetro di componenti elettrici sotto vuoto come tubi di emissione, tubi di oscillazione, tubi di accensione, magnetron, transistor, tappi di tenuta, rel\u00e8, fili conduttori di circuiti integrati, telai, alloggiamenti, staffe, ecc. Nelle applicazioni, il vetro selezionato deve corrispondere al coefficiente di espansione della lega. Verificare rigorosamente la stabilit\u00e0 del tessuto a bassa temperatura in base alla temperatura di utilizzo. Durante la lavorazione \u00e8 necessario effettuare un trattamento termico appropriato per garantire che il materiale abbia buone propriet\u00e0 di estensione in profondit\u00e0. Quando si utilizzano materiali di forgiatura, \u00e8 necessario controllare rigorosamente l'ermeticit\u00e0.<\/p>\n<p><strong>5. Campi di applicazione 4J29<\/strong><\/p>\n<p>1. Adatto all'uso in strumenti a scarica di mercurio.<br \/>\n2. Principali materiali strutturali di tenuta utilizzati nei dispositivi elettrici sottovuoto.<\/p>","protected":false},"excerpt":{"rendered":"<p>1. Introduction to 4J29 materials 4J29 alloy is also called Kovar alloy. The alloy has a linear expansion coefficient similar [&hellip;]<\/p>","protected":false},"featured_media":614,"template":"","meta":{"site-sidebar-layout":"default","site-content-layout":"","ast-site-content-layout":"default","site-content-style":"default","site-sidebar-style":"default","ast-global-header-display":"","ast-banner-title-visibility":"","ast-main-header-display":"","ast-hfb-above-header-display":"","ast-hfb-below-header-display":"","ast-hfb-mobile-header-display":"","site-post-title":"","ast-breadcrumbs-content":"","ast-featured-img":"","footer-sml-layout":"","theme-transparent-header-meta":"default","adv-header-id-meta":"","stick-header-meta":"","header-above-stick-meta":"","header-main-stick-meta":"","header-below-stick-meta":"","astra-migrate-meta-layouts":"set","ast-page-background-enabled":"default","ast-page-background-meta":{"desktop":{"background-color":"var(--ast-global-color-5)","background-image":"","background-repeat":"repeat","background-position":"center center","background-size":"auto","background-attachment":"scroll","background-type":"","background-media":"","overlay-type":"","overlay-color":"","overlay-opacity":"","overlay-gradient":""},"tablet":{"background-color":"","background-image":"","background-repeat":"repeat","background-position":"center center","background-size":"auto","background-attachment":"scroll","background-type":"","background-media":"","overlay-type":"","overlay-color":"","overlay-opacity":"","overlay-gradient":""},"mobile":{"background-color":"","background-image":"","background-repeat":"repeat","background-position":"center center","background-size":"auto","background-attachment":"scroll","background-type":"","background-media":"","overlay-type":"","overlay-color":"","overlay-opacity":"","overlay-gradient":""}},"ast-content-background-meta":{"desktop":{"background-color":"var(--ast-global-color-4)","background-image":"","background-repeat":"repeat","background-position":"center center","background-size":"auto","background-attachment":"scroll","background-type":"","background-media":"","overlay-type":"","overlay-color":"","overlay-opacity":"","overlay-gradient":""},"tablet":{"background-color":"var(--ast-global-color-4)","background-image":"","background-repeat":"repeat","background-position":"center center","background-size":"auto","background-attachment":"scroll","background-type":"","background-media":"","overlay-type":"","overlay-color":"","overlay-opacity":"","overlay-gradient":""},"mobile":{"background-color":"var(--ast-global-color-4)","background-image":"","background-repeat":"repeat","background-position":"center center","background-size":"auto","background-attachment":"scroll","background-type":"","background-media":"","overlay-type":"","overlay-color":"","overlay-opacity":"","overlay-gradient":""}}},"product_brand":[],"product_cat":[34],"product_tag":[],"class_list":{"0":"post-613","1":"product","2":"type-product","3":"status-publish","4":"has-post-thumbnail","6":"product_cat-precision-alloy","7":"desktop-align-left","8":"tablet-align-left","9":"mobile-align-left","11":"first","12":"instock","13":"shipping-taxable","14":"product-type-simple"},"_links":{"self":[{"href":"https:\/\/www.dura-alloy.com\/it\/wp-json\/wp\/v2\/product\/613","targetHints":{"allow":["GET"]}}],"collection":[{"href":"https:\/\/www.dura-alloy.com\/it\/wp-json\/wp\/v2\/product"}],"about":[{"href":"https:\/\/www.dura-alloy.com\/it\/wp-json\/wp\/v2\/types\/product"}],"version-history":[{"count":0,"href":"https:\/\/www.dura-alloy.com\/it\/wp-json\/wp\/v2\/product\/613\/revisions"}],"wp:featuredmedia":[{"embeddable":true,"href":"https:\/\/www.dura-alloy.com\/it\/wp-json\/wp\/v2\/media\/614"}],"wp:attachment":[{"href":"https:\/\/www.dura-alloy.com\/it\/wp-json\/wp\/v2\/media?parent=613"}],"wp:term":[{"taxonomy":"product_brand","embeddable":true,"href":"https:\/\/www.dura-alloy.com\/it\/wp-json\/wp\/v2\/product_brand?post=613"},{"taxonomy":"product_cat","embeddable":true,"href":"https:\/\/www.dura-alloy.com\/it\/wp-json\/wp\/v2\/product_cat?post=613"},{"taxonomy":"product_tag","embeddable":true,"href":"https:\/\/www.dura-alloy.com\/it\/wp-json\/wp\/v2\/product_tag?post=613"}],"curies":[{"name":"wp","href":"https:\/\/api.w.org\/{rel}","templated":true}]}}