{"id":605,"date":"2025-06-17T01:23:57","date_gmt":"2025-06-17T01:23:57","guid":{"rendered":"https:\/\/dura-alloy.com\/?post_type=product&#038;p=605"},"modified":"2025-06-17T01:23:57","modified_gmt":"2025-06-17T01:23:57","slug":"07cr17ni7al","status":"publish","type":"product","link":"https:\/\/www.dura-alloy.com\/it\/prodotto\/07cr17ni7al\/","title":{"rendered":"07Cr17Ni7Al"},"content":{"rendered":"<p style=\"text-align: center;\"><strong><span>Ambito di fornitura del Gruppo Aviation:<\/span><\/strong><\/p>\n<p style=\"text-align: center;\"><strong><span>Forgiati non standard, barre tonde, lamiere d'acciaio, anelli, tubi senza saldatura<\/span><\/strong><strong>\u00a0<\/strong><\/p>\n<p><strong><span>1.\u00a0<\/span><\/strong><strong><span>Introduzione ai materiali 0Cr17Ni7Al<\/span><\/strong><\/p>\n<p><span>07Cr17Ni7Al \u00e8 un acciaio inossidabile indurito per precipitazione austenite-martensite sviluppato sulla base di 18-8CrNi, noto anche come acciaio inossidabile a cambiamento di fase controllato.<\/span><\/p>\n<p><span>Lo 07Cr17Ni7Al \u00e8 anche un acciaio inossidabile a tempra diffusa, con elevata resistenza e durezza, resistenza alla fatica, buona resistenza alla corrosione e alla forgiatura, e raramente si deforma se esposto ad alte temperature. Questo acciaio ha buone prestazioni ed \u00e8 particolarmente adatto al settore aeronautico e aerospaziale. Questa lega speciale \u00e8 adatta anche ad altri settori con requisiti di alta resistenza e resistenza alla corrosione. A temperature elevate, fino a 316\u00b0C, le prestazioni della molla sono ancora buone. La 07CR17NI7AL \u00e8 utilizzata nell'industria aerospaziale, chimica, petrolchimica, cartaria e della lavorazione dei metalli.<\/span><\/p>\n<ol start=\"2\">\n<li><strong><span>Ingredienti chimici<\/span><\/strong><\/li>\n<\/ol>\n<table border=\"-\">\n<tbody>\n<tr>\n<td width=\"49\"><span>lega<\/span><\/td>\n<td width=\"47\">C<\/td>\n<td width=\"40\">Mn<\/td>\n<td width=\"37\"><span>E<\/span><\/td>\n<td width=\"39\">P<\/td>\n<td width=\"47\">S<\/td>\n<td width=\"59\">Cr<\/td>\n<td width=\"53\"><span>In<\/span><\/td>\n<td width=\"53\">Al<\/td>\n<\/tr>\n<tr>\n<td rowspan=\"2\" width=\"49\"><span>07Cr17Ni7Al<\/span><\/td>\n<td width=\"47\">&#8211;<\/td>\n<td width=\"40\"><span>&#8211;<\/span><\/td>\n<td width=\"37\"><span>&#8211;<\/span><\/td>\n<td width=\"39\"><span>&#8211;<\/span><\/td>\n<td width=\"47\"><span>&#8211;<\/span><\/td>\n<td width=\"59\">16.0<\/td>\n<td width=\"53\">6.50<\/td>\n<td width=\"53\">0.75<\/td>\n<\/tr>\n<tr>\n<td width=\"47\">0.09<\/td>\n<td width=\"40\">1.0<\/td>\n<td width=\"37\"><span>1.0<\/span><\/td>\n<td width=\"39\">0.040<\/td>\n<td width=\"47\">0.030<\/td>\n<td width=\"59\">18.0<\/td>\n<td width=\"53\">7.75<\/td>\n<td width=\"53\">1.5<\/td>\n<\/tr>\n<\/tbody>\n<\/table>\n<ol start=\"3\">\n<li><strong><span>Propriet\u00e0 fisiche<\/span><\/strong><\/li>\n<\/ol>\n<table border=\"-\">\n<tbody>\n<tr>\n<td width=\"122\"><span>densit\u00e0<\/span><\/td>\n<td width=\"131\">7,65g\/cm3<\/td>\n<\/tr>\n<tr>\n<td width=\"122\"><span>Punto di fusione<\/span><\/td>\n<td width=\"131\">1415-1450\u2103<\/td>\n<\/tr>\n<\/tbody>\n<\/table>\n<p><strong><span>Propriet\u00e0 meccaniche di 07CR17NI7AL\u00a0<\/span><\/strong><strong><span>lega a temperatura ambiente<\/span><\/strong><\/p>\n<table border=\"-\">\n<tbody>\n<tr>\n<td width=\"177\"><span>Lega Jubao<\/span><\/td>\n<td width=\"98\"><span>Resistenza alla trazione<\/span><br \/>\n<span>Rm N\/mm2<\/span><\/td>\n<td width=\"110\"><span>Resistenza allo snervamento<\/span><br \/>\n<span>RP0,2N\/mm2<\/span><\/td>\n<td width=\"58\"><span>Allungamento<\/span><br \/>\n<span>A5 %<\/span><\/td>\n<td width=\"78\"><span>Durezza Brinell\u00a0<\/span><br \/>\n<span>HB<\/span><\/td>\n<\/tr>\n<tr>\n<td width=\"177\"><span>Fusione solida 1000~1100\u2103 Raffreddamento rapido<\/span><\/td>\n<td width=\"98\">\u22641030<\/td>\n<td width=\"110\">\u2264380<\/td>\n<td width=\"58\">\u226520<\/td>\n<td width=\"78\">\u2264229<\/td>\n<\/tr>\n<tr>\n<td width=\"177\"><span>565\u2103 invecchiamento<\/span><\/td>\n<td width=\"98\">\u22651140<\/td>\n<td width=\"110\">\u2265960<\/td>\n<td width=\"58\">\u22655<\/td>\n<td width=\"78\">\u2265363<\/td>\n<\/tr>\n<tr>\n<td width=\"177\"><span>510\u2103 invecchiamento<\/span><\/td>\n<td width=\"98\">\u22651230<\/td>\n<td width=\"110\">\u22651030<\/td>\n<td width=\"58\">\u22654<\/td>\n<td width=\"78\">\u2265388<\/td>\n<\/tr>\n<\/tbody>\n<\/table>\n<p>&nbsp;<\/p>\n<ol start=\"4\">\n<li><strong><span>Propriet\u00e0 del materiale<\/span><\/strong><\/li>\n<\/ol>\n<p><strong><span>07Cr17Ni7Al<\/span><\/strong><span>\u00a0\u00e8 un acciaio inossidabile temprato con elevata resistenza e durezza, resistenza alla fatica, buona resistenza alla corrosione e alla forgiatura. Dopo il trattamento in soluzione solida, si tratta di una struttura di austenite instabile con buona tenacit\u00e0 plastica e lavorabilit\u00e0. Dopo la regolazione, la precipitazione dell'austenite cambia la composizione del carburo di fenolo. Dopo il trattamento di trasformazione della martensite, la maggior parte delle strutture si trasforma in martensite temperata a basso tenore di carbonio con buona tenacit\u00e0. Questo stato \u00e8 lo stato d'uso dell'acciaio e ha buone propriet\u00e0 meccaniche a media temperatura. La resistenza alla corrosione \u00e8 migliore rispetto agli acciai inossidabili martensitici in generale.<\/span><\/p>\n<ol start=\"5\">\n<li><strong><span>Aree di applicazione<\/span><\/strong><\/li>\n<\/ol>\n<p><span>Utilizzato nei settori aerospaziale, chimico, petrolchimico, cartario e della lavorazione dei metalli.<\/span><\/p>","protected":false},"excerpt":{"rendered":"<p>Scope of supply of Aviation Group: Non-standard forgings, round rods, steel plates, rings, seamless pipes\u00a0 1.\u00a0Introduction to 0Cr17Ni7Al Materials 07Cr17Ni7Al [&hellip;]<\/p>","protected":false},"featured_media":606,"template":"","meta":{"site-sidebar-layout":"default","site-content-layout":"","ast-site-content-layout":"default","site-content-style":"default","site-sidebar-style":"default","ast-global-header-display":"","ast-banner-title-visibility":"","ast-main-header-display":"","ast-hfb-above-header-display":"","ast-hfb-below-header-display":"","ast-hfb-mobile-header-display":"","site-post-title":"","ast-breadcrumbs-content":"","ast-featured-img":"","footer-sml-layout":"","theme-transparent-header-meta":"default","adv-header-id-meta":"","stick-header-meta":"","header-above-stick-meta":"","header-main-stick-meta":"","header-below-stick-meta":"","astra-migrate-meta-layouts":"set","ast-page-background-enabled":"default","ast-page-background-meta":{"desktop":{"background-color":"var(--ast-global-color-5)","background-image":"","background-repeat":"repeat","background-position":"center center","background-size":"auto","background-attachment":"scroll","background-type":"","background-media":"","overlay-type":"","overlay-color":"","overlay-opacity":"","overlay-gradient":""},"tablet":{"background-color":"","background-image":"","background-repeat":"repeat","background-position":"center center","background-size":"auto","background-attachment":"scroll","background-type":"","background-media":"","overlay-type":"","overlay-color":"","overlay-opacity":"","overlay-gradient":""},"mobile":{"background-color":"","background-image":"","background-repeat":"repeat","background-position":"center center","background-size":"auto","background-attachment":"scroll","background-type":"","background-media":"","overlay-type":"","overlay-color":"","overlay-opacity":"","overlay-gradient":""}},"ast-content-background-meta":{"desktop":{"background-color":"var(--ast-global-color-4)","background-image":"","background-repeat":"repeat","background-position":"center center","background-size":"auto","background-attachment":"scroll","background-type":"","background-media":"","overlay-type":"","overlay-color":"","overlay-opacity":"","overlay-gradient":""},"tablet":{"background-color":"var(--ast-global-color-4)","background-image":"","background-repeat":"repeat","background-position":"center center","background-size":"auto","background-attachment":"scroll","background-type":"","background-media":"","overlay-type":"","overlay-color":"","overlay-opacity":"","overlay-gradient":""},"mobile":{"background-color":"var(--ast-global-color-4)","background-image":"","background-repeat":"repeat","background-position":"center center","background-size":"auto","background-attachment":"scroll","background-type":"","background-media":"","overlay-type":"","overlay-color":"","overlay-opacity":"","overlay-gradient":""}}},"product_brand":[],"product_cat":[33],"product_tag":[],"class_list":{"0":"post-605","1":"product","2":"type-product","3":"status-publish","4":"has-post-thumbnail","6":"product_cat-precipitation-hardening-stainless-steel","7":"desktop-align-left","8":"tablet-align-left","9":"mobile-align-left","11":"first","12":"instock","13":"shipping-taxable","14":"product-type-simple"},"_links":{"self":[{"href":"https:\/\/www.dura-alloy.com\/it\/wp-json\/wp\/v2\/product\/605","targetHints":{"allow":["GET"]}}],"collection":[{"href":"https:\/\/www.dura-alloy.com\/it\/wp-json\/wp\/v2\/product"}],"about":[{"href":"https:\/\/www.dura-alloy.com\/it\/wp-json\/wp\/v2\/types\/product"}],"version-history":[{"count":0,"href":"https:\/\/www.dura-alloy.com\/it\/wp-json\/wp\/v2\/product\/605\/revisions"}],"wp:featuredmedia":[{"embeddable":true,"href":"https:\/\/www.dura-alloy.com\/it\/wp-json\/wp\/v2\/media\/606"}],"wp:attachment":[{"href":"https:\/\/www.dura-alloy.com\/it\/wp-json\/wp\/v2\/media?parent=605"}],"wp:term":[{"taxonomy":"product_brand","embeddable":true,"href":"https:\/\/www.dura-alloy.com\/it\/wp-json\/wp\/v2\/product_brand?post=605"},{"taxonomy":"product_cat","embeddable":true,"href":"https:\/\/www.dura-alloy.com\/it\/wp-json\/wp\/v2\/product_cat?post=605"},{"taxonomy":"product_tag","embeddable":true,"href":"https:\/\/www.dura-alloy.com\/it\/wp-json\/wp\/v2\/product_tag?post=605"}],"curies":[{"name":"wp","href":"https:\/\/api.w.org\/{rel}","templated":true}]}}