{"id":584,"date":"2025-06-16T09:08:01","date_gmt":"2025-06-16T09:08:01","guid":{"rendered":"https:\/\/dura-alloy.com\/?post_type=product&#038;p=584"},"modified":"2025-06-16T09:08:01","modified_gmt":"2025-06-16T09:08:01","slug":"6542-high-speed-steel","status":"publish","type":"product","link":"https:\/\/www.dura-alloy.com\/it\/prodotto\/6542-high-speed-steel\/","title":{"rendered":"6542 acciaio ad alta velocit\u00e0"},"content":{"rendered":"<p><strong><span>Ambito di fornitura del Gruppo Aviation:<\/span><\/strong><\/p>\n<p><strong><span>Barre tonde, piastre d'acciaio, pezzi fucinati non standard, anelli, ecc., non esitate a chiedere informazioni!<\/span><\/strong><\/p>\n<p><strong><span>1.\u00a0<\/span><\/strong><strong><span>Introduzione ai materiali 6542<\/span><\/strong><\/p>\n<p><span>\u00a0 \u00a0 \u00a0 Il 6542 \u00e8 un grado di acciaio ad alta velocit\u00e0 ed \u00e8 un numero di acciaio rappresentativo di uno degli acciai ad alta velocit\u00e0 di uso generale nel sistema di tungsteno e molibdeno. La sua tenacit\u00e0 e resistenza all'usura sono migliori rispetto al W18Cr4V, mentre la sua durezza, la durezza rossa e la durezza ad alta temperatura sono comparabili.<\/span><\/p>\n<p><strong><span>2, 6542\u00a0<\/span><\/strong><strong><span>Ingredienti chimici<\/span><\/strong><\/p>\n<p><span>Carbonio C: 0,80\uff5e0,90 (deviazione consentita: \u00b10,01)<\/span><\/p>\n<p><span>Silicio Si: 0,20\uff5e0,45 (deviazione ammessa: \u00b10,05) Manganese Mn: 0,15\uff5e0,40 (deviazione ammessa: +0,04) Zolfo S: \u22640,030<\/span><\/p>\n<p><span>Fosforo P: \u22640,030<\/span><\/p>\n<p><span>Cromo Cr: 3,80\uff5e4,40 (deviazione consentita: \u00b10,05)<\/span><\/p>\n<p><span>Nichel Ni: Contenuto residuo ammissibile \u22640,30<\/span><\/p>\n<p><span>Rame Cu: Contenuto residuo ammissibile \u22640,25<\/span><\/p>\n<p><span>Vanadio V: 1,75\uff5e2,20 (deviazione consentita: \u00b10,05)<\/span><\/p>\n<p><span>Molibdeno Mo: 4,50\uff5e5,50 (deviazione consentita: dimensione \u22646, \u00b10,05; dimensione &gt;6, \u00b10,10)<\/span><\/p>\n<p><span>Tungsteno W: 5,50\uff5e6,75 (deviazione consentita: dimensione \u226410, \u00b10,10; dimensione &gt;10, \u00b10,20)<\/span><\/p>\n<p><span>Nota: in base all'accordo tra le parti della domanda e dell'offerta, il contenuto di V pu\u00f2 essere compreso tra 1,60 e 2,20.<\/span><\/p>\n<p><strong><span>3. 6542 Propriet\u00e0 fisiche<\/span><\/strong><\/p>\n<p><span>\u00a0 \u00a0 \u00a0 Durezza: Durezza alla consegna: (altri metodi di lavorazione) \u2264262HB; (ricottura) \u2264255HB.<\/span><\/p>\n<p><span>\u00a0 \u00a0 \u00a0 Il sistema di trattamento termico del campione e la durezza di tempra: \u226563HRC (forno a box), \u226564HRC (forno a bagno di sale) Specifiche del trattamento termico: tempra, preriscaldamento a 730-840\u2103, 1210-1230\u2103 (forno a bagno di sale) o 1210-1230\u2103 (forno a box), raffreddamento a olio, 540-560\u2103 temperato due volte, ogni volta per 2 ore.<\/span><\/p>\n<p><strong><span>IV. 6542 campi di applicazione<\/span><\/strong><\/p>\n<p><span>\u00a0 \u00a0 \u00a0 Pu\u00f2 essere utilizzato per produrre vari utensili con elevata forza d'urto, utensili generali di grandi dimensioni e utensili termoplastici, nonch\u00e9 parti soggette a usura con carichi elevati, stampi per lavorazioni a freddo, ecc.<\/span><\/p>","protected":false},"excerpt":{"rendered":"<p>Scope of supply of Aviation Group: Round rods, steel plates, non-standard forgings, rings, etc., welcome to inquire! 1.\u00a0Introduction to 6542 [&hellip;]<\/p>","protected":false},"featured_media":585,"template":"","meta":{"site-sidebar-layout":"default","site-content-layout":"","ast-site-content-layout":"default","site-content-style":"default","site-sidebar-style":"default","ast-global-header-display":"","ast-banner-title-visibility":"","ast-main-header-display":"","ast-hfb-above-header-display":"","ast-hfb-below-header-display":"","ast-hfb-mobile-header-display":"","site-post-title":"","ast-breadcrumbs-content":"","ast-featured-img":"","footer-sml-layout":"","theme-transparent-header-meta":"default","adv-header-id-meta":"","stick-header-meta":"","header-above-stick-meta":"","header-main-stick-meta":"","header-below-stick-meta":"","astra-migrate-meta-layouts":"set","ast-page-background-enabled":"default","ast-page-background-meta":{"desktop":{"background-color":"var(--ast-global-color-5)","background-image":"","background-repeat":"repeat","background-position":"center center","background-size":"auto","background-attachment":"scroll","background-type":"","background-media":"","overlay-type":"","overlay-color":"","overlay-opacity":"","overlay-gradient":""},"tablet":{"background-color":"","background-image":"","background-repeat":"repeat","background-position":"center center","background-size":"auto","background-attachment":"scroll","background-type":"","background-media":"","overlay-type":"","overlay-color":"","overlay-opacity":"","overlay-gradient":""},"mobile":{"background-color":"","background-image":"","background-repeat":"repeat","background-position":"center center","background-size":"auto","background-attachment":"scroll","background-type":"","background-media":"","overlay-type":"","overlay-color":"","overlay-opacity":"","overlay-gradient":""}},"ast-content-background-meta":{"desktop":{"background-color":"var(--ast-global-color-4)","background-image":"","background-repeat":"repeat","background-position":"center center","background-size":"auto","background-attachment":"scroll","background-type":"","background-media":"","overlay-type":"","overlay-color":"","overlay-opacity":"","overlay-gradient":""},"tablet":{"background-color":"var(--ast-global-color-4)","background-image":"","background-repeat":"repeat","background-position":"center center","background-size":"auto","background-attachment":"scroll","background-type":"","background-media":"","overlay-type":"","overlay-color":"","overlay-opacity":"","overlay-gradient":""},"mobile":{"background-color":"var(--ast-global-color-4)","background-image":"","background-repeat":"repeat","background-position":"center center","background-size":"auto","background-attachment":"scroll","background-type":"","background-media":"","overlay-type":"","overlay-color":"","overlay-opacity":"","overlay-gradient":""}}},"product_brand":[],"product_cat":[32],"product_tag":[],"class_list":{"0":"post-584","1":"product","2":"type-product","3":"status-publish","4":"has-post-thumbnail","6":"product_cat-alloy-structural-steel","7":"desktop-align-left","8":"tablet-align-left","9":"mobile-align-left","11":"first","12":"instock","13":"shipping-taxable","14":"product-type-simple"},"_links":{"self":[{"href":"https:\/\/www.dura-alloy.com\/it\/wp-json\/wp\/v2\/product\/584","targetHints":{"allow":["GET"]}}],"collection":[{"href":"https:\/\/www.dura-alloy.com\/it\/wp-json\/wp\/v2\/product"}],"about":[{"href":"https:\/\/www.dura-alloy.com\/it\/wp-json\/wp\/v2\/types\/product"}],"version-history":[{"count":0,"href":"https:\/\/www.dura-alloy.com\/it\/wp-json\/wp\/v2\/product\/584\/revisions"}],"wp:featuredmedia":[{"embeddable":true,"href":"https:\/\/www.dura-alloy.com\/it\/wp-json\/wp\/v2\/media\/585"}],"wp:attachment":[{"href":"https:\/\/www.dura-alloy.com\/it\/wp-json\/wp\/v2\/media?parent=584"}],"wp:term":[{"taxonomy":"product_brand","embeddable":true,"href":"https:\/\/www.dura-alloy.com\/it\/wp-json\/wp\/v2\/product_brand?post=584"},{"taxonomy":"product_cat","embeddable":true,"href":"https:\/\/www.dura-alloy.com\/it\/wp-json\/wp\/v2\/product_cat?post=584"},{"taxonomy":"product_tag","embeddable":true,"href":"https:\/\/www.dura-alloy.com\/it\/wp-json\/wp\/v2\/product_tag?post=584"}],"curies":[{"name":"wp","href":"https:\/\/api.w.org\/{rel}","templated":true}]}}