{"id":580,"date":"2025-06-16T09:04:57","date_gmt":"2025-06-16T09:04:57","guid":{"rendered":"https:\/\/dura-alloy.com\/?post_type=product&#038;p=580"},"modified":"2025-06-16T09:04:57","modified_gmt":"2025-06-16T09:04:57","slug":"w6mo5cr4v2","status":"publish","type":"product","link":"https:\/\/www.dura-alloy.com\/it\/prodotto\/w6mo5cr4v2\/","title":{"rendered":"W6Mo5Cr4V2"},"content":{"rendered":"<p style=\"text-align: center;\"><strong><span>Ambito di fornitura del Gruppo Aviation:<\/span><\/strong><\/p>\n<p style=\"text-align: center;\"><strong><span>Barre tonde, piastre d'acciaio, pezzi fucinati non standard, anelli, ecc., non esitate a chiedere informazioni!<\/span><\/strong><\/p>\n<p><strong><span>1.\u00a0<\/span><\/strong><strong><span>Introduzione ai materiali W6Mo5Cr4V2<\/span><\/strong><\/p>\n<p><span>\u00a0 \u00a0 \u00a0 L'acciaio per utensili ad alta velocit\u00e0 W6Mo5Cr4V2 \u00e8 abbreviato in acciaio high-tech o acciaio ad alta velocit\u00e0, comunemente noto come \"acciaio frontale\" o \"acciaio al vento\". \u00c8 un acciaio per utensili ad alto tenore di carbonio e ad alta lega, adatto al taglio ad alta velocit\u00e0.<\/span><\/p>\n<p><span>\u00a0 \u00a0 \u00a0 A causa del rapporto tra risorse e prezzi, molti Paesi hanno sostituito il W18Cr4V con l'acciaio W6Mo5Cr4V2, che \u00e8 diventato il principale numero di acciaio per l'alta velocit\u00e0. L'acciaio ad alta velocit\u00e0 W6Mo5Cr4V2 presenta eccellenti caratteristiche di tenacit\u00e0, resistenza all'usura e termoplasticit\u00e0, mentre la durezza, la durezza rossa e la durezza ad alta temperatura sono paragonabili a quelle del W18Cr4V. Pertanto, oltre ad essere utilizzato per la produzione di vari tipi di utensili generici, l'acciaio rapido W6Mo5Cr4V2 pu\u00f2 anche produrre utensili di grandi dimensioni e termoplastici. Poich\u00e9 l'acciaio W6Mo5Cr4V2 ha un'elevata resistenza e una buona resistenza all'usura, pu\u00f2 anche produrre parti resistenti all'usura in presenza di carichi elevati, come gli stampi per l'estrusione a freddo, ma in questo caso la temperatura di tempra deve essere opportunamente abbassata per soddisfare i requisiti di resistenza e tenacit\u00e0. L'acciaio rapido W6Mo5Cr4V2 \u00e8 facile da ossidare e decarbonizzare e occorre prestare attenzione durante la lavorazione termica e il trattamento termico.<\/span><\/p>\n<p><strong><span>2. Composizione chimica di W6Mo5Cr4V2<\/span><\/strong><\/p>\n<table border=\"-\" width=\"1120\">\n<tbody>\n<tr>\n<td width=\"98\"><span>lega<\/span><\/td>\n<td width=\"60\">%<\/td>\n<td width=\"49\"><span>Cromo Cr<\/span><\/td>\n<td width=\"50\"><span>Pietra Mo<\/span><\/td>\n<td width=\"47\"><span>Tungsteno W<\/span><\/td>\n<td width=\"47\"><span>Vanadio V<\/span><\/td>\n<td width=\"47\"><span>Carbonio C<\/span><\/td>\n<td width=\"50\"><span>Manganese Mn<\/span><\/td>\n<td width=\"47\"><span>Silicio Si<\/span><\/td>\n<td width=\"47\"><span>Fosforo P<\/span><\/td>\n<td width=\"47\"><span>Zolfo S<\/span><\/td>\n<td width=\"47\"><span>Ni<\/span><\/td>\n<td width=\"47\"><span>Con<\/span><\/td>\n<\/tr>\n<tr>\n<td rowspan=\"2\" width=\"98\">W6Mo5Cr4V2<\/td>\n<td width=\"60\"><span>Valore minimo<\/span><\/td>\n<td width=\"49\">3.8<\/td>\n<td width=\"50\">4.5<\/td>\n<td width=\"47\">5.5<\/td>\n<td width=\"47\">1.75<\/td>\n<td width=\"47\">0.8<\/td>\n<td width=\"50\">0.15<\/td>\n<td width=\"47\">0.2<\/td>\n<td width=\"47\">&#8211;<\/td>\n<td width=\"47\"><span>&#8211;<\/span><\/td>\n<td width=\"47\"><span>&#8211;<\/span><\/td>\n<td width=\"47\"><span>&#8211;<\/span><\/td>\n<\/tr>\n<tr>\n<td width=\"60\"><span>Valore massimo<\/span><\/td>\n<td width=\"49\">4.4<\/td>\n<td width=\"50\"><span>5.5<\/span><\/td>\n<td width=\"47\">6.75<\/td>\n<td width=\"47\">2.2<\/td>\n<td width=\"47\">0.9<\/td>\n<td width=\"50\">0.4<\/td>\n<td width=\"47\">0.45<\/td>\n<td width=\"47\">0.03<\/td>\n<td width=\"47\"><span>0.03<\/span><\/td>\n<td width=\"47\"><span>0.03<\/span><\/td>\n<td width=\"47\">0.25<\/td>\n<\/tr>\n<\/tbody>\n<\/table>\n<p><strong><span>3. Prestazioni fisiche di W6Mo5Cr4V2<\/span><\/strong><\/p>\n<p><span>\u00a0 \u00a0 \u00a0 Durezza alla consegna: (altri metodi di lavorazione) \u2264262HB; (ricottura) \u2264255HB. Sistema di trattamento termico e durezza di spegnimento: \u226563HRC (forno a cassetta), \u226564HRC (forno a bagno di sale).<\/span><\/p>\n<p><span>\u00a0 \u00a0 \u00a0 La densit\u00e0 dell'acciaio W6Mo5Cr4V2 \u00e8 di 8,16t\/m3; il modulo elastico E \u00e8 di 218.000MPa.<\/span><\/p>\n<p><strong><span>4. Caratteristiche del materiale W6Mo5Cr4V2<\/span><\/strong><\/p>\n<p><span>\u00a0 \u00a0 \u00a0 L'acciaio W6Mo5Cr4V2 \u00e8 abbreviato in W6 o 6542 ed \u00e8 il numero rappresentativo dell'acciaio per impieghi generali ad alta velocit\u00e0 a base di tungsteno e polibdeno. \u00c8 un acciaio altamente legato contenente una variet\u00e0 di elementi di lega e appartiene al tipo di acciaio Leninite. Ha un'elevata durezza, un'alta resistenza all'usura, un'alta durezza al calore, un'alta temprabilit\u00e0, una sufficiente plasticit\u00e0 e tenacit\u00e0, e possiede buone propriet\u00e0 di fusione, forgiatura, saldatura e lavorazione meccanica. Pertanto, occupa e ha una posizione importante nell'ambito degli acciai per utensili.<\/span><\/p>\n<p><strong><span>V. Processo di trattamento termico W6Mo5Cr4V2<\/span><\/strong><\/p>\n<p><span>\u00a0 \u00a0 \u00a0 Temperatura di tempra: (forno a sale 1210~1230, forno a box 1210~1230); tempra: olio; temperatura di tempra 540~560 gradi Celsius; HRC (forno a box 63, forno a sale 64).<\/span><\/p>\n<p><span>\u00a0 \u00a0 \u00a0 Stato di consegna: Le barre di acciaio laminate a caldo, forgiate e tirate a freddo vengono consegnate allo stato ricotto, mentre le barre di acciaio laminate a caldo e forgiate vengono consegnate allo stato ricotto + altri metodi di lavorazione (spellatura, tiratura leggera, lucidatura o levigatura, ecc.).<\/span><\/p>\n<p><strong><span>Specifiche di tempra:<\/span><\/strong><\/p>\n<p><span>Tabella 2-26-1 Specifiche di tempra consigliate per l'acciaio W6Mo5Cr4V2<\/span><\/p>\n<table width=\"668\">\n<tbody>\n<tr>\n<td width=\"167\"><span>Tipo di strumento<\/span><\/td>\n<td width=\"167\"><span>Temperatura di preriscaldamento\/\u2103<\/span><\/td>\n<td width=\"167\"><span>Temperatura di riscaldamento\/\u2103<\/span><\/td>\n<td width=\"167\"><span>Temperatura di terminazione\/\u2103<\/span><\/td>\n<\/tr>\n<tr>\n<td width=\"167\"><span>Taglierina sottile e resistente ad alta resistenza<\/span><\/p>\n<p><span>Strumenti complessi<\/span><\/p>\n<p><span>Strumento semplice<\/span><\/p>\n<p><span>Stampo per lavorazione a freddo<\/span><\/td>\n<td width=\"167\">850<\/p>\n<p><span>850<\/span><\/p>\n<p><span>850<\/span><\/p>\n<p><span>850<\/span><\/td>\n<td width=\"167\">1200\uff5e1220<\/p>\n<p>1230<\/p>\n<p>1240<\/p>\n<p>1150\uff5e1200<\/td>\n<td width=\"167\"><span>Raffreddato a olio<\/span><\/p>\n<p><span>Raffreddato a olio<\/span><\/p>\n<p><span>Raffreddato a olio<\/span><\/p>\n<p><span>Raffreddato a olio<\/span><\/td>\n<\/tr>\n<\/tbody>\n<\/table>\n<p><strong><span>6. Campo di applicazione W6Mo5Cr4V2<\/span><\/strong><\/p>\n<p><span>\u00a0 \u00a0 \u00a0 Viene utilizzato principalmente per la produzione di vari utensili da taglio con alta velocit\u00e0 di taglio, carico pesante e alta temperatura di lavoro, come utensili di tornitura, fresatura, creatori, pialle, brocce, punte, rubinetti, ecc.<\/span><\/p>","protected":false},"excerpt":{"rendered":"<p>Scope of supply of Aviation Group: Round rods, steel plates, non-standard forgings, rings, etc., welcome to inquire! 1.\u00a0Introduction to W6Mo5Cr4V2 [&hellip;]<\/p>","protected":false},"featured_media":581,"template":"","meta":{"site-sidebar-layout":"default","site-content-layout":"","ast-site-content-layout":"default","site-content-style":"default","site-sidebar-style":"default","ast-global-header-display":"","ast-banner-title-visibility":"","ast-main-header-display":"","ast-hfb-above-header-display":"","ast-hfb-below-header-display":"","ast-hfb-mobile-header-display":"","site-post-title":"","ast-breadcrumbs-content":"","ast-featured-img":"","footer-sml-layout":"","theme-transparent-header-meta":"default","adv-header-id-meta":"","stick-header-meta":"","header-above-stick-meta":"","header-main-stick-meta":"","header-below-stick-meta":"","astra-migrate-meta-layouts":"set","ast-page-background-enabled":"default","ast-page-background-meta":{"desktop":{"background-color":"var(--ast-global-color-5)","background-image":"","background-repeat":"repeat","background-position":"center center","background-size":"auto","background-attachment":"scroll","background-type":"","background-media":"","overlay-type":"","overlay-color":"","overlay-opacity":"","overlay-gradient":""},"tablet":{"background-color":"","background-image":"","background-repeat":"repeat","background-position":"center center","background-size":"auto","background-attachment":"scroll","background-type":"","background-media":"","overlay-type":"","overlay-color":"","overlay-opacity":"","overlay-gradient":""},"mobile":{"background-color":"","background-image":"","background-repeat":"repeat","background-position":"center center","background-size":"auto","background-attachment":"scroll","background-type":"","background-media":"","overlay-type":"","overlay-color":"","overlay-opacity":"","overlay-gradient":""}},"ast-content-background-meta":{"desktop":{"background-color":"var(--ast-global-color-4)","background-image":"","background-repeat":"repeat","background-position":"center center","background-size":"auto","background-attachment":"scroll","background-type":"","background-media":"","overlay-type":"","overlay-color":"","overlay-opacity":"","overlay-gradient":""},"tablet":{"background-color":"var(--ast-global-color-4)","background-image":"","background-repeat":"repeat","background-position":"center center","background-size":"auto","background-attachment":"scroll","background-type":"","background-media":"","overlay-type":"","overlay-color":"","overlay-opacity":"","overlay-gradient":""},"mobile":{"background-color":"var(--ast-global-color-4)","background-image":"","background-repeat":"repeat","background-position":"center center","background-size":"auto","background-attachment":"scroll","background-type":"","background-media":"","overlay-type":"","overlay-color":"","overlay-opacity":"","overlay-gradient":""}}},"product_brand":[],"product_cat":[32],"product_tag":[],"class_list":{"0":"post-580","1":"product","2":"type-product","3":"status-publish","4":"has-post-thumbnail","6":"product_cat-alloy-structural-steel","7":"desktop-align-left","8":"tablet-align-left","9":"mobile-align-left","11":"first","12":"instock","13":"shipping-taxable","14":"product-type-simple"},"_links":{"self":[{"href":"https:\/\/www.dura-alloy.com\/it\/wp-json\/wp\/v2\/product\/580","targetHints":{"allow":["GET"]}}],"collection":[{"href":"https:\/\/www.dura-alloy.com\/it\/wp-json\/wp\/v2\/product"}],"about":[{"href":"https:\/\/www.dura-alloy.com\/it\/wp-json\/wp\/v2\/types\/product"}],"version-history":[{"count":0,"href":"https:\/\/www.dura-alloy.com\/it\/wp-json\/wp\/v2\/product\/580\/revisions"}],"wp:featuredmedia":[{"embeddable":true,"href":"https:\/\/www.dura-alloy.com\/it\/wp-json\/wp\/v2\/media\/581"}],"wp:attachment":[{"href":"https:\/\/www.dura-alloy.com\/it\/wp-json\/wp\/v2\/media?parent=580"}],"wp:term":[{"taxonomy":"product_brand","embeddable":true,"href":"https:\/\/www.dura-alloy.com\/it\/wp-json\/wp\/v2\/product_brand?post=580"},{"taxonomy":"product_cat","embeddable":true,"href":"https:\/\/www.dura-alloy.com\/it\/wp-json\/wp\/v2\/product_cat?post=580"},{"taxonomy":"product_tag","embeddable":true,"href":"https:\/\/www.dura-alloy.com\/it\/wp-json\/wp\/v2\/product_tag?post=580"}],"curies":[{"name":"wp","href":"https:\/\/api.w.org\/{rel}","templated":true}]}}