{"id":574,"date":"2025-06-16T08:58:51","date_gmt":"2025-06-16T08:58:51","guid":{"rendered":"https:\/\/dura-alloy.com\/?post_type=product&#038;p=574"},"modified":"2025-06-16T08:58:51","modified_gmt":"2025-06-16T08:58:51","slug":"30crmnsini2a","status":"publish","type":"product","link":"https:\/\/www.dura-alloy.com\/it\/prodotto\/30crmnsini2a\/","title":{"rendered":"30CrMnSiNi2A"},"content":{"rendered":"<p style=\"text-align: center;\"><strong><span>Ambito di fornitura del Gruppo Aviation:<\/span><\/strong><\/p>\n<p style=\"text-align: center;\"><strong><span>Barre tonde, piastre d'acciaio, forgiati non standard, anelli, tubi senza saldatura, personalizzazione non standard, non esitate a chiedere!<\/span><\/strong><\/p>\n<p><strong><span>1.\u00a0<\/span><\/strong><strong><span>Introduzione ai materiali 30CrMnSiNi2A<\/span><\/strong><\/p>\n<p><span>\u00a0 \u00a0 \u00a0 Dopo il trattamento termico, l'acciaio strutturale legato 30CrMnSiNi2A pu\u00f2 ottenere un'elevata resistenza, una buona plasticit\u00e0 e tenacit\u00e0, una buona resistenza alla fatica e tenacit\u00e0 alla frattura e un basso tasso di propagazione delle cricche da fatica.<\/span><\/p>\n<p><strong><span>2. Composizione chimica di 30CrMnSiNi2A<\/span><\/strong><\/p>\n<table border=\"-\" width=\"1120\">\n<tbody>\n<tr>\n<td width=\"97\"><span>lega<\/span><\/td>\n<td width=\"64\">%<\/td>\n<td width=\"51\"><span>Cromo Cr<\/span><\/td>\n<td width=\"51\"><span>Carbonio C<\/span><\/td>\n<td width=\"51\"><span>Manganese Mn<\/span><\/td>\n<td width=\"51\"><span>Silicio Si<\/span><\/td>\n<td width=\"51\"><span>Fosforo P<\/span><\/td>\n<td width=\"51\"><span>Zolfo S<\/span><\/td>\n<td width=\"51\"><span>Ni<\/span><\/td>\n<\/tr>\n<tr>\n<td rowspan=\"2\" width=\"97\"><span>30crmnsini2a<\/span><\/td>\n<td width=\"64\"><span>Valore minimo<\/span><\/td>\n<td width=\"51\">0.90<\/td>\n<td width=\"51\">0.27<\/td>\n<td width=\"51\">1.0<\/td>\n<td width=\"51\">0.9<\/td>\n<td width=\"51\">&#8211;<\/td>\n<td width=\"51\"><span>&#8211;<\/span><\/td>\n<td width=\"51\">1.4<\/td>\n<\/tr>\n<tr>\n<td width=\"64\"><span>Valore massimo<\/span><\/td>\n<td width=\"51\">1.20<\/td>\n<td width=\"51\">0.34<\/td>\n<td width=\"51\">1.3<\/td>\n<td width=\"51\">1.2<\/td>\n<td width=\"51\">0.020<\/td>\n<td width=\"51\"><span>0.020<\/span><\/td>\n<td width=\"51\">1.8<\/td>\n<\/tr>\n<\/tbody>\n<\/table>\n<p><strong><span>3.<\/span><\/strong><span>\u00a0Propriet\u00e0 meccaniche di 30CrMnSiNi2A<\/span><\/p>\n<p><span>Resistenza alla trazione \u03c3b (MPa): 1)1767; 2)1627<\/span><\/p>\n<p><span>Allungamento \u03b45 (%): 1)12; 2)13<\/span><\/p>\n<p><span>Ritiro di sezione \u03c8 (%): 50<\/span><\/p>\n<p><span>Valore di tenacit\u00e0 all'impatto \u03b1ku (J\/cm2): 1)79; 2)90<\/span><\/p>\n<p><span>Dimensione del campione: bar<\/span><\/p>\n<p><strong><span>IV. Propriet\u00e0 fisiche di 30CrMnSiNi2A<\/span><\/strong><\/p>\n<p><strong><span>\u00a0 \u00a0 \u00a0 30CrMnSiNi2A\u00a0<\/span><\/strong><strong><span>specifiche di trattamento termico e struttura metallografica:<\/span><\/strong><\/p>\n<p><span>\u00a0 \u00a0 \u00a0 Specifiche del trattamento termico: 1) tempra in olio a 890-900\u2103, rinvenimento a 200-300\u2103, raffreddamento ad aria; 2) riscaldamento a 890-900\u2103, tempra a media temperatura in una vasca di sale nitrificante a 210-280\u2103 per 1 ora, raffreddamento ad aria, quindi raffreddamento a 200-300\u2103, raffreddamento ad aria.<\/span><\/p>\n<p><span>Struttura metallografica: 1) La tempra ad alta temperatura dopo la laminazione a caldo o a freddo \u00e8 perlite; 2) La tempra normalizzata e ad alta temperatura \u00e8 cortexite temperata; 3) La ricottura isotermica \u00e8 perlite e ferrite; 4) Lo stato normalizzato \u00e8 martensite e bainite; 5) Lo stato usato \u00e8 martensite temperata.<\/span><\/p>\n<p><strong>\u00a0<\/strong><strong><span>\u00a0 \u00a0 \u00a0 Temperatura critica di 30CrMnSiNi2A\u00a0<\/span><\/strong><strong><span>acciaio<\/span><\/strong><\/p>\n<table border=\"-\">\n<tbody>\n<tr>\n<td width=\"164\"><span>Punto critico<\/span><\/td>\n<td width=\"164\"><span>Ac1<\/span><\/td>\n<td width=\"164\"><span>AC3<\/span><\/td>\n<td width=\"82\">Signora<\/td>\n<td width=\"82\"><span>Osservazione<\/span><\/td>\n<\/tr>\n<tr>\n<td width=\"164\"><span>Temperatura (valore approssimativo)\/\u2103<\/span><\/td>\n<td width=\"164\">705\u00a0 705<\/td>\n<td width=\"164\">800\u00a0 815<\/td>\n<td width=\"82\">321\u00a0 \u00a0314<\/td>\n<td width=\"82\">1\u00a0 \u00a02<\/td>\n<\/tr>\n<\/tbody>\n<\/table>\n<p><span>Nota: 1. Composizione dell'acciaio (%) utilizzato: 0,27C, 1,05Si, 1,06Mn, 1,05Cr, 1,66Ni, 0,013P, 0,005S;<\/span><\/p>\n<p><span>\u00a0 \u00a0 \u00a0 \u00a02. Composizione dell'acciaio (%) utilizzato: 0,30C, 1,10Si, 1,07Mn, 1,06Cr, 1,50Ni, 0,014P, 0,005S.\u00a0<\/span><\/p>\n<p><strong><span>V.\u00a0<\/span><\/strong><strong><span>Caratteristiche e campo di applicazione di 30CrMnSiNi2A<\/span><\/strong><\/p>\n<p><span>\u00a0 \u00a0 \u00a0 Il 30CrMnSiNi2A ha un'elevata temprabilit\u00e0, buone propriet\u00e0 di lavorazione e saldatura, ma \u00e8 pi\u00f9 sensibile all'intaglio e all'infragilimento da idrogeno (compreso l'infragilimento da idrogeno ambientale).<\/span><\/p>\n<p><span>\u00a0 \u00a0 \u00a0 30CrMnSiNi2A \u00e8 adatto come importante componente strutturale portante, come connettori ad alta resistenza e parti di alberi.<\/span><\/p>\n<p>&nbsp;<\/p>","protected":false},"excerpt":{"rendered":"<p>Scope of supply of Aviation Group: Round rods, steel plates, non-standard forgings, rings, seamless pipes, non-standard customization, welcome to inquire! [&hellip;]<\/p>","protected":false},"featured_media":575,"template":"","meta":{"site-sidebar-layout":"default","site-content-layout":"","ast-site-content-layout":"default","site-content-style":"default","site-sidebar-style":"default","ast-global-header-display":"","ast-banner-title-visibility":"","ast-main-header-display":"","ast-hfb-above-header-display":"","ast-hfb-below-header-display":"","ast-hfb-mobile-header-display":"","site-post-title":"","ast-breadcrumbs-content":"","ast-featured-img":"","footer-sml-layout":"","theme-transparent-header-meta":"default","adv-header-id-meta":"","stick-header-meta":"","header-above-stick-meta":"","header-main-stick-meta":"","header-below-stick-meta":"","astra-migrate-meta-layouts":"set","ast-page-background-enabled":"default","ast-page-background-meta":{"desktop":{"background-color":"var(--ast-global-color-5)","background-image":"","background-repeat":"repeat","background-position":"center center","background-size":"auto","background-attachment":"scroll","background-type":"","background-media":"","overlay-type":"","overlay-color":"","overlay-opacity":"","overlay-gradient":""},"tablet":{"background-color":"","background-image":"","background-repeat":"repeat","background-position":"center center","background-size":"auto","background-attachment":"scroll","background-type":"","background-media":"","overlay-type":"","overlay-color":"","overlay-opacity":"","overlay-gradient":""},"mobile":{"background-color":"","background-image":"","background-repeat":"repeat","background-position":"center center","background-size":"auto","background-attachment":"scroll","background-type":"","background-media":"","overlay-type":"","overlay-color":"","overlay-opacity":"","overlay-gradient":""}},"ast-content-background-meta":{"desktop":{"background-color":"var(--ast-global-color-4)","background-image":"","background-repeat":"repeat","background-position":"center center","background-size":"auto","background-attachment":"scroll","background-type":"","background-media":"","overlay-type":"","overlay-color":"","overlay-opacity":"","overlay-gradient":""},"tablet":{"background-color":"var(--ast-global-color-4)","background-image":"","background-repeat":"repeat","background-position":"center center","background-size":"auto","background-attachment":"scroll","background-type":"","background-media":"","overlay-type":"","overlay-color":"","overlay-opacity":"","overlay-gradient":""},"mobile":{"background-color":"var(--ast-global-color-4)","background-image":"","background-repeat":"repeat","background-position":"center center","background-size":"auto","background-attachment":"scroll","background-type":"","background-media":"","overlay-type":"","overlay-color":"","overlay-opacity":"","overlay-gradient":""}}},"product_brand":[],"product_cat":[32],"product_tag":[],"class_list":{"0":"post-574","1":"product","2":"type-product","3":"status-publish","4":"has-post-thumbnail","6":"product_cat-alloy-structural-steel","7":"desktop-align-left","8":"tablet-align-left","9":"mobile-align-left","11":"first","12":"instock","13":"shipping-taxable","14":"product-type-simple"},"_links":{"self":[{"href":"https:\/\/www.dura-alloy.com\/it\/wp-json\/wp\/v2\/product\/574","targetHints":{"allow":["GET"]}}],"collection":[{"href":"https:\/\/www.dura-alloy.com\/it\/wp-json\/wp\/v2\/product"}],"about":[{"href":"https:\/\/www.dura-alloy.com\/it\/wp-json\/wp\/v2\/types\/product"}],"version-history":[{"count":0,"href":"https:\/\/www.dura-alloy.com\/it\/wp-json\/wp\/v2\/product\/574\/revisions"}],"wp:featuredmedia":[{"embeddable":true,"href":"https:\/\/www.dura-alloy.com\/it\/wp-json\/wp\/v2\/media\/575"}],"wp:attachment":[{"href":"https:\/\/www.dura-alloy.com\/it\/wp-json\/wp\/v2\/media?parent=574"}],"wp:term":[{"taxonomy":"product_brand","embeddable":true,"href":"https:\/\/www.dura-alloy.com\/it\/wp-json\/wp\/v2\/product_brand?post=574"},{"taxonomy":"product_cat","embeddable":true,"href":"https:\/\/www.dura-alloy.com\/it\/wp-json\/wp\/v2\/product_cat?post=574"},{"taxonomy":"product_tag","embeddable":true,"href":"https:\/\/www.dura-alloy.com\/it\/wp-json\/wp\/v2\/product_tag?post=574"}],"curies":[{"name":"wp","href":"https:\/\/api.w.org\/{rel}","templated":true}]}}