{"id":572,"date":"2025-06-16T08:56:28","date_gmt":"2025-06-16T08:56:28","guid":{"rendered":"https:\/\/dura-alloy.com\/?post_type=product&#038;p=572"},"modified":"2025-06-16T08:56:28","modified_gmt":"2025-06-16T08:56:28","slug":"30crmnsia","status":"publish","type":"product","link":"https:\/\/www.dura-alloy.com\/it\/prodotto\/30crmnsia\/","title":{"rendered":"30CrMnSiA"},"content":{"rendered":"<p style=\"text-align: center;\"><strong><span>Ambito di fornitura del Gruppo Aviation:<\/span><\/strong><\/p>\n<p style=\"text-align: center;\"><strong><span>Barre tonde, piastre d'acciaio, forgiati non standard, anelli, tubi senza saldatura, personalizzazione non standard, non esitate a chiedere!<\/span><\/strong><\/p>\n<p><strong><span>1.\u00a0<\/span><\/strong><strong><span>Introduzione ai materiali 30CrMnSiA<\/span><\/strong><\/p>\n<p><span>\u00a0 \u00a0 \u00a0 Il 30CrMnSiA \u00e8 a medio tenore di carbonio, con elevata resistenza e scarse prestazioni di saldatura. Dopo il rinvenimento, il 30CrMnSiA presenta un'elevata resistenza e una sufficiente tenacit\u00e0, nonch\u00e9 una buona temprabilit\u00e0. Dopo il condizionamento, il materiale pu\u00f2 essere utilizzato per la produzione di alberi di mole, ingranaggi e pignoni. 30CrMnSiA ha buone propriet\u00e0 di lavorazione, piccole deformazioni di lavorazione e buona resistenza alla fatica. Utilizzato per alberi, accessori per pistoni, ecc. Utilizzato per varie parti speciali resistenti all'usura e accessori di auto e aerei.<\/span><\/p>\n<p><strong><span>2.\u00a0<\/span><\/strong><strong><span>Composizione chimica di 30CrMnSiA<\/span><\/strong><\/p>\n<table border=\"-\" width=\"1120\">\n<tbody>\n<tr>\n<td width=\"81\"><span>lega<\/span><\/td>\n<td width=\"64\">%<\/td>\n<td width=\"51\"><span>Cromo Cr<\/span><\/td>\n<td width=\"51\"><span>Carbonio C<\/span><\/td>\n<td width=\"51\"><span>Manganese Mn<\/span><\/td>\n<td width=\"51\"><span>Silicio Si<\/span><\/td>\n<td width=\"51\"><span>Fosforo P<\/span><\/td>\n<td width=\"51\"><span>Zolfo S<\/span><\/td>\n<td width=\"51\"><span>Ni<\/span><\/td>\n<td width=\"51\"><span>rame con<\/span><\/td>\n<\/tr>\n<tr>\n<td rowspan=\"2\" width=\"81\"><span>30CrMnSiA<\/span><\/td>\n<td width=\"64\"><span>Valore minimo<\/span><\/td>\n<td width=\"51\">0.80<\/td>\n<td width=\"51\">0.28<\/td>\n<td width=\"51\"><span>0.80<\/span><\/td>\n<td width=\"51\">0.90<\/td>\n<td width=\"51\">&#8211;<\/td>\n<td width=\"51\"><span>&#8211;<\/span><\/td>\n<td width=\"51\"><span>&#8211;<\/span><\/td>\n<td width=\"51\"><span>&#8211;<\/span><\/td>\n<\/tr>\n<tr>\n<td width=\"64\"><span>Valore massimo<\/span><\/td>\n<td width=\"51\">1.10<\/td>\n<td width=\"51\">0.34<\/td>\n<td width=\"51\"><span>1.10<\/span><\/td>\n<td width=\"51\">1.20<\/td>\n<td width=\"51\">0.025<\/td>\n<td width=\"51\"><span>0.025<\/span><\/td>\n<td width=\"51\">0.03<\/td>\n<td width=\"51\"><span>0.025<\/span><\/td>\n<\/tr>\n<\/tbody>\n<\/table>\n<p><strong><span>3.\u00a0<\/span><\/strong><strong><span>Propriet\u00e0 meccaniche di 30CrMnSiA<\/span><\/strong><\/p>\n<p><span>Resistenza alla trazione \u03c3b (MPa): \u22651080(110)<\/span><\/p>\n<p><span>Resistenza allo snervamento \u03c3s (MPa): \u2265835(85)<\/span><\/p>\n<p><span>Allungamento \u03b45 (%): \u226510<\/span><\/p>\n<p><span>\u00a030CrMnSiA struttura in lega di acciaio tondo<\/span><\/p>\n<p><span>Restringimento di sezione \u03c8 (%): \u226545<\/span><\/p>\n<p><span>Potenza d'impatto Akv (J): \u226539<\/span><\/p>\n<p><span>Valore di resistenza all'urto \u03b1kv (J\/cm\u00b2): \u226549(5)<\/span><\/p>\n<p><span>Durezza: \u2264229HB<\/span><\/p>\n<p><span>Dimensioni del campione: La dimensione del campione vuoto \u00e8 di 25 mm<\/span><\/p>\n<p><span>Specifiche di trattamento termico e struttura metallografica:<\/span><\/p>\n<p><span>Specifiche del trattamento termico: tempra a 880\u2103, raffreddata ad olio; rinvenimento a 540\u2103, raffreddata ad acqua e ad olio.<\/span><\/p>\n<p><strong><span>4.\u00a0<\/span><\/strong><strong><span>Campi di applicazione di 30CrMnSiA<\/span><\/strong><\/p>\n<p><span>\u00a0 \u00a0 \u00a0 Albero, pezzi di ricambio per pistoni, ecc.<\/span><\/p>\n<p><span>\u00a0 \u00a0 \u00a0 Vari pezzi speciali resistenti all'usura e accessori per auto e aerei.<\/span><\/p>","protected":false},"excerpt":{"rendered":"<p>Scope of supply of Aviation Group: Round rods, steel plates, non-standard forgings, rings, seamless pipes, non-standard customization, welcome to inquire! [&hellip;]<\/p>","protected":false},"featured_media":573,"template":"","meta":{"site-sidebar-layout":"default","site-content-layout":"","ast-site-content-layout":"default","site-content-style":"default","site-sidebar-style":"default","ast-global-header-display":"","ast-banner-title-visibility":"","ast-main-header-display":"","ast-hfb-above-header-display":"","ast-hfb-below-header-display":"","ast-hfb-mobile-header-display":"","site-post-title":"","ast-breadcrumbs-content":"","ast-featured-img":"","footer-sml-layout":"","theme-transparent-header-meta":"default","adv-header-id-meta":"","stick-header-meta":"","header-above-stick-meta":"","header-main-stick-meta":"","header-below-stick-meta":"","astra-migrate-meta-layouts":"set","ast-page-background-enabled":"default","ast-page-background-meta":{"desktop":{"background-color":"var(--ast-global-color-5)","background-image":"","background-repeat":"repeat","background-position":"center center","background-size":"auto","background-attachment":"scroll","background-type":"","background-media":"","overlay-type":"","overlay-color":"","overlay-opacity":"","overlay-gradient":""},"tablet":{"background-color":"","background-image":"","background-repeat":"repeat","background-position":"center center","background-size":"auto","background-attachment":"scroll","background-type":"","background-media":"","overlay-type":"","overlay-color":"","overlay-opacity":"","overlay-gradient":""},"mobile":{"background-color":"","background-image":"","background-repeat":"repeat","background-position":"center center","background-size":"auto","background-attachment":"scroll","background-type":"","background-media":"","overlay-type":"","overlay-color":"","overlay-opacity":"","overlay-gradient":""}},"ast-content-background-meta":{"desktop":{"background-color":"var(--ast-global-color-4)","background-image":"","background-repeat":"repeat","background-position":"center center","background-size":"auto","background-attachment":"scroll","background-type":"","background-media":"","overlay-type":"","overlay-color":"","overlay-opacity":"","overlay-gradient":""},"tablet":{"background-color":"var(--ast-global-color-4)","background-image":"","background-repeat":"repeat","background-position":"center center","background-size":"auto","background-attachment":"scroll","background-type":"","background-media":"","overlay-type":"","overlay-color":"","overlay-opacity":"","overlay-gradient":""},"mobile":{"background-color":"var(--ast-global-color-4)","background-image":"","background-repeat":"repeat","background-position":"center center","background-size":"auto","background-attachment":"scroll","background-type":"","background-media":"","overlay-type":"","overlay-color":"","overlay-opacity":"","overlay-gradient":""}}},"product_brand":[],"product_cat":[32],"product_tag":[],"class_list":{"0":"post-572","1":"product","2":"type-product","3":"status-publish","4":"has-post-thumbnail","6":"product_cat-alloy-structural-steel","7":"desktop-align-left","8":"tablet-align-left","9":"mobile-align-left","11":"first","12":"instock","13":"shipping-taxable","14":"product-type-simple"},"_links":{"self":[{"href":"https:\/\/www.dura-alloy.com\/it\/wp-json\/wp\/v2\/product\/572","targetHints":{"allow":["GET"]}}],"collection":[{"href":"https:\/\/www.dura-alloy.com\/it\/wp-json\/wp\/v2\/product"}],"about":[{"href":"https:\/\/www.dura-alloy.com\/it\/wp-json\/wp\/v2\/types\/product"}],"version-history":[{"count":0,"href":"https:\/\/www.dura-alloy.com\/it\/wp-json\/wp\/v2\/product\/572\/revisions"}],"wp:featuredmedia":[{"embeddable":true,"href":"https:\/\/www.dura-alloy.com\/it\/wp-json\/wp\/v2\/media\/573"}],"wp:attachment":[{"href":"https:\/\/www.dura-alloy.com\/it\/wp-json\/wp\/v2\/media?parent=572"}],"wp:term":[{"taxonomy":"product_brand","embeddable":true,"href":"https:\/\/www.dura-alloy.com\/it\/wp-json\/wp\/v2\/product_brand?post=572"},{"taxonomy":"product_cat","embeddable":true,"href":"https:\/\/www.dura-alloy.com\/it\/wp-json\/wp\/v2\/product_cat?post=572"},{"taxonomy":"product_tag","embeddable":true,"href":"https:\/\/www.dura-alloy.com\/it\/wp-json\/wp\/v2\/product_tag?post=572"}],"curies":[{"name":"wp","href":"https:\/\/api.w.org\/{rel}","templated":true}]}}