{"id":550,"date":"2025-06-16T08:19:30","date_gmt":"2025-06-16T08:19:30","guid":{"rendered":"https:\/\/dura-alloy.com\/?post_type=product&#038;p=550"},"modified":"2025-06-16T08:19:30","modified_gmt":"2025-06-16T08:19:30","slug":"zirconium-wire","status":"publish","type":"product","link":"https:\/\/www.dura-alloy.com\/it\/prodotto\/zirconium-wire\/","title":{"rendered":"Filo di zirconio"},"content":{"rendered":"<p><span>Marchio: ZR60702, ZR60704, ZR60705, ZR1, ZR2<\/span><br \/>\n<span>Specifiche di produzione: \u03a60.1-\u03a68.0mm<\/span><br \/>\n<span>Standard: ASTM B550, GB\/T8769-2010<\/span><br \/>\n<span>Variet\u00e0: filo diritto, filo a disco<\/span><br \/>\n<span>Stato: stato ricotto (M), stato di lavorazione a caldo (R), stato di lavorazione a freddo (Y)<\/span><br \/>\n<span>densit\u00e0: 6,51 g\/cm3<\/span><\/p>\n<p><strong><span>Campi di applicazione del filo di zirconio:<\/span><\/strong><\/p>\n<p><span>Petrolchimico, elettrico ed elettronico, aerospaziale, ecc.<\/span><\/p>\n<p><strong><span>Introduzione ai materiali in zirconio:<\/span><\/strong><\/p>\n<p><span>La lega di zirconio ha una buona resistenza alla corrosione, moderate propriet\u00e0 meccaniche e una bassa sezione d'urto per l'assorbimento di neutroni termici (lo zirconio \u00e8 pari a 0,18 metri) in acqua e vapore ad alta temperatura e alta pressione a 300-400\u2103. Ha una buona compatibilit\u00e0 con il combustibile nucleare. Pertanto, pu\u00f2 essere utilizzato come materiale strutturale del nocciolo (rivestimento del combustibile, tubo di pressione, staffa e tubo del poro) per i reattori nucleari raffreddati ad acqua. Questo \u00e8 l'uso principale della lega di zirconio.<\/span><\/p>\n<p><span>Lo zirconio ha un'eccellente resistenza alla corrosione nei confronti di una variet\u00e0 di acidi (come l'acido cloridrico, l'acido nitrico, l'acido solforico e l'acido acetico), alcali e sali, per cui le leghe di zirconio sono utilizzate anche per realizzare componenti e dispositivi farmaceutici resistenti alla corrosione. Lo zirconio ha una forte affinit\u00e0 con gas come l'ossigeno e l'azoto, per cui le leghe di zirconio sono anche ampiamente utilizzate come agenti di degassificazione non evaporativa dei gas nell'industria del vuoto elettrico e delle lampadine. Lo zirconio ha eccellenti propriet\u00e0 luminose, che lo rendono anche un materiale per fuochi d'artificio e flash.<\/span><\/p>\n<p><span>Lo zirconio e le leghe di zirconio hanno una buona plasticit\u00e0 e possono essere trasformati in tubi, piastre, barre e fili, tra cui i tubi sono i prodotti principali. La tecnologia di lavorazione dello zirconio e delle leghe di zirconio dipende dalle propriet\u00e0 di base dello zirconio e dai requisiti speciali dei reattori nucleari per i componenti in zirconio. Le propriet\u00e0 di base dello zirconio sono le seguenti: \u00e8 facilmente contaminabile da ossigeno, azoto, idrogeno, ecc., \u00e8 facilmente attaccabile allo stampo e ha una trasformazione omogenea ed eterocristallina.<\/span><\/p>\n<p><span>Lo zirconio e le leghe di zirconio hanno buone propriet\u00e0 di saldatura. I metodi di saldatura comunemente utilizzati includono la saldatura ad arco di argon con elettrodo di tungsteno e la saldatura a fascio di elettroni. I tubi a parete sottile di grande diametro sono comunemente prodotti mediante saldatura. I trucioli di polvere di zirconio sono infiammabili, pertanto \u00e8 necessario prestare attenzione durante la macinazione e il taglio dei prodotti in zirconio.<\/span><\/p>\n<p><span>Le leghe di zirconio sono resistenti alla corrosione e biocompatibili, quindi possono essere utilizzate per impianti nel corpo. In medicina, la lega Zr-2,5Nb pu\u00f2 essere trasformata in impianti per il ginocchio o l'anca, un materiale in lega di zirconio che riduce l'attrito, aumenta la resistenza all'usura, mantenendo le prestazioni complessive (fabbricabilit\u00e0, tenacit\u00e0 alla frattura e duttilit\u00e0), fornendo una buona soluzione per gli impianti medici.<\/span><\/p>\n<p><span>I requisiti dei reattori nucleari per i componenti in zirconio sono un'elevata precisione dimensionale, requisiti rigorosi di microstruttura e prestazioni stabili. I processi principali pi\u00f9 utilizzati per la lavorazione dei tubi di zirconio senza saldatura sono: preparazione degli elettrodi di consumo, fusione, forgiatura, estrusione a caldo (tubo grezzo), lavorazione a freddo e finitura.<\/span><\/p>","protected":false},"excerpt":{"rendered":"<p>Brand: ZR60702, ZR60704, ZR60705, ZR1, ZR2 Production specifications: \u03a60.1-\u03a68.0mm Standard: ASTM B550, GB\/T8769-2010 Variety: straight wire, disc wire State: annealed [&hellip;]<\/p>","protected":false},"featured_media":551,"template":"","meta":{"site-sidebar-layout":"default","site-content-layout":"","ast-site-content-layout":"default","site-content-style":"default","site-sidebar-style":"default","ast-global-header-display":"","ast-banner-title-visibility":"","ast-main-header-display":"","ast-hfb-above-header-display":"","ast-hfb-below-header-display":"","ast-hfb-mobile-header-display":"","site-post-title":"","ast-breadcrumbs-content":"","ast-featured-img":"","footer-sml-layout":"","theme-transparent-header-meta":"default","adv-header-id-meta":"","stick-header-meta":"","header-above-stick-meta":"","header-main-stick-meta":"","header-below-stick-meta":"","astra-migrate-meta-layouts":"set","ast-page-background-enabled":"default","ast-page-background-meta":{"desktop":{"background-color":"var(--ast-global-color-5)","background-image":"","background-repeat":"repeat","background-position":"center center","background-size":"auto","background-attachment":"scroll","background-type":"","background-media":"","overlay-type":"","overlay-color":"","overlay-opacity":"","overlay-gradient":""},"tablet":{"background-color":"","background-image":"","background-repeat":"repeat","background-position":"center center","background-size":"auto","background-attachment":"scroll","background-type":"","background-media":"","overlay-type":"","overlay-color":"","overlay-opacity":"","overlay-gradient":""},"mobile":{"background-color":"","background-image":"","background-repeat":"repeat","background-position":"center center","background-size":"auto","background-attachment":"scroll","background-type":"","background-media":"","overlay-type":"","overlay-color":"","overlay-opacity":"","overlay-gradient":""}},"ast-content-background-meta":{"desktop":{"background-color":"var(--ast-global-color-4)","background-image":"","background-repeat":"repeat","background-position":"center center","background-size":"auto","background-attachment":"scroll","background-type":"","background-media":"","overlay-type":"","overlay-color":"","overlay-opacity":"","overlay-gradient":""},"tablet":{"background-color":"var(--ast-global-color-4)","background-image":"","background-repeat":"repeat","background-position":"center center","background-size":"auto","background-attachment":"scroll","background-type":"","background-media":"","overlay-type":"","overlay-color":"","overlay-opacity":"","overlay-gradient":""},"mobile":{"background-color":"var(--ast-global-color-4)","background-image":"","background-repeat":"repeat","background-position":"center center","background-size":"auto","background-attachment":"scroll","background-type":"","background-media":"","overlay-type":"","overlay-color":"","overlay-opacity":"","overlay-gradient":""}}},"product_brand":[],"product_cat":[31],"product_tag":[],"class_list":{"0":"post-550","1":"product","2":"type-product","3":"status-publish","4":"has-post-thumbnail","6":"product_cat-tantalum-niobium-zirconium-nickel","7":"desktop-align-left","8":"tablet-align-left","9":"mobile-align-left","11":"first","12":"instock","13":"shipping-taxable","14":"product-type-simple"},"_links":{"self":[{"href":"https:\/\/www.dura-alloy.com\/it\/wp-json\/wp\/v2\/product\/550","targetHints":{"allow":["GET"]}}],"collection":[{"href":"https:\/\/www.dura-alloy.com\/it\/wp-json\/wp\/v2\/product"}],"about":[{"href":"https:\/\/www.dura-alloy.com\/it\/wp-json\/wp\/v2\/types\/product"}],"version-history":[{"count":0,"href":"https:\/\/www.dura-alloy.com\/it\/wp-json\/wp\/v2\/product\/550\/revisions"}],"wp:featuredmedia":[{"embeddable":true,"href":"https:\/\/www.dura-alloy.com\/it\/wp-json\/wp\/v2\/media\/551"}],"wp:attachment":[{"href":"https:\/\/www.dura-alloy.com\/it\/wp-json\/wp\/v2\/media?parent=550"}],"wp:term":[{"taxonomy":"product_brand","embeddable":true,"href":"https:\/\/www.dura-alloy.com\/it\/wp-json\/wp\/v2\/product_brand?post=550"},{"taxonomy":"product_cat","embeddable":true,"href":"https:\/\/www.dura-alloy.com\/it\/wp-json\/wp\/v2\/product_cat?post=550"},{"taxonomy":"product_tag","embeddable":true,"href":"https:\/\/www.dura-alloy.com\/it\/wp-json\/wp\/v2\/product_tag?post=550"}],"curies":[{"name":"wp","href":"https:\/\/api.w.org\/{rel}","templated":true}]}}