{"id":540,"date":"2025-06-16T07:56:59","date_gmt":"2025-06-16T07:56:59","guid":{"rendered":"https:\/\/dura-alloy.com\/?post_type=product&#038;p=540"},"modified":"2025-06-16T07:57:00","modified_gmt":"2025-06-16T07:57:00","slug":"xm-19","status":"publish","type":"product","link":"https:\/\/www.dura-alloy.com\/it\/prodotto\/xm-19\/","title":{"rendered":"XM-19"},"content":{"rendered":"<p style=\"text-align: center;\"><strong><span>L'ambito di fornitura della nostra azienda comprende<\/span><\/strong><\/p>\n<p style=\"text-align: center;\"><strong><span>Forgiati non standard, barre tonde, piastre\/nastri in acciaio, raccordi per tubi flangiati, tubi senza saldatura, capillari, ecc. Benvenuti a chiedere informazioni!<\/span><\/strong><\/p>\n<p><strong><span>1.\u00a0<\/span><\/strong><strong><span>Introduzione ai materiali XM-19<\/span><\/strong><\/p>\n<p><strong><span>\u00a0 \u00a0 \u00a0 XM-19<\/span><\/strong><span>\u00a0\u00e8 il primo acciaio per lo sviluppo degli acciai inossidabili ferritici ad alta resistenza. La temperatura di transizione fragile \u00e8 bassa, la resistenza alla corrosione \u00e8 buona, paragonabile a quella del nichel puro, e presenta buone caratteristiche di tenacit\u00e0, lavorabilit\u00e0 e saldabilit\u00e0.<\/span><\/p>\n<p><strong><span>2.\u00a0<\/span><\/strong><strong><span>Composizione chimica di XM-19<\/span><\/strong><\/p>\n<table border=\"-\">\n<tbody>\n<tr>\n<td width=\"66\"><span>lega<\/span><\/td>\n<td width=\"64\">%<\/td>\n<td width=\"51\"><span>nichel<\/span><\/td>\n<td width=\"51\"><span>cromo<\/span><\/td>\n<td width=\"51\"><span>ferro<\/span><\/td>\n<td width=\"41\"><span>carbone<\/span><\/td>\n<td width=\"51\"><span>manganese<\/span><\/td>\n<td width=\"42\"><span>silicio<\/span><\/td>\n<td width=\"51\"><span>azoto<\/span><\/td>\n<td width=\"51\"><span>molibdeno<\/span><\/td>\n<td width=\"51\"><span>niobio<\/span><\/td>\n<td width=\"51\"><span>vanadio<\/span><\/td>\n<td width=\"43\"><span>fosforo<\/span><\/td>\n<td width=\"38\"><span>zolfo<\/span><\/td>\n<\/tr>\n<tr>\n<td rowspan=\"2\" width=\"66\"><span>XM-19<\/span><\/td>\n<td width=\"64\"><span>Valore minimo<\/span><\/td>\n<td width=\"51\">11.5<\/td>\n<td width=\"51\">20.5<\/td>\n<td width=\"51\">52.0<\/td>\n<td width=\"41\">&#8211;<\/td>\n<td width=\"51\">4.0<\/td>\n<td width=\"42\"><span>&#8211;<\/span><\/td>\n<td width=\"51\">0.2<\/td>\n<td width=\"51\">1.5<\/td>\n<td width=\"51\">0.1<\/td>\n<td width=\"51\"><span>0.1<\/span><\/td>\n<td width=\"43\"><span>&#8211;<\/span><\/td>\n<td width=\"38\"><span>&#8211;<\/span><\/td>\n<\/tr>\n<tr>\n<td width=\"64\"><span>Valore massimo<\/span><\/td>\n<td width=\"51\">13.5<\/td>\n<td width=\"51\">23.5<\/td>\n<td width=\"51\">62.0<\/td>\n<td width=\"41\">0.06<\/td>\n<td width=\"51\">6.0<\/td>\n<td width=\"42\">1.0<\/td>\n<td width=\"51\">0.4<\/td>\n<td width=\"51\">3.0<\/td>\n<td width=\"51\">0.3<\/td>\n<td width=\"51\"><span>0.3<\/span><\/td>\n<td width=\"43\">0.040<\/td>\n<td width=\"38\">0.030<\/td>\n<\/tr>\n<\/tbody>\n<\/table>\n<p><strong><span>3. XM-19\u00a0<\/span><\/strong><strong><span>prestazioni fisiche<\/span><\/strong><\/p>\n<table border=\"-\">\n<tbody>\n<tr>\n<td width=\"114\"><span>densit\u00e0<\/span><\/td>\n<td width=\"179\">7,8 g\/cm3<\/td>\n<\/tr>\n<tr>\n<td width=\"114\"><span>Punto di fusione<\/span><\/td>\n<td width=\"179\">1415-1450 \u2103<\/td>\n<\/tr>\n<\/tbody>\n<\/table>\n<p><span>\u00a0 \u00a0 \u00a0 Propriet\u00e0 meccaniche della lega XM-19 a temperatura ambiente:<\/span><\/p>\n<p>&nbsp;<\/p>\n<table border=\"-\">\n<tbody>\n<tr>\n<td width=\"83\"><span>Stato<\/span><\/td>\n<td width=\"105\"><span>Resistenza alla trazione Rm N\/mm2<\/span><\/td>\n<td width=\"105\"><span>Resistenza allo snervamento RP0,2 N\/mm2<\/span><\/td>\n<td width=\"98\"><span>Allungamento A5 %<\/span><\/td>\n<td width=\"138\"><span>Durezza Brinell\u00a0\u00a0\u00a0\u00a0\u00a0\u00a0\u00a0\u00a0\u00a0\u00a0<\/span><\/p>\n<p>HB<\/td>\n<\/tr>\n<tr>\n<td width=\"83\"><span>Stato di fusione solido<\/span><\/td>\n<td width=\"105\">690<\/td>\n<td width=\"105\">380<\/td>\n<td width=\"98\">35<\/td>\n<td width=\"138\">\u2264241<\/td>\n<\/tr>\n<\/tbody>\n<\/table>\n<p>&nbsp;<\/p>\n<p><strong><span>4. XM-19\u00a0<\/span><\/strong><strong><span>resistenza alla corrosione<\/span><\/strong><\/p>\n<ul>\n<li><span>La resistenza alla corrosione \u00e8 migliore di quella dell'acciaio inossidabile 316L e 317L e pu\u00f2 essere esposta a lungo agli ambienti atmosferici offshore. In ambienti marini tranquilli, la sua resistenza alla corrosione \u00e8 leggermente migliore di quella della lega Monel 400.<\/span><\/li>\n<li><span>Doppia resistenza alla corrosione di 304<\/span><\/li>\n<li><span>In un ambiente con cloruri caldi, \u00e8 soggetto a cricche da tensocorrosione e la sua resistenza alle cricche \u00e8 compresa tra 304 e 316.<\/span><\/li>\n<li><span>Le eccellenti propriet\u00e0 meccaniche sono mantenute a temperature elevate di 629\u2103.<\/span><\/li>\n<\/ul>\n<p><strong><span>V. XM-19\u00a0<\/span><\/strong><strong><span>campi di applicazione<\/span><\/strong><\/p>\n<ul>\n<li><span>Ambiente marino: dispositivo di desalinizzazione dell'acqua di mare, scambiatore di calore dell'acqua di mare, tubo condensatore, ecc.<\/span><\/li>\n<li><span>Ambiente ad alta concentrazione di ioni cloruro: dispositivo di desolforazione dei fumi di scarico, industria della cellulosa e della carta, vari dispositivi di sbiancamento, ecc.<\/span><\/li>\n<li><span>Ambiente contenente un'alta concentrazione di sale: apparecchiature per la produzione di resine, contenitori e tubi per reazioni chimiche, ecc.<\/span><\/li>\n<li><span>Apparecchiature per la desolforazione dei gas di scarico (FGD), torre di distillazione del greggio e riempimento di serbatoi di stoccaggio e rulli di pressione, centrali termiche, acciaierie e imprese petrolchimiche,<\/span><\/li>\n<li><span>Attrezzature farmaceutiche, attrezzature per macchinari alimentari<\/span><\/li>\n<\/ul>","protected":false},"excerpt":{"rendered":"<p>Our company&#8217;s scope of supply includes Non-standard forgings, round rods, steel plates\/steel belts, flange pipe fittings, seamless pipes, capillaries, etc. [&hellip;]<\/p>","protected":false},"featured_media":541,"template":"","meta":{"site-sidebar-layout":"default","site-content-layout":"","ast-site-content-layout":"default","site-content-style":"default","site-sidebar-style":"default","ast-global-header-display":"","ast-banner-title-visibility":"","ast-main-header-display":"","ast-hfb-above-header-display":"","ast-hfb-below-header-display":"","ast-hfb-mobile-header-display":"","site-post-title":"","ast-breadcrumbs-content":"","ast-featured-img":"","footer-sml-layout":"","theme-transparent-header-meta":"default","adv-header-id-meta":"","stick-header-meta":"","header-above-stick-meta":"","header-main-stick-meta":"","header-below-stick-meta":"","astra-migrate-meta-layouts":"set","ast-page-background-enabled":"default","ast-page-background-meta":{"desktop":{"background-color":"var(--ast-global-color-5)","background-image":"","background-repeat":"repeat","background-position":"center center","background-size":"auto","background-attachment":"scroll","background-type":"","background-media":"","overlay-type":"","overlay-color":"","overlay-opacity":"","overlay-gradient":""},"tablet":{"background-color":"","background-image":"","background-repeat":"repeat","background-position":"center center","background-size":"auto","background-attachment":"scroll","background-type":"","background-media":"","overlay-type":"","overlay-color":"","overlay-opacity":"","overlay-gradient":""},"mobile":{"background-color":"","background-image":"","background-repeat":"repeat","background-position":"center center","background-size":"auto","background-attachment":"scroll","background-type":"","background-media":"","overlay-type":"","overlay-color":"","overlay-opacity":"","overlay-gradient":""}},"ast-content-background-meta":{"desktop":{"background-color":"var(--ast-global-color-4)","background-image":"","background-repeat":"repeat","background-position":"center center","background-size":"auto","background-attachment":"scroll","background-type":"","background-media":"","overlay-type":"","overlay-color":"","overlay-opacity":"","overlay-gradient":""},"tablet":{"background-color":"var(--ast-global-color-4)","background-image":"","background-repeat":"repeat","background-position":"center center","background-size":"auto","background-attachment":"scroll","background-type":"","background-media":"","overlay-type":"","overlay-color":"","overlay-opacity":"","overlay-gradient":""},"mobile":{"background-color":"var(--ast-global-color-4)","background-image":"","background-repeat":"repeat","background-position":"center center","background-size":"auto","background-attachment":"scroll","background-type":"","background-media":"","overlay-type":"","overlay-color":"","overlay-opacity":"","overlay-gradient":""}}},"product_brand":[],"product_cat":[30],"product_tag":[],"class_list":{"0":"post-540","1":"product","2":"type-product","3":"status-publish","4":"has-post-thumbnail","6":"product_cat-advanced-stainless-steel","7":"desktop-align-left","8":"tablet-align-left","9":"mobile-align-left","11":"first","12":"instock","13":"shipping-taxable","14":"product-type-simple"},"_links":{"self":[{"href":"https:\/\/www.dura-alloy.com\/it\/wp-json\/wp\/v2\/product\/540","targetHints":{"allow":["GET"]}}],"collection":[{"href":"https:\/\/www.dura-alloy.com\/it\/wp-json\/wp\/v2\/product"}],"about":[{"href":"https:\/\/www.dura-alloy.com\/it\/wp-json\/wp\/v2\/types\/product"}],"version-history":[{"count":0,"href":"https:\/\/www.dura-alloy.com\/it\/wp-json\/wp\/v2\/product\/540\/revisions"}],"wp:featuredmedia":[{"embeddable":true,"href":"https:\/\/www.dura-alloy.com\/it\/wp-json\/wp\/v2\/media\/541"}],"wp:attachment":[{"href":"https:\/\/www.dura-alloy.com\/it\/wp-json\/wp\/v2\/media?parent=540"}],"wp:term":[{"taxonomy":"product_brand","embeddable":true,"href":"https:\/\/www.dura-alloy.com\/it\/wp-json\/wp\/v2\/product_brand?post=540"},{"taxonomy":"product_cat","embeddable":true,"href":"https:\/\/www.dura-alloy.com\/it\/wp-json\/wp\/v2\/product_cat?post=540"},{"taxonomy":"product_tag","embeddable":true,"href":"https:\/\/www.dura-alloy.com\/it\/wp-json\/wp\/v2\/product_tag?post=540"}],"curies":[{"name":"wp","href":"https:\/\/api.w.org\/{rel}","templated":true}]}}