{"id":538,"date":"2025-06-16T07:54:24","date_gmt":"2025-06-16T07:54:24","guid":{"rendered":"https:\/\/dura-alloy.com\/?post_type=product&#038;p=538"},"modified":"2025-06-16T07:54:24","modified_gmt":"2025-06-16T07:54:24","slug":"254smo","status":"publish","type":"product","link":"https:\/\/www.dura-alloy.com\/it\/prodotto\/254smo\/","title":{"rendered":"254SMO"},"content":{"rendered":"<p style=\"text-align: center;\"><strong><span>L'ambito di fornitura della nostra azienda comprende<\/span><\/strong><\/p>\n<p style=\"text-align: center;\"><strong><span>Forgiati non standard, barre tonde, piastre\/nastri in acciaio, raccordi per tubi flangiati, tubi senza saldatura, capillari, ecc. Benvenuti a chiedere informazioni!<\/span><\/strong><\/p>\n<p><strong><span>1. Introduzione ai materiali 254SMO<\/span><\/strong><\/p>\n<p><span>\u00a0 \u00a0 \u00a0 Il 254SMO \u00e8 un acciaio inossidabile austenitico. Grazie all'elevato contenuto di molibdeno, presenta una resistenza estremamente elevata alla corrosione di fossa e alla corrosione interstiziale. Tali gradi di acciaio inossidabile sono stati sviluppati e messi a punto per l'uso in ambienti contenenti alogenuri, come l'acqua di mare. Il 254SMO ha anche una buona resistenza alla corrosione uniforme. Soprattutto tra gli acidi contenenti alogenuri, questo acciaio \u00e8 migliore dell'acciaio inossidabile ordinario.<\/span><\/p>\n<p><strong><span>2. 254SMO composizione chimica<\/span><\/strong><\/p>\n<table border=\"-\" width=\"1120\">\n<tbody>\n<tr>\n<td width=\"97\"><span>lega<\/span><\/td>\n<td width=\"64\">%<\/td>\n<td width=\"51\"><span>Cromo Cr<\/span><\/td>\n<td width=\"51\"><span>Carbonio C<\/span><\/td>\n<td width=\"51\"><span>Silicio Si<\/span><\/td>\n<td width=\"51\"><span>Fosforo P<\/span><\/td>\n<td width=\"51\"><span>Zolfo S<\/span><\/td>\n<td width=\"51\"><span>Ni<\/span><\/td>\n<td width=\"51\"><span>Pietra Mo<\/span><\/td>\n<td width=\"51\"><span>Con<\/span><\/td>\n<td width=\"51\"><span>Azoto N<\/span><\/td>\n<td width=\"51\"><span>Cosa<\/span><\/td>\n<\/tr>\n<tr>\n<td rowspan=\"2\" width=\"97\"><span>254smo<\/span><\/td>\n<td width=\"64\"><span>Valore minimo<\/span><\/td>\n<td width=\"51\">19.5<\/td>\n<td width=\"51\">&#8211;<\/td>\n<td width=\"51\"><span>&#8211;<\/span><\/td>\n<td width=\"51\"><span>&#8211;<\/span><\/td>\n<td width=\"51\"><span>&#8211;<\/span><\/td>\n<td width=\"51\">17.5<\/td>\n<td width=\"51\">6.0<\/td>\n<td width=\"51\">0.5<\/td>\n<td width=\"51\">0.18<\/td>\n<td width=\"51\">0.03<\/td>\n<\/tr>\n<tr>\n<td width=\"64\"><span>Valore massimo<\/span><\/td>\n<td width=\"51\">20.5<\/td>\n<td width=\"51\">0.02<\/td>\n<td width=\"51\">0.80<\/td>\n<td width=\"51\">0.030<\/td>\n<td width=\"51\">0.010<\/td>\n<td width=\"51\">18.5<\/td>\n<td width=\"51\">6.5<\/td>\n<td width=\"51\">1.0<\/td>\n<td width=\"51\">0.20<\/td>\n<td width=\"51\">0.08<\/td>\n<\/tr>\n<\/tbody>\n<\/table>\n<p><strong><span>3. 254SMO propriet\u00e0 fisiche<\/span><\/strong><\/p>\n<p><span>Densit\u00e0: 8,24 g\/cm3,<\/span><\/p>\n<p><span>Punto di fusione: 1320-1390 \u2103,<\/span><\/p>\n<p><span>Magnetico: Nessuno<\/span><\/p>\n<p><strong><span>4. Resistenza alla corrosione 254SMO<\/span><\/strong><\/p>\n<p><span>\u00a0 \u00a0 \u00a0 Il 254SMO ha anche una buona resistenza alla corrosione uniforme. Soprattutto tra gli acidi contenenti alogenuri, questo acciaio \u00e8 migliore dell'acciaio inossidabile ordinario. Il suo contenuto di C \u00e8 &lt;0,03%, quindi \u00e8 chiamato acciaio inossidabile austenitico puro (&lt;0,01% \u00e8 anche chiamato acciaio inossidabile super austenitico).<\/span><\/p>\n<p><span>\u00a0 \u00a0 \u00a0 L'acciaio super inossidabile \u00e8 un acciaio inossidabile speciale. Innanzitutto, \u00e8 diverso dall'acciaio inossidabile ordinario in termini di composizione chimica. Si tratta di un acciaio inossidabile ad alta lega contenente un alto contenuto di nichel, cromo e molibdeno. Tra questi, il pi\u00f9 famoso \u00e8 il 254SMo contenente 6%Mo. Questo tipo di acciaio ha un'ottima resistenza alla corrosione locale. Presenta una buona resistenza alla vaiolatura (PI \u226540) e una buona resistenza alla tensocorrosione in condizioni di acqua di mare, inflazione, interstizi ed erosione a bassa velocit\u00e0. \u00c8 un sostituto delle leghe a base di Ni e delle leghe di titanio. In secondo luogo, in termini di resistenza alle alte temperature o alla corrosione, presenta una migliore resistenza alle alte temperature o alla corrosione ed \u00e8 insostituibile rispetto all'acciaio inossidabile 304. Inoltre, in termini di classificazione degli acciai inossidabili, la struttura metallografica degli acciai inossidabili speciali \u00e8 una struttura metallografica stabile di austenite.<\/span><\/p>\n<p><strong><span>V. Campi di applicazione 254SMO<\/span><\/strong><\/p>\n<ul>\n<li><span>Oceano: strutture marine dell'ambiente marino, desalinizzazione dell'acqua marina, acquacoltura dell'acqua marina, scambio di calore dell'acqua marina, ecc.<\/span><\/li>\n<li><span>Settore della protezione ambientale: dispositivi di desolforazione dei fumi per la produzione di energia termica, trattamento delle acque reflue, ecc.<\/span><\/li>\n<li><span>Settore energetico: produzione di energia atomica, utilizzo completo del carbone, produzione di energia dalle maree, ecc.<\/span><\/li>\n<li><span>Settore petrolchimico: raffinazione del petrolio, attrezzature chimiche e chimiche, ecc.<\/span><\/li>\n<\/ul>","protected":false},"excerpt":{"rendered":"<p>Our company&#8217;s scope of supply includes Non-standard forgings, round rods, steel plates\/steel belts, flange pipe fittings, seamless pipes, capillaries, etc. [&hellip;]<\/p>","protected":false},"featured_media":539,"template":"","meta":{"site-sidebar-layout":"default","site-content-layout":"","ast-site-content-layout":"default","site-content-style":"default","site-sidebar-style":"default","ast-global-header-display":"","ast-banner-title-visibility":"","ast-main-header-display":"","ast-hfb-above-header-display":"","ast-hfb-below-header-display":"","ast-hfb-mobile-header-display":"","site-post-title":"","ast-breadcrumbs-content":"","ast-featured-img":"","footer-sml-layout":"","theme-transparent-header-meta":"default","adv-header-id-meta":"","stick-header-meta":"","header-above-stick-meta":"","header-main-stick-meta":"","header-below-stick-meta":"","astra-migrate-meta-layouts":"set","ast-page-background-enabled":"default","ast-page-background-meta":{"desktop":{"background-color":"var(--ast-global-color-5)","background-image":"","background-repeat":"repeat","background-position":"center center","background-size":"auto","background-attachment":"scroll","background-type":"","background-media":"","overlay-type":"","overlay-color":"","overlay-opacity":"","overlay-gradient":""},"tablet":{"background-color":"","background-image":"","background-repeat":"repeat","background-position":"center center","background-size":"auto","background-attachment":"scroll","background-type":"","background-media":"","overlay-type":"","overlay-color":"","overlay-opacity":"","overlay-gradient":""},"mobile":{"background-color":"","background-image":"","background-repeat":"repeat","background-position":"center center","background-size":"auto","background-attachment":"scroll","background-type":"","background-media":"","overlay-type":"","overlay-color":"","overlay-opacity":"","overlay-gradient":""}},"ast-content-background-meta":{"desktop":{"background-color":"var(--ast-global-color-4)","background-image":"","background-repeat":"repeat","background-position":"center center","background-size":"auto","background-attachment":"scroll","background-type":"","background-media":"","overlay-type":"","overlay-color":"","overlay-opacity":"","overlay-gradient":""},"tablet":{"background-color":"var(--ast-global-color-4)","background-image":"","background-repeat":"repeat","background-position":"center center","background-size":"auto","background-attachment":"scroll","background-type":"","background-media":"","overlay-type":"","overlay-color":"","overlay-opacity":"","overlay-gradient":""},"mobile":{"background-color":"var(--ast-global-color-4)","background-image":"","background-repeat":"repeat","background-position":"center center","background-size":"auto","background-attachment":"scroll","background-type":"","background-media":"","overlay-type":"","overlay-color":"","overlay-opacity":"","overlay-gradient":""}}},"product_brand":[],"product_cat":[30],"product_tag":[],"class_list":{"0":"post-538","1":"product","2":"type-product","3":"status-publish","4":"has-post-thumbnail","6":"product_cat-advanced-stainless-steel","7":"desktop-align-left","8":"tablet-align-left","9":"mobile-align-left","11":"first","12":"instock","13":"shipping-taxable","14":"product-type-simple"},"_links":{"self":[{"href":"https:\/\/www.dura-alloy.com\/it\/wp-json\/wp\/v2\/product\/538","targetHints":{"allow":["GET"]}}],"collection":[{"href":"https:\/\/www.dura-alloy.com\/it\/wp-json\/wp\/v2\/product"}],"about":[{"href":"https:\/\/www.dura-alloy.com\/it\/wp-json\/wp\/v2\/types\/product"}],"version-history":[{"count":0,"href":"https:\/\/www.dura-alloy.com\/it\/wp-json\/wp\/v2\/product\/538\/revisions"}],"wp:featuredmedia":[{"embeddable":true,"href":"https:\/\/www.dura-alloy.com\/it\/wp-json\/wp\/v2\/media\/539"}],"wp:attachment":[{"href":"https:\/\/www.dura-alloy.com\/it\/wp-json\/wp\/v2\/media?parent=538"}],"wp:term":[{"taxonomy":"product_brand","embeddable":true,"href":"https:\/\/www.dura-alloy.com\/it\/wp-json\/wp\/v2\/product_brand?post=538"},{"taxonomy":"product_cat","embeddable":true,"href":"https:\/\/www.dura-alloy.com\/it\/wp-json\/wp\/v2\/product_cat?post=538"},{"taxonomy":"product_tag","embeddable":true,"href":"https:\/\/www.dura-alloy.com\/it\/wp-json\/wp\/v2\/product_tag?post=538"}],"curies":[{"name":"wp","href":"https:\/\/api.w.org\/{rel}","templated":true}]}}