{"id":533,"date":"2025-06-16T07:49:53","date_gmt":"2025-06-16T07:49:53","guid":{"rendered":"https:\/\/dura-alloy.com\/?post_type=product&#038;p=533"},"modified":"2025-06-16T07:49:53","modified_gmt":"2025-06-16T07:49:53","slug":"1-4529","status":"publish","type":"product","link":"https:\/\/www.dura-alloy.com\/it\/prodotto\/1-4529\/","title":{"rendered":"1.4529"},"content":{"rendered":"<p style=\"text-align: center;\"><strong><span>L'ambito di fornitura della nostra azienda comprende<\/span><\/strong><\/p>\n<p style=\"text-align: center;\"><strong><span>Forgiati non standard, barre tonde, piastre\/nastri in acciaio, raccordi per tubi flangiati, tubi senza saldatura, capillari, ecc. Benvenuti a chiedere informazioni!<\/span><\/strong><\/p>\n<p><strong><span>1. Introduzione a 1.4529<\/span><\/strong><\/p>\n<p><span>\u00a0 \u00a0 L'1.4529 ha una resistenza molto elevata alla corrosione per vaiolatura e interstiziale in mezzi alogenati e in ambienti contenenti idrogeno e zolfo e pu\u00f2 resistere efficacemente alla corrosione da stress degli ioni cloruro. Presenta inoltre una buona resistenza alla corrosione in ambienti ossidativi e riducenti, una buona stabilit\u00e0 e propriet\u00e0 meccaniche leggermente migliori rispetto al 904L. Pu\u00f2 essere utilizzato per la produzione di recipienti a pressione da -196 a 400\u2103.<\/span><\/p>\n<p><span>2,\u00a0<\/span><strong><span>1,4529 Ingredienti chimici<\/span><\/strong><\/p>\n<p><span>1.4529 grado corrispondente: 25-6Mo, 1.4529 (UNS N08926)<\/span><\/p>\n<p><span>Termini generali domestici: 1,4529, lega di desolforazione e denitrificazione, Cronifer1925hMo<\/span><\/p>\n<p><span>Ingredienti principali: 20Cr-25Ni-6Mo-1Cu-0.2N<\/span><\/p>\n<p><span>Propriet\u00e0 meccaniche: Resistenza alla trazione: \u03c3b\u2265650Mpa; Allungamento: \u03b4\u226535%<\/span><\/p>\n<p><strong><span>III. 1.4529 Descrizione del materiale<\/span><\/strong><\/p>\n<p><span>\u00a0 \u00a0 \u00a0 1.4529 (UNS N08926) ha una resistenza molto elevata alla corrosione per vaiolatura e interstiziale in mezzi alogenati e in ambienti acidi a base di idrogeno e zolfo e pu\u00f2 resistere efficacemente alla corrosione da stress degli ioni cloruro. Presenta inoltre una buona resistenza alla corrosione in ambienti ossidativi e riducenti, una buona stabilit\u00e0 e propriet\u00e0 meccaniche leggermente migliori rispetto al 904L. Pu\u00f2 essere utilizzato per la produzione di recipienti a pressione da -196 a 400\u2103.<\/span><\/p>\n<p><span>Condizioni di lavoro tipiche: Acido solforico 60%, sotto gli 80\u2103, tasso di corrosione annuale &lt;0,1mm<\/span><\/p>\n<p><strong><span>IV. Campi di applicazione<\/span><\/strong><\/p>\n<p><span>\u00a0 \u00a0 \u00a0 Dispositivo di desolforazione dei gas di scarico, evaporatore, scambiatore di calore, filtro e miscelatore per la produzione di acido fosforico, dispositivo di trasporto dell'acido solforico, condensatore, sistema di estinzione degli incendi, sistema di filtrazione dell'acqua di mare, sistema di condotte idrauliche e di rifornimento nell'industria offshore, sistema di pasta di cellulosa, condensatore per l'evaporazione del sale, sistema di condotte per l'acqua di raffreddamento della centrale elettrica, dispositivo di desalinizzazione dell'acqua di mare a osmosi inversa, serbatoio di stoccaggio per il trasporto di prodotti chimici corrosivi, attrezzature per la produzione di sostanze organiche catalizzate da acidi alogeni, ecc.<\/span><\/p>\n<p><strong><span>Materiali di supporto per la saldatura: ERNiCrMo-3, ERNiCrMo-3<\/span><\/strong><\/p>","protected":false},"excerpt":{"rendered":"<p>Our company&#8217;s scope of supply includes Non-standard forgings, round rods, steel plates\/steel belts, flange pipe fittings, seamless pipes, capillaries, etc. [&hellip;]<\/p>","protected":false},"featured_media":534,"template":"","meta":{"site-sidebar-layout":"default","site-content-layout":"","ast-site-content-layout":"default","site-content-style":"default","site-sidebar-style":"default","ast-global-header-display":"","ast-banner-title-visibility":"","ast-main-header-display":"","ast-hfb-above-header-display":"","ast-hfb-below-header-display":"","ast-hfb-mobile-header-display":"","site-post-title":"","ast-breadcrumbs-content":"","ast-featured-img":"","footer-sml-layout":"","theme-transparent-header-meta":"default","adv-header-id-meta":"","stick-header-meta":"","header-above-stick-meta":"","header-main-stick-meta":"","header-below-stick-meta":"","astra-migrate-meta-layouts":"set","ast-page-background-enabled":"default","ast-page-background-meta":{"desktop":{"background-color":"var(--ast-global-color-5)","background-image":"","background-repeat":"repeat","background-position":"center center","background-size":"auto","background-attachment":"scroll","background-type":"","background-media":"","overlay-type":"","overlay-color":"","overlay-opacity":"","overlay-gradient":""},"tablet":{"background-color":"","background-image":"","background-repeat":"repeat","background-position":"center center","background-size":"auto","background-attachment":"scroll","background-type":"","background-media":"","overlay-type":"","overlay-color":"","overlay-opacity":"","overlay-gradient":""},"mobile":{"background-color":"","background-image":"","background-repeat":"repeat","background-position":"center center","background-size":"auto","background-attachment":"scroll","background-type":"","background-media":"","overlay-type":"","overlay-color":"","overlay-opacity":"","overlay-gradient":""}},"ast-content-background-meta":{"desktop":{"background-color":"var(--ast-global-color-4)","background-image":"","background-repeat":"repeat","background-position":"center center","background-size":"auto","background-attachment":"scroll","background-type":"","background-media":"","overlay-type":"","overlay-color":"","overlay-opacity":"","overlay-gradient":""},"tablet":{"background-color":"var(--ast-global-color-4)","background-image":"","background-repeat":"repeat","background-position":"center center","background-size":"auto","background-attachment":"scroll","background-type":"","background-media":"","overlay-type":"","overlay-color":"","overlay-opacity":"","overlay-gradient":""},"mobile":{"background-color":"var(--ast-global-color-4)","background-image":"","background-repeat":"repeat","background-position":"center center","background-size":"auto","background-attachment":"scroll","background-type":"","background-media":"","overlay-type":"","overlay-color":"","overlay-opacity":"","overlay-gradient":""}}},"product_brand":[],"product_cat":[30],"product_tag":[],"class_list":{"0":"post-533","1":"product","2":"type-product","3":"status-publish","4":"has-post-thumbnail","6":"product_cat-advanced-stainless-steel","7":"desktop-align-left","8":"tablet-align-left","9":"mobile-align-left","11":"first","12":"instock","13":"shipping-taxable","14":"product-type-simple"},"_links":{"self":[{"href":"https:\/\/www.dura-alloy.com\/it\/wp-json\/wp\/v2\/product\/533","targetHints":{"allow":["GET"]}}],"collection":[{"href":"https:\/\/www.dura-alloy.com\/it\/wp-json\/wp\/v2\/product"}],"about":[{"href":"https:\/\/www.dura-alloy.com\/it\/wp-json\/wp\/v2\/types\/product"}],"version-history":[{"count":0,"href":"https:\/\/www.dura-alloy.com\/it\/wp-json\/wp\/v2\/product\/533\/revisions"}],"wp:featuredmedia":[{"embeddable":true,"href":"https:\/\/www.dura-alloy.com\/it\/wp-json\/wp\/v2\/media\/534"}],"wp:attachment":[{"href":"https:\/\/www.dura-alloy.com\/it\/wp-json\/wp\/v2\/media?parent=533"}],"wp:term":[{"taxonomy":"product_brand","embeddable":true,"href":"https:\/\/www.dura-alloy.com\/it\/wp-json\/wp\/v2\/product_brand?post=533"},{"taxonomy":"product_cat","embeddable":true,"href":"https:\/\/www.dura-alloy.com\/it\/wp-json\/wp\/v2\/product_cat?post=533"},{"taxonomy":"product_tag","embeddable":true,"href":"https:\/\/www.dura-alloy.com\/it\/wp-json\/wp\/v2\/product_tag?post=533"}],"curies":[{"name":"wp","href":"https:\/\/api.w.org\/{rel}","templated":true}]}}