{"id":530,"date":"2025-06-16T07:38:15","date_gmt":"2025-06-16T07:38:15","guid":{"rendered":"https:\/\/dura-alloy.com\/?post_type=product&#038;p=530"},"modified":"2025-06-16T07:38:15","modified_gmt":"2025-06-16T07:38:15","slug":"7a09","status":"publish","type":"product","link":"https:\/\/www.dura-alloy.com\/it\/prodotto\/7a09\/","title":{"rendered":"7A09"},"content":{"rendered":"<p style=\"text-align: center;\"><strong><span>Ambito di fornitura del Gruppo Aviation:<\/span><\/strong><\/p>\n<p style=\"text-align: center;\"><strong><span>Pu\u00f2 essere personalizzato non standard, piastra di alluminio (piastra intera \/ taglio), asta di alluminio, forgiati di alluminio, tubi di alluminio, profili di alluminio, ecc. Benvenuti a chiedere informazioni!<\/span><\/strong><\/p>\n<p><strong><span>1. Introduzione a\u00a0<\/span><\/strong><strong><span>7A09\u00a0<\/span><\/strong><strong><span>I materiali<\/span><\/strong><\/p>\n<p><span>La 7A09 appartiene all'alluminio superduro Al-Zn-Mg-Cu. Questa lega \u00e8 una lega di alluminio ad altissima resistenza alla deformazione che \u00e8 stata utilizzata nell'industria aeronautica alla fine degli anni '40 ed \u00e8 ancora ampiamente utilizzata nell'industria aeronautica. Le sue caratteristiche sono: buona plasticit\u00e0 dopo il trattamento in soluzione solida, effetto di rafforzamento particolarmente buono del trattamento termico, elevata resistenza al di sotto dei 150\u2103 e resistenza particolarmente buona alle basse temperature; scarse prestazioni di saldatura; tendenza alla criccatura da corrosione sotto sforzo; necessit\u00e0 di essere utilizzata con rivestimento in alluminio o altro trattamento protettivo. L'invecchiamento a doppio stadio pu\u00f2 migliorare la capacit\u00e0 della lega di resistere alle cricche da tensocorrosione. La plasticit\u00e0 negli stati di ricottura e tempra rigida \u00e8 leggermente inferiore a quella dello stesso stato 2A12. \u00c8 leggermente migliore rispetto alla 7A04. La fatica statica, la sensibilit\u00e0 all'intaglio della piastra e le prestazioni di corrosione sotto sforzo sono migliori rispetto alla 7A04.<\/span><\/p>\n<p><strong><span>2.\u00a0<\/span><\/strong><strong><span>7A09\u00a0<\/span><\/strong><strong><span>composizione chimica<\/span><\/strong><\/p>\n<table border=\"-\" width=\"1120\">\n<tbody>\n<tr>\n<td colspan=\"2\" width=\"103\"><span>Medaglia in lega<\/span><\/td>\n<td width=\"39\"><span>silicio<\/span><\/p>\n<p><span>E<\/span><\/td>\n<td width=\"38\"><span>ferro<\/span><\/p>\n<p>Fe<\/td>\n<td width=\"52\"><span>rame<\/span><\/p>\n<p>Cu<\/td>\n<td width=\"49\"><span>manganese<\/span><\/p>\n<p>Mn<\/td>\n<td width=\"50\"><span>magnesio<\/span><\/p>\n<p>Mg<\/td>\n<td width=\"48\"><span>cromo<\/span><\/p>\n<p>Cr<\/td>\n<td width=\"49\"><span>Zinco<\/span><\/p>\n<p>Zn<\/td>\n<td width=\"51\"><span>titanio<\/span><\/p>\n<p><span>Di<\/span><\/td>\n<td colspan=\"2\" width=\"90\"><span>altro<\/span><\/td>\n<td width=\"49\"><span>alluminio<\/span><\/p>\n<p>AL<\/td>\n<\/tr>\n<tr>\n<td width=\"51\"><span>Nuovo grado<\/span><\/td>\n<td width=\"51\"><span>Vecchio marchio<\/span><\/td>\n<td rowspan=\"2\" width=\"39\">0.5<\/td>\n<td rowspan=\"2\" width=\"38\"><span>0.5<\/span><\/td>\n<td rowspan=\"2\" width=\"52\">1.2-2.0<\/td>\n<td rowspan=\"2\" width=\"49\">0.15<\/td>\n<td rowspan=\"2\" width=\"50\">2.0-3.0<\/td>\n<td rowspan=\"2\" width=\"48\">0.16-0.30<\/td>\n<td rowspan=\"2\" width=\"49\">5.1-6.1<\/td>\n<td rowspan=\"2\" width=\"51\">0.10<\/td>\n<td width=\"46\"><span>Ciascuno<\/span><\/td>\n<td width=\"44\"><span>totale<\/span><\/td>\n<td rowspan=\"2\" width=\"49\"><span>margine<\/span><\/td>\n<\/tr>\n<tr>\n<td width=\"51\"><span>7a09<\/span><\/td>\n<td width=\"51\"><span>LC9<\/span><\/td>\n<td width=\"46\">0.05<\/td>\n<td width=\"44\"><span>0.10<\/span><\/td>\n<\/tr>\n<\/tbody>\n<\/table>\n<p><strong>\u00a0<\/strong><strong><span>3.\u00a0<\/span><\/strong><span><strong>Propriet\u00e0 e caratteristiche fisiche\u00a0<\/strong><\/span><strong><span>di 7A09<\/span><\/strong><\/p>\n<table border=\"-\">\n<tbody>\n<tr>\n<td><span>Grado e stato della lega di alluminio<\/span><\/td>\n<td><span>resistenza alla trazione<\/span><\/p>\n<p>Rm\/Mpa<\/td>\n<td><span>Rendimento del rendimento<\/span><\/p>\n<p>Rp0,2\/Mpa<\/td>\n<td><span>Allungamento\/%<\/span><\/td>\n<td><span>Durezza\/HBW\u03b1<\/span><\/td>\n<td><span>densit\u00e0<\/span><\/p>\n<p><span>(20 \u2103) (g \/ cm3)<\/span><\/td>\n<\/tr>\n<tr>\n<td><span>709-T6<\/span><\/td>\n<td>490<\/td>\n<td>410<\/td>\n<td>7<\/td>\n<td>150<\/td>\n<td>2.9<\/td>\n<\/tr>\n<\/tbody>\n<\/table>\n<p><strong><span>IV.\u00a0<\/span><\/strong><strong><span>7A09\u00a0<\/span><\/strong><strong><span>campi di applicazione<\/span><\/strong><\/p>\n<p><span>Il 7A09 \u00e8 utilizzato principalmente per la produzione di strutture aeronautiche e di altre parti strutturali soggette a forti sollecitazioni che richiedono un'elevata forza e resistenza alla corrosione, come i pannelli delle pareti superiori e inferiori delle ali degli aerei, i longheroni, ecc. Ha una buona plasticit\u00e0 dopo il trattamento in soluzione solida, un buon effetto di rafforzamento del trattamento termico e una buona resistenza al di sotto dei 150 gradi. \u00c8 inoltre ampiamente utilizzato nella lavorazione degli stampi, nelle attrezzature meccaniche, nelle attrezzature e nei dispositivi, nell'industria aerospaziale, negli stampi per saldatura plastica a ultrasuoni, nelle teste delle palline da golf, negli stampi per scarpe, negli stampi per carta, negli stampi per schiuma, negli stampi per la rimozione della cera, nelle attrezzature meccaniche, nei pannelli a parete degli aerei, nelle travi anteriori, nei giunti, nei pilastri e nei carrelli di atterraggio e in altre parti strutturali, negli stampi, negli strumenti di bellezza, nei gusci dei notebook, nei componenti ad alta resistenza, nei forgiati pesanti, ecc.<\/span><\/p>","protected":false},"excerpt":{"rendered":"<p>Scope of supply of Aviation Group: It can be customized non-standard, aluminum plate (whole plate\/cut), aluminum rod, aluminum forgings, aluminum [&hellip;]<\/p>","protected":false},"featured_media":531,"template":"","meta":{"site-sidebar-layout":"default","site-content-layout":"","ast-site-content-layout":"default","site-content-style":"default","site-sidebar-style":"default","ast-global-header-display":"","ast-banner-title-visibility":"","ast-main-header-display":"","ast-hfb-above-header-display":"","ast-hfb-below-header-display":"","ast-hfb-mobile-header-display":"","site-post-title":"","ast-breadcrumbs-content":"","ast-featured-img":"","footer-sml-layout":"","theme-transparent-header-meta":"default","adv-header-id-meta":"","stick-header-meta":"","header-above-stick-meta":"","header-main-stick-meta":"","header-below-stick-meta":"","astra-migrate-meta-layouts":"set","ast-page-background-enabled":"default","ast-page-background-meta":{"desktop":{"background-color":"var(--ast-global-color-5)","background-image":"","background-repeat":"repeat","background-position":"center center","background-size":"auto","background-attachment":"scroll","background-type":"","background-media":"","overlay-type":"","overlay-color":"","overlay-opacity":"","overlay-gradient":""},"tablet":{"background-color":"","background-image":"","background-repeat":"repeat","background-position":"center center","background-size":"auto","background-attachment":"scroll","background-type":"","background-media":"","overlay-type":"","overlay-color":"","overlay-opacity":"","overlay-gradient":""},"mobile":{"background-color":"","background-image":"","background-repeat":"repeat","background-position":"center center","background-size":"auto","background-attachment":"scroll","background-type":"","background-media":"","overlay-type":"","overlay-color":"","overlay-opacity":"","overlay-gradient":""}},"ast-content-background-meta":{"desktop":{"background-color":"var(--ast-global-color-4)","background-image":"","background-repeat":"repeat","background-position":"center center","background-size":"auto","background-attachment":"scroll","background-type":"","background-media":"","overlay-type":"","overlay-color":"","overlay-opacity":"","overlay-gradient":""},"tablet":{"background-color":"var(--ast-global-color-4)","background-image":"","background-repeat":"repeat","background-position":"center center","background-size":"auto","background-attachment":"scroll","background-type":"","background-media":"","overlay-type":"","overlay-color":"","overlay-opacity":"","overlay-gradient":""},"mobile":{"background-color":"var(--ast-global-color-4)","background-image":"","background-repeat":"repeat","background-position":"center center","background-size":"auto","background-attachment":"scroll","background-type":"","background-media":"","overlay-type":"","overlay-color":"","overlay-opacity":"","overlay-gradient":""}}},"product_brand":[],"product_cat":[29],"product_tag":[],"class_list":{"0":"post-530","1":"product","2":"type-product","3":"status-publish","4":"has-post-thumbnail","6":"product_cat-aviation-aluminum-alloy","7":"desktop-align-left","8":"tablet-align-left","9":"mobile-align-left","11":"first","12":"instock","13":"shipping-taxable","14":"product-type-simple"},"_links":{"self":[{"href":"https:\/\/www.dura-alloy.com\/it\/wp-json\/wp\/v2\/product\/530","targetHints":{"allow":["GET"]}}],"collection":[{"href":"https:\/\/www.dura-alloy.com\/it\/wp-json\/wp\/v2\/product"}],"about":[{"href":"https:\/\/www.dura-alloy.com\/it\/wp-json\/wp\/v2\/types\/product"}],"version-history":[{"count":0,"href":"https:\/\/www.dura-alloy.com\/it\/wp-json\/wp\/v2\/product\/530\/revisions"}],"wp:featuredmedia":[{"embeddable":true,"href":"https:\/\/www.dura-alloy.com\/it\/wp-json\/wp\/v2\/media\/531"}],"wp:attachment":[{"href":"https:\/\/www.dura-alloy.com\/it\/wp-json\/wp\/v2\/media?parent=530"}],"wp:term":[{"taxonomy":"product_brand","embeddable":true,"href":"https:\/\/www.dura-alloy.com\/it\/wp-json\/wp\/v2\/product_brand?post=530"},{"taxonomy":"product_cat","embeddable":true,"href":"https:\/\/www.dura-alloy.com\/it\/wp-json\/wp\/v2\/product_cat?post=530"},{"taxonomy":"product_tag","embeddable":true,"href":"https:\/\/www.dura-alloy.com\/it\/wp-json\/wp\/v2\/product_tag?post=530"}],"curies":[{"name":"wp","href":"https:\/\/api.w.org\/{rel}","templated":true}]}}