{"id":523,"date":"2025-06-16T07:14:27","date_gmt":"2025-06-16T07:14:27","guid":{"rendered":"https:\/\/dura-alloy.com\/?post_type=product&#038;p=523"},"modified":"2025-06-16T07:14:27","modified_gmt":"2025-06-16T07:14:27","slug":"7075","status":"publish","type":"product","link":"https:\/\/www.dura-alloy.com\/it\/prodotto\/7075\/","title":{"rendered":"7075"},"content":{"rendered":"<p style=\"text-align: center;\"><strong><span>Ambito di fornitura del Gruppo Aviation:<\/span><\/strong><\/p>\n<p style=\"text-align: center;\"><strong><span>Pu\u00f2 essere personalizzato non standard, piastra di alluminio (piastra intera \/ taglio), asta di alluminio, forgiati di alluminio, tubi di alluminio, profili di alluminio, ecc. Benvenuti a chiedere informazioni!<\/span><\/strong><\/p>\n<p>&nbsp;<\/p>\n<p><strong><span>1. Introduzione a\u00a0<\/span><\/strong><strong><span>7075\u00a0<\/span><\/strong><strong><span>I materiali<\/span><\/strong><\/p>\n<p><span>\u00a0 \u00a0 \u00a0 La lega di alluminio 7075 \u00e8 una lega forgiata trattata a freddo ad alta resistenza, di gran lunga superiore all'acciaio dolce. La 7075 \u00e8 una delle leghe pi\u00f9 potenti utilizzate in ambito commerciale. Dopo il trattamento termico, pu\u00f2 raggiungere caratteristiche di resistenza molto elevate. Il materiale 7075 viene generalmente addizionato con una piccola quantit\u00e0 di rame, cromo e altre leghe. Tra le varie serie, la lega di alluminio 7075-T651 \u00e8 particolarmente pregiata. \u00c8 conosciuta come il miglior prodotto tra le leghe di alluminio, con un'elevata resistenza e di gran lunga superiore a qualsiasi acciaio dolce. Questa lega ha buone propriet\u00e0 meccaniche e di reazione anodica.<\/span><\/p>\n<p><span>\u00a0 \u00a0 \u00a0 La 7075 contiene principalmente zinco. Appartiene anche alla serie aeronautica, \u00e8 una lega di alluminio-magnesio-zinco-rame, una lega trattata termicamente e ha una buona resistenza all'usura. La piastra di alluminio 7075 \u00e8 priva di tensioni e non si deforma o si deforma dopo la lavorazione. Tutte le lastre di alluminio 7075 super-grandi e super-spesse sono rilevate da onde ultrasoniche, che possono garantire l'assenza di fori di sabbia e impurit\u00e0. La lastra di alluminio 7075 ha un'elevata conducibilit\u00e0 termica, che consente di abbreviare i tempi di formatura e di migliorare l'efficienza di lavoro. La caratteristica principale \u00e8 che la 7075 \u00e8 una lega di alluminio ad alta durezza e ad alta resistenza, spesso utilizzata per la produzione di strutture aeronautiche e future. Richiede parti strutturali ad alta sollecitazione e la produzione di stampi ad alta resistenza e resistenza alla corrosione.<\/span><\/p>\n<p><strong><span>2,\u00a0<\/span><\/strong><strong><span>7075\u00a0<\/span><\/strong><strong><span>Ingredienti chimici<\/span><\/strong><\/p>\n<table border=\"-\">\n<tbody>\n<tr>\n<td colspan=\"2\" width=\"106\"><span>Medaglia in lega<\/span><\/td>\n<td width=\"50\"><span>silicio<\/span><\/p>\n<p><span>E<\/span><\/td>\n<td width=\"50\"><span>ferro<\/span><\/p>\n<p>Fe<\/td>\n<td width=\"51\"><span>rame<\/span><\/p>\n<p>Cu<\/td>\n<td width=\"48\"><span>manganese<\/span><\/p>\n<p>Mn<\/td>\n<td width=\"49\"><span>magnesio<\/span><\/p>\n<p>Mg<\/td>\n<td width=\"47\"><span>cromo<\/span><\/p>\n<p>Cr<\/td>\n<td width=\"48\"><span>Zinco<\/span><\/p>\n<p>Zn<\/td>\n<td width=\"47\"><span>titanio<\/span><\/p>\n<p><span>Di<\/span><\/td>\n<td colspan=\"2\" width=\"91\"><span>altro<\/span><\/td>\n<td width=\"49\"><span>alluminio<\/span><\/p>\n<p>AL<\/td>\n<\/tr>\n<tr>\n<td width=\"53\"><span>Nuovo grado<\/span><\/td>\n<td width=\"53\"><span>Vecchio marchio<\/span><\/td>\n<td rowspan=\"2\" width=\"50\">0.4<\/td>\n<td rowspan=\"2\" width=\"50\">0.5<\/td>\n<td rowspan=\"2\" width=\"51\">1.2-2.0<\/td>\n<td rowspan=\"2\" width=\"48\">0.3<\/td>\n<td rowspan=\"2\" width=\"49\">2.1-2.9<\/td>\n<td rowspan=\"2\" width=\"47\">0.18-0.28<\/td>\n<td rowspan=\"2\" width=\"48\">5.1-6.1<\/td>\n<td rowspan=\"2\" width=\"47\">0.2<\/td>\n<td width=\"46\"><span>Ciascuno<\/span><\/td>\n<td width=\"44\"><span>totale<\/span><\/td>\n<td rowspan=\"2\" width=\"49\"><span>margine<\/span><\/td>\n<\/tr>\n<tr>\n<td width=\"53\">7075<\/td>\n<td width=\"53\">&#8211;<\/td>\n<td width=\"46\">0.05<\/td>\n<td width=\"44\">0.15<\/td>\n<\/tr>\n<\/tbody>\n<\/table>\n<p><strong>\u00a0<\/strong><strong><span>3.\u00a0<\/span><\/strong><strong><span>7075\u00a0<\/span><\/strong><strong><span>propriet\u00e0 e caratteristiche fisiche<\/span><\/strong><\/p>\n<table border=\"-\">\n<tbody>\n<tr>\n<td width=\"99\"><span>Grado e stato della lega di alluminio<\/span><\/td>\n<td width=\"109\"><span>resistenza alla trazione<\/span><\/p>\n<p>Rm\/Mpa<\/td>\n<td width=\"101\"><span>Rendimento del rendimento<\/span><\/p>\n<p>Rp0,2\/Mpa<\/td>\n<td width=\"98\"><span>Allungamento\/%<\/span><\/td>\n<td width=\"104\"><span>Durezza\/HBW\u03b1<\/span><\/td>\n<td width=\"108\"><span>densit\u00e0<\/span><\/p>\n<p><span>(20 \u2103) (g \/ cm3)<\/span><\/td>\n<\/tr>\n<tr>\n<td width=\"99\"><span>7075-T6<\/span><\/td>\n<td width=\"109\">572<\/td>\n<td width=\"101\">503<\/td>\n<td width=\"98\">11<\/td>\n<td width=\"104\">150<\/td>\n<td width=\"108\">2.9<\/td>\n<\/tr>\n<\/tbody>\n<\/table>\n<p><strong><span>7075\u00a0<\/span><\/strong><strong><span>caratteristiche della lega di alluminio<\/span><\/strong><\/p>\n<p><span>1. Lega ad alta resistenza trattata termicamente.<\/span><\/p>\n<p><span>2. Buone propriet\u00e0 meccaniche.<\/span><\/p>\n<p><span>3. Buona usabilit\u00e0.<\/span><\/p>\n<p><span>4. Facile da lavorare e buona resistenza all'usura.<\/span><\/p>\n<p><span>5.Lo stato T7351 aumenta la resistenza alla corrosione<\/span><\/p>\n<p><span>6. Materiali ad alta resistenza utilizzati nelle parti strutturali ad alta pressione.<\/span><\/p>\n<p><span>\u00a0 \u00a0 \u00a0 Il materiale 7075 viene generalmente addizionato con una piccola quantit\u00e0 di rame, cromo e altre leghe. Tra queste, la lega di alluminio A7075 \u00e8 particolarmente indicata. \u00c8 conosciuta come il miglior prodotto tra le leghe di alluminio, con un'elevata resistenza e di gran lunga superiore a qualsiasi acciaio dolce. Questa lega ha buone propriet\u00e0 meccaniche e di reazione anodica.<\/span><\/p>\n<p><strong><span>IV.\u00a0<\/span><\/strong><strong><span>7075\u00a0<\/span><\/strong><strong><span>campi di applicazione<\/span><\/strong><\/p>\n<p><span>\u00a0 \u00a0 \u00a0 7075 \u00e8 adatto all'industria aerospaziale, agli stampi per soffiatura (bottiglie), agli stampi per saldatura plastica a ultrasuoni, alle teste delle palline da golf, agli stampi per scarpe, agli stampi per carta, agli stampi per schiuma, agli stampi per rimozione della cera, alle sagome, ai dispositivi, ai macchinari e alle attrezzature, alla lavorazione degli stampi, ed \u00e8 utilizzato per realizzare telai di biciclette in lega di alluminio di alta gamma, ecc.<\/span><\/p>","protected":false},"excerpt":{"rendered":"<p>Scope of supply of Aviation Group: It can be customized non-standard, aluminum plate (whole plate\/cut), aluminum rod, aluminum forgings, aluminum [&hellip;]<\/p>","protected":false},"featured_media":524,"template":"","meta":{"site-sidebar-layout":"default","site-content-layout":"","ast-site-content-layout":"default","site-content-style":"default","site-sidebar-style":"default","ast-global-header-display":"","ast-banner-title-visibility":"","ast-main-header-display":"","ast-hfb-above-header-display":"","ast-hfb-below-header-display":"","ast-hfb-mobile-header-display":"","site-post-title":"","ast-breadcrumbs-content":"","ast-featured-img":"","footer-sml-layout":"","theme-transparent-header-meta":"default","adv-header-id-meta":"","stick-header-meta":"","header-above-stick-meta":"","header-main-stick-meta":"","header-below-stick-meta":"","astra-migrate-meta-layouts":"set","ast-page-background-enabled":"default","ast-page-background-meta":{"desktop":{"background-color":"var(--ast-global-color-5)","background-image":"","background-repeat":"repeat","background-position":"center center","background-size":"auto","background-attachment":"scroll","background-type":"","background-media":"","overlay-type":"","overlay-color":"","overlay-opacity":"","overlay-gradient":""},"tablet":{"background-color":"","background-image":"","background-repeat":"repeat","background-position":"center center","background-size":"auto","background-attachment":"scroll","background-type":"","background-media":"","overlay-type":"","overlay-color":"","overlay-opacity":"","overlay-gradient":""},"mobile":{"background-color":"","background-image":"","background-repeat":"repeat","background-position":"center center","background-size":"auto","background-attachment":"scroll","background-type":"","background-media":"","overlay-type":"","overlay-color":"","overlay-opacity":"","overlay-gradient":""}},"ast-content-background-meta":{"desktop":{"background-color":"var(--ast-global-color-4)","background-image":"","background-repeat":"repeat","background-position":"center center","background-size":"auto","background-attachment":"scroll","background-type":"","background-media":"","overlay-type":"","overlay-color":"","overlay-opacity":"","overlay-gradient":""},"tablet":{"background-color":"var(--ast-global-color-4)","background-image":"","background-repeat":"repeat","background-position":"center center","background-size":"auto","background-attachment":"scroll","background-type":"","background-media":"","overlay-type":"","overlay-color":"","overlay-opacity":"","overlay-gradient":""},"mobile":{"background-color":"var(--ast-global-color-4)","background-image":"","background-repeat":"repeat","background-position":"center center","background-size":"auto","background-attachment":"scroll","background-type":"","background-media":"","overlay-type":"","overlay-color":"","overlay-opacity":"","overlay-gradient":""}}},"product_brand":[],"product_cat":[29],"product_tag":[],"class_list":{"0":"post-523","1":"product","2":"type-product","3":"status-publish","4":"has-post-thumbnail","6":"product_cat-aviation-aluminum-alloy","7":"desktop-align-left","8":"tablet-align-left","9":"mobile-align-left","11":"first","12":"instock","13":"shipping-taxable","14":"product-type-simple"},"_links":{"self":[{"href":"https:\/\/www.dura-alloy.com\/it\/wp-json\/wp\/v2\/product\/523","targetHints":{"allow":["GET"]}}],"collection":[{"href":"https:\/\/www.dura-alloy.com\/it\/wp-json\/wp\/v2\/product"}],"about":[{"href":"https:\/\/www.dura-alloy.com\/it\/wp-json\/wp\/v2\/types\/product"}],"version-history":[{"count":0,"href":"https:\/\/www.dura-alloy.com\/it\/wp-json\/wp\/v2\/product\/523\/revisions"}],"wp:featuredmedia":[{"embeddable":true,"href":"https:\/\/www.dura-alloy.com\/it\/wp-json\/wp\/v2\/media\/524"}],"wp:attachment":[{"href":"https:\/\/www.dura-alloy.com\/it\/wp-json\/wp\/v2\/media?parent=523"}],"wp:term":[{"taxonomy":"product_brand","embeddable":true,"href":"https:\/\/www.dura-alloy.com\/it\/wp-json\/wp\/v2\/product_brand?post=523"},{"taxonomy":"product_cat","embeddable":true,"href":"https:\/\/www.dura-alloy.com\/it\/wp-json\/wp\/v2\/product_cat?post=523"},{"taxonomy":"product_tag","embeddable":true,"href":"https:\/\/www.dura-alloy.com\/it\/wp-json\/wp\/v2\/product_tag?post=523"}],"curies":[{"name":"wp","href":"https:\/\/api.w.org\/{rel}","templated":true}]}}