{"id":511,"date":"2025-06-16T06:47:17","date_gmt":"2025-06-16T06:47:17","guid":{"rendered":"https:\/\/dura-alloy.com\/?post_type=product&#038;p=511"},"modified":"2025-06-16T06:47:17","modified_gmt":"2025-06-16T06:47:17","slug":"5083","status":"publish","type":"product","link":"https:\/\/www.dura-alloy.com\/it\/prodotto\/5083\/","title":{"rendered":"5083"},"content":{"rendered":"<p style=\"text-align: center;\"><strong><span>Ambito di fornitura del Gruppo Aviation:<\/span><\/strong><\/p>\n<p style=\"text-align: center;\"><strong><span>Pu\u00f2 essere personalizzato non standard, piastra di alluminio (piastra intera \/ taglio), asta di alluminio, forgiati di alluminio, tubi di alluminio, profili di alluminio, ecc. Benvenuti a chiedere informazioni!<\/span><\/strong><\/p>\n<p><strong><span>1. Introduzione a\u00a0<\/span><\/strong><strong><span>5083\u00a0<\/span><\/strong><strong><span>I materiali<\/span><\/strong><\/p>\n<p><span>\u00a0 \u00a0 \u00a0 La 5083 \u00e8 una lega Al-Mg-Si e ha un'ampia gamma di impieghi. Soprattutto nell'industria delle costruzioni, questa lega \u00e8 indispensabile e promettente. Ha un'eccellente resistenza alla corrosione, una buona lavorabilit\u00e0 a freddo e una resistenza media. L'elemento principale della lega 5083 \u00e8 il magnesio, che ha buone prestazioni di formatura, resistenza alla corrosione e media resistenza. Viene utilizzata per la produzione di serbatoi per aerei, tubi per l'olio, parti in lamiera per veicoli di trasporto e navi, strumenti, staffe e rivetti per lampioni, prodotti di ferramenta, gusci elettrici, ecc.<\/span><\/p>\n<p><span>\u00a0 \u00a0 \u00a0 La lega AL-Mg \u00e8 un alluminio antiruggine ampiamente utilizzato. Questa lega ha un'elevata resistenza, in particolare la sua forza: elevata plasticit\u00e0 e resistenza alla corrosione, che non pu\u00f2 essere rafforzata dal trattamento termico. Ha una buona plasticit\u00e0 in caso di lavorazione a freddo, una bassa plasticit\u00e0 in caso di lavorazione a freddo, una buona resistenza alla corrosione, prestazioni di taglio e lucidabilit\u00e0. Gli impieghi sono principalmente quelli di parti a basso carico che richiedono elevata plasticit\u00e0 e buone propriet\u00e0, che lavorano in mezzi liquidi o gassosi, come cassette postali, condotti per la benzina o per l'olio lubrificante, vari contenitori per liquidi e altre parti a piccolo carico realizzate con imbutitura profonda: i fili sono utilizzati per realizzare rivetti.<\/span><\/p>\n<p><strong><span>2,\u00a0<\/span><\/strong><strong><span>5083\u00a0<\/span><\/strong><strong><span>Ingredienti chimici<\/span><\/strong><\/p>\n<table border=\"-\">\n<tbody>\n<tr>\n<td colspan=\"2\" width=\"100\"><span>Medaglia in lega<\/span><\/td>\n<td width=\"47\"><span>silicio<\/span><\/p>\n<p><span>E<\/span><\/td>\n<td width=\"45\"><span>ferro<\/span><\/p>\n<p>Fe<\/td>\n<td width=\"46\"><span>rame<\/span><\/p>\n<p>Cu<\/td>\n<td width=\"45\"><span>manganese<\/span><\/p>\n<p>Mn<\/td>\n<td width=\"46\"><span>magnesio<\/span><\/p>\n<p>Mg<\/td>\n<td width=\"44\"><span>cromo<\/span><\/p>\n<p>Cr<\/td>\n<td width=\"45\"><span>Zinco<\/span><\/p>\n<p>Zn<\/td>\n<td width=\"47\"><span>titanio<\/span><\/p>\n<p><span>Di<\/span><\/td>\n<td colspan=\"2\" width=\"92\"><span>altro<\/span><\/td>\n<td width=\"45\"><span>alluminio<\/span><\/p>\n<p>AL<\/td>\n<\/tr>\n<tr>\n<td width=\"50\"><span>Nuovo grado<\/span><\/td>\n<td width=\"50\"><span>Vecchio marchio<\/span><\/td>\n<td rowspan=\"2\" width=\"47\">0.40<\/td>\n<td rowspan=\"2\" width=\"45\"><span>0.40<\/span><\/td>\n<td rowspan=\"2\" width=\"46\">0.10<\/td>\n<td rowspan=\"2\" width=\"45\">0.40-1.0<\/td>\n<td rowspan=\"2\" width=\"46\">4.0-4.9<\/td>\n<td rowspan=\"2\" width=\"44\">0.05-0.25<\/td>\n<td rowspan=\"2\" width=\"45\">0.25<\/td>\n<td rowspan=\"2\" width=\"47\">0.15<\/td>\n<td width=\"43\"><span>Ciascuno<\/span><\/td>\n<td width=\"49\"><span>totale<\/span><\/td>\n<td rowspan=\"2\" width=\"45\"><span>margine<\/span><\/td>\n<\/tr>\n<tr>\n<td width=\"50\">5083<\/td>\n<td width=\"50\">LF4<\/td>\n<td width=\"43\">0.05<\/td>\n<td width=\"49\"><span>0.15<\/span><\/td>\n<\/tr>\n<\/tbody>\n<\/table>\n<p><strong><span>3.\u00a0<\/span><\/strong><strong><span>5083\u00a0<\/span><\/strong><strong><span>Propriet\u00e0 fisiche<\/span><\/strong><\/p>\n<table border=\"-\">\n<tbody>\n<tr>\n<td width=\"97\"><span>Grado e stato della lega di alluminio<\/span><\/td>\n<td width=\"106\"><span>resistenza alla trazione<\/span><\/p>\n<p>Rm\/Mpa<\/td>\n<td width=\"98\"><span>Rendimento del rendimento<\/span><\/p>\n<p>Rp0,2\/Mpa<\/td>\n<td width=\"96\"><span>Allungamento\/%<\/span><\/td>\n<td width=\"102\"><span>Durezza\/HBW\u03b1<\/span><\/td>\n<td width=\"105\"><span>densit\u00e0<\/span><\/p>\n<p><span>(20 \u2103) (g \/ cm3)<\/span><\/td>\n<\/tr>\n<tr>\n<td width=\"97\"><span>5083-H112<\/span><\/td>\n<td width=\"106\">275<\/td>\n<td width=\"98\">125<\/td>\n<td width=\"96\">10<\/td>\n<td width=\"102\">75<\/td>\n<td width=\"105\">2.75<\/td>\n<\/tr>\n<\/tbody>\n<\/table>\n<p><strong>\u00a0<\/strong><strong><span>4.\u00a0<\/span><\/strong><strong><span>5083\u00a0<\/span><\/strong><strong><span>campi di applicazione<\/span><\/strong><\/p>\n<p><span>\u00a0 \u00a0 \u00a0 Il 5083 \u00e8 ampiamente utilizzato negli usi marittimi come le navi, cos\u00ec come nelle automobili, nelle parti saldate degli aerei, nei binari leggeri della metropolitana e nei recipienti a pressione che richiedono una rigorosa protezione antincendio (come le petroliere per liquidi, i camion refrigerati, i contenitori refrigerati), nei dispositivi di refrigerazione, nelle torri televisive, nelle attrezzature di perforazione, nelle attrezzature di trasporto, nelle parti dei missili, nelle armature, ecc.<\/span><\/p>","protected":false},"excerpt":{"rendered":"<p>Scope of supply of Aviation Group: It can be customized non-standard, aluminum plate (whole plate\/cut), aluminum rod, aluminum forgings, aluminum [&hellip;]<\/p>","protected":false},"featured_media":512,"template":"","meta":{"site-sidebar-layout":"default","site-content-layout":"","ast-site-content-layout":"default","site-content-style":"default","site-sidebar-style":"default","ast-global-header-display":"","ast-banner-title-visibility":"","ast-main-header-display":"","ast-hfb-above-header-display":"","ast-hfb-below-header-display":"","ast-hfb-mobile-header-display":"","site-post-title":"","ast-breadcrumbs-content":"","ast-featured-img":"","footer-sml-layout":"","theme-transparent-header-meta":"default","adv-header-id-meta":"","stick-header-meta":"","header-above-stick-meta":"","header-main-stick-meta":"","header-below-stick-meta":"","astra-migrate-meta-layouts":"set","ast-page-background-enabled":"default","ast-page-background-meta":{"desktop":{"background-color":"var(--ast-global-color-5)","background-image":"","background-repeat":"repeat","background-position":"center center","background-size":"auto","background-attachment":"scroll","background-type":"","background-media":"","overlay-type":"","overlay-color":"","overlay-opacity":"","overlay-gradient":""},"tablet":{"background-color":"","background-image":"","background-repeat":"repeat","background-position":"center center","background-size":"auto","background-attachment":"scroll","background-type":"","background-media":"","overlay-type":"","overlay-color":"","overlay-opacity":"","overlay-gradient":""},"mobile":{"background-color":"","background-image":"","background-repeat":"repeat","background-position":"center center","background-size":"auto","background-attachment":"scroll","background-type":"","background-media":"","overlay-type":"","overlay-color":"","overlay-opacity":"","overlay-gradient":""}},"ast-content-background-meta":{"desktop":{"background-color":"var(--ast-global-color-4)","background-image":"","background-repeat":"repeat","background-position":"center center","background-size":"auto","background-attachment":"scroll","background-type":"","background-media":"","overlay-type":"","overlay-color":"","overlay-opacity":"","overlay-gradient":""},"tablet":{"background-color":"var(--ast-global-color-4)","background-image":"","background-repeat":"repeat","background-position":"center center","background-size":"auto","background-attachment":"scroll","background-type":"","background-media":"","overlay-type":"","overlay-color":"","overlay-opacity":"","overlay-gradient":""},"mobile":{"background-color":"var(--ast-global-color-4)","background-image":"","background-repeat":"repeat","background-position":"center center","background-size":"auto","background-attachment":"scroll","background-type":"","background-media":"","overlay-type":"","overlay-color":"","overlay-opacity":"","overlay-gradient":""}}},"product_brand":[],"product_cat":[29],"product_tag":[],"class_list":{"0":"post-511","1":"product","2":"type-product","3":"status-publish","4":"has-post-thumbnail","6":"product_cat-aviation-aluminum-alloy","7":"desktop-align-left","8":"tablet-align-left","9":"mobile-align-left","11":"first","12":"instock","13":"shipping-taxable","14":"product-type-simple"},"_links":{"self":[{"href":"https:\/\/www.dura-alloy.com\/it\/wp-json\/wp\/v2\/product\/511","targetHints":{"allow":["GET"]}}],"collection":[{"href":"https:\/\/www.dura-alloy.com\/it\/wp-json\/wp\/v2\/product"}],"about":[{"href":"https:\/\/www.dura-alloy.com\/it\/wp-json\/wp\/v2\/types\/product"}],"version-history":[{"count":0,"href":"https:\/\/www.dura-alloy.com\/it\/wp-json\/wp\/v2\/product\/511\/revisions"}],"wp:featuredmedia":[{"embeddable":true,"href":"https:\/\/www.dura-alloy.com\/it\/wp-json\/wp\/v2\/media\/512"}],"wp:attachment":[{"href":"https:\/\/www.dura-alloy.com\/it\/wp-json\/wp\/v2\/media?parent=511"}],"wp:term":[{"taxonomy":"product_brand","embeddable":true,"href":"https:\/\/www.dura-alloy.com\/it\/wp-json\/wp\/v2\/product_brand?post=511"},{"taxonomy":"product_cat","embeddable":true,"href":"https:\/\/www.dura-alloy.com\/it\/wp-json\/wp\/v2\/product_cat?post=511"},{"taxonomy":"product_tag","embeddable":true,"href":"https:\/\/www.dura-alloy.com\/it\/wp-json\/wp\/v2\/product_tag?post=511"}],"curies":[{"name":"wp","href":"https:\/\/api.w.org\/{rel}","templated":true}]}}