{"id":275,"date":"2025-06-11T03:09:34","date_gmt":"2025-06-11T03:09:34","guid":{"rendered":"https:\/\/dura-alloy.com\/?post_type=product&#038;p=275"},"modified":"2025-06-11T03:09:34","modified_gmt":"2025-06-11T03:09:34","slug":"309s","status":"publish","type":"product","link":"https:\/\/www.dura-alloy.com\/it\/prodotto\/309s\/","title":{"rendered":"309S"},"content":{"rendered":"<p style=\"text-align: center;\"><strong><span>L'ambito di fornitura della nostra azienda comprende<\/span><\/strong><\/p>\n<p style=\"text-align: center;\"><strong><span>Forgiati non standard, barre tonde, piastre\/nastri in acciaio, raccordi per tubi flangiati, tubi senza saldatura, capillari, ecc. Benvenuti a chiedere informazioni!<\/span><\/strong><\/p>\n<p><strong><span>1.\u00a0<\/span><\/strong><strong><span>Introduzione ai materiali 309S<\/span><\/strong><\/p>\n<p><span>Il 309S \u00e8 un acciaio inossidabile di facile taglio contenente zolfo, utilizzato in occasioni in cui sono richieste soprattutto facilit\u00e0 di taglio ed elevata finitura superficiale. Il 309s \u00e8 una variante dell'acciaio inossidabile 309 con un basso contenuto di carbonio e viene utilizzato in situazioni in cui \u00e8 richiesta la saldatura. Il basso contenuto di carbonio riduce al minimo la precipitazione di carburi nella zona termicamente alterata in prossimit\u00e0 della saldatura; la precipitazione di carburi pu\u00f2 causare la corrosione intergranulare (erosione da saldatura) dell'acciaio inossidabile in determinati ambienti.<\/span><\/p>\n<p><span>L'elevato contenuto di cromo e di nichel garantisce una buona resistenza alla corrosione e all'ossidazione. Rispetto alla lega austenite 304, \u00e8 leggermente pi\u00f9 resistente a temperatura ambiente.<\/span><\/p>\n<p><strong><span>2. Composizione chimica del 309S<\/span><\/strong><\/p>\n<table border=\"-\" width=\"1120\">\n<tbody>\n<tr>\n<td width=\"99\"><span>lega<\/span><\/td>\n<td width=\"65\"><span>%<\/span><\/td>\n<td width=\"52\"><span>Cromo Cr<\/span><\/td>\n<td width=\"52\"><span>Carbonio C<\/span><\/td>\n<td width=\"52\"><span>Manganese Mn<\/span><\/td>\n<td width=\"52\"><span>Silicio Si<\/span><\/td>\n<td width=\"52\"><span>Fosforo P<\/span><\/td>\n<td width=\"52\"><span>Zolfo S<\/span><\/td>\n<td width=\"52\"><span>Ni<\/span><\/td>\n<td width=\"52\"><span>Titanio Ti<\/span><\/td>\n<\/tr>\n<tr>\n<td rowspan=\"2\" width=\"99\"><span>309S<\/span><\/td>\n<td width=\"65\"><span>Valore minimo<\/span><\/td>\n<td width=\"52\"><span>17.0<\/span><\/td>\n<td width=\"52\"><span>&#8211;<\/span><\/td>\n<td width=\"52\"><span>&#8211;<\/span><\/td>\n<td width=\"52\"><span>&#8211;<\/span><\/td>\n<td width=\"52\"><span>&#8211;<\/span><\/td>\n<td width=\"52\"><span>&#8211;<\/span><\/td>\n<td width=\"52\"><span>9.0<\/span><\/td>\n<td width=\"52\"><span>5*C%<\/span><\/td>\n<\/tr>\n<tr>\n<td width=\"65\"><span>Valore massimo<\/span><\/td>\n<td width=\"52\"><span>19.0<\/span><\/td>\n<td width=\"52\"><span>0.08<\/span><\/td>\n<td width=\"52\"><span>2.00<\/span><\/td>\n<td width=\"52\"><span>1.00<\/span><\/td>\n<td width=\"52\"><span>0.035<\/span><\/td>\n<td width=\"52\"><span>0.030<\/span><\/td>\n<td width=\"52\"><span>12.0<\/span><\/td>\n<td width=\"52\"><span>&#8211;<\/span><\/td>\n<\/tr>\n<\/tbody>\n<\/table>\n<p><strong><span>3. Propriet\u00e0 meccaniche del 309S<\/span><\/strong><\/p>\n<p><span>Resistenza alla trazione \u03c3b (MPa): \u2265520<\/span><\/p>\n<p><span>Resistenza allo snervamento condizionato \u03c30,2 (MPa): \u2265205<\/span><\/p>\n<p><span>Allungamento \u03b45 (%): \u226540<\/span><\/p>\n<p><span>Restringimento di sezione \u03c8 (%): \u226550<\/span><\/p>\n<p><span>Durezza: \u2264187HB; \u226490HRB; \u2264200HV<\/span><\/p>\n<p><span>Specifiche di trattamento termico e struttura metallografica:<\/span><\/p>\n<p><span>Specifiche del trattamento termico: 1) soluzione solida 920~1150\u2103 raffreddata rapidamente; 2) il trattamento di stabilizzazione pu\u00f2 essere effettuato in base ai requisiti della parte richiedente e la temperatura di trattamento termico \u00e8 850~930\u2103, ma deve essere indicato nel contratto.<\/span><\/p>\n<p><span>Struttura metallografica: La struttura \u00e8 caratterizzata dal tipo di austenite.<\/span><\/p>\n<p><span>Stato di consegna: Generalmente viene consegnato in uno stato di trattamento termico, il tipo di trattamento termico \u00e8 indicato nel contratto; se non specificato, la consegna sar\u00e0 effettuata in uno stato di trattamento termico.<\/span><\/p>\n<p><strong><span>4. Campo di applicazione 309S<\/span><\/strong><\/p>\n<p><span>\u00a0 \u00a0 \u00a0 Ampiamente utilizzato in settori importanti come caldaie, energia (energia nucleare, energia termica, celle a combustibile), forni industriali, inceneritori, forni di riscaldamento, prodotti chimici, petrolchimici e altri settori importanti.<\/span><\/p>","protected":false},"excerpt":{"rendered":"<p>Our company&#8217;s scope of supply includes Non-standard forgings, round rods, steel plates\/steel belts, flange pipe fittings, seamless pipes, capillaries, etc. [&hellip;]<\/p>","protected":false},"featured_media":276,"template":"","meta":{"site-sidebar-layout":"default","site-content-layout":"","ast-site-content-layout":"default","site-content-style":"default","site-sidebar-style":"default","ast-global-header-display":"","ast-banner-title-visibility":"","ast-main-header-display":"","ast-hfb-above-header-display":"","ast-hfb-below-header-display":"","ast-hfb-mobile-header-display":"","site-post-title":"","ast-breadcrumbs-content":"","ast-featured-img":"","footer-sml-layout":"","theme-transparent-header-meta":"default","adv-header-id-meta":"","stick-header-meta":"","header-above-stick-meta":"","header-main-stick-meta":"","header-below-stick-meta":"","astra-migrate-meta-layouts":"set","ast-page-background-enabled":"default","ast-page-background-meta":{"desktop":{"background-color":"var(--ast-global-color-5)","background-image":"","background-repeat":"repeat","background-position":"center center","background-size":"auto","background-attachment":"scroll","background-type":"","background-media":"","overlay-type":"","overlay-color":"","overlay-opacity":"","overlay-gradient":""},"tablet":{"background-color":"","background-image":"","background-repeat":"repeat","background-position":"center center","background-size":"auto","background-attachment":"scroll","background-type":"","background-media":"","overlay-type":"","overlay-color":"","overlay-opacity":"","overlay-gradient":""},"mobile":{"background-color":"","background-image":"","background-repeat":"repeat","background-position":"center center","background-size":"auto","background-attachment":"scroll","background-type":"","background-media":"","overlay-type":"","overlay-color":"","overlay-opacity":"","overlay-gradient":""}},"ast-content-background-meta":{"desktop":{"background-color":"var(--ast-global-color-4)","background-image":"","background-repeat":"repeat","background-position":"center center","background-size":"auto","background-attachment":"scroll","background-type":"","background-media":"","overlay-type":"","overlay-color":"","overlay-opacity":"","overlay-gradient":""},"tablet":{"background-color":"var(--ast-global-color-4)","background-image":"","background-repeat":"repeat","background-position":"center center","background-size":"auto","background-attachment":"scroll","background-type":"","background-media":"","overlay-type":"","overlay-color":"","overlay-opacity":"","overlay-gradient":""},"mobile":{"background-color":"var(--ast-global-color-4)","background-image":"","background-repeat":"repeat","background-position":"center center","background-size":"auto","background-attachment":"scroll","background-type":"","background-media":"","overlay-type":"","overlay-color":"","overlay-opacity":"","overlay-gradient":""}}},"product_brand":[],"product_cat":[30],"product_tag":[],"class_list":{"0":"post-275","1":"product","2":"type-product","3":"status-publish","4":"has-post-thumbnail","6":"product_cat-advanced-stainless-steel","7":"desktop-align-left","8":"tablet-align-left","9":"mobile-align-left","11":"first","12":"instock","13":"shipping-taxable","14":"product-type-simple"},"_links":{"self":[{"href":"https:\/\/www.dura-alloy.com\/it\/wp-json\/wp\/v2\/product\/275","targetHints":{"allow":["GET"]}}],"collection":[{"href":"https:\/\/www.dura-alloy.com\/it\/wp-json\/wp\/v2\/product"}],"about":[{"href":"https:\/\/www.dura-alloy.com\/it\/wp-json\/wp\/v2\/types\/product"}],"version-history":[{"count":0,"href":"https:\/\/www.dura-alloy.com\/it\/wp-json\/wp\/v2\/product\/275\/revisions"}],"wp:featuredmedia":[{"embeddable":true,"href":"https:\/\/www.dura-alloy.com\/it\/wp-json\/wp\/v2\/media\/276"}],"wp:attachment":[{"href":"https:\/\/www.dura-alloy.com\/it\/wp-json\/wp\/v2\/media?parent=275"}],"wp:term":[{"taxonomy":"product_brand","embeddable":true,"href":"https:\/\/www.dura-alloy.com\/it\/wp-json\/wp\/v2\/product_brand?post=275"},{"taxonomy":"product_cat","embeddable":true,"href":"https:\/\/www.dura-alloy.com\/it\/wp-json\/wp\/v2\/product_cat?post=275"},{"taxonomy":"product_tag","embeddable":true,"href":"https:\/\/www.dura-alloy.com\/it\/wp-json\/wp\/v2\/product_tag?post=275"}],"curies":[{"name":"wp","href":"https:\/\/api.w.org\/{rel}","templated":true}]}}